{"id":10,"date":"2015-12-03T11:47:02","date_gmt":"2015-12-03T11:47:02","guid":{"rendered":"http:\/\/aluksne.lv\/jauna\/?page_id=10"},"modified":"2025-01-08T15:19:40","modified_gmt":"2025-01-08T13:19:40","slug":"izglitiba","status":"publish","type":"page","link":"https:\/\/aluksne.lv\/index.php\/izglitiba\/","title":{"rendered":"Izgl\u012bt\u012bba"},"content":{"rendered":"<p><iframe loading=\"lazy\" title=\"N\u0101c, m\u0101cies Al\u016bksnes novad\u0101!\" width=\"734\" height=\"413\" src=\"https:\/\/www.youtube.com\/embed\/3TfC_Dp1i-0?feature=oembed\" frameborder=\"0\" allow=\"accelerometer; autoplay; clipboard-write; encrypted-media; gyroscope; picture-in-picture; web-share\" referrerpolicy=\"strict-origin-when-cross-origin\" allowfullscreen><\/iframe><\/p>\n<div class=\"divTable\">\n<div class=\"divTableBody\">\n<div class=\"divTableRow\">\n<div class=\"divTableCellTris\"><a href=\"index.php\/izglitiba\/novada-izglitibas-iestazu-tikls\/\">NOVADA IZGL\u012aT\u012aBAS IEST\u0100\u017dU T\u012aKLS<\/a><\/div>\n<div class=\"divTableCellTris\"><a href=\"index.php\/izglitiba\/izglitibas-parvalde\/\">IZGL\u012aT\u012aBAS P\u0100RVALDE<\/a><\/div>\n<div class=\"divTableCellTris\"><a href=\"index.php\/izglitiba\/pirmsskolas-izglitibas-iestades\/\">PIRMSSKOLAS IZGL\u012aT\u012aBAS IEST\u0100DES<\/a><\/div>\n<\/div>\n<div class=\"divTableRow\">\n<div class=\"divTableCellTris\"><a href=\"index.php\/izglitiba\/visparejas-izglitibas-iestades\/\">VISP\u0100R\u0112J\u0100S IZGL\u012aT\u012aBAS IEST\u0100DES<\/a><\/div>\n<div class=\"divTableCellTris\"><a href=\"https:\/\/aluksne.lv\/index.php\/pasvaldiba\/pakalpojumi\/izglitiba\/interesu-izglitiba\/\" rel=\"noopener\">INTERE\u0160U IZGL\u012aT\u012aBA<\/a><\/div>\n<div class=\"divTableCellTris\"><a href=\"index.php\/izglitiba\/profesionalas-ievirzes-izglitiba\/\">PROFESION\u0100L\u0100S IEVIRZES IZGL\u012aT\u012aBA<\/a><\/div>\n<\/div>\n<div class=\"divTableRow\">\n<div class=\"divTableCellTris\"><a href=\"index.php\/izglitiba\/muzizglitiba\/\">PIEAUGU\u0160O IZGL\u012aT\u012aBA<\/a><\/div>\n<div class=\"divTableCellTris\"><a href=\"index.php\/izglitiba\/skolenu-parvadajumu-marsruti\/\">SKOL\u0112NU P\u0100RVAD\u0100JUMU MAR\u0160RUTI<\/a><\/div>\n<div class=\"divTableCellTris\"><a href=\"index.php\/pasvaldiba\/pakalpojumi\/izglitiba\/biezak-uzdotie-jautajumi\/\">BIE\u017d\u0100K UZDOTIE JAUT\u0100JUMI<\/a><\/div>\n<\/div>\n<\/div>\n<\/div>\n","protected":false},"excerpt":{"rendered":"<p>NOVADA IZGL\u012aT\u012aBAS IEST\u0100\u017dU T\u012aKLS IZGL\u012aT\u012aBAS P\u0100RVALDE PIRMSSKOLAS IZGL\u012aT\u012aBAS IEST\u0100DES VISP\u0100R\u0112J\u0100S IZGL\u012aT\u012aBAS IEST\u0100DES INTERE\u0160U IZGL\u012aT\u012aBA PROFESION\u0100L\u0100S IEVIRZES IZGL\u012aT\u012aBA PIEAUGU\u0160O IZGL\u012aT\u012aBA SKOL\u0112NU P\u0100RVAD\u0100JUMU MAR\u0160RUTI BIE\u017d\u0100K UZDOTIE JAUT\u0100JUMI<\/p>\n","protected":false},"author":1,"featured_media":0,"parent":0,"menu_order":0,"comment_status":"closed","ping_status":"closed","template":"","meta":{"_crdt_document":"","_monsterinsights_skip_tracking":false,"_monsterinsights_sitenote_active":false,"_monsterinsights_sitenote_note":"","_monsterinsights_sitenote_category":0,"footnotes":"","_links_to":"","_links_to_target":""},"class_list":["post-10","page","type-page","status-publish","hentry"],"_links":{"self":[{"href":"https:\/\/aluksne.lv\/index.php\/wp-json\/wp\/v2\/pages\/10","targetHints":{"allow":["GET"]}}],"collection":[{"href":"https:\/\/aluksne.lv\/index.php\/wp-json\/wp\/v2\/pages"}],"about":[{"href":"https:\/\/aluksne.lv\/index.php\/wp-json\/wp\/v2\/types\/page"}],"author":[{"embeddable":true,"href":"https:\/\/aluksne.lv\/index.php\/wp-json\/wp\/v2\/users\/1"}],"replies":[{"embeddable":true,"href":"https:\/\/aluksne.lv\/index.php\/wp-json\/wp\/v2\/comments?post=10"}],"version-history":[{"count":0,"href":"https:\/\/aluksne.lv\/index.php\/wp-json\/wp\/v2\/pages\/10\/revisions"}],"wp:attachment":[{"href":"https:\/\/aluksne.lv\/index.php\/wp-json\/wp\/v2\/media?parent=10"}],"curies":[{"name":"wp","href":"https:\/\/api.w.org\/{rel}","templated":true}]}}