{"id":10497,"date":"2019-03-08T10:23:05","date_gmt":"2019-03-08T08:23:05","guid":{"rendered":"http:\/\/aluksne.lv\/?page_id=10497"},"modified":"2024-07-08T11:07:45","modified_gmt":"2024-07-08T08:07:45","slug":"aktualas-sabiedriskas-apspriesanas","status":"publish","type":"page","link":"https:\/\/aluksne.lv\/index.php\/sabiedriba\/sabiedribas-lidzdaliba\/aktualas-sabiedriskas-apspriesanas\/","title":{"rendered":"Aktu\u0101l\u0101s apsprie\u0161anas"},"content":{"rendered":"<p>&nbsp;<\/p>\n<p>\u0160obr\u012bd nav aktu\u0101lu publisko apsprie\u0161anu.<\/p>\n","protected":false},"excerpt":{"rendered":"<p>&nbsp; \u0160obr\u012bd nav aktu\u0101lu publisko apsprie\u0161anu.<\/p>\n","protected":false},"author":1,"featured_media":0,"parent":429,"menu_order":0,"comment_status":"closed","ping_status":"closed","template":"","meta":{"_crdt_document":"","_monsterinsights_skip_tracking":false,"_monsterinsights_sitenote_active":false,"_monsterinsights_sitenote_note":"","_monsterinsights_sitenote_category":0,"footnotes":"","_links_to":"","_links_to_target":""},"class_list":["post-10497","page","type-page","status-publish","hentry"],"_links":{"self":[{"href":"https:\/\/aluksne.lv\/index.php\/wp-json\/wp\/v2\/pages\/10497","targetHints":{"allow":["GET"]}}],"collection":[{"href":"https:\/\/aluksne.lv\/index.php\/wp-json\/wp\/v2\/pages"}],"about":[{"href":"https:\/\/aluksne.lv\/index.php\/wp-json\/wp\/v2\/types\/page"}],"author":[{"embeddable":true,"href":"https:\/\/aluksne.lv\/index.php\/wp-json\/wp\/v2\/users\/1"}],"replies":[{"embeddable":true,"href":"https:\/\/aluksne.lv\/index.php\/wp-json\/wp\/v2\/comments?post=10497"}],"version-history":[{"count":0,"href":"https:\/\/aluksne.lv\/index.php\/wp-json\/wp\/v2\/pages\/10497\/revisions"}],"up":[{"embeddable":true,"href":"https:\/\/aluksne.lv\/index.php\/wp-json\/wp\/v2\/pages\/429"}],"wp:attachment":[{"href":"https:\/\/aluksne.lv\/index.php\/wp-json\/wp\/v2\/media?parent=10497"}],"curies":[{"name":"wp","href":"https:\/\/api.w.org\/{rel}","templated":true}]}}