{"id":10679,"date":"2019-03-19T09:28:15","date_gmt":"2019-03-19T07:28:15","guid":{"rendered":"http:\/\/aluksne.lv\/?page_id=10679"},"modified":"2026-01-30T21:22:20","modified_gmt":"2026-01-30T19:22:20","slug":"aluksnes-novada-pasvaldibas-iestazu-vaditaju-specialistu-apmekletaju-pienemsanas-laiki","status":"publish","type":"page","link":"https:\/\/aluksne.lv\/index.php\/pasvaldiba\/aluksnes-novada-pasvaldibas-iestazu-vaditaju-specialistu-apmekletaju-pienemsanas-laiki\/","title":{"rendered":"Al\u016bksnes novada pa\u0161vald\u012bbas iest\u0101\u017eu vad\u012bt\u0101ju, speci\u0101listu apmekl\u0113t\u0101ju pie\u0146em\u0161anas laiki"},"content":{"rendered":"<table class=\"pienem\" style=\"width: 100%;\" width=\"100%\">\n<tbody>\n<tr>\n<td style=\"width: 18.4695%;\" width=\"160\">\n<p><strong>Iest\u0101de<\/strong><\/p>\n<\/td>\n<td style=\"width: 17.2185%;\" width=\"150\">\n<p><strong>Amats<\/strong><\/p>\n<\/td>\n<td style=\"width: 17.2921%;\" width=\"151\">\n<p><strong>V\u0101rds, uzv\u0101rds<\/strong><\/p>\n<\/td>\n<td style=\"width: 25.975%;\" width=\"235\">\n<p><strong>Pie\u0146em\u0161anas laiks<\/strong><\/p>\n<\/td>\n<td style=\"width: 20.677%;\" width=\"182\">\n<p><strong>Pie\u0146em\u0161anas vieta<\/strong><\/p>\n<\/td>\n<\/tr>\n<tr>\n<td style=\"width: 18.4695%;\" width=\"160\">\n<p>Alekseja Gr\u0101v\u012b\u0161a Liepnas pamatskola<\/p>\n<\/td>\n<td style=\"width: 17.2185%;\" width=\"150\">\n<p>Direktore<\/p>\n<\/td>\n<td style=\"width: 17.2921%;\" width=\"151\">\n<p>Ilona KAZIMIRJONOKA<\/p>\n<p>&nbsp;<\/p>\n<\/td>\n<td style=\"width: 25.975%;\" width=\"235\">\n<p>Otrdien\u0101s 8.30-10.30<\/p>\n<\/td>\n<td style=\"width: 20.677%;\" width=\"182\">\n<p>\u201cLiepnas pamatskol\u0101\u201d, Liepn\u0101, Liepnas pagast\u0101, Al\u016bksnes novad\u0101<\/p>\n<\/td>\n<\/tr>\n<tr>\n<td style=\"width: 18.4695%;\" width=\"160\">\n<p>Alsvi\u0137u pirmsskolas izgl\u012bt\u012bbas iest\u0101de \u201cSaul\u012bte\u201d<\/p>\n<\/td>\n<td style=\"width: 17.2185%;\" width=\"150\">\n<p>Vad\u012bt\u0101ja<\/p>\n<\/td>\n<td style=\"width: 17.2921%;\" width=\"151\">\n<p>Viola L\u0100CE<\/p>\n<\/td>\n<td style=\"width: 25.975%;\" width=\"235\">\n<p>Pirmdien\u0101s 8.30-10.00<\/p>\n<\/td>\n<td style=\"width: 20.677%;\" width=\"182\">\n<p>\u201cSaul\u012bt\u0113\u201d, Alsvi\u0137os, Alsvi\u0137u pagast\u0101, Al\u016bksnes novad\u0101<\/p>\n<\/td>\n<\/tr>\n<tr>\n<td style=\"width: 18.4695%;\" width=\"160\">\n<p>Al\u016bksnes B\u0113rnu un jaunie\u0161u centrs<\/p>\n<\/td>\n<td style=\"width: 17.2185%;\" width=\"150\">\n<p>Direktore<\/p>\n<\/td>\n<td style=\"width: 17.2921%;\" width=\"151\">\n<p>Eva AIZUPE<\/p>\n<\/td>\n<td style=\"width: 25.975%;\" width=\"235\">\n<p>Pirmdien\u0101s 10.00-12.00<\/p>\n<\/td>\n<td style=\"width: 20.677%;\" width=\"182\">\n<p>D\u0101rza iel\u0101 8A, Al\u016bksn\u0113, Al\u016bksnes novad\u0101<\/p>\n<\/td>\n<\/tr>\n<tr>\n<td style=\"width: 18.4695%;\" width=\"160\">\n<p>Al\u016bksnes novada b\u0101ri\u0146tiesa<\/p>\n<\/td>\n<td style=\"width: 17.2185%;\" width=\"150\">\n<p>Priek\u0161s\u0113d\u0113t\u0101ja<\/p>\n<\/td>\n<td style=\"width: 17.2921%;\" width=\"151\">\n<p>Gunta VANAGA<\/p>\n<\/td>\n<td style=\"width: 25.975%;\" width=\"235\">\n<p>Pirmdien\u0101s, otrdien\u0101s 10.00-16.00<\/p>\n<\/td>\n<td style=\"width: 20.677%;\" width=\"182\">\n<p>D\u0101rza iel\u0101 11, Al\u016bksn\u0113, Al\u016bksnes novad\u0101<\/p>\n<\/td>\n<\/tr>\n<tr>\n<td style=\"width: 18.4695%;\" width=\"160\">\n<p>Al\u016bksnes novada bibliot\u0113ka<\/p>\n<\/td>\n<td style=\"width: 17.2185%;\" width=\"150\">\n<p>Direktore<\/p>\n<\/td>\n<td style=\"width: 17.2921%;\" width=\"151\">\n<p>Iveta OZOLI\u0145A<\/p>\n<\/td>\n<td style=\"width: 25.975%;\" width=\"235\">\n<p>M\u0113ne\u0161a pirmaj\u0101 un tre\u0161aj\u0101 otrdien\u0101 <br \/>\n10.00-12.00<\/p>\n<\/td>\n<td style=\"width: 20.677%;\" width=\"182\">\n<p>Liel\u0101 Ezera iel\u0101 24, Al\u016bksn\u0113, Al\u016bksnes novad\u0101<\/p>\n<\/td>\n<\/tr>\n<tr>\n<td style=\"width: 18.4695%;\" width=\"160\">\n<p>Al\u016bksnes novada Dzimtsarakstu noda\u013ca<\/p>\n<\/td>\n<td style=\"width: 17.2185%;\" width=\"150\">\n<p>Vad\u012bt\u0101ja<\/p>\n<\/td>\n<td style=\"width: 17.2921%;\" width=\"151\">\n<p>Inga OZOLI\u0145A<\/p>\n<\/td>\n<td style=\"width: 25.975%;\" width=\"235\">\n<p>Pirmdiena \u2013 ceturtdiena 10.00-12.00; 14.00-16.00, piektdien\u0101s 10.00-12.00<\/p>\n<\/td>\n<td style=\"width: 20.677%;\" width=\"182\">\n<p>D\u0101rza iel\u0101 11, Al\u016bksn\u0113, Al\u016bksnes novad\u0101<\/p>\n<\/td>\n<\/tr>\n<tr>\n<td style=\"width: 18.4695%;\" width=\"160\">\n<p>Al\u016bksnes novada Dzimtsarakstu noda\u013ca<\/p>\n<\/td>\n<td style=\"width: 17.2185%;\" width=\"150\">\n<p>Vad\u012bt\u0101jas vietniece<\/p>\n<\/td>\n<td style=\"width: 17.2921%;\" width=\"151\">\n<p>Nansija ZU\u010cIKA<\/p>\n<\/td>\n<td style=\"width: 25.975%;\" width=\"235\">\n<p>Pirmdiena \u2013 ceturtdiena 10.00-12.00; 14.00-16.00, piektdien\u0101s 10.00-12.00<\/p>\n<\/td>\n<td style=\"width: 20.677%;\" width=\"182\">\n<p>D\u0101rza iel\u0101 11, Al\u016bksn\u0113, Al\u016bksnes novad\u0101<\/p>\n<\/td>\n<\/tr>\n<tr>\n<td style=\"width: 18.4695%;\" width=\"160\">\n<p>Al\u016bksnes novada Kult\u016bras centrs<\/p>\n<\/td>\n<td style=\"width: 17.2185%;\" width=\"150\">\n<p>Direktore<\/p>\n<\/td>\n<td style=\"width: 17.2921%;\" width=\"151\">\n<p>Sanita B\u0112RZI\u0145A<\/p>\n<\/td>\n<td style=\"width: 25.975%;\" width=\"235\">\n<p>M\u0113ne\u0161a otraj\u0101 tre\u0161dien\u0101 13.00-16.00<\/p>\n<\/td>\n<td style=\"width: 20.677%;\" width=\"182\">\n<p>Br\u016b\u017ea iel\u0101 7, Al\u016bksn\u0113, Al\u016bksnes novad\u0101<\/p>\n<\/td>\n<\/tr>\n<tr>\n<td style=\"width: 18.4695%;\" width=\"160\">\n<p>Al\u016bksnes novada muzejs<\/p>\n<\/td>\n<td style=\"width: 17.2185%;\" width=\"150\">\n<p>Direktore<\/p>\n<\/td>\n<td style=\"width: 17.2921%;\" width=\"151\">\n<p>Zanda PAVLOVA<\/p>\n<\/td>\n<td style=\"width: 25.975%;\" width=\"235\">\n<p>M\u0113ne\u0161a pirmaj\u0101 otrdien\u0101 13.00-16.00<\/p>\n<\/td>\n<td style=\"width: 20.677%;\" width=\"182\">\n<p>Pils iel\u0101 74, Al\u016bksn\u0113, Al\u016bksnes novad\u0101<\/p>\n<\/td>\n<\/tr>\n<tr>\n<td style=\"width: 18.4695%;\" width=\"160\">\n<p>Al\u016bksnes novada pagastu apvien\u012bbas p\u0101rvalde<\/p>\n<\/td>\n<td style=\"width: 17.2185%;\" width=\"150\">\n<p>Vad\u012bt\u0101ja<\/p>\n<\/td>\n<td style=\"width: 17.2921%;\" width=\"151\">\n<p>Ingr\u012bda SNIEDZE<\/p>\n<\/td>\n<td style=\"width: 25.975%;\" width=\"235\">\n<p>Pirmdien\u0101s 13.00-14.00<\/p>\n<p>Otrdien\u0101s 9.00-12.00<\/p>\n<\/td>\n<td style=\"width: 20.677%;\" width=\"182\">\n<p>\u201cPagastnam\u0101\u201d, Alsvi\u0137os, Alsvi\u0137u pagast\u0101, Al\u016bksnes novad\u0101<\/p>\n<\/td>\n<\/tr>\n<tr>\n<td style=\"width: 18.4695%;\" width=\"160\">\n<p>Al\u016bksnes novada pa\u0161vald\u012bbas iest\u0101de \u201cALJA\u201d<\/p>\n<\/td>\n<td style=\"width: 17.2185%;\" width=\"150\">\n<p>Vad\u012bt\u0101js<\/p>\n<\/td>\n<td style=\"width: 17.2921%;\" width=\"151\">\n<p>M\u0101ris LIETUVIETIS<\/p>\n<\/td>\n<td style=\"width: 25.975%;\" width=\"235\">\n<p>Katru darba dienu, iepriek\u0161 piesakoties<\/p>\n<\/td>\n<td style=\"width: 20.677%;\" width=\"182\">\n<p>Pilssalas iel\u0101 10, Al\u016bksn\u0113, Al\u016bksnes novad\u0101<\/p>\n<\/td>\n<\/tr>\n<tr>\n<td style=\"width: 18.4695%;\" width=\"160\">\n<p>Al\u016bksnes novada pa\u0161vald\u012bbas iest\u0101de \u201cSPODRA\u201d<\/p>\n<\/td>\n<td style=\"width: 17.2185%;\" width=\"150\">\n<p>Vad\u012bt\u0101ja<\/p>\n<\/td>\n<td style=\"width: 17.2921%;\" width=\"151\">\n<p>V\u0113sma \u010cUGUNOVA<\/p>\n<\/td>\n<td style=\"width: 25.975%;\" width=\"235\">\n<p>Otrdien\u0101s 10.00-11.00<\/p>\n<p>Ceturtdien\u0101s 14.00-15.00<br \/>\n(iepriek\u0161 piesakoties; p\u0101r\u0113j\u0101s darbdien\u0101s &#8211; esot uz vietas)<\/p>\n<\/td>\n<td style=\"width: 20.677%;\" width=\"182\">\n<p>Br\u016b\u017ea iel\u0101 1, Al\u016bksn\u0113, Al\u016bksnes novad\u0101<\/p>\n<\/td>\n<\/tr>\n<tr>\n<td style=\"width: 18.4695%;\" width=\"160\">\n<p>Al\u016bksnes novada pa\u0161vald\u012bbas policija<\/p>\n<\/td>\n<td style=\"width: 17.2185%;\" width=\"150\">\n<p>Priek\u0161nieks<\/p>\n<\/td>\n<td style=\"width: 17.2921%;\" width=\"151\">\n<p>Ardis TOMSONS<\/p>\n<\/td>\n<td style=\"width: 25.975%;\" width=\"235\">\n<p>Pirmdien\u0101s 9.00-12.00<\/p>\n<\/td>\n<td style=\"width: 20.677%;\" width=\"182\">\n<p>D\u0101rza iel\u0101 11, Al\u016bksn\u0113, Al\u016bksnes novad\u0101<\/p>\n<\/td>\n<\/tr>\n<tr>\n<td style=\"width: 18.4695%;\" width=\"160\">\n<p>Al\u016bksnes novada Soci\u0101lo lietu p\u0101rvalde<\/p>\n<\/td>\n<td style=\"width: 17.2185%;\" width=\"150\">\n<p>Vad\u012bt\u0101ja<\/p>\n<\/td>\n<td style=\"width: 17.2921%;\" width=\"151\">\n<p>Ilze POSTA<\/p>\n<\/td>\n<td style=\"width: 25.975%;\" width=\"235\">\n<p>Pirmdien\u0101s 14.00-16.00<\/p>\n<\/td>\n<td style=\"width: 20.677%;\" width=\"182\">\n<p>Uzvaras iel\u0101 1, Al\u016bksn\u0113, Al\u016bksnes novad\u0101<\/p>\n<\/td>\n<\/tr>\n<tr>\n<td style=\"width: 18.4695%;\" width=\"160\">\n<p>Al\u016bksnes novada Soci\u0101lo lietu p\u0101rvalde<\/p>\n<\/td>\n<td style=\"width: 17.2185%;\" width=\"150\">\n<p>Vad\u012bt\u0101jas vietniece<\/p>\n<\/td>\n<td style=\"width: 17.2921%;\">\n<p>Ina RAIPULE<\/p>\n<\/td>\n<td style=\"width: 25.975%;\">\n<p>Tre\u0161dien\u0101s 14.00-16.00<\/p>\n<\/td>\n<td style=\"width: 20.677%;\">\n<p>Uzvaras iel\u0101 1, Al\u016bksn\u0113, Al\u016bksnes novad\u0101<\/p>\n<\/td>\n<\/tr>\n<tr>\n<td style=\"width: 18.4695%;\" width=\"160\">\n<p>Al\u016bksnes M\u0101kslas skola<\/p>\n<\/td>\n<td style=\"width: 17.2185%;\" width=\"150\">\n<p>Direktore<\/p>\n<\/td>\n<td style=\"width: 17.2921%;\" width=\"151\">\n<p>Ilze EGLE<\/p>\n<\/td>\n<td style=\"width: 25.975%;\" width=\"235\">\n<p>Pirmdien\u0101s 15.00-18.00<\/p>\n<\/td>\n<td style=\"width: 20.677%;\" width=\"182\">\n<p>Oj\u0101ra V\u0101cie\u0161a iel\u0101 2, Al\u016bksn\u0113, Al\u016bksnes novad\u0101<\/p>\n<\/td>\n<\/tr>\n<tr>\n<td style=\"width: 18.4695%;\" width=\"160\">\n<p>Al\u016bksnes M\u016bzikas skola<\/p>\n<\/td>\n<td style=\"width: 17.2185%;\" width=\"150\">\n<p>Direktore<\/p>\n<\/td>\n<td style=\"width: 17.2921%;\" width=\"151\">\n<p>Dana BERKULE<\/p>\n<\/td>\n<td style=\"width: 25.975%;\" width=\"235\">\n<p>Otrdien\u0101s 10.00-12.00<\/p>\n<\/td>\n<td style=\"width: 20.677%;\" width=\"182\">\n<p>J\u0101\u0146kalna iel\u0101 38, Al\u016bksn\u0113, Al\u016bksnes novad\u0101<\/p>\n<\/td>\n<\/tr>\n<tr>\n<td style=\"width: 18.4695%;\" width=\"160\">\n<p>Al\u016bksnes pirmsskolas izgl\u012bt\u012bbas iest\u0101de \u201cPIENEN\u012aTE\u201d<\/p>\n<\/td>\n<td style=\"width: 17.2185%;\" width=\"150\">\n<p>Vad\u012bt\u0101ja<\/p>\n<\/td>\n<td style=\"width: 17.2921%;\" width=\"151\">\n<p>Ing\u016bna DOVG\u0100NE<\/p>\n<\/td>\n<td style=\"width: 25.975%;\" width=\"235\">\n<p>Katru darbdienu 9.00-10.00<\/p>\n<\/td>\n<td style=\"width: 20.677%;\" width=\"182\">\n<p>Hel\u0113nas iel\u0101 32, Al\u016bksn\u0113, Al\u016bksnes novad\u0101<\/p>\n<\/td>\n<\/tr>\n<tr>\n<td style=\"width: 18.4695%;\" width=\"160\">\n<p>Al\u016bksnes pirmsskolas izgl\u012bt\u012bbas iest\u0101de \u201cSPR\u012aD\u012aTIS\u201d<\/p>\n<\/td>\n<td style=\"width: 17.2185%;\" width=\"150\">\n<p>Vad\u012bt\u0101ja<\/p>\n<\/td>\n<td style=\"width: 17.2921%;\" width=\"151\">\n<p>Modr\u012bte VOSKA<\/p>\n<\/td>\n<td style=\"width: 25.975%;\" width=\"235\">\n<p>Pirmdien\u0101s 9.00-11.00<\/p>\n<\/td>\n<td style=\"width: 20.677%;\" width=\"182\">\n<p>Rai\u0146a bulv\u0101r\u012b 5, Al\u016bksn\u0113, Al\u016bksnes novad\u0101<\/p>\n<\/td>\n<\/tr>\n<tr>\n<td style=\"width: 18.4695%;\" width=\"160\">\n<p>Al\u016bksnes Sporta skola<\/p>\n<\/td>\n<td style=\"width: 17.2185%;\" width=\"150\">\n<p>Direktore<\/p>\n<\/td>\n<td style=\"width: 17.2921%;\" width=\"151\">\n<p>L\u012bga TOMSONE<\/p>\n<\/td>\n<td style=\"width: 25.975%;\" width=\"235\">\n<p>Ceturtdien\u0101s 10.00-12.00<\/p>\n<\/td>\n<td style=\"width: 20.677%;\" width=\"182\">\n<p>J\u0101\u0146kalna iel\u0101 17A, Al\u016bksn\u0113, Al\u016bksnes novad\u0101<\/p>\n<\/td>\n<\/tr>\n<tr>\n<td style=\"width: 18.4695%;\" width=\"160\">\n<p>Al\u016bksnes T\u016brisma inform\u0101cijas centrs<\/p>\n<\/td>\n<td style=\"width: 17.2185%;\" width=\"150\">\n<p>Vad\u012bt\u0101ja<\/p>\n<\/td>\n<td style=\"width: 17.2921%;\" width=\"151\">\n<p>Dace BUMBIERE-AUGULE<\/p>\n<\/td>\n<td style=\"width: 25.975%;\" width=\"235\">\n<p>Katra m\u0113ne\u0161a pirmaj\u0101 ceturtdien\u0101 10.00-12.00<\/p>\n<\/td>\n<td style=\"width: 20.677%;\" width=\"182\">\n<p>Oj\u0101ra V\u0101cie\u0161a iel\u0101 1, Al\u016bksn\u0113, Al\u016bksnes novad\u0101<\/p>\n<\/td>\n<\/tr>\n<tr>\n<td style=\"width: 18.4695%;\" width=\"160\">\n<p>B\u016bvvalde<\/p>\n<\/td>\n<td style=\"width: 17.2185%;\" width=\"150\">\n<p>B\u016bvvaldes vad\u012bt\u0101ja \u2013 arhitekte<\/p>\n<\/td>\n<td style=\"width: 17.2921%;\" width=\"151\">\n<p>Sandra SMILDZI\u0145A<\/p>\n<\/td>\n<td style=\"width: 25.975%;\" width=\"235\">\n<p>Pirmdien\u0101s 8.30-11.30 13.30-17.00<\/p>\n<\/td>\n<td style=\"width: 20.677%;\" width=\"182\">\n<p>D\u0101rza iel\u0101 11, Al\u016bksn\u0113, Al\u016bksnes novad\u0101<\/p>\n<\/td>\n<\/tr>\n<tr>\n<td style=\"width: 18.4695%;\" width=\"160\">\n<p>B\u016bvvalde<\/p>\n<\/td>\n<td style=\"width: 17.2185%;\" width=\"150\">\n<p>B\u016bvinspektore<\/p>\n<\/td>\n<td style=\"width: 17.2921%;\" width=\"151\">\n<p>Aina KAUKALA<\/p>\n<\/td>\n<td style=\"width: 25.975%;\" width=\"235\">\n<p>Pirmdien\u0101s 8.30-11.30 13.30-17.00<\/p>\n<\/td>\n<td style=\"width: 20.677%;\" width=\"182\">\n<p>D\u0101rza iel\u0101 11, Al\u016bksn\u0113, Al\u016bksnes novad\u0101<\/p>\n<\/td>\n<\/tr>\n<tr>\n<td style=\"width: 18.4695%;\" width=\"160\">\n<p>Centr\u0101l\u0101 administr\u0101cija<\/p>\n<\/td>\n<td style=\"width: 17.2185%;\" width=\"150\">\n<p>Pa\u0161vald\u012bbas izpilddirektors<\/p>\n<\/td>\n<td style=\"width: 17.2921%;\" width=\"151\">\n<p>Ingus BERKULIS<\/p>\n<\/td>\n<td style=\"width: 25.975%;\" width=\"235\">\n<p>M\u0113ne\u0161a pirmaj\u0101 un tre\u0161aj\u0101 pirmdien\u0101 15.30-17.30, m\u0113ne\u0161a otraj\u0101 un ceturtaj\u0101 piektdien\u0101 8.00-11.00<\/p>\n<\/td>\n<td style=\"width: 20.677%;\" width=\"182\">\n<p>D\u0101rza iel\u0101 11, Al\u016bksn\u0113, Al\u016bksnes novad\u0101<\/p>\n<\/td>\n<\/tr>\n<tr>\n<td style=\"width: 18.4695%;\" width=\"160\">\n<p>Ernsta Glika Al\u016bksnes Valsts \u0123imn\u0101zija<\/p>\n<\/td>\n<td style=\"width: 17.2185%;\" width=\"150\">\n<p>Direktore<\/p>\n<\/td>\n<td style=\"width: 17.2921%;\" width=\"151\">\n<p>Uva GRENCIONE-LAPSENIETE\u00a0<\/p>\n<\/td>\n<td style=\"width: 25.975%;\" width=\"235\">\n<p>Katru darba dienu, iepriek\u0161 piesakoties<\/p>\n<\/td>\n<td style=\"width: 20.677%;\" width=\"182\">\n<p>Glika iel\u0101 10, Al\u016bksn\u0113, Al\u016bksnes novad\u0101<\/p>\n<\/td>\n<\/tr>\n<tr>\n<td style=\"width: 18.4695%;\" width=\"160\">\n<p>Izgl\u012bt\u012bbas p\u0101rvalde<\/p>\n<\/td>\n<td style=\"width: 17.2185%;\" width=\"150\">\n<p>Vad\u012bt\u0101ja<\/p>\n<\/td>\n<td style=\"width: 17.2921%;\" width=\"151\">\n<p>Gunta KUP\u010cA<\/p>\n<\/td>\n<td style=\"width: 25.975%;\" width=\"235\">\n<p>Pirmdien\u0101s 10.00-12.00<\/p>\n<\/td>\n<td style=\"width: 20.677%;\" width=\"182\">\n<p>D\u0101rza iel\u0101 11, Al\u016bksn\u0113, Al\u016bksnes novad\u0101<\/p>\n<\/td>\n<\/tr>\n<tr>\n<td style=\"width: 18.4695%;\" width=\"160\">\n<p>Malienas pirmsskolas izgl\u012bt\u012bbas iest\u0101de \u201cMAZPUTNI\u0145\u0160\u201d<\/p>\n<\/td>\n<td style=\"width: 17.2185%;\" width=\"150\">\n<p>Vad\u012bt\u0101ja<\/p>\n<\/td>\n<td style=\"width: 17.2921%;\" width=\"151\">\n<p>Inga \u0100BOLTI\u0145A<\/p>\n<\/td>\n<td style=\"width: 25.975%;\" width=\"235\">\n<p>Pirmdien\u0101s 9.00-11.00<br \/>\nCeturtdien\u0101s 16.00-17.00<\/p>\n<\/td>\n<td style=\"width: 20.677%;\" width=\"182\">\n<p>\u201cMazputni\u0146\u0101\u201d, Brencos, Malienas pagast\u0101, Al\u016bksnes novad\u0101<\/p>\n<\/td>\n<\/tr>\n<tr>\n<td style=\"width: 18.4695%;\" width=\"160\">\n<p>Ziemeru pamatskola<\/p>\n<\/td>\n<td style=\"width: 17.2185%;\" width=\"150\">\n<p>Direktore<\/p>\n<\/td>\n<td style=\"width: 17.2921%;\" width=\"151\">\n<p>Ilze ANDRONOVA<\/p>\n<\/td>\n<td style=\"width: 25.975%;\" width=\"235\">\n<p>Otrdien\u0101s 10.00-11.00<\/p>\n<\/td>\n<td style=\"width: 20.677%;\" width=\"182\">\n<p>\u201cPamatskol\u0101\u201d, M\u0101ri\u0146kaln\u0101, Ziemera pagast\u0101, Al\u016bksnes novad\u0101<\/p>\n<\/td>\n<\/tr>\n<\/tbody>\n<\/table>\n","protected":false},"excerpt":{"rendered":"<p>Iest\u0101de Amats V\u0101rds, uzv\u0101rds Pie\u0146em\u0161anas laiks Pie\u0146em\u0161anas vieta Alekseja Gr\u0101v\u012b\u0161a Liepnas pamatskola Direktore Ilona KAZIMIRJONOKA &nbsp; Otrdien\u0101s 8.30-10.30 \u201cLiepnas pamatskol\u0101\u201d, Liepn\u0101, Liepnas pagast\u0101, Al\u016bksnes novad\u0101 Alsvi\u0137u pirmsskolas izgl\u012bt\u012bbas iest\u0101de \u201cSaul\u012bte\u201d Vad\u012bt\u0101ja Viola L\u0100CE Pirmdien\u0101s 8.30-10.00 \u201cSaul\u012bt\u0113\u201d, Alsvi\u0137os, Alsvi\u0137u pagast\u0101, Al\u016bksnes&#8230;<br \/><a class=\"read-more-button\" href=\"https:\/\/aluksne.lv\/index.php\/pasvaldiba\/aluksnes-novada-pasvaldibas-iestazu-vaditaju-specialistu-apmekletaju-pienemsanas-laiki\/\">Las\u012bt visu<\/a><\/p>\n","protected":false},"author":1,"featured_media":0,"parent":6,"menu_order":0,"comment_status":"closed","ping_status":"closed","template":"","meta":{"_crdt_document":"","_monsterinsights_skip_tracking":false,"_monsterinsights_sitenote_active":false,"_monsterinsights_sitenote_note":"","_monsterinsights_sitenote_category":0,"footnotes":"","_links_to":"","_links_to_target":""},"class_list":["post-10679","page","type-page","status-publish","hentry"],"_links":{"self":[{"href":"https:\/\/aluksne.lv\/index.php\/wp-json\/wp\/v2\/pages\/10679","targetHints":{"allow":["GET"]}}],"collection":[{"href":"https:\/\/aluksne.lv\/index.php\/wp-json\/wp\/v2\/pages"}],"about":[{"href":"https:\/\/aluksne.lv\/index.php\/wp-json\/wp\/v2\/types\/page"}],"author":[{"embeddable":true,"href":"https:\/\/aluksne.lv\/index.php\/wp-json\/wp\/v2\/users\/1"}],"replies":[{"embeddable":true,"href":"https:\/\/aluksne.lv\/index.php\/wp-json\/wp\/v2\/comments?post=10679"}],"version-history":[{"count":2,"href":"https:\/\/aluksne.lv\/index.php\/wp-json\/wp\/v2\/pages\/10679\/revisions"}],"predecessor-version":[{"id":60333,"href":"https:\/\/aluksne.lv\/index.php\/wp-json\/wp\/v2\/pages\/10679\/revisions\/60333"}],"up":[{"embeddable":true,"href":"https:\/\/aluksne.lv\/index.php\/wp-json\/wp\/v2\/pages\/6"}],"wp:attachment":[{"href":"https:\/\/aluksne.lv\/index.php\/wp-json\/wp\/v2\/media?parent=10679"}],"curies":[{"name":"wp","href":"https:\/\/api.w.org\/{rel}","templated":true}]}}