{"id":11256,"date":"2019-04-05T14:53:36","date_gmt":"2019-04-05T11:53:36","guid":{"rendered":"http:\/\/aluksne.lv\/?page_id=11256"},"modified":"2025-05-26T16:31:00","modified_gmt":"2025-05-26T13:31:00","slug":"atkritumu-skirosana","status":"publish","type":"page","link":"https:\/\/aluksne.lv\/index.php\/pasvaldiba\/pakalpojumi\/atkritumu-apsaimniekosana\/atkritumu-skirosana\/","title":{"rendered":"Atkritumu \u0161\u0137iro\u0161ana"},"content":{"rendered":"<section id=\"description\">\n<p><span style=\"font-size: 14pt;\"><br \/>\nIkdien\u0101 katram no mums ir sava k\u0101rt\u012bba, kur\u0101 ikvienai lietai ir sava vieta. Ja lietas nav sav\u0101s viet\u0101s, m\u0113s t\u0101s k\u0101rtojam un \u0161\u0137irojam \u2013 ze\u0137es, rota\u013clietas, pat gar\u0161vielas. \u0160\u0137irot ir m\u016bsu dab\u0101, tas liek mums justies lab\u0101k. Vai tu jau \u0161\u0137iro? J\u0101! Vienk\u0101r\u0161i pievieno saviem \u0161\u0137iro\u0161anas paradumiem v\u0113l vienu lietu \u2013 atkritumus. \u0160\u0137irot ir viegl\u0101k, nek\u0101 \u0161\u0137iet. It sevi\u0161\u0137i, ja publiski pieejamo dal\u012bt\u0101s atkritumu sav\u0101k\u0161anas vietu skaits tiek palielin\u0101ts ik gadu.<\/span><\/p>\n<p><span style=\"font-size: 14pt;\">Uzzini vair\u0101k par \u0161\u0137iro\u0161anu un \u0161\u0137iro\u0161anas punktiem Al\u016bksnes novad\u0101 t\u012bmek\u013cvietn\u0113 <a href=\"https:\/\/skiroviegli.lv\/#\/\">www.skiroviegli.lv<\/a><\/span><\/p>\n<\/section>\n<p><a href=\"https:\/\/skiroviegli.lv\/#\/\"><img loading=\"lazy\" decoding=\"async\" class=\"aligncenter wp-image-31842 size-medium\" src=\"https:\/\/aluksne.lv\/wp-content\/uploads\/2022\/03\/SKIRO_web-300x168.gif\" alt=\"\" width=\"300\" height=\"168\" data-id=\"31842\" srcset=\"https:\/\/aluksne.lv\/wp-content\/uploads\/2022\/03\/SKIRO_web-300x168.gif 300w, https:\/\/aluksne.lv\/wp-content\/uploads\/2022\/03\/SKIRO_web-768x430.gif 768w\" sizes=\"auto, (max-width: 300px) 100vw, 300px\" \/><\/a><\/p>\n<hr \/>\n<h1><a href=\"https:\/\/aluksne.lv\/wp-content\/uploads\/2025\/05\/Atkritumu-skirosanas-celvedis-LautusVide_B_l_Page_01.jpg\"><img loading=\"lazy\" decoding=\"async\" class=\"alignnone size-thumbnail wp-image-55634\" src=\"https:\/\/aluksne.lv\/wp-content\/uploads\/2025\/05\/Atkritumu-skirosanas-celvedis-LautusVide_B_l_Page_01-150x150.jpg\" alt=\"\" width=\"150\" height=\"150\" srcset=\"https:\/\/aluksne.lv\/wp-content\/uploads\/2025\/05\/Atkritumu-skirosanas-celvedis-LautusVide_B_l_Page_01-150x150.jpg 150w, https:\/\/aluksne.lv\/wp-content\/uploads\/2025\/05\/Atkritumu-skirosanas-celvedis-LautusVide_B_l_Page_01-60x60.jpg 60w, https:\/\/aluksne.lv\/wp-content\/uploads\/2025\/05\/Atkritumu-skirosanas-celvedis-LautusVide_B_l_Page_01-375x375.jpg 375w\" sizes=\"auto, (max-width: 150px) 100vw, 150px\" \/><\/a><a href=\"https:\/\/aluksne.lv\/wp-content\/uploads\/2025\/05\/Atkritumu-skirosanas-celvedis-LautusVide_B_l_Page_02.jpg\"><img loading=\"lazy\" decoding=\"async\" class=\"alignnone size-thumbnail wp-image-55635\" src=\"https:\/\/aluksne.lv\/wp-content\/uploads\/2025\/05\/Atkritumu-skirosanas-celvedis-LautusVide_B_l_Page_02-150x150.jpg\" alt=\"\" width=\"150\" height=\"150\" srcset=\"https:\/\/aluksne.lv\/wp-content\/uploads\/2025\/05\/Atkritumu-skirosanas-celvedis-LautusVide_B_l_Page_02-150x150.jpg 150w, https:\/\/aluksne.lv\/wp-content\/uploads\/2025\/05\/Atkritumu-skirosanas-celvedis-LautusVide_B_l_Page_02-60x60.jpg 60w, https:\/\/aluksne.lv\/wp-content\/uploads\/2025\/05\/Atkritumu-skirosanas-celvedis-LautusVide_B_l_Page_02-375x375.jpg 375w\" sizes=\"auto, (max-width: 150px) 100vw, 150px\" \/><\/a><a href=\"https:\/\/aluksne.lv\/wp-content\/uploads\/2025\/05\/Atkritumu-skirosanas-celvedis-LautusVide_B_l_Page_03.jpg\"><img loading=\"lazy\" decoding=\"async\" class=\"alignnone size-thumbnail wp-image-55636\" src=\"https:\/\/aluksne.lv\/wp-content\/uploads\/2025\/05\/Atkritumu-skirosanas-celvedis-LautusVide_B_l_Page_03-150x150.jpg\" alt=\"\" width=\"150\" height=\"150\" srcset=\"https:\/\/aluksne.lv\/wp-content\/uploads\/2025\/05\/Atkritumu-skirosanas-celvedis-LautusVide_B_l_Page_03-150x150.jpg 150w, https:\/\/aluksne.lv\/wp-content\/uploads\/2025\/05\/Atkritumu-skirosanas-celvedis-LautusVide_B_l_Page_03-60x60.jpg 60w, https:\/\/aluksne.lv\/wp-content\/uploads\/2025\/05\/Atkritumu-skirosanas-celvedis-LautusVide_B_l_Page_03-375x375.jpg 375w\" sizes=\"auto, (max-width: 150px) 100vw, 150px\" \/><\/a><a href=\"https:\/\/aluksne.lv\/wp-content\/uploads\/2025\/05\/Atkritumu-skirosanas-celvedis-LautusVide_B_l_Page_04.jpg\"><img loading=\"lazy\" decoding=\"async\" class=\"alignnone size-thumbnail wp-image-55637\" src=\"https:\/\/aluksne.lv\/wp-content\/uploads\/2025\/05\/Atkritumu-skirosanas-celvedis-LautusVide_B_l_Page_04-150x150.jpg\" alt=\"\" width=\"150\" height=\"150\" srcset=\"https:\/\/aluksne.lv\/wp-content\/uploads\/2025\/05\/Atkritumu-skirosanas-celvedis-LautusVide_B_l_Page_04-150x150.jpg 150w, https:\/\/aluksne.lv\/wp-content\/uploads\/2025\/05\/Atkritumu-skirosanas-celvedis-LautusVide_B_l_Page_04-60x60.jpg 60w, https:\/\/aluksne.lv\/wp-content\/uploads\/2025\/05\/Atkritumu-skirosanas-celvedis-LautusVide_B_l_Page_04-375x375.jpg 375w\" sizes=\"auto, (max-width: 150px) 100vw, 150px\" \/><\/a><a href=\"https:\/\/aluksne.lv\/wp-content\/uploads\/2025\/05\/Atkritumu-skirosanas-celvedis-LautusVide_B_l_Page_05.jpg\"><img loading=\"lazy\" decoding=\"async\" class=\"alignnone size-thumbnail wp-image-55638\" src=\"https:\/\/aluksne.lv\/wp-content\/uploads\/2025\/05\/Atkritumu-skirosanas-celvedis-LautusVide_B_l_Page_05-150x150.jpg\" alt=\"\" width=\"150\" height=\"150\" srcset=\"https:\/\/aluksne.lv\/wp-content\/uploads\/2025\/05\/Atkritumu-skirosanas-celvedis-LautusVide_B_l_Page_05-150x150.jpg 150w, https:\/\/aluksne.lv\/wp-content\/uploads\/2025\/05\/Atkritumu-skirosanas-celvedis-LautusVide_B_l_Page_05-60x60.jpg 60w, https:\/\/aluksne.lv\/wp-content\/uploads\/2025\/05\/Atkritumu-skirosanas-celvedis-LautusVide_B_l_Page_05-375x375.jpg 375w\" sizes=\"auto, (max-width: 150px) 100vw, 150px\" \/><\/a><a href=\"https:\/\/aluksne.lv\/wp-content\/uploads\/2025\/05\/Atkritumu-skirosanas-celvedis-LautusVide_B_l_Page_06.jpg\"><img loading=\"lazy\" decoding=\"async\" class=\"alignnone size-thumbnail wp-image-55639\" src=\"https:\/\/aluksne.lv\/wp-content\/uploads\/2025\/05\/Atkritumu-skirosanas-celvedis-LautusVide_B_l_Page_06-150x150.jpg\" alt=\"\" width=\"150\" height=\"150\" srcset=\"https:\/\/aluksne.lv\/wp-content\/uploads\/2025\/05\/Atkritumu-skirosanas-celvedis-LautusVide_B_l_Page_06-150x150.jpg 150w, https:\/\/aluksne.lv\/wp-content\/uploads\/2025\/05\/Atkritumu-skirosanas-celvedis-LautusVide_B_l_Page_06-60x60.jpg 60w, https:\/\/aluksne.lv\/wp-content\/uploads\/2025\/05\/Atkritumu-skirosanas-celvedis-LautusVide_B_l_Page_06-375x375.jpg 375w\" sizes=\"auto, (max-width: 150px) 100vw, 150px\" \/><\/a><a href=\"https:\/\/aluksne.lv\/wp-content\/uploads\/2025\/05\/Atkritumu-skirosanas-celvedis-LautusVide_B_l_Page_07.jpg\"><img loading=\"lazy\" decoding=\"async\" class=\"alignnone size-thumbnail wp-image-55640\" src=\"https:\/\/aluksne.lv\/wp-content\/uploads\/2025\/05\/Atkritumu-skirosanas-celvedis-LautusVide_B_l_Page_07-150x150.jpg\" alt=\"\" width=\"150\" height=\"150\" srcset=\"https:\/\/aluksne.lv\/wp-content\/uploads\/2025\/05\/Atkritumu-skirosanas-celvedis-LautusVide_B_l_Page_07-150x150.jpg 150w, https:\/\/aluksne.lv\/wp-content\/uploads\/2025\/05\/Atkritumu-skirosanas-celvedis-LautusVide_B_l_Page_07-60x60.jpg 60w, https:\/\/aluksne.lv\/wp-content\/uploads\/2025\/05\/Atkritumu-skirosanas-celvedis-LautusVide_B_l_Page_07-375x375.jpg 375w\" sizes=\"auto, (max-width: 150px) 100vw, 150px\" \/><\/a><a href=\"https:\/\/aluksne.lv\/wp-content\/uploads\/2025\/05\/Atkritumu-skirosanas-celvedis-LautusVide_B_l_Page_08.jpg\"><img loading=\"lazy\" decoding=\"async\" class=\"alignnone size-thumbnail wp-image-55641\" src=\"https:\/\/aluksne.lv\/wp-content\/uploads\/2025\/05\/Atkritumu-skirosanas-celvedis-LautusVide_B_l_Page_08-150x150.jpg\" alt=\"\" width=\"150\" height=\"150\" srcset=\"https:\/\/aluksne.lv\/wp-content\/uploads\/2025\/05\/Atkritumu-skirosanas-celvedis-LautusVide_B_l_Page_08-150x150.jpg 150w, https:\/\/aluksne.lv\/wp-content\/uploads\/2025\/05\/Atkritumu-skirosanas-celvedis-LautusVide_B_l_Page_08-60x60.jpg 60w, https:\/\/aluksne.lv\/wp-content\/uploads\/2025\/05\/Atkritumu-skirosanas-celvedis-LautusVide_B_l_Page_08-375x375.jpg 375w\" sizes=\"auto, (max-width: 150px) 100vw, 150px\" \/><\/a><a href=\"https:\/\/aluksne.lv\/wp-content\/uploads\/2025\/05\/Atkritumu-skirosanas-celvedis-LautusVide_B_l_Page_09.jpg\"><img loading=\"lazy\" decoding=\"async\" class=\"alignnone size-thumbnail wp-image-55642\" src=\"https:\/\/aluksne.lv\/wp-content\/uploads\/2025\/05\/Atkritumu-skirosanas-celvedis-LautusVide_B_l_Page_09-150x150.jpg\" alt=\"\" width=\"150\" height=\"150\" srcset=\"https:\/\/aluksne.lv\/wp-content\/uploads\/2025\/05\/Atkritumu-skirosanas-celvedis-LautusVide_B_l_Page_09-150x150.jpg 150w, https:\/\/aluksne.lv\/wp-content\/uploads\/2025\/05\/Atkritumu-skirosanas-celvedis-LautusVide_B_l_Page_09-60x60.jpg 60w, https:\/\/aluksne.lv\/wp-content\/uploads\/2025\/05\/Atkritumu-skirosanas-celvedis-LautusVide_B_l_Page_09-375x375.jpg 375w\" sizes=\"auto, (max-width: 150px) 100vw, 150px\" \/><\/a><a href=\"https:\/\/aluksne.lv\/wp-content\/uploads\/2025\/05\/Atkritumu-skirosanas-celvedis-LautusVide_B_l_Page_10.jpg\"><img loading=\"lazy\" decoding=\"async\" class=\"alignnone size-thumbnail wp-image-55643\" src=\"https:\/\/aluksne.lv\/wp-content\/uploads\/2025\/05\/Atkritumu-skirosanas-celvedis-LautusVide_B_l_Page_10-150x150.jpg\" alt=\"\" width=\"150\" height=\"150\" srcset=\"https:\/\/aluksne.lv\/wp-content\/uploads\/2025\/05\/Atkritumu-skirosanas-celvedis-LautusVide_B_l_Page_10-150x150.jpg 150w, https:\/\/aluksne.lv\/wp-content\/uploads\/2025\/05\/Atkritumu-skirosanas-celvedis-LautusVide_B_l_Page_10-60x60.jpg 60w, https:\/\/aluksne.lv\/wp-content\/uploads\/2025\/05\/Atkritumu-skirosanas-celvedis-LautusVide_B_l_Page_10-375x375.jpg 375w\" sizes=\"auto, (max-width: 150px) 100vw, 150px\" \/><\/a><\/h1>\n<hr \/>\n<h1><strong>Publiski pieejamie \u0161\u0137irojamo atkritumu laukumi (punkti) Al\u016bksnes novad\u0101<\/strong><\/h1>\n<p>&nbsp;<\/p>\n<table style=\"width: 50.2786%; height: 1094px;\" width=\"461\">\n<tbody>\n<tr style=\"height: 40px;\">\n<td style=\"width: 20.4935%; height: 80px;\" rowspan=\"2\" width=\"294\">\n<p><span style=\"font-size: 12pt;\"><strong>Publiski pieejamie dal\u012bto (\u0161\u0137iroto) atkritumu sav\u0101k\u0161anas punkti<\/strong><\/span><\/p>\n<\/td>\n<td style=\"width: 21.2981%; height: 40px;\" colspan=\"2\" width=\"168\">\n<p style=\"text-align: center;\"><span style=\"font-size: 12pt;\"><strong>Konteineru skaits<\/strong><\/span><\/p>\n<\/td>\n<\/tr>\n<tr style=\"height: 40px;\">\n<td style=\"width: 13.1507%; height: 40px;\" width=\"85\">\n<p><span style=\"font-size: 12pt;\"><strong>Pap\u012brs, p<\/strong><strong>lastmasa, met\u0101ls<\/strong><\/span><\/p>\n<\/td>\n<td style=\"width: 8.14744%; height: 40px;\" width=\"83\">\n<p><span style=\"font-size: 12pt;\"><strong>Stikls<\/strong><\/span><\/p>\n<\/td>\n<\/tr>\n<tr style=\"height: 39px;\">\n<td style=\"width: 20.4935%; height: 39px;\" width=\"294\">\n<p>Ziemeru ielas teritorija, Al\u016bksne<\/p>\n<\/td>\n<td style=\"width: 13.1507%; height: 39px;\" width=\"85\">\n<p>3<\/p>\n<\/td>\n<td style=\"width: 8.14744%; height: 39px;\" width=\"83\">\n<p>1<\/p>\n<\/td>\n<\/tr>\n<tr style=\"height: 39px;\">\n<td style=\"width: 20.4935%; height: 39px;\" width=\"294\">\n<p>Augusta ielas teritorija, Al\u016bksne<\/p>\n<\/td>\n<td style=\"width: 13.1507%; height: 39px;\" width=\"85\">\n<p>2<\/p>\n<\/td>\n<td style=\"width: 8.14744%; height: 39px;\" width=\"83\">\n<p>1<\/p>\n<\/td>\n<\/tr>\n<tr style=\"height: 39px;\">\n<td style=\"width: 20.4935%; height: 39px;\" width=\"294\">\n<p>Ziedu ielas teritorija, Al\u016bksne<\/p>\n<\/td>\n<td style=\"width: 13.1507%; height: 39px;\" width=\"85\">\n<p>2<\/p>\n<\/td>\n<td style=\"width: 8.14744%; height: 39px;\" width=\"83\">\n<p>1<\/p>\n<\/td>\n<\/tr>\n<tr style=\"height: 39px;\">\n<td style=\"width: 20.4935%; height: 39px;\" width=\"294\">\n<p>Miera ielas teritorijas, Al\u016bksne<\/p>\n<\/td>\n<td style=\"width: 13.1507%; height: 39px;\" width=\"85\">\n<p>2<\/p>\n<\/td>\n<td style=\"width: 8.14744%; height: 39px;\" width=\"83\">\n<p>1<\/p>\n<\/td>\n<\/tr>\n<tr style=\"height: 39px;\">\n<td style=\"width: 20.4935%; height: 39px;\" width=\"294\">\n<p>D\u0101rza iela 11, Al\u016bksne<\/p>\n<\/td>\n<td style=\"width: 13.1507%; height: 39px;\" width=\"85\">\n<p>2<\/p>\n<\/td>\n<td style=\"width: 8.14744%; height: 39px;\" width=\"83\">\n<p>1<\/p>\n<\/td>\n<\/tr>\n<tr style=\"height: 39px;\">\n<td style=\"width: 20.4935%; height: 39px;\" width=\"294\">\n<p>Siguldas ielas teritorija, Al\u016bksne<\/p>\n<\/td>\n<td style=\"width: 13.1507%; height: 39px;\" width=\"85\">\n<p>2<\/p>\n<\/td>\n<td style=\"width: 8.14744%; height: 39px;\" width=\"83\">\n<p>1<\/p>\n<\/td>\n<\/tr>\n<tr style=\"height: 39px;\">\n<td style=\"width: 20.4935%; height: 39px;\" width=\"294\">\n<p>Cer\u012bbu ielas teritorija, Al\u016bksne<\/p>\n<\/td>\n<td style=\"width: 13.1507%; height: 39px;\" width=\"85\">\n<p>2<\/p>\n<\/td>\n<td style=\"width: 8.14744%; height: 39px;\" width=\"83\">\n<p>1<\/p>\n<\/td>\n<\/tr>\n<tr style=\"height: 39px;\">\n<td style=\"width: 20.4935%; height: 39px;\" width=\"294\">\n<p>N\u0113\u0137ene, Alsvi\u0137u pagasts<\/p>\n<\/td>\n<td style=\"width: 13.1507%; height: 39px;\" width=\"85\">\n<p>1<\/p>\n<\/td>\n<td style=\"width: 8.14744%; height: 39px;\" width=\"83\">\n<p>1<\/p>\n<\/td>\n<\/tr>\n<tr style=\"height: 39px;\">\n<td style=\"width: 20.4935%; height: 39px;\" width=\"294\">\n<p>&#8220;Pagastnams&#8221;, Alsvi\u0137i, Alsvi\u0137u pagasts<\/p>\n<\/td>\n<td style=\"width: 13.1507%; height: 39px;\" width=\"85\">\n<p>2<\/p>\n<\/td>\n<td style=\"width: 8.14744%; height: 39px;\" width=\"83\">\n<p>1<\/p>\n<\/td>\n<\/tr>\n<tr style=\"height: 39px;\">\n<td style=\"width: 20.4935%; height: 39px;\" width=\"294\">\n<p>&#8220;Zemen\u012bte&#8221;, Strauti\u0146i, Alsvi\u0137u pagasts<\/p>\n<\/td>\n<td style=\"width: 13.1507%; height: 39px;\" width=\"85\">\n<p>2<\/p>\n<\/td>\n<td style=\"width: 8.14744%; height: 39px;\" width=\"83\">\n<p>1<\/p>\n<\/td>\n<\/tr>\n<tr style=\"height: 39px;\">\n<td style=\"width: 20.4935%; height: 39px;\" width=\"294\">\n<p>&#8220;Tautas nams&#8221;, Anna, Annas pagasts<\/p>\n<\/td>\n<td style=\"width: 13.1507%; height: 39px;\" width=\"85\">\n<p>2<\/p>\n<\/td>\n<td style=\"width: 8.14744%; height: 39px;\" width=\"83\">\n<p>1<\/p>\n<\/td>\n<\/tr>\n<tr style=\"height: 39px;\">\n<td style=\"width: 20.4935%; height: 39px;\" width=\"294\">\n<p>&#8220;Dailes&#8221;, Jaunzemi, Ilzenes pagasts<\/p>\n<\/td>\n<td style=\"width: 13.1507%; height: 39px;\" width=\"85\">\n<p>2<\/p>\n<\/td>\n<td style=\"width: 8.14744%; height: 39px;\" width=\"83\">\n<p>1<\/p>\n<\/td>\n<\/tr>\n<tr style=\"height: 39px;\">\n<td style=\"width: 20.4935%; height: 39px;\" width=\"294\">\n<p>&#8220;D\u0101lderi&#8221;, Kolber\u0123is, Jaunal\u016bksnes pagasts<\/p>\n<\/td>\n<td style=\"width: 13.1507%; height: 39px;\" width=\"85\">\n<p>2<\/p>\n<\/td>\n<td style=\"width: 8.14744%; height: 39px;\" width=\"83\">\n<p>1<\/p>\n<\/td>\n<\/tr>\n<tr style=\"height: 39px;\">\n<td style=\"width: 20.4935%; height: 39px;\" width=\"294\">\n<p>&#8220;R\u016b\u0137i&#8221;, Beja, Jaunal\u016bksnes pagasts<\/p>\n<\/td>\n<td style=\"width: 13.1507%; height: 39px;\" width=\"85\">\n<p>1<\/p>\n<\/td>\n<td style=\"width: 8.14744%; height: 39px;\" width=\"83\">\n<p>1<\/p>\n<\/td>\n<\/tr>\n<tr style=\"height: 39px;\">\n<td style=\"width: 20.4935%; height: 39px;\" width=\"294\">\n<p>&#8220;Liepzari&#8221;, Jaunanna, Jaunannas pagasts<\/p>\n<\/td>\n<td style=\"width: 13.1507%; height: 39px;\" width=\"85\">\n<p>2<\/p>\n<\/td>\n<td style=\"width: 8.14744%; height: 39px;\" width=\"83\">\n<p>1<\/p>\n<\/td>\n<\/tr>\n<tr style=\"height: 39px;\">\n<td style=\"width: 20.4935%; height: 39px;\" width=\"294\">\n<p>&#8220;Lazdi\u0146as&#8221;, Jaunlaicene, Jaunlaicenes pagasts<\/p>\n<\/td>\n<td style=\"width: 13.1507%; height: 39px;\" width=\"85\">\n<p>2<\/p>\n<\/td>\n<td style=\"width: 8.14744%; height: 39px;\" width=\"83\">\n<p>1<\/p>\n<\/td>\n<\/tr>\n<tr style=\"height: 39px;\">\n<td style=\"width: 20.4935%; height: 39px;\" width=\"294\">\n<p>&#8220;Cempji 4&#8221;, Kalncempji, Kalncempju pagasts<\/p>\n<\/td>\n<td style=\"width: 13.1507%; height: 39px;\" width=\"85\">\n<p>2<\/p>\n<\/td>\n<td style=\"width: 8.14744%; height: 39px;\" width=\"83\">\n<p>1<\/p>\n<\/td>\n<\/tr>\n<tr style=\"height: 39px;\">\n<td style=\"width: 20.4935%; height: 39px;\" width=\"294\">\n<p>&#8220;Liepziedi&#8221;, Liepna, Liepnas pagasts<\/p>\n<\/td>\n<td style=\"width: 13.1507%; height: 39px;\" width=\"85\">\n<p>2<\/p>\n<\/td>\n<td style=\"width: 8.14744%; height: 39px;\" width=\"83\">\n<p>1<\/p>\n<\/td>\n<\/tr>\n<tr style=\"height: 39px;\">\n<td style=\"width: 20.4935%; height: 39px;\" width=\"294\">\n<p>&#8220;Brenci&#8221;, Brenci, Malienas pagasts<\/p>\n<\/td>\n<td style=\"width: 13.1507%; height: 39px;\" width=\"85\">\n<p>2<\/p>\n<\/td>\n<td style=\"width: 8.14744%; height: 39px;\" width=\"83\">\n<p>1<\/p>\n<\/td>\n<\/tr>\n<tr style=\"height: 39px;\">\n<td style=\"width: 20.4935%; height: 39px;\" width=\"294\">\n<p>&#8220;Austri\u0146i&#8221;, M\u0101lupe, M\u0101lupes pagasts<\/p>\n<\/td>\n<td style=\"width: 13.1507%; height: 39px;\" width=\"85\">\n<p>2<\/p>\n<\/td>\n<td style=\"width: 8.14744%; height: 39px;\" width=\"83\">\n<p>1<\/p>\n<\/td>\n<\/tr>\n<tr style=\"height: 39px;\">\n<td style=\"width: 20.4935%; height: 39px;\" width=\"294\">\n<p>&#8220;P\u016bc\u012bte&#8221;, M\u0101rkalne, M\u0101rkalnes pagasts<\/p>\n<\/td>\n<td style=\"width: 13.1507%; height: 39px;\" width=\"85\">\n<p>2<\/p>\n<\/td>\n<td style=\"width: 8.14744%; height: 39px;\" width=\"83\">\n<p>1<\/p>\n<\/td>\n<\/tr>\n<tr style=\"height: 39px;\">\n<td style=\"width: 20.4935%; height: 39px;\" width=\"294\">\n<p>&#8220;Krustceles&#8221;, Pededze, Pededzes pagasts<\/p>\n<\/td>\n<td style=\"width: 13.1507%; height: 39px;\" width=\"85\">\n<p>2<\/p>\n<\/td>\n<td style=\"width: 8.14744%; height: 39px;\" width=\"83\">\n<p>1<\/p>\n<\/td>\n<\/tr>\n<tr style=\"height: 39px;\">\n<td style=\"width: 20.4935%; height: 39px;\" width=\"294\">\n<p>&#8220;Vai\u0146agi&#8221;, Korneti, Veclaicenes pagasts<\/p>\n<\/td>\n<td style=\"width: 13.1507%; height: 39px;\" width=\"85\">\n<p>2<\/p>\n<\/td>\n<td style=\"width: 8.14744%; height: 39px;\" width=\"83\">\n<p>1<\/p>\n<\/td>\n<\/tr>\n<tr style=\"height: 39px;\">\n<td style=\"width: 20.4935%; height: 39px;\" width=\"294\">\n<p>&#8220;L\u012bksmes&#8221;, M\u0101ri\u0146kalns, Ziemera pagasts<\/p>\n<\/td>\n<td style=\"width: 13.1507%; height: 39px;\" width=\"85\">\n<p>2<\/p>\n<\/td>\n<td style=\"width: 8.14744%; height: 39px;\" width=\"83\">\n<p>1<\/p>\n<\/td>\n<\/tr>\n<tr style=\"height: 39px;\">\n<td style=\"width: 20.4935%; height: 39px;\" width=\"294\">\n<p>&#8220;Atvases&#8221;, Ziemeri, Ziemera pagasts<\/p>\n<\/td>\n<td style=\"width: 13.1507%; height: 39px;\" width=\"85\">\n<p>2<\/p>\n<\/td>\n<td style=\"width: 8.14744%; height: 39px;\" width=\"83\">\n<p>1<\/p>\n<\/td>\n<\/tr>\n<tr style=\"height: 39px;\">\n<td style=\"width: 20.4935%; height: 39px;\" width=\"294\">\n<p>&#8220;Skola&#8221;, Zelti\u0146i, Zelti\u0146u pagasts<\/p>\n<\/td>\n<td style=\"width: 13.1507%; height: 39px;\" width=\"85\">\n<p>2<\/p>\n<\/td>\n<td style=\"width: 8.14744%; height: 39px;\" width=\"83\">\n<p>1<\/p>\n<\/td>\n<\/tr>\n<\/tbody>\n<\/table>\n<p>&nbsp;<\/p>\n<h1><strong>K\u0101 pareizi \u0161\u0137irot atkritumus<\/strong><\/h1>\n<p>&nbsp;<\/p>\n<p><span style=\"font-size: 12pt;\"><strong><u>PAP\u012aRS, PLASTMASA, MET\u0100LS<\/u><\/strong><\/span><\/p>\n<p><strong>\u00a0<\/strong><strong>\u00a0Mix (Pap\u012brs, Plastmasa, Met\u0101ls) atkritumu konteiner\u0101 DR\u012aKST<\/strong> ievietot liel\u0101ko da\u013cu iepakojamos materi\u0101lus:<\/p>\n<ul>\n<li>PET pudeles, kannas<\/li>\n<li>Pl\u0113ves (LDPE) un maisi\u0146i, plastik\u0101ta k\u0101rbi\u0146as<\/li>\n<li>Iepakojumi no cepumiem, \u010dipsiem, konfekt\u0113m<\/li>\n<li>Tetra pakas<\/li>\n<li>Rakst\u0101mpap\u012brs, gr\u0101matas, av\u012bzes, \u017eurn\u0101lus, (iz\u0146emot ar glanc\u0113tiem v\u0101kiem)<\/li>\n<li>Kartona kastes, iepakojums, tai skait\u0101 olu kast\u012btes<\/li>\n<li>Met\u0101la k\u0101rbas, sk\u0101rda bund\u017eas, met\u0101la v\u0101ci\u0146i<\/li>\n<\/ul>\n<p><strong>SVAR\u012aGI!<\/strong><\/p>\n<p>Pirms izme\u0161anas, saplacini iepakojumu, lai Tav\u0101 konteiner\u0101 b\u016btu vair\u0101k vietas!<\/p>\n<p>\u0160\u0137iro\u0161anas konteineros dr\u012bkst izmest tikai t\u012bru iepakojumu, kas nav taukains. Ja plastmasas trauci\u0146\u0101 iepriek\u0161 biju\u0161i, piem\u0113ram sal\u0101ti, iepakojums ir j\u0101izskalo! Lai atkritumi der\u0113tu otrreiz\u0113jai p\u0101rstr\u0101dei, konteiner\u0101 dr\u012bkst mest <strong>tikai t\u012bru, sausu iepakojumu bez \u0113dienu paliek\u0101m.<\/strong><\/p>\n<p><strong>\u00a0<\/strong><strong>Mix (pap\u012brs, plastmasa, met\u0101ls) atkritumu konteiner\u0101 NEDR\u012aKST<\/strong> ievietot:<\/p>\n<ul>\n<li>Putuplastu un to izstr\u0101d\u0101jumus un iepakojumus<\/li>\n<li>Vienreiz lietojamos traukus un piederumus<\/li>\n<li>Pap\u012bra salvetes, virtuves dvie\u013cus, tualetes pap\u012bru<\/li>\n<li>Kr\u0101su, laku un citus \u0137\u012bmisko materi\u0101lu iepakojumus<\/li>\n<li>Matu kr\u0101su iepakojumus kuri satur kr\u0101su, balin\u0101t\u0101jus<\/li>\n<li>Sadz\u012bves priek\u0161metus (rota\u013clietas, galda piederumus, saimniec\u012bbas r\u012bkus un citus saimniec\u012bb\u0101 izmantojamos piederumus)<\/li>\n<li>Kancelejas preces<\/li>\n<li>Plastmasas automa\u0161\u012bnas un citu iek\u0101rtu deta\u013cas<\/li>\n<\/ul>\n<p><span style=\"font-size: 12pt;\"><strong><u> STIKLS<\/u><\/strong><\/span><\/p>\n<p><strong>\u00a0<\/strong>\u00a0<strong>STIKLAM<\/strong> paredz\u0113tie atkritumu konteineri pamat\u0101 ir za\u013c\u0101 kr\u0101s\u0101, ta\u010du ar\u012b \u0161iem konteineriem galven\u0101 at\u0161\u0137ir\u012bbas paz\u012bme ir uzl\u012bme uz konteinera.<\/p>\n<p><strong>\u00a0Stikla konteiner\u0101 DR\u012aKST<\/strong> ievietot:<\/p>\n<ul>\n<li>Stikla pudeles un burkas bez v\u0101ci\u0146iem<\/li>\n<\/ul>\n<p><strong>Stikla konteiner\u0101 NEDR\u012aKST ievietot:<\/strong><\/p>\n<ul>\n<li>Sapl\u012bsu\u0161u stikla iepakojumu<\/li>\n<li>Keramikas pudeles<\/li>\n<li>Trauki, gl\u0101zes, kr\u016bzes un citi pl\u012bsto\u0161i stikla sadz\u012bves priek\u0161meti<\/li>\n<li>Spogu\u013cus un to izstr\u0101d\u0101jumus<\/li>\n<li>Logu, m\u0113be\u013cu, foto r\u0101mju stikla r\u016btis<\/li>\n<li>Automa\u0161\u012bnu stikli<\/li>\n<li>Spuldzes<\/li>\n<\/ul>\n<h2><span style=\"font-size: 18pt;\"><strong>SIA &#8220;LAUTUS VIDE&#8221; eko laukum\u0101 R\u016bpniec\u012bbas iel\u0101 8F, Al\u016bksn\u0113, tiek pie\u0146emti un \u012bslaic\u012bgi uzglab\u0101ti:<\/strong><\/span><\/h2>\n<p><strong><br \/>\n<span style=\"font-size: 14pt;\">Neb<\/span><\/strong><span style=\"font-size: 14pt;\"><strong>\u012bstamie atkritumi:<\/strong><\/span><\/p>\n<ul>\n<li>plastmasas atkritumi un izlietotais plastmasas iepakojums;<\/li>\n<li>koksne un izlietotais koka iepakojums;<\/li>\n<li>pap\u012brs un kartons, izlietotais pap\u012bra un kartona iepakojums;<\/li>\n<li>izlietotais stikla iepakojums, cita veida stikla atkritumi;<\/li>\n<li>met\u0101la iepakojums;<\/li>\n<\/ul>\n<p><span style=\"font-size: 14pt;\"><strong>B\u012bstamie atkritumi:<\/strong><\/span><\/p>\n<ul>\n<li>sm\u0113re\u013c\u013cas, svinu saturo\u0161i elektriskie akumulatori, elektriskie akumulatori (ni\u0137e\u013ca\u2013kadmija, dzelzs\u2013ni\u0137e\u013ca), galvaniskie elementi un galvanisk\u0101s baterijas, citi elektriskie akumulatori, e\u013c\u013cas filtri, elektrisko un elektronisko iek\u0101rtu atkritumi, ar\u012b liela izm\u0113ra dzes\u0113\u0161anas iek\u0101rtas, sald\u0113tavas un ledusskapji, g\u0101zizl\u0101des spuldzes (luminiscences spuldzes);<\/li>\n<li>visu veidu riepas.<\/li>\n<\/ul>\n<p>B\u012bstamo atkritumu uzglab\u0101\u0161ana tiek veikta speci\u0101l\u0101 b\u012bstamo atkritumu konteiner\u0101 speci\u0101li paredz\u0113t\u0101s tilpn\u0113s\/novietn\u0113s. \u0160\u0137iroto atkritumu laukums ir atv\u0113rts un pieejams apmekl\u0113t\u0101jiem pirmdien\u0101s (10.00 &#8211; 18.00), tre\u0161dien\u0101s (11.00 &#8211; 19.00) un sestdien\u0101s (9.00 &#8211; 13.00).<\/p>\n<h2><span style=\"font-size: 18pt;\">Biolo\u0123iski no\u0101rd\u0101mie atkritumi<\/span><\/h2>\n<p>&nbsp;<\/p>\n<p>Maksa par dal\u012bti sav\u0101kto biolo\u0123isko atkritumu apsaimnieko\u0161anu Al\u016bksnes novad\u0101, \u0146emot v\u0113r\u0101 Atkritumu apsaimnieko\u0161anas likuma 39.<sup>1<\/sup> pantu, noteikta 60% apm\u0113r\u0101 no ne\u0161\u0137irotu sadz\u012bves atkritumu apsaimnieko\u0161anas maksas.<\/p>\n<p>&nbsp;<\/p>\n<p>&nbsp;<\/p>\n<p>&nbsp;<\/p>\n<p>&nbsp;<\/p>\n<p>&nbsp;<\/p>\n<p>&nbsp;<\/p>\n<p>&nbsp;<\/p>\n<p>&nbsp;<\/p>\n<p>&nbsp;<\/p>\n<p>&nbsp;<\/p>\n<p>&nbsp;<\/p>\n<p>&nbsp;<\/p>\n<p>&nbsp;<\/p>\n","protected":false},"excerpt":{"rendered":"<p>Ikdien\u0101 katram no mums ir sava k\u0101rt\u012bba, kur\u0101 ikvienai lietai ir sava vieta. Ja lietas nav sav\u0101s viet\u0101s, m\u0113s t\u0101s k\u0101rtojam un \u0161\u0137irojam \u2013 ze\u0137es, rota\u013clietas, pat gar\u0161vielas. \u0160\u0137irot ir m\u016bsu dab\u0101, tas liek mums justies lab\u0101k. Vai tu jau&#8230;<br \/><a class=\"read-more-button\" href=\"https:\/\/aluksne.lv\/index.php\/pasvaldiba\/pakalpojumi\/atkritumu-apsaimniekosana\/atkritumu-skirosana\/\">Las\u012bt visu<\/a><\/p>\n","protected":false},"author":1,"featured_media":0,"parent":2786,"menu_order":0,"comment_status":"closed","ping_status":"closed","template":"","meta":{"_crdt_document":"","_monsterinsights_skip_tracking":false,"_monsterinsights_sitenote_active":false,"_monsterinsights_sitenote_note":"","_monsterinsights_sitenote_category":0,"footnotes":"","_links_to":"","_links_to_target":""},"class_list":["post-11256","page","type-page","status-publish","hentry"],"_links":{"self":[{"href":"https:\/\/aluksne.lv\/index.php\/wp-json\/wp\/v2\/pages\/11256","targetHints":{"allow":["GET"]}}],"collection":[{"href":"https:\/\/aluksne.lv\/index.php\/wp-json\/wp\/v2\/pages"}],"about":[{"href":"https:\/\/aluksne.lv\/index.php\/wp-json\/wp\/v2\/types\/page"}],"author":[{"embeddable":true,"href":"https:\/\/aluksne.lv\/index.php\/wp-json\/wp\/v2\/users\/1"}],"replies":[{"embeddable":true,"href":"https:\/\/aluksne.lv\/index.php\/wp-json\/wp\/v2\/comments?post=11256"}],"version-history":[{"count":0,"href":"https:\/\/aluksne.lv\/index.php\/wp-json\/wp\/v2\/pages\/11256\/revisions"}],"up":[{"embeddable":true,"href":"https:\/\/aluksne.lv\/index.php\/wp-json\/wp\/v2\/pages\/2786"}],"wp:attachment":[{"href":"https:\/\/aluksne.lv\/index.php\/wp-json\/wp\/v2\/media?parent=11256"}],"curies":[{"name":"wp","href":"https:\/\/api.w.org\/{rel}","templated":true}]}}