{"id":11489,"date":"2019-04-16T15:30:07","date_gmt":"2019-04-16T12:30:07","guid":{"rendered":"http:\/\/aluksne.lv\/?page_id=11489"},"modified":"2019-04-16T15:33:13","modified_gmt":"2019-04-16T12:33:13","slug":"lokalplanojums-nekustamajam-ipasumam-jankalna-iela-17a-aluksne","status":"publish","type":"page","link":"https:\/\/aluksne.lv\/index.php\/pasvaldiba\/dokumenti\/lokalplanojumi\/lokalplanojums-nekustamajam-ipasumam-jankalna-iela-17a-aluksne\/","title":{"rendered":"Lok\u0101lpl\u0101nojums nekustamajam \u012bpa\u0161umam J\u0101\u0146kalna iel\u0101 17A, Al\u016bksn\u0113"},"content":{"rendered":"<h2><strong>\u00a0<\/strong><\/h2>\n<p><a href=\"http:\/\/aluksne.lv\/wp-content\/uploads\/2018\/11\/I_pask_r_Jank_17A.pdf\">NEKUSTAM\u0100 \u012aPA\u0160UMA J\u0100\u0145KALNA IELA 17A, AL\u016aKSNE, AL\u016aKSNES NOVADS LOK\u0100LPL\u0100NOJUMS &#8211; Paskaidrojuma raksts<\/a><\/p>\n<p><a href=\"http:\/\/aluksne.lv\/wp-content\/uploads\/2018\/11\/II_graf_d_Jank_17A.pdf\">Lok\u0101lpl\u0101nojums nekustamajam \u012bpa\u0161umam J\u0101\u0146kalna iela 17A, Al\u016bksne, Al\u016bksnes novads Teritorijas funkcion\u0101l\u0101 zon\u0113juma karte<\/a><\/p>\n<p><a href=\"http:\/\/aluksne.lv\/wp-content\/uploads\/2018\/11\/III_izmant_apb_not_Jank_17A.pdf\">Teritorijas izmanto\u0161anas un apb\u016bves noteikumi<\/a><\/p>\n<p><a href=\"http:\/\/aluksne.lv\/wp-content\/uploads\/2018\/11\/IV_kopsavilkums_Jank_17.pdf\">Kopsavilkums par lok\u0101lpl\u0101nojuma izstr\u0101di<\/a><\/p>\n<hr \/>\n<h4>Uzs\u0101ks izstr\u0101d\u0101t lok\u0101lpl\u0101nojumu sporta centra b\u016bvniec\u012bbai<\/h4>\n<h6>Al\u016bksnes novada dome 26.04.2018. ir pie\u0146\u0113musi l\u0113mumu Nr.137 \u201cPar lok\u0101lpl\u0101nojuma, kas groza Al\u016bksnes novada teritorijas pl\u0101nojumu 2015.-2027. gadam, izstr\u0101des uzs\u0101k\u0161anu nekustamajam \u012bpa\u0161umam J\u0101\u0146kalna 17A, Al\u016bksne, Al\u016bksnes novads, lok\u0101lpl\u0101nojuma teritorijas robe\u017eas un darba uzdevuma apstiprin\u0101\u0161anu\u201d.<\/h6>\n<h6>Lok\u0101lpl\u0101nojuma izstr\u0101des rezult\u0101t\u0101 nekustamajam \u012bpa\u0161umam J\u0101\u0146kalna iela 17A, Al\u016bksne, Al\u016bksnes novads, pl\u0101nots main\u012bt funkcion\u0101lo zon\u0113jumu no <em>Dabas un apst\u0101d\u012bjumu teritorijas (DA)<\/em> uz <em>Jaukta centra apb\u016bves teritoriju (JC)<\/em>. Lok\u0101lpl\u0101nojuma izstr\u0101des vad\u012bt\u0101ja \u2013 Al\u016bksnes novada pa\u0161vald\u012bbas teritorijas pl\u0101not\u0101ja Madara Zi\u0146\u0123e-Bumbure.<\/h6>\n<h6>Rakstiski priek\u0161likumi un ieteikumi lok\u0101lpl\u0101nojuma izstr\u0101dei iesniedzami person\u012bgi Al\u016bksnes novada pa\u0161vald\u012bb\u0101 D\u0101rza iel\u0101 11, Al\u016bksn\u0113, Al\u016bksnes novad\u0101, LV-4301, vai s\u016btot uz e-pastu: <a href=\"mailto:dome@aluksne.lv\">dome@aluksne.lv<\/a>, fiziskaj\u0101m person\u0101m nor\u0101dot savu v\u0101rdu, uzv\u0101rdu, adresi, juridisk\u0101m person\u0101m \u2013 nosaukumu, re\u0123istr\u0101cijas datus, adresi.<\/h6>\n<p><a href=\"http:\/\/aluksne.lv\/wp-content\/uploads\/2018\/10\/publ_aprspr_1.pdf\">Publisk\u0101s apsprie\u0161anas Protoklos<\/a><\/p>\n<p><a href=\"http:\/\/aluksne.lv\/wp-content\/uploads\/2018\/10\/publ_apspr_2.pdf\">Lok\u0101lpl\u0101nojuma 1 redakcijas prezent\u0101cija<\/a><\/p>\n<p><a href=\"http:\/\/aluksne.lv\/wp-content\/uploads\/2018\/10\/publ_apspr_3.pdf\">Publisk\u0101s apsprie\u0161anas priek\u0161likumu un atzinumu izskat\u012b\u0161anas san\u0101ksmes PROTOKOLS<\/a><\/p>\n<p><a href=\"http:\/\/aluksne.lv\/wp-content\/uploads\/2018\/10\/publ_apspr_4.pdf\">Apkopojums par sa\u0146emtajiem atzinumiem<\/a><\/p>\n","protected":false},"excerpt":{"rendered":"<p>\u00a0 NEKUSTAM\u0100 \u012aPA\u0160UMA J\u0100\u0145KALNA IELA 17A, AL\u016aKSNE, AL\u016aKSNES NOVADS LOK\u0100LPL\u0100NOJUMS &#8211; Paskaidrojuma raksts Lok\u0101lpl\u0101nojums nekustamajam \u012bpa\u0161umam J\u0101\u0146kalna iela 17A, Al\u016bksne, Al\u016bksnes novads Teritorijas funkcion\u0101l\u0101 zon\u0113juma karte Teritorijas izmanto\u0161anas un apb\u016bves noteikumi Kopsavilkums par lok\u0101lpl\u0101nojuma izstr\u0101di Uzs\u0101ks izstr\u0101d\u0101t lok\u0101lpl\u0101nojumu sporta centra&#8230;<br \/><a class=\"read-more-button\" href=\"https:\/\/aluksne.lv\/index.php\/pasvaldiba\/dokumenti\/lokalplanojumi\/lokalplanojums-nekustamajam-ipasumam-jankalna-iela-17a-aluksne\/\">Las\u012bt visu<\/a><\/p>\n","protected":false},"author":1,"featured_media":0,"parent":5433,"menu_order":0,"comment_status":"closed","ping_status":"closed","template":"","meta":{"_crdt_document":"","_monsterinsights_skip_tracking":false,"_monsterinsights_sitenote_active":false,"_monsterinsights_sitenote_note":"","_monsterinsights_sitenote_category":0,"footnotes":"","_links_to":"","_links_to_target":""},"class_list":["post-11489","page","type-page","status-publish","hentry"],"_links":{"self":[{"href":"https:\/\/aluksne.lv\/index.php\/wp-json\/wp\/v2\/pages\/11489","targetHints":{"allow":["GET"]}}],"collection":[{"href":"https:\/\/aluksne.lv\/index.php\/wp-json\/wp\/v2\/pages"}],"about":[{"href":"https:\/\/aluksne.lv\/index.php\/wp-json\/wp\/v2\/types\/page"}],"author":[{"embeddable":true,"href":"https:\/\/aluksne.lv\/index.php\/wp-json\/wp\/v2\/users\/1"}],"replies":[{"embeddable":true,"href":"https:\/\/aluksne.lv\/index.php\/wp-json\/wp\/v2\/comments?post=11489"}],"version-history":[{"count":0,"href":"https:\/\/aluksne.lv\/index.php\/wp-json\/wp\/v2\/pages\/11489\/revisions"}],"up":[{"embeddable":true,"href":"https:\/\/aluksne.lv\/index.php\/wp-json\/wp\/v2\/pages\/5433"}],"wp:attachment":[{"href":"https:\/\/aluksne.lv\/index.php\/wp-json\/wp\/v2\/media?parent=11489"}],"curies":[{"name":"wp","href":"https:\/\/api.w.org\/{rel}","templated":true}]}}