{"id":13205,"date":"2019-07-01T10:19:31","date_gmt":"2019-07-01T07:19:31","guid":{"rendered":"http:\/\/aluksne.lv\/?page_id=13205"},"modified":"2021-08-25T11:25:17","modified_gmt":"2021-08-25T08:25:17","slug":"lokalplanojums-nekustamajam-ipasumam-osu-iela-3b-aluksne-aluksnes-novads","status":"publish","type":"page","link":"https:\/\/aluksne.lv\/index.php\/sabiedriba\/sabiedribas-lidzdaliba\/noslegusas-sabiedriskas-apspriesanas\/lokalplanojums-nekustamajam-ipasumam-osu-iela-3b-aluksne-aluksnes-novads\/","title":{"rendered":"Lok\u0101lpl\u0101nojums nekustamajam \u012bpa\u0161umam O\u0161u iela 3B, Al\u016bksne, Al\u016bksnes novads"},"content":{"rendered":"<p><strong>Pazi\u0146ojums par lok\u0101lpl\u0101nojuma <\/strong><strong>izstr\u0101des uzs\u0101k\u0161anu nekustamajam \u012bpa\u0161umam O\u0161u iela 3B, Al\u016bksne, Al\u016bksnes novads<\/strong><\/p>\n<p>Al\u016bksnes novada dome 27.06.2019. ir pie\u0146\u0113musi l\u0113mumu Nr. 191 \u201cPar lok\u0101lpl\u0101nojuma, kas groza Al\u016bksnes novada teritorijas pl\u0101nojumu 2015. -2027. gadam, izstr\u0101des uzs\u0101k\u0161anu nekustamajam \u012bpa\u0161umam O\u0161u iela 3B, Al\u016bksne, Al\u016bksnes novads, lok\u0101lpl\u0101nojuma teritorijas robe\u017eas un darba uzdevuma apstiprin\u0101\u0161anu\u201d.<\/p>\n<p>\u00a0B\u016bvniec\u012bbas ieceres realiz\u0113\u0161anai nekustamaj\u0101 \u012bpa\u0161um\u0101 O\u0161u iela 3B &#8211; vesel\u012bbas veicin\u0101\u0161anas pakalpojumu centra katlu m\u0101jas izb\u016bve &#8211; pl\u0101nots main\u012bt funkcion\u0101lo zon\u0113jumu no Savrupm\u0101ju apb\u016bves teritorijas uz Tehnisk\u0101s apb\u016bves teritoriju.<\/p>\n<p>\u00a0Lok\u0101lpl\u0101nojuma izstr\u0101di vad\u012bs Al\u016bksnes novada pa\u0161vald\u012bbas teritorijas pl\u0101not\u0101ja I. Silbauma.<\/p>\n<p>\u00a0Rakstiski priek\u0161likumi un ieteikumi lok\u0101lpl\u0101nojuma izstr\u0101dei iesniedzami person\u012bgi vai pa pastu Al\u016bksnes novada pa\u0161vald\u012bbas kancelejai: Br\u016b\u017ea iela 7, Al\u016bksn\u0113, Al\u016bksnes novad\u0101, LV-4301, vai s\u016btot uz e-pastu: dome@aluksne.lv, fiziskaj\u0101m person\u0101m nor\u0101dot savu v\u0101rdu, uzv\u0101rdu, adresi, juridisk\u0101 person\u0101m \u2013 nosaukumu, re\u0123istr\u0101cijas datus, adresi.<\/p>\n<p>\u00a0Ar eso\u0161o Al\u016bksnes novada teritorijas pl\u0101nojumu un lok\u0101lpl\u0101nojuma darba uzdevumu var iepaz\u012bties Al\u016bksnes novada pa\u0161vald\u012bbas m\u0101jas lap\u0101 <a href=\"http:\/\/www.aluksne.lv\">www.aluksne.lv<\/a>, sada\u013c\u0101\u00a0<em>Teritorijas pl\u0101nojumi<\/em> un <em>Lok\u0101lpl\u0101nojumi<\/em>, Latvijas \u0123eotelpisk\u0101s inform\u0101cijas port\u0101la\u00a0<a href=\"http:\/\/www.geolatvija.lv\">www.geolatvija.lv<\/a>\u00a0sada\u013c\u0101 <em>Teritorijas att\u012bst\u012bbas pl\u0101no\u0161ana<\/em>, k\u0101 ar\u012b Al\u016bksnes Jaunaj\u0101 pil\u012b, Pils iel\u0101 74, 1.\u00a0st\u0101v\u0101, Pl\u0101no\u0161anas un att\u012bst\u012bbas noda\u013c\u0101 t\u0101s darba laik\u0101.<\/p>\n<hr \/>\n<p><a href=\"https:\/\/aluksne.lv\/wp-content\/uploads\/2019\/07\/lokalplanojums_osu_3B_lemums-2.pdf\">L\u0113mums par lok\u0101lpl\u0101nojuma izstr\u0101des uzs\u0101k\u0161anu <\/a><\/p>\n<p><a href=\"https:\/\/aluksne.lv\/wp-content\/uploads\/2019\/07\/lokalplanojums_osu_3B_darba_uzd-2.pdf\">Darba uzdevums<\/a><\/p>\n<p>&nbsp;<\/p>\n","protected":false},"excerpt":{"rendered":"<p>Pazi\u0146ojums par lok\u0101lpl\u0101nojuma izstr\u0101des uzs\u0101k\u0161anu nekustamajam \u012bpa\u0161umam O\u0161u iela 3B, Al\u016bksne, Al\u016bksnes novads Al\u016bksnes novada dome 27.06.2019. ir pie\u0146\u0113musi l\u0113mumu Nr. 191 \u201cPar lok\u0101lpl\u0101nojuma, kas groza Al\u016bksnes novada teritorijas pl\u0101nojumu 2015. -2027. gadam, izstr\u0101des uzs\u0101k\u0161anu nekustamajam \u012bpa\u0161umam O\u0161u iela 3B,&#8230;<br \/><a class=\"read-more-button\" href=\"https:\/\/aluksne.lv\/index.php\/sabiedriba\/sabiedribas-lidzdaliba\/noslegusas-sabiedriskas-apspriesanas\/lokalplanojums-nekustamajam-ipasumam-osu-iela-3b-aluksne-aluksnes-novads\/\">Las\u012bt visu<\/a><\/p>\n","protected":false},"author":1,"featured_media":0,"parent":10501,"menu_order":0,"comment_status":"closed","ping_status":"closed","template":"","meta":{"_crdt_document":"","_monsterinsights_skip_tracking":false,"_monsterinsights_sitenote_active":false,"_monsterinsights_sitenote_note":"","_monsterinsights_sitenote_category":0,"footnotes":"","_links_to":"","_links_to_target":""},"class_list":["post-13205","page","type-page","status-publish","hentry"],"_links":{"self":[{"href":"https:\/\/aluksne.lv\/index.php\/wp-json\/wp\/v2\/pages\/13205","targetHints":{"allow":["GET"]}}],"collection":[{"href":"https:\/\/aluksne.lv\/index.php\/wp-json\/wp\/v2\/pages"}],"about":[{"href":"https:\/\/aluksne.lv\/index.php\/wp-json\/wp\/v2\/types\/page"}],"author":[{"embeddable":true,"href":"https:\/\/aluksne.lv\/index.php\/wp-json\/wp\/v2\/users\/1"}],"replies":[{"embeddable":true,"href":"https:\/\/aluksne.lv\/index.php\/wp-json\/wp\/v2\/comments?post=13205"}],"version-history":[{"count":0,"href":"https:\/\/aluksne.lv\/index.php\/wp-json\/wp\/v2\/pages\/13205\/revisions"}],"up":[{"embeddable":true,"href":"https:\/\/aluksne.lv\/index.php\/wp-json\/wp\/v2\/pages\/10501"}],"wp:attachment":[{"href":"https:\/\/aluksne.lv\/index.php\/wp-json\/wp\/v2\/media?parent=13205"}],"curies":[{"name":"wp","href":"https:\/\/api.w.org\/{rel}","templated":true}]}}