{"id":1368,"date":"2017-12-07T11:32:15","date_gmt":"2017-12-07T11:32:15","guid":{"rendered":"http:\/\/aluksne.lv\/jauna1\/?page_id=1368"},"modified":"2025-11-05T08:31:35","modified_gmt":"2025-11-05T06:31:35","slug":"zinu-arhivs","status":"publish","type":"page","link":"https:\/\/aluksne.lv\/index.php\/zinu-arhivs\/","title":{"rendered":"Zi\u0146u arh\u012bvs"},"content":{"rendered":"<div id=\"pl-1368\"  class=\"panel-layout\" ><div id=\"pg-1368-0\"  class=\"panel-grid panel-no-style\" ><div id=\"pgc-1368-0-0\"  class=\"panel-grid-cell\" ><div id=\"panel-1368-0-0-0\" class=\"so-panel widget widget_sow-editor panel-first-child\" data-index=\"0\" ><div\n\t\t\t\n\t\t\tclass=\"so-widget-sow-editor so-widget-sow-editor-base\"\n\t\t\t\n\t\t>\n<div class=\"siteorigin-widget-tinymce textwidget\">\n\t<\/div>\n<\/div><\/div><div id=\"panel-1368-0-0-1\" class=\"widget_text so-panel widget widget_custom_html panel-last-child\" data-index=\"1\" ><div class=\"textwidget custom-html-widget\"><ul class=\"lcp_catlist\" id=\"lcp_instance_0\"><li><a href=\"https:\/\/aluksne.lv\/index.php\/2026\/04\/21\/vidzeme-norisinasies-militaras-medicinas-macibas-ausma\/\">Vidzem\u0113 norisin\u0101sies milit\u0101r\u0101s medic\u012bnas m\u0101c\u012bbas \u201cAusma\u201d<\/a><\/li><li><a href=\"https:\/\/aluksne.lv\/index.php\/2026\/04\/21\/pasvaldibas-vadiba-ir-aizvadijusi-tiksanos-ar-pasvaldibas-iestadem-spodra-un-alja\/\">Pa\u0161vald\u012bbas vad\u012bba ir aizvad\u012bjusi tik\u0161anos ar pa\u0161vald\u012bbas iest\u0101d\u0113m \u201cSpodra\u201d un \u201cALJA\u201d<\/a><\/li><li><a href=\"https:\/\/aluksne.lv\/index.php\/2026\/04\/21\/29-aprili-donoru-diena-aluksne\/\">29. apr\u012bl\u012b donoru diena Al\u016bksn\u0113<\/a><\/li><li><a href=\"https:\/\/aluksne.lv\/index.php\/2026\/04\/20\/atcelti-transportlidzeklu-satiksmes-ierobezojumi-ari-markalnes-pagasta\/\">Atcelti transportl\u012bdzek\u013cu satiksmes ierobe\u017eojumi ar\u012b M\u0101rkalnes pagast\u0101<\/a><\/li><li><a href=\"https:\/\/aluksne.lv\/index.php\/2026\/04\/20\/latvijas-neatkaribas-atjaunosanas-svetkos-pasniegs-apbalvojumus-zelta-bite-un-pagodinajums\/\">Latvijas Neatkar\u012bbas atjauno\u0161anas sv\u0113tkos pasniegs apbalvojumus \u201cZelta bite\u201d un \u201cPagodin\u0101jums\u201d<\/a><\/li><li><a href=\"https:\/\/aluksne.lv\/index.php\/2026\/04\/20\/notiks-zemessardzes-2-vidzemes-brigades-militaras-macibas\/\">Notiks Zemessardzes 2. Vidzemes brig\u0101des milit\u0101r\u0101s m\u0101c\u012bbas<\/a><\/li><li><a href=\"https:\/\/aluksne.lv\/index.php\/2026\/04\/20\/pirmo-reizi-parasporta-diena-notiks-valmiera\/\">Pirmo reizi Parasporta diena notiks Valmier\u0101<\/a><\/li><li><a href=\"https:\/\/aluksne.lv\/index.php\/2026\/04\/20\/var-pieteikties-ielu-tirdzniecibai\/\">Var pieteikties ielu tirdzniec\u012bbai<\/a><\/li><li><a href=\"https:\/\/aluksne.lv\/index.php\/2026\/04\/20\/nodod-lielgabarita-atkritumus-bez-maksas\/\">Nodod lielgabar\u012bta atkritumus BEZ MAKSAS<\/a><\/li><li><a href=\"https:\/\/aluksne.lv\/index.php\/2026\/04\/20\/spodribas-menesis-aluksnes-novada-no-30-marta\/\">Lapu un zaru novieto\u0161anas punkti Al\u016bksn\u0113 Spodr\u012bbas m\u0113ne\u0161a laik\u0101<\/a><\/li><li><a href=\"https:\/\/aluksne.lv\/index.php\/2026\/04\/20\/plavas-puku-piedzivojumi-kopa-pienemsim-dadzi-2\/\">P\u013bAVAS PU\u0136U PIEDZ\u012aVOJUMI \u2013 KOP\u0100 PIE\u0145EMSIM DADZI!<\/a><\/li><li><a href=\"https:\/\/aluksne.lv\/index.php\/2026\/04\/20\/ciemos-pie-skudras-urdas-daibe-2\/\">CIEMOS PIE SKUDRAS URDAS DAIB\u0112<\/a><\/li><li><a href=\"https:\/\/aluksne.lv\/index.php\/2026\/04\/17\/attistibas-komitejas-20-04-2026-sedes-darba-kartiba\/\">Att\u012bst\u012bbas komitejas 20.04.2026. s\u0113des darba k\u0101rt\u012bba<\/a><\/li><li><a href=\"https:\/\/aluksne.lv\/index.php\/2026\/04\/16\/sakara-ar-jauna-udensvada-izbuvi-18-aprili-bus-centralizetas-udens-padeves-partraukums\/\">18. apr\u012bl\u012b sakar\u0101 ar jaun\u0101 \u016bdensvada izb\u016bvi Al\u016bksn\u0113 b\u016bs centraliz\u0113t\u0101s \u016bdens padeves p\u0101rtraukums<\/a><\/li><li><a href=\"https:\/\/aluksne.lv\/index.php\/2026\/04\/16\/62088\/\">Aizvad\u012bta civil\u0101s aizsardz\u012bbas speci\u0101listu tik\u0161an\u0101s<\/a><\/li><li><a href=\"https:\/\/aluksne.lv\/index.php\/2026\/04\/16\/plavas-puku-piedzivojumi-kopa-pienemsim-dadzi\/\">P\u013bAVAS PU\u0136U PIEDZ\u012aVOJUMI \u2013 KOP\u0100 PIE\u0145EMSIM DADZI!<\/a><\/li><li><a href=\"https:\/\/aluksne.lv\/index.php\/2026\/04\/16\/ciemos-pie-skudras-urdas-daibe\/\">CIEMOS PIE SKUDRAS URDAS DAIB\u0112<\/a><\/li><li><a href=\"https:\/\/aluksne.lv\/index.php\/2026\/04\/16\/spanijas-kailgliemezi-esam-modri\/\">SP\u0100NIJAS KAILGLIEME\u017dI \u2013 ESAM MODRI<\/a><\/li><li><a href=\"https:\/\/aluksne.lv\/index.php\/2026\/04\/16\/atcelti-transportlidzeklu-satiksmes-ierobezojumi-3\/\">Atcelti transportl\u012bdzek\u013cu satiksmes ierobe\u017eojumi<\/a><\/li><li><a href=\"https:\/\/aluksne.lv\/index.php\/2026\/04\/15\/62039\/\">Izb\u016bv\u0113 jaunu ma\u0123istr\u0101lo \u016bdensvadu<\/a><\/li><li><a href=\"https:\/\/aluksne.lv\/index.php\/2026\/04\/15\/socialas-izglitibas-un-kulturas-komitejas-16-04-2026-sedes-darba-kartiba\/\">Soci\u0101l\u0101s, izgl\u012bt\u012bbas un kult\u016bras komitejas 16.04.2026. s\u0113des darba k\u0101rt\u012bba<\/a><\/li><li><a href=\"https:\/\/aluksne.lv\/index.php\/2026\/04\/14\/divas-nekustamo-ipasumu-izsoles-noslegusas-veiksmigi\/\">Divas nekustamo \u012bpa\u0161umu izsoles nosl\u0113gu\u0161\u0101s veiksm\u012bgi<\/a><\/li><li><a href=\"https:\/\/aluksne.lv\/index.php\/2026\/04\/13\/skolenu-zinatniski-petnieciskie-darbi-gust-panakumus-regiona-un-gatavojas-valsts-posmam\/\">Skol\u0113nu zin\u0101tniski p\u0113tnieciskie darbi g\u016bst pan\u0101kumus re\u0123ion\u0101 un gatavojas valsts posmam<\/a><\/li><li><a href=\"https:\/\/aluksne.lv\/index.php\/2026\/04\/13\/zeltinos-individualo-darza-darbu-sacensiba-ar-kopigo-plavu-piedzivojumiem\/\">Zelti\u0146os individu\u0101lo d\u0101rza darbu sacens\u012bba ar kop\u012bgo p\u013cavu piedz\u012bvojumiem<\/a><\/li><li><a href=\"https:\/\/aluksne.lv\/index.php\/2026\/04\/12\/dimanta-kazas-nosvin-mirdza-un-mihails-nikolajenko\/\">Dimanta k\u0101zas nosvin Mirdza un Mihails Nikolajenko<\/a><\/li><li><a href=\"https:\/\/aluksne.lv\/index.php\/2026\/04\/11\/spodribas-menesis-aluksnes-novada-no-30-marta-lidz-3-maijam\/\">Spodr\u012bbas m\u0113nesis Al\u016bksnes novad\u0101 no 30. marta l\u012bdz 3. maijam<\/a><\/li><li><a href=\"https:\/\/aluksne.lv\/index.php\/2026\/04\/10\/stem-un-pilsoniskas-lidzdalibas-projekta-aktualitates\/\">STEM un pilsonisk\u0101s l\u012bdzdal\u012bbas\u00a0 projekta aktualit\u0101tes\u00a0<\/a><\/li><li><a href=\"https:\/\/aluksne.lv\/index.php\/2026\/04\/09\/maija-aicinam-uz-riharda-lepera-koncertuzvedumu-vairak-ka-tris-lietas\/\">Maij\u0101 aicin\u0101m uz Riharda Lepera koncertuzvedumu \u201cVAIR\u0100K K\u0100 TR\u012aS LIETAS\u201d<\/a><\/li><li><a href=\"https:\/\/aluksne.lv\/index.php\/2026\/04\/08\/saimnieka-un-saimnieces-sestdiena-viktora-kirpa-ates-muzeja-vidzemes-lauku-seta-3\/\">Saimnieka un Saimnieces sestdiena Viktora \u0136irpa Ates muzej\u0101 \u201cVidzemes lauku s\u0113ta\u201d<\/a><\/li><li><a href=\"https:\/\/aluksne.lv\/index.php\/2026\/04\/08\/atklas-maksliniecei-dzidrai-ezergailei-veltitu-izstadi\/\">Atkl\u0101s m\u0101ksliniecei Dzidrai Ezergailei velt\u012btu izst\u0101di<\/a><\/li><li><a href=\"https:\/\/aluksne.lv\/index.php\/2026\/04\/08\/lieldienu-sportiskas-aktivitates-30-03-2026-01-04-2026\/\">LIELDIENU SPORTISK\u0100S AKTIVIT\u0100TES ( 30.03.2026. &#8211; .01.04.2026. )<\/a><\/li><li><a href=\"https:\/\/aluksne.lv\/index.php\/2026\/04\/08\/lieldienu-ieskandinasanas-pasakums\/\">LIELDIENU IESKANDIN\u0100\u0160ANAS PAS\u0100KUMS<\/a><\/li><li><a href=\"https:\/\/aluksne.lv\/index.php\/2026\/04\/07\/pasvaldiba-aicina-uz-tiksanos-turisma-uznemejus\/\">Pa\u0161vald\u012bba aicina uz tik\u0161anos t\u016brisma uz\u0146\u0113m\u0113jus<\/a><\/li><li><a href=\"https:\/\/aluksne.lv\/index.php\/2026\/04\/07\/aluksnes-novada-deju-kolektivu-sadancis-skate-iegriez-pavasari\/\">Al\u016bksnes novada deju kolekt\u012bvu sadancis &#8211; skate &#8220;Iegriez pavasari&#8221;<\/a><\/li><li><a href=\"https:\/\/aluksne.lv\/index.php\/2026\/04\/07\/novadnieces-antas-baidekalnes-personalizstade-starp-divam-pasaulem\/\">Novadnieces Antas Baidekalnes person\u0101lizst\u0101de &#8220;Starp div\u0101m pasaul\u0113m&#8221;<\/a><\/li><li><a href=\"https:\/\/aluksne.lv\/index.php\/2026\/04\/07\/aluksnes-novada-skoleniem-izcili-panakumi-macibu-prieksmetu-olimpiades\/\">Al\u016bksnes novada skol\u0113niem izcili pan\u0101kumi m\u0101c\u012bbu priek\u0161metu olimpi\u0101d\u0113s<\/a><\/li><li><a href=\"https:\/\/aluksne.lv\/zpp_dlemumi\/2026\/2603\/Lemumi_5_26_03_publ..pdf\">Aicin\u0101m iepaz\u012bties ar domes 26. marta s\u0113des l\u0113mumiem<\/a><\/li><li><a href=\"https:\/\/aluksne.lv\/index.php\/2026\/04\/02\/grutniecem-aluksne-bus-pieejamas-bezmaksas-udens-vingrosanas-nodarbibas\/\">Gr\u016btniec\u0113m Al\u016bksn\u0113 b\u016bs pieejamas bezmaksas \u016bdens vingro\u0161anas nodarb\u012bbas<\/a><\/li><li><a href=\"https:\/\/aluksne.lv\/index.php\/2026\/04\/02\/aluksnes-novada-pirmsskolu-pedagogu-macisanas-grupas-atbalsts-bernu-pozitivai-uzvedibai-2-nodarbiba\/\">AL\u016aKSNES NOVADA PIRMSSKOLU PEDAGOGU M\u0100C\u012a\u0160AN\u0100S GRUPAS \u201cATBALSTS B\u0112RNU POZIT\u012aVAI UZVED\u012aBAI\u201d 2. NODARB\u012aBA<\/a><\/li><li><a href=\"https:\/\/aluksne.lv\/index.php\/2026\/04\/02\/stajusies-speka-vairaki-saistosie-noteikumi-2\/\">St\u0101ju\u0161ies sp\u0113k\u0101 vair\u0101ki saisto\u0161ie noteikumi<\/a><\/li><li><a href=\"https:\/\/aluksne.lv\/index.php\/2026\/04\/02\/turpinas-degradetas-teritorijas-sakartosana-uznemejdarbibas-infrastrukturas-izbuvei\/\">Turpin\u0101s degrad\u0113t\u0101s teritorijas sak\u0101rto\u0161ana uz\u0146\u0113m\u0113jdarb\u012bbas infrastrukt\u016bras izb\u016bvei<\/a><\/li><li><a href=\"https:\/\/aluksne.lv\/index.php\/2026\/04\/02\/sogad-notiks-aluksnes-novada-sakoptako-ipasumu-konkurss\/\">\u0160ogad notiks Al\u016bksnes novada sakopt\u0101ko \u012bpa\u0161umu konkurss<\/a><\/li><li><a href=\"https:\/\/aluksne.lv\/index.php\/2026\/04\/01\/no-7-aprila-lidz-7-maijam-iesniedz-idejas-lidzdalibas-budzeta-projektu-konkursam-aluksnes-novada\/\">No 7. apr\u012b\u013ca l\u012bdz 7. maijam iesniedz idejas l\u012bdzdal\u012bbas bud\u017eeta projektu konkursam Al\u016bksnes novad\u0101<\/a><\/li><li><a href=\"https:\/\/aluksne.lv\/index.php\/2026\/04\/01\/informe-par-mediciniskas-palidzibas-sanemsanas-iespejam-lieldienu-brivdienas\/\">Inform\u0113 par medic\u012bnisk\u0101s pal\u012bdz\u012bbas sa\u0146em\u0161anas iesp\u0113j\u0101m  Lieldienu br\u012bvdien\u0101s<\/a><\/li><li><a href=\"https:\/\/aluksne.lv\/index.php\/2026\/04\/01\/aicina-iedzivotajus-izteikt-viedokli-par-socialas-palidzibas-pabalstiem-aluksnes-novada\/\">Aicina iedz\u012bvot\u0101jus izteikt viedokli par soci\u0101l\u0101s pal\u012bdz\u012bbas pabalstiem Al\u016bksnes novad\u0101<\/a><\/li><li><a href=\"https:\/\/aluksne.lv\/index.php\/2026\/04\/01\/pasvaldiba-istenos-dzivoklu-atjaunosanas-projektu-majoklu-pieejamibas-uzlabosanai\/\">Pa\u0161vald\u012bba \u012bstenos dz\u012bvok\u013cu atjauno\u0161anas projektu m\u0101jok\u013cu pieejam\u012bbas uzlabo\u0161anai<\/a><\/li><li><a href=\"https:\/\/aluksne.lv\/index.php\/2026\/04\/01\/taka-bus-atverta-no-lieldienu-brivdienam\/\">Taka b\u016bs atv\u0113rta no Lieldienu br\u012bvdien\u0101m<\/a><\/li><li><a href=\"https:\/\/aluksne.lv\/Aluksnes%20Novada%20Vestis\/anv_2026\/aprilis.pdf\">Izn\u0101cis jaun\u0101kais pa\u0161vald\u012bbas informat\u012bv\u0101 izdevuma \u201cAl\u016bksnes Novada V\u0113stis\u201d numurs<\/a><\/li><li><a href=\"https:\/\/aluksne.lv\/index.php\/2026\/04\/01\/aprili-vares-iesniegt-pieteikumus-pasvaldibas-lidzfinansejuma-sanemsanai-nekustamo-ipasumu-pieslegsanai-centralizetajai-udensapgades-un-kanalizacijas-sistemai\/\">Apr\u012bl\u012b var iesniegt pieteikumus pa\u0161vald\u012bbas l\u012bdzfinans\u0113juma sa\u0146em\u0161anai nekustamo \u012bpa\u0161umu piesl\u0113g\u0161anai centraliz\u0113tajai \u016bdensapg\u0101des un kanaliz\u0101cijas sist\u0113mai<\/a><\/li><li><a href=\"https:\/\/aluksne.lv\/index.php\/2026\/04\/01\/4-maija-svetkos-sanems-pasvaldibas-apbalvojumus\/\">4. maija sv\u0113tkos sa\u0146ems pa\u0161vald\u012bbas apbalvojumus<\/a><\/li><\/ul>\n\n\n<br \/><br \/><\/div><\/div><\/div><div id=\"pgc-1368-0-1\"  class=\"panel-grid-cell\" ><div id=\"panel-1368-0-1-0\" class=\"so-panel widget widget_archives widget_archive panel-first-child panel-last-child\" data-index=\"2\" ><h3 class=\"widget-title\">Arh\u012bvi<\/h3>\n\t\t\t<ul>\n\t\t\t\t\t<li><a href='https:\/\/aluksne.lv\/index.php\/2026\/04\/'>apr\u012blis (2026)<\/a><\/li>\n\t<li><a href='https:\/\/aluksne.lv\/index.php\/2026\/03\/'>marts (2026)<\/a><\/li>\n\t<li><a href='https:\/\/aluksne.lv\/index.php\/2026\/02\/'>febru\u0101ris (2026)<\/a><\/li>\n\t<li><a href='https:\/\/aluksne.lv\/index.php\/2026\/01\/'>janv\u0101ris (2026)<\/a><\/li>\n\t<li><a href='https:\/\/aluksne.lv\/index.php\/2025\/12\/'>decembris (2025)<\/a><\/li>\n\t<li><a href='https:\/\/aluksne.lv\/index.php\/2025\/11\/'>novembris (2025)<\/a><\/li>\n\t<li><a href='https:\/\/aluksne.lv\/index.php\/2025\/10\/'>oktobris (2025)<\/a><\/li>\n\t<li><a href='https:\/\/aluksne.lv\/index.php\/2025\/09\/'>septembris (2025)<\/a><\/li>\n\t<li><a href='https:\/\/aluksne.lv\/index.php\/2025\/08\/'>augusts (2025)<\/a><\/li>\n\t<li><a href='https:\/\/aluksne.lv\/index.php\/2025\/07\/'>j\u016blijs (2025)<\/a><\/li>\n\t<li><a href='https:\/\/aluksne.lv\/index.php\/2025\/06\/'>j\u016bnijs (2025)<\/a><\/li>\n\t<li><a href='https:\/\/aluksne.lv\/index.php\/2025\/05\/'>maijs (2025)<\/a><\/li>\n\t<li><a href='https:\/\/aluksne.lv\/index.php\/2025\/04\/'>apr\u012blis (2025)<\/a><\/li>\n\t<li><a href='https:\/\/aluksne.lv\/index.php\/2025\/03\/'>marts (2025)<\/a><\/li>\n\t<li><a href='https:\/\/aluksne.lv\/index.php\/2025\/02\/'>febru\u0101ris (2025)<\/a><\/li>\n\t<li><a href='https:\/\/aluksne.lv\/index.php\/2025\/01\/'>janv\u0101ris (2025)<\/a><\/li>\n\t<li><a href='https:\/\/aluksne.lv\/index.php\/2024\/12\/'>decembris (2024)<\/a><\/li>\n\t<li><a href='https:\/\/aluksne.lv\/index.php\/2024\/11\/'>novembris (2024)<\/a><\/li>\n\t<li><a href='https:\/\/aluksne.lv\/index.php\/2024\/10\/'>oktobris (2024)<\/a><\/li>\n\t<li><a href='https:\/\/aluksne.lv\/index.php\/2024\/09\/'>septembris (2024)<\/a><\/li>\n\t<li><a href='https:\/\/aluksne.lv\/index.php\/2024\/08\/'>augusts (2024)<\/a><\/li>\n\t<li><a href='https:\/\/aluksne.lv\/index.php\/2024\/07\/'>j\u016blijs (2024)<\/a><\/li>\n\t<li><a href='https:\/\/aluksne.lv\/index.php\/2024\/06\/'>j\u016bnijs (2024)<\/a><\/li>\n\t<li><a href='https:\/\/aluksne.lv\/index.php\/2024\/05\/'>maijs (2024)<\/a><\/li>\n\t<li><a href='https:\/\/aluksne.lv\/index.php\/2024\/04\/'>apr\u012blis (2024)<\/a><\/li>\n\t<li><a href='https:\/\/aluksne.lv\/index.php\/2024\/03\/'>marts (2024)<\/a><\/li>\n\t<li><a href='https:\/\/aluksne.lv\/index.php\/2024\/02\/'>febru\u0101ris (2024)<\/a><\/li>\n\t<li><a href='https:\/\/aluksne.lv\/index.php\/2024\/01\/'>janv\u0101ris (2024)<\/a><\/li>\n\t<li><a href='https:\/\/aluksne.lv\/index.php\/2023\/12\/'>decembris (2023)<\/a><\/li>\n\t<li><a href='https:\/\/aluksne.lv\/index.php\/2023\/11\/'>novembris (2023)<\/a><\/li>\n\t<li><a href='https:\/\/aluksne.lv\/index.php\/2023\/10\/'>oktobris (2023)<\/a><\/li>\n\t<li><a href='https:\/\/aluksne.lv\/index.php\/2023\/09\/'>septembris (2023)<\/a><\/li>\n\t<li><a href='https:\/\/aluksne.lv\/index.php\/2023\/08\/'>augusts (2023)<\/a><\/li>\n\t<li><a href='https:\/\/aluksne.lv\/index.php\/2023\/07\/'>j\u016blijs (2023)<\/a><\/li>\n\t<li><a href='https:\/\/aluksne.lv\/index.php\/2023\/06\/'>j\u016bnijs (2023)<\/a><\/li>\n\t<li><a href='https:\/\/aluksne.lv\/index.php\/2023\/05\/'>maijs (2023)<\/a><\/li>\n\t<li><a href='https:\/\/aluksne.lv\/index.php\/2023\/04\/'>apr\u012blis (2023)<\/a><\/li>\n\t<li><a href='https:\/\/aluksne.lv\/index.php\/2023\/03\/'>marts (2023)<\/a><\/li>\n\t<li><a href='https:\/\/aluksne.lv\/index.php\/2023\/02\/'>febru\u0101ris (2023)<\/a><\/li>\n\t<li><a href='https:\/\/aluksne.lv\/index.php\/2023\/01\/'>janv\u0101ris (2023)<\/a><\/li>\n\t<li><a href='https:\/\/aluksne.lv\/index.php\/2022\/12\/'>decembris (2022)<\/a><\/li>\n\t<li><a href='https:\/\/aluksne.lv\/index.php\/2022\/11\/'>novembris (2022)<\/a><\/li>\n\t<li><a href='https:\/\/aluksne.lv\/index.php\/2022\/10\/'>oktobris (2022)<\/a><\/li>\n\t<li><a href='https:\/\/aluksne.lv\/index.php\/2022\/09\/'>septembris (2022)<\/a><\/li>\n\t<li><a href='https:\/\/aluksne.lv\/index.php\/2022\/08\/'>augusts (2022)<\/a><\/li>\n\t<li><a href='https:\/\/aluksne.lv\/index.php\/2022\/07\/'>j\u016blijs (2022)<\/a><\/li>\n\t<li><a href='https:\/\/aluksne.lv\/index.php\/2022\/06\/'>j\u016bnijs (2022)<\/a><\/li>\n\t<li><a href='https:\/\/aluksne.lv\/index.php\/2022\/05\/'>maijs (2022)<\/a><\/li>\n\t<li><a href='https:\/\/aluksne.lv\/index.php\/2022\/04\/'>apr\u012blis (2022)<\/a><\/li>\n\t<li><a href='https:\/\/aluksne.lv\/index.php\/2022\/03\/'>marts (2022)<\/a><\/li>\n\t<li><a href='https:\/\/aluksne.lv\/index.php\/2022\/02\/'>febru\u0101ris (2022)<\/a><\/li>\n\t<li><a href='https:\/\/aluksne.lv\/index.php\/2022\/01\/'>janv\u0101ris (2022)<\/a><\/li>\n\t<li><a href='https:\/\/aluksne.lv\/index.php\/2021\/12\/'>decembris (2021)<\/a><\/li>\n\t<li><a href='https:\/\/aluksne.lv\/index.php\/2021\/11\/'>novembris (2021)<\/a><\/li>\n\t<li><a href='https:\/\/aluksne.lv\/index.php\/2021\/10\/'>oktobris (2021)<\/a><\/li>\n\t<li><a href='https:\/\/aluksne.lv\/index.php\/2021\/09\/'>septembris (2021)<\/a><\/li>\n\t<li><a href='https:\/\/aluksne.lv\/index.php\/2021\/08\/'>augusts (2021)<\/a><\/li>\n\t<li><a href='https:\/\/aluksne.lv\/index.php\/2021\/07\/'>j\u016blijs (2021)<\/a><\/li>\n\t<li><a href='https:\/\/aluksne.lv\/index.php\/2021\/06\/'>j\u016bnijs (2021)<\/a><\/li>\n\t<li><a href='https:\/\/aluksne.lv\/index.php\/2021\/05\/'>maijs (2021)<\/a><\/li>\n\t<li><a href='https:\/\/aluksne.lv\/index.php\/2021\/04\/'>apr\u012blis (2021)<\/a><\/li>\n\t<li><a href='https:\/\/aluksne.lv\/index.php\/2021\/03\/'>marts (2021)<\/a><\/li>\n\t<li><a href='https:\/\/aluksne.lv\/index.php\/2021\/02\/'>febru\u0101ris (2021)<\/a><\/li>\n\t<li><a href='https:\/\/aluksne.lv\/index.php\/2021\/01\/'>janv\u0101ris (2021)<\/a><\/li>\n\t<li><a href='https:\/\/aluksne.lv\/index.php\/2020\/12\/'>decembris (2020)<\/a><\/li>\n\t<li><a href='https:\/\/aluksne.lv\/index.php\/2020\/11\/'>novembris (2020)<\/a><\/li>\n\t<li><a href='https:\/\/aluksne.lv\/index.php\/2020\/10\/'>oktobris (2020)<\/a><\/li>\n\t<li><a href='https:\/\/aluksne.lv\/index.php\/2020\/09\/'>septembris (2020)<\/a><\/li>\n\t<li><a href='https:\/\/aluksne.lv\/index.php\/2020\/08\/'>augusts (2020)<\/a><\/li>\n\t<li><a href='https:\/\/aluksne.lv\/index.php\/2020\/07\/'>j\u016blijs (2020)<\/a><\/li>\n\t<li><a href='https:\/\/aluksne.lv\/index.php\/2020\/06\/'>j\u016bnijs (2020)<\/a><\/li>\n\t<li><a href='https:\/\/aluksne.lv\/index.php\/2020\/05\/'>maijs (2020)<\/a><\/li>\n\t<li><a href='https:\/\/aluksne.lv\/index.php\/2020\/04\/'>apr\u012blis (2020)<\/a><\/li>\n\t<li><a href='https:\/\/aluksne.lv\/index.php\/2020\/03\/'>marts (2020)<\/a><\/li>\n\t<li><a href='https:\/\/aluksne.lv\/index.php\/2020\/02\/'>febru\u0101ris (2020)<\/a><\/li>\n\t<li><a href='https:\/\/aluksne.lv\/index.php\/2020\/01\/'>janv\u0101ris (2020)<\/a><\/li>\n\t<li><a href='https:\/\/aluksne.lv\/index.php\/2019\/12\/'>decembris (2019)<\/a><\/li>\n\t<li><a href='https:\/\/aluksne.lv\/index.php\/2019\/11\/'>novembris (2019)<\/a><\/li>\n\t<li><a href='https:\/\/aluksne.lv\/index.php\/2019\/10\/'>oktobris (2019)<\/a><\/li>\n\t<li><a href='https:\/\/aluksne.lv\/index.php\/2019\/09\/'>septembris (2019)<\/a><\/li>\n\t<li><a href='https:\/\/aluksne.lv\/index.php\/2019\/08\/'>augusts (2019)<\/a><\/li>\n\t<li><a href='https:\/\/aluksne.lv\/index.php\/2019\/07\/'>j\u016blijs (2019)<\/a><\/li>\n\t<li><a href='https:\/\/aluksne.lv\/index.php\/2019\/06\/'>j\u016bnijs (2019)<\/a><\/li>\n\t<li><a href='https:\/\/aluksne.lv\/index.php\/2019\/05\/'>maijs (2019)<\/a><\/li>\n\t<li><a href='https:\/\/aluksne.lv\/index.php\/2019\/04\/'>apr\u012blis (2019)<\/a><\/li>\n\t<li><a href='https:\/\/aluksne.lv\/index.php\/2019\/03\/'>marts (2019)<\/a><\/li>\n\t<li><a href='https:\/\/aluksne.lv\/index.php\/2019\/02\/'>febru\u0101ris (2019)<\/a><\/li>\n\t<li><a href='https:\/\/aluksne.lv\/index.php\/2019\/01\/'>janv\u0101ris (2019)<\/a><\/li>\n\t<li><a href='https:\/\/aluksne.lv\/index.php\/2018\/12\/'>decembris (2018)<\/a><\/li>\n\t<li><a href='https:\/\/aluksne.lv\/index.php\/2018\/11\/'>novembris (2018)<\/a><\/li>\n\t<li><a href='https:\/\/aluksne.lv\/index.php\/2018\/10\/'>oktobris (2018)<\/a><\/li>\n\t<li><a href='https:\/\/aluksne.lv\/index.php\/2018\/09\/'>septembris (2018)<\/a><\/li>\n\t<li><a href='https:\/\/aluksne.lv\/index.php\/2018\/08\/'>augusts (2018)<\/a><\/li>\n\t<li><a href='https:\/\/aluksne.lv\/index.php\/2018\/07\/'>j\u016blijs (2018)<\/a><\/li>\n\t<li><a href='https:\/\/aluksne.lv\/index.php\/2018\/06\/'>j\u016bnijs (2018)<\/a><\/li>\n\t<li><a href='https:\/\/aluksne.lv\/index.php\/2018\/05\/'>maijs (2018)<\/a><\/li>\n\t<li><a href='https:\/\/aluksne.lv\/index.php\/2018\/04\/'>apr\u012blis (2018)<\/a><\/li>\n\t<li><a href='https:\/\/aluksne.lv\/index.php\/2018\/03\/'>marts (2018)<\/a><\/li>\n\t<li><a href='https:\/\/aluksne.lv\/index.php\/2018\/02\/'>febru\u0101ris (2018)<\/a><\/li>\n\t<li><a href='https:\/\/aluksne.lv\/index.php\/2018\/01\/'>janv\u0101ris (2018)<\/a><\/li>\n\t<li><a href='https:\/\/aluksne.lv\/index.php\/2017\/12\/'>decembris (2017)<\/a><\/li>\n\t<li><a href='https:\/\/aluksne.lv\/index.php\/2017\/11\/'>novembris (2017)<\/a><\/li>\n\t<li><a href='https:\/\/aluksne.lv\/index.php\/2017\/05\/'>maijs (2017)<\/a><\/li>\n\t<li><a href='https:\/\/aluksne.lv\/index.php\/2015\/12\/'>decembris (2015)<\/a><\/li>\n\t\t\t<\/ul>\n\n\t\t\t<\/div><\/div><\/div><\/div>","protected":false},"excerpt":{"rendered":"<p>Vidzem\u0113 norisin\u0101sies milit\u0101r\u0101s medic\u012bnas m\u0101c\u012bbas \u201cAusma\u201dPa\u0161vald\u012bbas vad\u012bba ir aizvad\u012bjusi tik\u0161anos ar pa\u0161vald\u012bbas iest\u0101d\u0113m \u201cSpodra\u201d un \u201cALJA\u201d29. apr\u012bl\u012b donoru diena Al\u016bksn\u0113Atcelti transportl\u012bdzek\u013cu satiksmes ierobe\u017eojumi ar\u012b M\u0101rkalnes pagast\u0101Latvijas Neatkar\u012bbas atjauno\u0161anas sv\u0113tkos pasniegs apbalvojumus \u201cZelta bite\u201d un \u201cPagodin\u0101jums\u201dNotiks Zemessardzes 2. Vidzemes brig\u0101des milit\u0101r\u0101s&#8230;<br \/><a class=\"read-more-button\" href=\"https:\/\/aluksne.lv\/index.php\/zinu-arhivs\/\">Las\u012bt visu<\/a><\/p>\n","protected":false},"author":1,"featured_media":0,"parent":0,"menu_order":0,"comment_status":"closed","ping_status":"closed","template":"","meta":{"_crdt_document":"","_monsterinsights_skip_tracking":false,"_monsterinsights_sitenote_active":false,"_monsterinsights_sitenote_note":"","_monsterinsights_sitenote_category":0,"footnotes":"","_links_to":"","_links_to_target":""},"class_list":["post-1368","page","type-page","status-publish","hentry"],"_links":{"self":[{"href":"https:\/\/aluksne.lv\/index.php\/wp-json\/wp\/v2\/pages\/1368","targetHints":{"allow":["GET"]}}],"collection":[{"href":"https:\/\/aluksne.lv\/index.php\/wp-json\/wp\/v2\/pages"}],"about":[{"href":"https:\/\/aluksne.lv\/index.php\/wp-json\/wp\/v2\/types\/page"}],"author":[{"embeddable":true,"href":"https:\/\/aluksne.lv\/index.php\/wp-json\/wp\/v2\/users\/1"}],"replies":[{"embeddable":true,"href":"https:\/\/aluksne.lv\/index.php\/wp-json\/wp\/v2\/comments?post=1368"}],"version-history":[{"count":0,"href":"https:\/\/aluksne.lv\/index.php\/wp-json\/wp\/v2\/pages\/1368\/revisions"}],"wp:attachment":[{"href":"https:\/\/aluksne.lv\/index.php\/wp-json\/wp\/v2\/media?parent=1368"}],"curies":[{"name":"wp","href":"https:\/\/api.w.org\/{rel}","templated":true}]}}