{"id":14,"date":"2015-12-03T11:47:35","date_gmt":"2015-12-03T11:47:35","guid":{"rendered":"http:\/\/aluksne.lv\/jauna\/?page_id=14"},"modified":"2019-09-30T13:17:10","modified_gmt":"2019-09-30T10:17:10","slug":"uznemejdarbiba","status":"publish","type":"page","link":"https:\/\/aluksne.lv\/index.php\/uznemejdarbiba\/","title":{"rendered":"Uz\u0146\u0113m\u0113jdarb\u012bba"},"content":{"rendered":"<table class=\"hoverTable\">\n<tbody>\n<tr>\n<td width=\"33%\"><a href=\"index.php\/uznemejdarbiba\/informacija-par-uznemejiem\/\">RA\u017dOJUMI UN PAKALPOJUMI AL\u016aKSNES NOVAD\u0100<\/a><\/td>\n<td width=\"33%\"><a href=\"index.php\/uznemejdarbiba\/ka-uzsakt-uznemejdarbibu\/\">UZ\u0145\u0112M\u0112JDARB\u012aBAS UZS\u0100K\u0160ANA<\/a><\/td>\n<td width=\"33%\"><a href=\"index.php\/uznemejdarbiba\/atbalsta-programmas\/\">ATBALSTA INSTIT\u016aCIJAS UZ\u0145\u0112M\u0112JIEM<\/a><\/td>\n<\/tr>\n<tr>\n<td width=\"33%\"><a href=\"index.php\/uznemejdarbiba\/uznemejdarbibas-atbalsta-centrs\/\">UZ\u0145\u0112M\u0112JDARB\u012aBAS ATBALSTA CENTRS<\/a><\/td>\n<td width=\"33%\"><a href=\"jauna1\/index.php\/uznemejdarbiba\/investiciju-teritorijas\/\">INVEST\u012aCIJU TERITORIJAS<\/a><\/td>\n<td width=\"33%\"><a href=\"index.php\/uznemejdarbiba\/uznemejdarbibas-statistika\/\">UZ\u0145\u0112M\u0112JDARB\u012aBAS STATISTIKA<\/a><\/td>\n<\/tr>\n<\/tbody>\n<\/table>\n<h2 style=\"text-align: center;\"><strong>Uz\u0146\u0113m\u0113jdarb\u012bba Al\u016bksnes novad\u0101<\/strong><\/h2>\n<p>\n<img loading=\"lazy\" decoding=\"async\" class=\"alignright wp-image-14428 \" src=\"https:\/\/aluksne.lv\/wp-content\/uploads\/2019\/09\/atbalsts_uzn-723x1024.png\" alt=\"\" width=\"320\" height=\"453\" data-id=\"14428\" srcset=\"https:\/\/aluksne.lv\/wp-content\/uploads\/2019\/09\/atbalsts_uzn-723x1024.png 723w, https:\/\/aluksne.lv\/wp-content\/uploads\/2019\/09\/atbalsts_uzn-212x300.png 212w, https:\/\/aluksne.lv\/wp-content\/uploads\/2019\/09\/atbalsts_uzn.png 763w\" sizes=\"auto, (max-width: 320px) 100vw, 320px\" \/>Al\u016bksnes novada pa\u0161vald\u012bba pied\u0101v\u0101 da\u017e\u0101da veida atbalstu uz\u0146\u0113m\u0113jiem. Atbalsts un pakalpojumi tiek sniegti \u0161\u0101dos veidos:<br \/>\n\u2022 <a href=\"https:\/\/aluksne.lv\/index.php\/uznemejdarbiba\/uznemejdarbibas-atbalsta-centrs\/\" target=\"_blank\" rel=\"noopener noreferrer\">Uz\u0146\u0113m\u0113jdarb\u012bbas atbalsta centrs<\/a><br \/>\n\u2022 Uz\u0146\u0113m\u0113jdarb\u012bbas atbalsta speci\u0101lists<br \/>\n\u2022 Da\u017e\u0101du speci\u0101listu bezmaksas konsult\u0101cijas<br \/>\n\u2022 Kontaktpersona reemigr\u0101cijas jaut\u0101jumos<br \/>\n\u2022 <a href=\"http:\/\/visitaluksne.lv\/\" target=\"_blank\" rel=\"noopener noreferrer\">T\u016brisma inform\u0101cijas centrs<\/a><br \/>\n\u2022 <a href=\"https:\/\/aluksne.lv\/index.php\/pasvaldiba\/konkursi\/\" target=\"_blank\" rel=\"noopener noreferrer\">Jaunie\u0161u biznesa ideju konkurss uz\u0146\u0113m\u0113jdarb\u012bbas uzs\u0101k\u0161anai Al\u016bksnes novad\u0101<\/a><br \/>\n\u2022 <a href=\"https:\/\/aluksne.lv\/index.php\/pasvaldiba\/ipasumi\/\" target=\"_blank\" rel=\"noopener noreferrer\">Pa\u0161vald\u012bbas zemes nomas iesp\u0113jas<\/a><br \/>\n\u2022 <a href=\"https:\/\/aluksne.lv\/index.php\/uznemejdarbiba\/informacija-par-uznemejiem\/\" target=\"_blank\" rel=\"noopener noreferrer\">Rad\u012bts Al\u016bksn\u0113 \u2013 katalogs ar novada uz\u0146\u0113mumiem<\/a><br \/>\n\u2022 <a href=\"https:\/\/aluksne.lv\/index.php\/pasvaldiba\/vakances\/vakances-novada-uznemumos\/\" target=\"_blank\" rel=\"noopener noreferrer\">Darbs Al\u016bksn\u0113 \u2013 uz\u0146\u0113mumu vakan\u010du izvieto\u0161ana m\u0101jaslap\u0101<\/a><br \/>\n\u2022 <a href=\"https:\/\/aluksne.lv\/projektiwp\/?cat=3\" target=\"_blank\" rel=\"noopener noreferrer\">Publisk\u0101s infrastrukt\u016bras uzlabojumi, ce\u013cu t\u012bkla sak\u0101rto\u0161ana un ES invest\u012bcijas r\u016bpnieciskaj\u0101s teritorij\u0101s<\/a><br \/>\n\u2022 <a href=\"https:\/\/aluksne.lv\/index.php\/uznemejdarbiba\/investiciju-teritorijas\/\" target=\"_blank\" rel=\"noopener noreferrer\">Invest\u012bciju objektu karte &#8211; inform\u0101cija par ieejamajiem \u012bpa\u0161umiem uz\u0146\u0113m\u0113jdarb\u012bbai<\/a><br \/>\n\u2022 <a href=\"https:\/\/aluksne.lv\/index.php\/uznemejdarbiba\/atbalsta-programmas\/\" target=\"_blank\" rel=\"noopener noreferrer\">Atbalsta instit\u016bcijas uz\u0146\u0113m\u0113jiem Al\u016bksn\u0113<\/a><br \/>\n\u2022 Nekustam\u0101 \u012bpa\u0161uma nodok\u013cu atlaides<\/p>\n<p>Al\u016bksnes novad\u0101 re\u0123istr\u0113ti 1330 uz\u0146\u0113mumu uz 2019. gada septembri.<br \/>\nTirgus sektora ekonomiski akt\u012bvi uz\u0146\u0113mumi Al\u016bksnes novad\u0101 85 uz\u0146\u0113mumi uz 1000 iedz\u012bvot\u0101jiem, 2017. gada dati.<br \/>\nAl\u016bksnes novad\u0101 re\u0123istr\u0113to nodok\u013cu maks\u0101t\u0101ju skaits ir 1234 pa\u0161nodarbin\u0101tie uz 2017. gada oktobri.<\/p>\n<p>\n<\/p>\n<p><img loading=\"lazy\" decoding=\"async\" class=\"alignnone size-full wp-image-14435\" src=\"https:\/\/aluksne.lv\/wp-content\/uploads\/2019\/09\/Info-m\u0101jaslapai-_bizness_Page_1-1.jpg\" alt=\"\" width=\"750\" height=\"613\" data-id=\"14435\" srcset=\"https:\/\/aluksne.lv\/wp-content\/uploads\/2019\/09\/Info-m\u0101jaslapai-_bizness_Page_1-1.jpg 750w, https:\/\/aluksne.lv\/wp-content\/uploads\/2019\/09\/Info-m\u0101jaslapai-_bizness_Page_1-1-300x245.jpg 300w\" sizes=\"auto, (max-width: 750px) 100vw, 750px\" \/><\/p>\n<p><img loading=\"lazy\" decoding=\"async\" class=\"alignnone size-full wp-image-14436\" src=\"https:\/\/aluksne.lv\/wp-content\/uploads\/2019\/09\/Info-m\u0101jaslapai-_bizness_Page_2-1.jpg\" alt=\"\" width=\"750\" height=\"683\" data-id=\"14436\" srcset=\"https:\/\/aluksne.lv\/wp-content\/uploads\/2019\/09\/Info-m\u0101jaslapai-_bizness_Page_2-1.jpg 750w, https:\/\/aluksne.lv\/wp-content\/uploads\/2019\/09\/Info-m\u0101jaslapai-_bizness_Page_2-1-300x273.jpg 300w\" sizes=\"auto, (max-width: 750px) 100vw, 750px\" \/><\/p>\n<p>&nbsp;<\/p>\n<p><iframe loading=\"lazy\" width=\"560\" height=\"615\" src=\"https:\/\/www.youtube.com\/embed\/0LCsBZ1Varc\" frameborder=\"0\" allow=\"accelerometer; autoplay; encrypted-media; gyroscope; picture-in-picture\" allowfullscreen><\/iframe><\/p>\n","protected":false},"excerpt":{"rendered":"<p>RA\u017dOJUMI UN PAKALPOJUMI AL\u016aKSNES NOVAD\u0100 UZ\u0145\u0112M\u0112JDARB\u012aBAS UZS\u0100K\u0160ANA ATBALSTA INSTIT\u016aCIJAS UZ\u0145\u0112M\u0112JIEM UZ\u0145\u0112M\u0112JDARB\u012aBAS ATBALSTA CENTRS INVEST\u012aCIJU TERITORIJAS UZ\u0145\u0112M\u0112JDARB\u012aBAS STATISTIKA Uz\u0146\u0113m\u0113jdarb\u012bba Al\u016bksnes novad\u0101 Al\u016bksnes novada pa\u0161vald\u012bba pied\u0101v\u0101 da\u017e\u0101da veida atbalstu uz\u0146\u0113m\u0113jiem. Atbalsts un pakalpojumi tiek sniegti \u0161\u0101dos veidos: \u2022 Uz\u0146\u0113m\u0113jdarb\u012bbas atbalsta centrs \u2022&#8230;<br \/><a class=\"read-more-button\" href=\"https:\/\/aluksne.lv\/index.php\/uznemejdarbiba\/\">Las\u012bt visu<\/a><\/p>\n","protected":false},"author":1,"featured_media":0,"parent":0,"menu_order":0,"comment_status":"closed","ping_status":"closed","template":"","meta":{"_crdt_document":"","_monsterinsights_skip_tracking":false,"_monsterinsights_sitenote_active":false,"_monsterinsights_sitenote_note":"","_monsterinsights_sitenote_category":0,"footnotes":"","_links_to":"","_links_to_target":""},"class_list":["post-14","page","type-page","status-publish","hentry"],"_links":{"self":[{"href":"https:\/\/aluksne.lv\/index.php\/wp-json\/wp\/v2\/pages\/14","targetHints":{"allow":["GET"]}}],"collection":[{"href":"https:\/\/aluksne.lv\/index.php\/wp-json\/wp\/v2\/pages"}],"about":[{"href":"https:\/\/aluksne.lv\/index.php\/wp-json\/wp\/v2\/types\/page"}],"author":[{"embeddable":true,"href":"https:\/\/aluksne.lv\/index.php\/wp-json\/wp\/v2\/users\/1"}],"replies":[{"embeddable":true,"href":"https:\/\/aluksne.lv\/index.php\/wp-json\/wp\/v2\/comments?post=14"}],"version-history":[{"count":0,"href":"https:\/\/aluksne.lv\/index.php\/wp-json\/wp\/v2\/pages\/14\/revisions"}],"wp:attachment":[{"href":"https:\/\/aluksne.lv\/index.php\/wp-json\/wp\/v2\/media?parent=14"}],"curies":[{"name":"wp","href":"https:\/\/api.w.org\/{rel}","templated":true}]}}