{"id":17694,"date":"2020-02-12T16:19:39","date_gmt":"2020-02-12T14:19:39","guid":{"rendered":"http:\/\/aluksne.lv\/?page_id=17694"},"modified":"2025-12-05T10:05:05","modified_gmt":"2025-12-05T08:05:05","slug":"dzivesvieta-2","status":"publish","type":"page","link":"https:\/\/aluksne.lv\/index.php\/pasvaldiba\/pakalpojumi\/veidlapas\/dzivesvieta-2\/","title":{"rendered":"DZ\u012aVESVIETA"},"content":{"rendered":"<p>&nbsp;<\/p>\n<table class=\"pienem\" style=\"border-collapse: collapse; width: 100%;\">\n<tbody>\n<tr>\n<td style=\"width: 50%;\">\n<p><strong>Iesniegums pa\u0161vald\u012bbas dz\u012bvojam\u0101s telpas \u012brei<\/strong><\/p>\n<\/td>\n<td style=\"width: 50%;\"><a href=\"https:\/\/aluksne.lv\/wp-content\/uploads\/2025\/12\/iesniegums_dzivojamo_telpu_irei.docx\">Veidlapa<\/a><\/td>\n<\/tr>\n<tr>\n<td style=\"width: 50%;\">\n<p><strong>Iesniegums m\u0101jsaimniec\u012bbas re\u0123istr\u0113\u0161anai zemas \u012bres m\u0101jok\u013cu re\u0123istr\u0101<\/strong><\/p>\n<\/td>\n<td style=\"width: 50%;\"><a href=\"https:\/\/aluksne.lv\/wp-content\/uploads\/2025\/12\/Iesniegums_zemas-ires-dzivokliem.docx\">Veidlapa<\/a><\/td>\n<\/tr>\n<tr>\n<td style=\"width: 50%;\"><strong>Iesniegums par pal\u012bdz\u012bbu dz\u012bvojam\u0101s telpas jaut\u0101jumu risin\u0101\u0161an\u0101<\/strong><\/td>\n<td style=\"width: 50%;\"><a href=\"https:\/\/aluksne.lv\/wp-content\/uploads\/2024\/08\/SN_iesniegums.docx\">Veidlapa<\/a><\/td>\n<\/tr>\n<\/tbody>\n<\/table>\n","protected":false},"excerpt":{"rendered":"<p>&nbsp; Iesniegums pa\u0161vald\u012bbas dz\u012bvojam\u0101s telpas \u012brei Veidlapa Iesniegums m\u0101jsaimniec\u012bbas re\u0123istr\u0113\u0161anai zemas \u012bres m\u0101jok\u013cu re\u0123istr\u0101 Veidlapa Iesniegums par pal\u012bdz\u012bbu dz\u012bvojam\u0101s telpas jaut\u0101jumu risin\u0101\u0161an\u0101 Veidlapa<\/p>\n","protected":false},"author":1,"featured_media":0,"parent":14729,"menu_order":0,"comment_status":"closed","ping_status":"closed","template":"","meta":{"_crdt_document":"","_monsterinsights_skip_tracking":false,"_monsterinsights_sitenote_active":false,"_monsterinsights_sitenote_note":"","_monsterinsights_sitenote_category":0,"footnotes":"","_links_to":"","_links_to_target":""},"class_list":["post-17694","page","type-page","status-publish","hentry"],"_links":{"self":[{"href":"https:\/\/aluksne.lv\/index.php\/wp-json\/wp\/v2\/pages\/17694","targetHints":{"allow":["GET"]}}],"collection":[{"href":"https:\/\/aluksne.lv\/index.php\/wp-json\/wp\/v2\/pages"}],"about":[{"href":"https:\/\/aluksne.lv\/index.php\/wp-json\/wp\/v2\/types\/page"}],"author":[{"embeddable":true,"href":"https:\/\/aluksne.lv\/index.php\/wp-json\/wp\/v2\/users\/1"}],"replies":[{"embeddable":true,"href":"https:\/\/aluksne.lv\/index.php\/wp-json\/wp\/v2\/comments?post=17694"}],"version-history":[{"count":0,"href":"https:\/\/aluksne.lv\/index.php\/wp-json\/wp\/v2\/pages\/17694\/revisions"}],"up":[{"embeddable":true,"href":"https:\/\/aluksne.lv\/index.php\/wp-json\/wp\/v2\/pages\/14729"}],"wp:attachment":[{"href":"https:\/\/aluksne.lv\/index.php\/wp-json\/wp\/v2\/media?parent=17694"}],"curies":[{"name":"wp","href":"https:\/\/api.w.org\/{rel}","templated":true}]}}