{"id":18368,"date":"2020-03-10T13:23:00","date_gmt":"2020-03-10T11:23:00","guid":{"rendered":"http:\/\/aluksne.lv\/?page_id=18368"},"modified":"2026-03-30T10:45:01","modified_gmt":"2026-03-30T07:45:01","slug":"informacija-par-kapitalsabiedribam-kuras-aluksnes-novada-pasvaldibai-ir-lidzdaliba","status":"publish","type":"page","link":"https:\/\/aluksne.lv\/index.php\/pasvaldiba\/kapitalsabiedribas\/informacija-par-kapitalsabiedribam-kuras-aluksnes-novada-pasvaldibai-ir-lidzdaliba\/","title":{"rendered":"Inform\u0101cija par kapit\u0101lsabiedr\u012bb\u0101m, kur\u0101s Al\u016bksnes novada pa\u0161vald\u012bbai ir l\u012bdzdal\u012bba"},"content":{"rendered":"<p>&nbsp;<\/p>\n<table style=\"width: 100%; height: 1127px;\">\n<tbody>\n<tr style=\"height: 179px;\">\n<td style=\"height: 114px; width: 12.1417%;\" width=\"123\">\n<p><strong>Nosaukums, re\u0123istr\u0101cijas Nr.<\/strong><\/p>\n<\/td>\n<td style=\"height: 114px; width: 15.5143%;\" width=\"161\">\n<p><strong>Juridisk\u0101 adrese, m\u0101jas lapa<\/strong><\/p>\n<\/td>\n<td style=\"height: 114px; width: 11.2985%;\" width=\"113\">\n<p><strong>Pamatkapit\u0101ls<br \/>\n<\/strong><strong>EUR<\/strong><\/p>\n<\/td>\n<td style=\"height: 114px; width: 9.69646%;\" width=\"94\">\n<p><strong>Pa\u0161vald\u012bbas kapit\u0101la da\u013cas<\/strong><strong>\u00a0%<\/strong><\/p>\n<\/td>\n<td style=\"height: 114px; width: 8.01012%;\" width=\"76\">\n<p><strong>Da\u013cu skaits<\/strong><\/p>\n<\/td>\n<td style=\"height: 114px; width: 16.4418%;\" width=\"170\">\n<p><strong>L\u012bdzdal\u012bbas atbilst\u012bba Publiskas personas kapit\u0101la da\u013cu un kapit\u0101lsabiedr\u012bbu p\u0101rvald\u012bbas likuma 4.panta pirm\u0101s da\u013cas nosac\u012bjumiem un visp\u0101r\u0113jam strat\u0113\u0123iskajam m\u0113r\u0137im<\/strong><\/p>\n<\/td>\n<td style=\"height: 114px; width: 10.8631%;\" width=\"104\">\n<p><strong>Gada p\u0101rskati<\/strong><\/p>\n<\/td>\n<td style=\"height: 114px; width: 16.1183%;\" width=\"170\">\n<p><strong>Piez\u012bmes<\/strong><\/p>\n<\/td>\n<\/tr>\n<tr style=\"height: 16px;\">\n<td style=\"width: 100.084%; height: 10px;\" colspan=\"8\">\n<p style=\"text-align: center;\"><strong>Kapit\u0101lsabiedr\u012bbas, kuras darbojas komun\u0101lo pakalpojumu, teritorijas labiek\u0101rto\u0161anas, sanit\u0101r\u0101s t\u012br\u012bbas nodro\u0161in\u0101\u0161an\u0101<\/strong><\/p>\n<\/td>\n<\/tr>\n<tr style=\"height: 233px;\">\n<td style=\"height: 73px; width: 12.1417%;\" width=\"123\">\n<p><strong>SIA &#8220;Al\u016bksnes ener\u0123ija&#8221;<\/strong>, 43203003117<\/p>\n<\/td>\n<td style=\"height: 73px; width: 15.5143%;\" width=\"161\">\n<p>Parka iela 2C, Al\u016bksne, Al\u016bksnes novads,<br \/>\n<a href=\"http:\/\/www.aluksnesenergija.lv\">www.aluksnesenergija.lv<\/a><\/p>\n<\/td>\n<td style=\"height: 73px; width: 11.2985%;\" width=\"113\">\n<p>3 562 726,56<\/p>\n<\/td>\n<td style=\"height: 73px; width: 9.69646%;\" width=\"94\">\n<p>100%<\/p>\n<\/td>\n<td style=\"height: 73px; width: 8.01012%;\" width=\"76\">\n<p>356272656<\/p>\n<\/td>\n<td style=\"height: 73px; width: 16.4418%;\" width=\"170\">\n<p><a href=\"https:\/\/aluksne.lv\/wp-content\/uploads\/2026\/01\/Domes-27.11.2025.-lemums-par-lidzdalibu.pdf\">27.11.2025. Al\u016bksnes novada domes l\u0113mums Nr.338 \u201cPar tie\u0161o l\u012bdzdal\u012bbu sabiedr\u012bb\u0101 ar ierobe\u017eotu atbild\u012bbu \u201cAl\u016bksnes ener\u0123ija\u201d\u201d (s\u0113des protokols Nr.19, 22.punkts)<\/a><\/p>\n<\/td>\n<td style=\"height: 73px; width: 10.8631%;\" width=\"104\">\n<p><a href=\"https:\/\/aluksne.lv\/kapitalsab\/2017\/simone.pdf\">2017.gads<\/a><\/p>\n<p><a href=\"https:\/\/aluksne.lv\/kapitalsab\/2018\/simone.pdf\">2018.gads<\/a><\/p>\n<p><a href=\"https:\/\/aluksne.lv\/wp-content\/uploads\/2020\/07\/2019.gada-p\u0101rskats-2.pdf\">2019.gads<\/a><\/p>\n<p><a href=\"https:\/\/aluksne.lv\/wp-content\/uploads\/2021\/04\/AE_2020.pdf\">2020.gads<\/a><\/p>\n<p><a href=\"https:\/\/aluksne.lv\/wp-content\/uploads\/2022\/09\/2021-gada-parskats.pdf\">2021.gads<\/a><\/p>\n<p><a href=\"https:\/\/aluksne.lv\/wp-content\/uploads\/2023\/07\/2022.gada-parskats.pdf\">2022.gads<\/a><\/p>\n<p><a href=\"https:\/\/aluksne.lv\/wp-content\/uploads\/2024\/05\/Gada-parskats-2023.pdf\">2023. gads<\/a><\/p>\n<p><a href=\"https:\/\/aluksne.lv\/wp-content\/uploads\/2025\/05\/2024.gada-parskats-3.pdf\">2024. gads<\/a><\/p>\n<p><a href=\"https:\/\/aluksne.lv\/citi dokumenti\/2025.gada_parskats_AE.edoc\">2025. gads<\/a><\/p>\n<\/td>\n<td style=\"height: 73px; width: 16.1183%;\" width=\"170\">\n<p>No 29.06.2023. uz pieciem gadiem par SIA &#8220;Al\u016bksnes ener\u0123ija&#8221; valdes locekli iev\u0113l\u0113ts Aldis Me\u017eals.<\/p>\n<p>&nbsp;<\/p>\n<\/td>\n<\/tr>\n<tr style=\"height: 194px;\">\n<td style=\"height: 194px; width: 12.1417%;\" width=\"123\">\n<p><strong>SIA \u201cR\u016bpe\u201d<\/strong>, 53203000201<\/p>\n<\/td>\n<td style=\"height: 194px; width: 15.5143%;\" width=\"161\">\n<p>J\u0101\u0146kalna iela 12A, Al\u016bksne, Al\u016bksnes novads,<br \/>\n<a href=\"http:\/\/www.rupe.lv\">www.rupe.lv<\/a><\/p>\n<\/td>\n<td style=\"height: 194px; width: 11.2985%;\" width=\"113\">\n<p>5 442 231,45<\/p>\n<\/td>\n<td style=\"height: 194px; width: 9.69646%;\" width=\"94\">\n<p>100%<\/p>\n<\/td>\n<td style=\"height: 194px; width: 8.01012%;\" width=\"76\">\n<p>544223145<\/p>\n<\/td>\n<td style=\"height: 194px; width: 16.4418%;\" width=\"170\">\n<p><a href=\"https:\/\/aluksne.lv\/wp-content\/uploads\/2026\/01\/Domes-27.11.2025.-lemums-par-lidzdalibu-1.pdf\">27.11.2025. Al\u016bksnes novada domes l\u0113mums Nr.337 \u201cPar tie\u0161o l\u012bdzdal\u012bbu SIA \u201cR\u016bpe\u201d (s\u0113des protokols Nr. 19, 21.punkts)<\/a><\/p>\n<\/td>\n<td style=\"height: 194px; width: 10.8631%;\" width=\"104\">\n<p><a href=\"https:\/\/aluksne.lv\/kapitalsab\/2017\/r\u016bpe.pdf\">2017.gads<\/a><\/p>\n<p><a href=\"https:\/\/aluksne.lv\/kapitalsab\/2018\/r\u016bpe.pdf\">2018.gads<\/a><\/p>\n<p><a href=\"https:\/\/aluksne.lv\/wp-content\/uploads\/2020\/07\/2019.gada-p\u0101rskats-1.pdf\">2019. gads<\/a><\/p>\n<p><a href=\"https:\/\/aluksne.lv\/wp-content\/uploads\/2021\/04\/2020.gada-parskats-1.pdf\">2020. gads<\/a><\/p>\n<p><a href=\"https:\/\/aluksne.lv\/wp-content\/uploads\/2022\/09\/2021.gada-parskats.pdf\">2021.gads<\/a><\/p>\n<p><a href=\"https:\/\/aluksne.lv\/wp-content\/uploads\/2023\/07\/rupe.pdf\">2022.gads<\/a><\/p>\n<p><a href=\"https:\/\/aluksne.lv\/wp-content\/uploads\/2024\/05\/Gada-parskats-2023-1.pdf\">2023. gads<\/a><\/p>\n<p><a href=\"https:\/\/aluksne.lv\/wp-content\/uploads\/2025\/05\/2024.gada-parskats-4.pdf\">2024. gads<\/a><\/p>\n<p><a href=\"https:\/\/aluksne.lv\/wp-content\/uploads\/2026\/03\/2025.gada-parskats.pdf\">2025. gads<\/a><\/p>\n<\/td>\n<td style=\"height: 194px; width: 16.1183%;\" width=\"170\">\n<p>07.11.2022. uz atk\u0101rtotu pilnvaru termi\u0146u &#8211; pieciem gadiem par SIA &#8220;R\u016bpe&#8221; valdes locekli iev\u0113l\u0113ts Artis Sviklis, pilnvaru s\u0101kuma datums 10.11.2022.<\/p>\n<p><strong>\u00a0<\/strong><\/p>\n<\/td>\n<\/tr>\n<tr style=\"height: 194px;\">\n<td style=\"height: 134px; width: 12.1417%;\" width=\"123\">\n<p><strong>SIA \u201cAl\u016bksnes nami\u201d<\/strong>, 40003410625<\/p>\n<\/td>\n<td style=\"height: 134px; width: 15.5143%;\" width=\"161\">\n<p>R\u016bpniec\u012bbas iela 4, Al\u016bksne, Al\u016bksnes novads, <a href=\"http:\/\/www.aluksnesnami.lv\">www.aluksnesnami.lv<\/a><\/p>\n<p>&nbsp;<\/p>\n<\/td>\n<td style=\"height: 134px; width: 11.2985%;\" width=\"113\">\n<p>138 759,00<\/p>\n<\/td>\n<td style=\"height: 134px; width: 9.69646%;\" width=\"94\">\n<p>100%<\/p>\n<\/td>\n<td style=\"height: 134px; width: 8.01012%;\" width=\"76\">\n<p>138759<\/p>\n<\/td>\n<td style=\"height: 134px; width: 16.4418%;\" width=\"170\">\n<p><a href=\"https:\/\/www.aluksne.lv\/zpp_dlemumi\/2016\/02.05\/L\u0113mums par l\u012bdzdal\u012bbas saglab\u0101\u0161anu 29.04.2021..pdf\" target=\"_blank\" rel=\"noopener noreferrer\">29.04.2021. Al\u016bksnes novada domes l\u0113mums Nr. 98 \u201c Par tie\u0161o l\u012bdzdal\u012bbu SIA \u201cAl\u016bksnes nami\u201d (s\u0113des protokols Nr. 7, 11.punkts)<\/a><\/p>\n<\/td>\n<td style=\"height: 134px; width: 10.8631%;\" width=\"104\">\n<p><a href=\"https:\/\/aluksne.lv\/kapitalsab\/2017\/nami.pdf\">2017.gads<\/a><\/p>\n<p><a href=\"https:\/\/aluksne.lv\/kapitalsab\/2018\/nami.pdf\">2018.gads<\/a><\/p>\n<p><a href=\"https:\/\/aluksne.lv\/wp-content\/uploads\/2020\/07\/Al\u016bksnes-namu-2019.-gada-p\u0101rskats.pdf\">2019.gads<\/a><\/p>\n<p><a href=\"https:\/\/aluksne.lv\/wp-content\/uploads\/2021\/04\/AN_2020-1.pdf\">2020.gads\u00a0<\/a><\/p>\n<p><a href=\"https:\/\/aluksne.lv\/wp-content\/uploads\/2022\/09\/2021.gada-parskats-1.pdf\">2021.gads<\/a><\/p>\n<p><a href=\"https:\/\/aluksne.lv\/wp-content\/uploads\/2023\/07\/nami.pdf\">2022.gads<\/a><\/p>\n<p><a href=\"https:\/\/aluksne.lv\/wp-content\/uploads\/2024\/05\/2023.gada-parskats.pdf\">2023. gads<\/a><\/p>\n<p><a href=\"https:\/\/aluksne.lv\/wp-content\/uploads\/2025\/05\/2024.gada-parskats-5.pdf\">2024. gads<\/a><\/p>\n<p><a href=\"https:\/\/aluksne.lv\/citi dokumenti\/2025.gada_parskats_ar_REV_ZIN.edoc\">2025. gads<\/a><\/p>\n<\/td>\n<td style=\"height: 134px; width: 16.1183%;\" width=\"170\">\n<p>Uz laiku l\u012bdz normat\u012bvajos aktos noteikt\u0101 nomin\u0113\u0161anas k\u0101rt\u012bb\u0101 tiks iev\u0113l\u0113ts SIA \u201cAL\u016aKSNES NAMI\u201d valdes loceklis, no 01.03.2026. SIA &#8220;Al\u016bksnes nami&#8221; valdes locek\u013ca pien\u0101kumus pilda Konstantins RAKOVS.<\/p>\n<\/td>\n<\/tr>\n<tr style=\"height: 198px;\">\n<td style=\"width: 12.1417%; height: 198px;\" width=\"123\">\n<p><strong style=\"font-family: inherit;\">SIA &#8220;ZAAO&#8221;, <br \/>\n<\/strong>44103015509<\/p>\n<p>SIA \u201cAP Kaudz\u012btes\u201d, 44103026358, reorganiz\u0113ta 19.07.2024. pievienojot pie SIA &#8220;ZAAO&#8221;<\/p>\n<\/td>\n<td style=\"width: 15.5143%; height: 198px;\">\n<p>R\u012bgas iela 32, Valmiera, Valmieras novads,<br \/>\n<a href=\"https:\/\/zaao.lv\/\">www.zaao.lv<\/a><\/p>\n<\/td>\n<td style=\"width: 11.2985%; height: 198px;\">\n<p>3 657 858,00<\/p>\n<\/td>\n<td style=\"width: 9.69646%; height: 198px;\">\n<p>3,1312%<\/p>\n<\/td>\n<td style=\"width: 8.01012%; height: 198px;\">\n<p>114535<\/p>\n<\/td>\n<td style=\"width: 16.4418%; height: 198px;\">\n<p>&nbsp;<\/p>\n<\/td>\n<td style=\"width: 10.8631%; height: 198px;\">\n<p><a href=\"https:\/\/aluksne.lv\/wp-content\/uploads\/2025\/05\/2024.gada-parskats-2.pdf\">2024. gads<\/a><\/p>\n<\/td>\n<td style=\"width: 16.1183%; height: 198px;\">\n<p>16.08.2024. iecelta SIA &#8220;ZAAO&#8221; valde tr\u012bs locek\u013cu sast\u0101v\u0101. No 16.08.2025. uz pieciem gadiem par SIA &#8220;ZAAO&#8221; valdes priek\u0161s\u0113d\u0113t\u0101ju iecelts Gints Kukainis, par valdes locekli &#8211; \u0122irts Kuplais. No 15.08.2025. uz pieciem gadiem par valdes locekli iev\u0113l\u0113ta Ilze Saus\u0101.<\/p>\n<\/td>\n<\/tr>\n<tr style=\"height: 24px;\">\n<td style=\"width: 100.084%; text-align: center; height: 24px;\" colspan=\"8\"><strong>Kapit\u0101lsabiedr\u012bbas, kuras darbojas vesel\u012bbas apr\u016bpes pakalpojumu nodro\u0161in\u0101\u0161an\u0101<\/strong><\/td>\n<\/tr>\n<tr style=\"height: 194px;\">\n<td style=\"height: 148px; width: 12.1417%;\" width=\"123\">\n<p><strong>SIA \u201cAl\u016bksnes slimn\u012bca\u201d<\/strong>, 40003252612<\/p>\n<\/td>\n<td style=\"height: 148px; width: 15.5143%;\" width=\"161\">\n<p>Pils iela 1, Al\u016bksne, Al\u016bksnes novads,<br \/>\n<a href=\"http:\/\/www.aluksnesslimnica.lv\">www.aluksnesslimnica.lv<\/a><\/p>\n<p>&nbsp;<\/p>\n<\/td>\n<td style=\"height: 148px; width: 11.2985%;\" width=\"113\">\n<p>1 472 966,00<\/p>\n<\/td>\n<td style=\"height: 148px; width: 9.69646%;\" width=\"94\">\n<p>81,91886%<\/p>\n<\/td>\n<td style=\"height: 148px; width: 8.01012%;\" width=\"76\">\n<p>1206637<\/p>\n<\/td>\n<td style=\"height: 148px; width: 16.4418%;\" width=\"170\">\n<p><a href=\"https:\/\/aluksne.lv\/wp-content\/uploads\/2026\/01\/Domes-27.11.2025.-lemums-par-lidzdalibu-2.pdf\">27.11.2025. Al\u016bksnes novada domes l\u0113mums Nr.339 \u201cPar tie\u0161o l\u012bdzdal\u012bbu SIA \u201cAl\u016bksnes slimn\u012bca\u201d (s\u0113des protokols Nr. 19, 23.punkts)<\/a><\/p>\n<\/td>\n<td style=\"height: 148px; width: 10.8631%;\" width=\"104\">\n<p><a href=\"https:\/\/aluksne.lv\/kapitalsab\/2017\/slimn\u012bca.pdf\">2017.gads<\/a><\/p>\n<p><a href=\"https:\/\/aluksne.lv\/kapitalsab\/2018\/slimn\u012bca.pdf\">2018.gads<\/a><\/p>\n<p><a href=\"https:\/\/aluksne.lv\/wp-content\/uploads\/2020\/07\/Gada-parskats-2019.pdf\">2019.gads<\/a><\/p>\n<p><a href=\"https:\/\/aluksne.lv\/wp-content\/uploads\/2021\/05\/Gada-parskats-2020-Slimnica.pdf\">2020.gads<\/a><\/p>\n<p><a href=\"https:\/\/aluksne.lv\/wp-content\/uploads\/2022\/10\/2021.gada-parskats.pdf\">2021.gads<\/a><\/p>\n<p><a href=\"https:\/\/aluksne.lv\/wp-content\/uploads\/2023\/07\/slimnica.pdf\">2022.gads<\/a><\/p>\n<p><a href=\"https:\/\/aluksne.lv\/wp-content\/uploads\/2024\/05\/Gada-parskats-2023-2.pdf\">2023. gads<\/a><\/p>\n<p><a href=\"https:\/\/aluksne.lv\/wp-content\/uploads\/2025\/05\/2024.gada-parskats.pdf\">2024. gads<\/a><\/p>\n<\/td>\n<td style=\"height: 148px; width: 16.1183%;\" width=\"170\">\n<p>No 01.01.2026. uz pieciem gadiem par SIA &#8220;Al\u016bksnes slimn\u012bca&#8221; valdes priek\u0161s\u0113d\u0113t\u0101ju iev\u0113l\u0113ta Anita \u017dukova.<\/p>\n<\/td>\n<\/tr>\n<tr style=\"height: 138px;\">\n<td style=\"height: 56px; width: 12.1417%;\" width=\"123\">\n<p><strong>SIA \u201cAl\u016bksnes prim\u0101r\u0101s vesel\u012bbas apr\u016bpes centrs\u201d<\/strong>, 44103024817<\/p>\n<\/td>\n<td style=\"height: 56px; width: 15.5143%;\" width=\"161\">\n<p>Vidus iela 1, Al\u016bksne, Al\u016bksnes novads,<br \/>\n<a href=\"http:\/\/www.aluksnespoliklinika.lv\">www.aluksnespoliklinika.lv<\/a><\/p>\n<p>&nbsp;<\/p>\n<\/td>\n<td style=\"height: 56px; width: 11.2985%;\" width=\"113\">\n<p>6 799,00<\/p>\n<\/td>\n<td style=\"height: 56px; width: 9.69646%;\" width=\"94\">\n<p>4,54%<\/p>\n<\/td>\n<td style=\"height: 56px; width: 8.01012%;\" width=\"76\">\n<p>681<\/p>\n<\/td>\n<td style=\"height: 56px; width: 16.4418%;\" width=\"170\"><a href=\"https:\/\/aluksne.lv\/wp-content\/uploads\/2024\/08\/domes_lemums_par_lidzdalibas_izbeigsanu.pdf\">26.10.2023. l\u0113mums N3. 305 &#8220;Par l\u012bdzdal\u012bbas izbeig\u0161anu sabiedr\u012bb\u0101 ar ierobe\u017eotu atbild\u012bbu &#8220;Al\u016bksnes prim\u0101r\u0101s vesel\u012bbas apr\u016bpes centrs&#8221;&#8221; (s\u0113des protokols Nr. 13., 12. p.)<\/a><\/td>\n<td style=\"height: 56px; width: 10.8631%;\" width=\"104\">\n<p><a href=\"https:\/\/aluksne.lv\/kapitalsab\/2017\/polikl\u012bnika_gada.pdf\">2017.gads<\/a><\/p>\n<p><a href=\"https:\/\/aluksne.lv\/kapitalsab\/2018\/polikl\u012bnika.pdf\">2018.gads<\/a><\/p>\n<p><a href=\"https:\/\/aluksne.lv\/wp-content\/uploads\/2020\/07\/2019.gada-p\u0101rskats-2-1.pdf\">2019.gads<\/a><\/p>\n<p><a href=\"https:\/\/aluksne.lv\/wp-content\/uploads\/2021\/06\/Gada-parskats-2-1.pdf\">2020.gads<\/a><\/p>\n<p><a href=\"https:\/\/aluksne.lv\/wp-content\/uploads\/2022\/10\/Gada_parskats2021.pdf\">2021.gads<\/a><\/p>\n<p><a href=\"https:\/\/aluksne.lv\/wp-content\/uploads\/2023\/07\/poliklinika.pdf\">2022.gads<\/a><\/p>\n<p><a href=\"https:\/\/aluksne.lv\/wp-content\/uploads\/2024\/05\/Gada-parskats-2023-3.pdf\">2023. gads<\/a><\/p>\n<p><a href=\"https:\/\/aluksne.lv\/wp-content\/uploads\/2025\/06\/2024.gada-parskats.pdf\">2024. gads<\/a><\/p>\n<\/td>\n<td style=\"height: 56px; width: 16.1183%;\" width=\"170\">\n<p><strong>\u00a0<\/strong><\/p>\n<\/td>\n<\/tr>\n<tr style=\"height: 24px;\">\n<td style=\"width: 100.084%; text-align: center; height: 24px;\" colspan=\"8\"><strong>Kapit\u0101lsabiedr\u012bba, kura darbojas sabiedrisk\u0101 transporta nodro\u0161in\u0101\u0161an\u0101 un kult\u016brv\u0113sturisk\u0101 mantojuma saglab\u0101\u0161an\u0101<\/strong><\/td>\n<\/tr>\n<tr style=\"height: 138px;\">\n<td style=\"height: 65px; width: 12.1417%;\" width=\"123\">\n<p><strong>SIA \u201cGulbenes \u2013 Al\u016bksnes b\u0101n\u012btis\u201d<\/strong>, 40003542763<\/p>\n<\/td>\n<td style=\"height: 65px; width: 15.5143%;\" width=\"161\">\n<p>Viestura iela 16G, Gulbene, Gulbenes novads,<br \/>\n<a href=\"http:\/\/www.banitis.lv\">www.banitis.lv<\/a><\/p>\n<p>&nbsp;<\/p>\n<\/td>\n<td style=\"height: 65px; width: 11.2985%;\" width=\"113\">\n<p>6 600,00<\/p>\n<\/td>\n<td style=\"height: 65px; width: 9.69646%;\" width=\"94\">\n<p>4,54545%<\/p>\n<\/td>\n<td style=\"height: 65px; width: 8.01012%;\" width=\"76\">\n<p>2<\/p>\n<\/td>\n<td style=\"height: 65px; width: 16.4418%;\" width=\"170\">\n<p><a href=\"https:\/\/aluksne.lv\/wp-content\/uploads\/2026\/03\/Domes-26.03.2026.-lemums-par-lidzdalibu.pdf\" target=\"_blank\" rel=\"noopener noreferrer\">26.03.2026. Al\u016bksnes novada domes l\u0113mums Nr. ANP\/1.5\/26\/103 \u201cPar tie\u0161o l\u012bdzdal\u012bbu SIA \u201cGulbenes &#8211; Al\u016bksnes b\u0101n\u012btis\u201d (s\u0113des protokols Nr. 5, 26.punkts)<\/a><\/p>\n<\/td>\n<td style=\"height: 65px; width: 10.8631%;\" width=\"104\">\n<p><a href=\"https:\/\/aluksne.lv\/kapitalsab\/2017\/b\u0101n\u012btis.pdf\">2017.gads<\/a><\/p>\n<p><a href=\"https:\/\/aluksne.lv\/kapitalsab\/2018\/b\u0101n\u012btis.pdf\">2018.gads<\/a><\/p>\n<p><a href=\"https:\/\/aluksne.lv\/wp-content\/uploads\/2020\/07\/2019.gada_parskats.pdf\">2019.gads<\/a><\/p>\n<p><a href=\"https:\/\/aluksne.lv\/wp-content\/uploads\/2021\/05\/Gada-parskats-2020.pdf\">2020.gads<\/a><\/p>\n<p><a href=\"https:\/\/aluksne.lv\/wp-content\/uploads\/2023\/07\/2021.gada-parskats.pdf\">2021.gads<\/a><\/p>\n<p><a href=\"https:\/\/aluksne.lv\/wp-content\/uploads\/2023\/07\/2022.gada-parskats-1.pdf\">2022.gads<\/a><\/p>\n<p><a href=\"https:\/\/aluksne.lv\/wp-content\/uploads\/2024\/05\/2023gads.zip\">2023. gads<\/a><\/p>\n<p><a href=\"https:\/\/aluksne.lv\/wp-content\/uploads\/2025\/05\/2024.gada-parskats-1.pdf\">2024. gads<\/a><\/p>\n<\/td>\n<td style=\"height: 65px; width: 16.1183%;\" width=\"170\">\n<p><strong>\u00a0<\/strong><\/p>\n<\/td>\n<\/tr>\n<\/tbody>\n<\/table>\n<p>&nbsp;<\/p>\n<p><strong><a href=\"https:\/\/aluksne.lv\/wp-content\/uploads\/2025\/10\/ikgadejais_parskats_par_KS.docx\">Ikgad\u0113jais p\u0101rskats par Al\u016bksnes novada pa\u0161vald\u012bbai piedero\u0161\u0101m kapit\u0101lsabiedr\u012bb\u0101m un kapit\u0101la da\u013c\u0101m 2024. gad\u0101<\/a><\/strong><\/p>\n<p><a href=\"https:\/\/aluksne.lv\/wp-content\/uploads\/2024\/09\/Ikgadejais-parskats-par-KS-2023.docx\"><strong>Ikgad\u0113j\u0101 inform\u0101cija par Al\u016bksnes novada pa\u0161vald\u012bbai piedero\u0161\u0101m kapit\u0101lsabiedr\u012bb\u0101m, 2023. gads<\/strong><\/a><\/p>\n<p><strong><a href=\"https:\/\/aluksne.lv\/wp-content\/uploads\/2024\/07\/kapitalsabiedribas_2023.pptx\">Izpilddirektora zi\u0146ojums par kapit\u0101lsabiedr\u012bbu darbu 2023.<\/a><br \/>\n<\/strong><\/p>\n<p><strong><a href=\"https:\/\/aluksne.lv\/wp-content\/uploads\/2024\/01\/Ikgadeja-informacija-par-kapitalsabiedribam-2022.pdf\">Izpilddirektora zi\u0146ojums par kapit\u0101lsabiedr\u012bbu darbu 2022.<\/a><\/strong><\/p>\n<p><a href=\"https:\/\/aluksne.lv\/wp-content\/uploads\/2022\/10\/Ikgadejais-parskats-par-KS-2021.pdf\"><strong>Ikgad\u0113j\u0101 inform\u0101cija par Al\u016bksnes novada pa\u0161vald\u012bbai piedero\u0161\u0101m kapit\u0101lsabiedr\u012bb\u0101m, 2021. gads<\/strong><\/a><\/p>\n<p>&nbsp;<\/p>\n<p>Pamatojoties uz Publiskas personas kapit\u0101la da\u013cu un kapit\u0101lsabiedr\u012bbu p\u0101rvald\u012bbas likuma 14.panta pirmo da\u013cu, pa\u0161vald\u012bbas kapit\u0101la da\u013cu tur\u0113t\u0101ja l\u0113mumus no 29.12.2021. pie\u0146em Al\u016bksnes novada pa\u0161vald\u012bbas izpilddirektors Ingus BERKULIS.<\/p>\n<p>Kapit\u0101lsabiedr\u012bb\u0101m, kur\u0101s Al\u016bksnes novada pa\u0161vald\u012bbai ir l\u012bdzdal\u012bba, nav l\u012bdzdal\u012bbas cit\u0101s kapit\u0101lsabiedr\u012bb\u0101s.<\/p>\n<p>&nbsp;<\/p>\n","protected":false},"excerpt":{"rendered":"<p>&nbsp; Nosaukums, re\u0123istr\u0101cijas Nr. Juridisk\u0101 adrese, m\u0101jas lapa Pamatkapit\u0101ls EUR Pa\u0161vald\u012bbas kapit\u0101la da\u013cas\u00a0% Da\u013cu skaits L\u012bdzdal\u012bbas atbilst\u012bba Publiskas personas kapit\u0101la da\u013cu un kapit\u0101lsabiedr\u012bbu p\u0101rvald\u012bbas likuma 4.panta pirm\u0101s da\u013cas nosac\u012bjumiem un visp\u0101r\u0113jam strat\u0113\u0123iskajam m\u0113r\u0137im Gada p\u0101rskati Piez\u012bmes Kapit\u0101lsabiedr\u012bbas, kuras darbojas komun\u0101lo&#8230;<br \/><a class=\"read-more-button\" href=\"https:\/\/aluksne.lv\/index.php\/pasvaldiba\/kapitalsabiedribas\/informacija-par-kapitalsabiedribam-kuras-aluksnes-novada-pasvaldibai-ir-lidzdaliba\/\">Las\u012bt visu<\/a><\/p>\n","protected":false},"author":1,"featured_media":0,"parent":387,"menu_order":0,"comment_status":"closed","ping_status":"closed","template":"","meta":{"_crdt_document":"","_monsterinsights_skip_tracking":false,"_monsterinsights_sitenote_active":false,"_monsterinsights_sitenote_note":"","_monsterinsights_sitenote_category":0,"footnotes":"","_links_to":"","_links_to_target":""},"class_list":["post-18368","page","type-page","status-publish","hentry"],"_links":{"self":[{"href":"https:\/\/aluksne.lv\/index.php\/wp-json\/wp\/v2\/pages\/18368","targetHints":{"allow":["GET"]}}],"collection":[{"href":"https:\/\/aluksne.lv\/index.php\/wp-json\/wp\/v2\/pages"}],"about":[{"href":"https:\/\/aluksne.lv\/index.php\/wp-json\/wp\/v2\/types\/page"}],"author":[{"embeddable":true,"href":"https:\/\/aluksne.lv\/index.php\/wp-json\/wp\/v2\/users\/1"}],"replies":[{"embeddable":true,"href":"https:\/\/aluksne.lv\/index.php\/wp-json\/wp\/v2\/comments?post=18368"}],"version-history":[{"count":6,"href":"https:\/\/aluksne.lv\/index.php\/wp-json\/wp\/v2\/pages\/18368\/revisions"}],"predecessor-version":[{"id":61704,"href":"https:\/\/aluksne.lv\/index.php\/wp-json\/wp\/v2\/pages\/18368\/revisions\/61704"}],"up":[{"embeddable":true,"href":"https:\/\/aluksne.lv\/index.php\/wp-json\/wp\/v2\/pages\/387"}],"wp:attachment":[{"href":"https:\/\/aluksne.lv\/index.php\/wp-json\/wp\/v2\/media?parent=18368"}],"curies":[{"name":"wp","href":"https:\/\/api.w.org\/{rel}","templated":true}]}}