{"id":195,"date":"2015-12-08T14:50:22","date_gmt":"2015-12-08T14:50:22","guid":{"rendered":"http:\/\/aluksne.lv\/jauna\/?page_id=195"},"modified":"2026-01-30T19:25:46","modified_gmt":"2026-01-30T17:25:46","slug":"alsviki","status":"publish","type":"page","link":"https:\/\/aluksne.lv\/index.php\/novads\/alsviki\/","title":{"rendered":"Alsvi\u0137i"},"content":{"rendered":"<div id=\"pl-195\"  class=\"panel-layout\" ><div id=\"pg-195-0\"  class=\"panel-grid panel-no-style\" ><div id=\"pgc-195-0-0\"  class=\"panel-grid-cell\" ><div id=\"panel-195-0-0-0\" class=\"so-panel widget widget_sow-editor panel-first-child panel-last-child\" data-index=\"0\" ><div\n\t\t\t\n\t\t\tclass=\"so-widget-sow-editor so-widget-sow-editor-base\"\n\t\t\t\n\t\t>\n<div class=\"siteorigin-widget-tinymce textwidget\">\n\t<h3 style=\"text-align: left;\">Alsvi\u0137u pagasts atrodas Al\u016bksnes novada rietumu da\u013c\u0101. T\u0101 kopplat\u012bba 5212,61 km<sup>2<\/sup>. Alsvi\u0137u pagasts robe\u017eojas ar Al\u016bksnes novada Al\u016bksnes pils\u0113tu un Jaunlaicenes, Ziemera, Jaunal\u016bksnes, Annas, Kalncempju, Zelti\u0146u un Ilzenes pagastiem, k\u0101 ar\u012b Smiltenes novada Apes un Trapenes pagastiem.<\/h3>\n<h3 style=\"text-align: left;\"><a href=\"https:\/\/www.google.lv\/maps\/place\/Alsvi%C4%B7u+pagasts\/@57.4267201,26.7450618,11z\/data=!3m1!4b1!4m5!3m4!1s0x46ea4235083e38af:0x8958e8fab649abea!8m2!3d57.4377135!4d26.8471755\" target=\"_blank\" rel=\"noopener\">Alsvi\u0137u pagasts<\/a><\/h3>\n<\/div>\n<\/div><\/div><\/div><div id=\"pgc-195-0-1\"  class=\"panel-grid-cell\" ><div id=\"panel-195-0-1-0\" class=\"so-panel widget panel-first-child panel-last-child\" data-index=\"1\" ><\/div><\/div><\/div><\/div>","protected":false},"excerpt":{"rendered":"<p>Alsvi\u0137u pagasts atrodas Al\u016bksnes novada rietumu da\u013c\u0101. T\u0101 kopplat\u012bba 5212,61 km2. Alsvi\u0137u pagasts robe\u017eojas ar Al\u016bksnes novada Al\u016bksnes pils\u0113tu un Jaunlaicenes, Ziemera, Jaunal\u016bksnes, Annas, Kalncempju, Zelti\u0146u un Ilzenes pagastiem, k\u0101 ar\u012b Smiltenes novada Apes un Trapenes pagastiem. Alsvi\u0137u pagasts<\/p>\n","protected":false},"author":1,"featured_media":0,"parent":4,"menu_order":0,"comment_status":"closed","ping_status":"closed","template":"","meta":{"_crdt_document":"","_monsterinsights_skip_tracking":false,"_monsterinsights_sitenote_active":false,"_monsterinsights_sitenote_note":"","_monsterinsights_sitenote_category":0,"footnotes":"","_links_to":"","_links_to_target":""},"class_list":["post-195","page","type-page","status-publish","hentry"],"_links":{"self":[{"href":"https:\/\/aluksne.lv\/index.php\/wp-json\/wp\/v2\/pages\/195","targetHints":{"allow":["GET"]}}],"collection":[{"href":"https:\/\/aluksne.lv\/index.php\/wp-json\/wp\/v2\/pages"}],"about":[{"href":"https:\/\/aluksne.lv\/index.php\/wp-json\/wp\/v2\/types\/page"}],"author":[{"embeddable":true,"href":"https:\/\/aluksne.lv\/index.php\/wp-json\/wp\/v2\/users\/1"}],"replies":[{"embeddable":true,"href":"https:\/\/aluksne.lv\/index.php\/wp-json\/wp\/v2\/comments?post=195"}],"version-history":[{"count":2,"href":"https:\/\/aluksne.lv\/index.php\/wp-json\/wp\/v2\/pages\/195\/revisions"}],"predecessor-version":[{"id":60306,"href":"https:\/\/aluksne.lv\/index.php\/wp-json\/wp\/v2\/pages\/195\/revisions\/60306"}],"up":[{"embeddable":true,"href":"https:\/\/aluksne.lv\/index.php\/wp-json\/wp\/v2\/pages\/4"}],"wp:attachment":[{"href":"https:\/\/aluksne.lv\/index.php\/wp-json\/wp\/v2\/media?parent=195"}],"curies":[{"name":"wp","href":"https:\/\/api.w.org\/{rel}","templated":true}]}}