{"id":19559,"date":"2020-04-28T13:26:19","date_gmt":"2020-04-28T10:26:19","guid":{"rendered":"http:\/\/aluksne.lv\/?page_id=19559"},"modified":"2026-01-30T20:23:57","modified_gmt":"2026-01-30T18:23:57","slug":"iznomajamo-un-atsavinamo-nekustamo-ipasumu-saraksts","status":"publish","type":"page","link":"https:\/\/aluksne.lv\/index.php\/pasvaldiba\/ipasumi\/iznomajamo-un-atsavinamo-nekustamo-ipasumu-saraksts\/","title":{"rendered":"Inform\u0101cija par iznom\u0101jamiem un atsavin\u0101miem pa\u0161vald\u012bbas nekustamajiem \u012bpa\u0161umiem"},"content":{"rendered":"<h4 id=\"center\">\u00a0<\/h4>\n<p>Saska\u0146\u0101 ar Al\u016bksnes novada pa\u0161vald\u012bbas domes Tautsaimniec\u012bbas komitejas 16.01.2023. l\u0113mumu Nr.1,1.p. \u0161eit var iepaz\u012bties ar Al\u016bksnes novada pa\u0161vald\u012bbas iznom\u0101jamo un atsavin\u0101mo nekustamo \u012bpa\u0161umu sarakstu.<\/p>\n<p><a href=\"https:\/\/aluksne.lv\/wp-content\/uploads\/2023\/01\/16.01.2023.-lemums.pdf\">Par pa\u0161vald\u012bbas iznom\u0101jamo un atsavin\u0101mo nekustamo \u012bpa\u0161umu sarakstu<\/a><\/p>\n<p><a href=\"http:\/\/aluksne.lv\/index.php\/pielikums-nr-1\/\">Apb\u016bv\u0113tu iznom\u0101jamu un atsavin\u0101mu pa\u0161vald\u012bbas nekustamo \u012bpa\u0161umu saraksts (pielikums Nr.1)<\/a><\/p>\n<p><a href=\"http:\/\/aluksne.lv\/index.php\/pielikums-nr-2\/\">Neapb\u016bv\u0113tu iznom\u0101jamu un atsavin\u0101mu pa\u0161vald\u012bbas nekustamo \u012bpa\u0161umu saraksts (pielikums Nr.2)<\/a><\/p>\n<p>&nbsp;<\/p>\n","protected":false},"excerpt":{"rendered":"<p>\u00a0 Saska\u0146\u0101 ar Al\u016bksnes novada pa\u0161vald\u012bbas domes Tautsaimniec\u012bbas komitejas 16.01.2023. l\u0113mumu Nr.1,1.p. \u0161eit var iepaz\u012bties ar Al\u016bksnes novada pa\u0161vald\u012bbas iznom\u0101jamo un atsavin\u0101mo nekustamo \u012bpa\u0161umu sarakstu. Par pa\u0161vald\u012bbas iznom\u0101jamo un atsavin\u0101mo nekustamo \u012bpa\u0161umu sarakstu Apb\u016bv\u0113tu iznom\u0101jamu un atsavin\u0101mu pa\u0161vald\u012bbas nekustamo \u012bpa\u0161umu&#8230;<br \/><a class=\"read-more-button\" href=\"https:\/\/aluksne.lv\/index.php\/pasvaldiba\/ipasumi\/iznomajamo-un-atsavinamo-nekustamo-ipasumu-saraksts\/\">Las\u012bt visu<\/a><\/p>\n","protected":false},"author":1,"featured_media":0,"parent":354,"menu_order":0,"comment_status":"closed","ping_status":"closed","template":"","meta":{"_crdt_document":"","_monsterinsights_skip_tracking":false,"_monsterinsights_sitenote_active":false,"_monsterinsights_sitenote_note":"","_monsterinsights_sitenote_category":0,"footnotes":"","_links_to":"","_links_to_target":""},"class_list":["post-19559","page","type-page","status-publish","hentry"],"_links":{"self":[{"href":"https:\/\/aluksne.lv\/index.php\/wp-json\/wp\/v2\/pages\/19559","targetHints":{"allow":["GET"]}}],"collection":[{"href":"https:\/\/aluksne.lv\/index.php\/wp-json\/wp\/v2\/pages"}],"about":[{"href":"https:\/\/aluksne.lv\/index.php\/wp-json\/wp\/v2\/types\/page"}],"author":[{"embeddable":true,"href":"https:\/\/aluksne.lv\/index.php\/wp-json\/wp\/v2\/users\/1"}],"replies":[{"embeddable":true,"href":"https:\/\/aluksne.lv\/index.php\/wp-json\/wp\/v2\/comments?post=19559"}],"version-history":[{"count":2,"href":"https:\/\/aluksne.lv\/index.php\/wp-json\/wp\/v2\/pages\/19559\/revisions"}],"predecessor-version":[{"id":60324,"href":"https:\/\/aluksne.lv\/index.php\/wp-json\/wp\/v2\/pages\/19559\/revisions\/60324"}],"up":[{"embeddable":true,"href":"https:\/\/aluksne.lv\/index.php\/wp-json\/wp\/v2\/pages\/354"}],"wp:attachment":[{"href":"https:\/\/aluksne.lv\/index.php\/wp-json\/wp\/v2\/media?parent=19559"}],"curies":[{"name":"wp","href":"https:\/\/api.w.org\/{rel}","templated":true}]}}