{"id":197,"date":"2015-12-08T14:50:37","date_gmt":"2015-12-08T14:50:37","guid":{"rendered":"http:\/\/aluksne.lv\/jauna\/?page_id=197"},"modified":"2026-01-30T19:25:05","modified_gmt":"2026-01-30T17:25:05","slug":"anna","status":"publish","type":"page","link":"https:\/\/aluksne.lv\/index.php\/novads\/anna\/","title":{"rendered":"Anna"},"content":{"rendered":"<div id=\"pl-197\"  class=\"panel-layout\" ><div id=\"pg-197-0\"  class=\"panel-grid panel-no-style\" ><div id=\"pgc-197-0-0\"  class=\"panel-grid-cell\" ><div id=\"panel-197-0-0-0\" class=\"so-panel widget widget_sow-editor panel-first-child panel-last-child\" data-index=\"0\" ><div\n\t\t\t\n\t\t\tclass=\"so-widget-sow-editor so-widget-sow-editor-base\"\n\t\t\t\n\t\t>\n<div class=\"siteorigin-widget-tinymce textwidget\">\n\t<h3>Annas pagasts atrodas Al\u016bksnes novada dienvidu da\u013c\u0101. T\u0101 kopplat\u012bba 52,61 km<sup>2<\/sup>. Pagasts robe\u017eojas ar Al\u016bksnes novada Kalncempju, Alsvi\u0137u, Jaunal\u016bksnes, Malienas un Jaunannas pagastiem, k\u0101 ar\u012b ar Gulbenes novada St\u0101merienas pagastu.<\/h3>\n<h3><a href=\"https:\/\/www.google.lv\/maps\/place\/Annas+pagasts,+LV-4341\/@57.3389666,26.8639314,11z\/data=!3m1!4b1!4m5!3m4!1s0x46ea6ba2a25b640d:0xd5302268c0a1aae0!8m2!3d57.3358726!4d27.023778\" target=\"_blank\" rel=\"noopener\">Annas pagasts<\/a><\/h3>\n<\/div>\n<\/div><\/div><\/div><div id=\"pgc-197-0-1\"  class=\"panel-grid-cell\" ><div id=\"panel-197-0-1-0\" class=\"so-panel widget panel-first-child panel-last-child\" data-index=\"1\" ><\/div><\/div><\/div><\/div>","protected":false},"excerpt":{"rendered":"<p>Annas pagasts atrodas Al\u016bksnes novada dienvidu da\u013c\u0101. T\u0101 kopplat\u012bba 52,61 km2. Pagasts robe\u017eojas ar Al\u016bksnes novada Kalncempju, Alsvi\u0137u, Jaunal\u016bksnes, Malienas un Jaunannas pagastiem, k\u0101 ar\u012b ar Gulbenes novada St\u0101merienas pagastu. Annas pagasts<\/p>\n","protected":false},"author":1,"featured_media":0,"parent":4,"menu_order":0,"comment_status":"closed","ping_status":"closed","template":"","meta":{"_crdt_document":"","_monsterinsights_skip_tracking":false,"_monsterinsights_sitenote_active":false,"_monsterinsights_sitenote_note":"","_monsterinsights_sitenote_category":0,"footnotes":"","_links_to":"","_links_to_target":""},"class_list":["post-197","page","type-page","status-publish","hentry"],"_links":{"self":[{"href":"https:\/\/aluksne.lv\/index.php\/wp-json\/wp\/v2\/pages\/197","targetHints":{"allow":["GET"]}}],"collection":[{"href":"https:\/\/aluksne.lv\/index.php\/wp-json\/wp\/v2\/pages"}],"about":[{"href":"https:\/\/aluksne.lv\/index.php\/wp-json\/wp\/v2\/types\/page"}],"author":[{"embeddable":true,"href":"https:\/\/aluksne.lv\/index.php\/wp-json\/wp\/v2\/users\/1"}],"replies":[{"embeddable":true,"href":"https:\/\/aluksne.lv\/index.php\/wp-json\/wp\/v2\/comments?post=197"}],"version-history":[{"count":1,"href":"https:\/\/aluksne.lv\/index.php\/wp-json\/wp\/v2\/pages\/197\/revisions"}],"predecessor-version":[{"id":60305,"href":"https:\/\/aluksne.lv\/index.php\/wp-json\/wp\/v2\/pages\/197\/revisions\/60305"}],"up":[{"embeddable":true,"href":"https:\/\/aluksne.lv\/index.php\/wp-json\/wp\/v2\/pages\/4"}],"wp:attachment":[{"href":"https:\/\/aluksne.lv\/index.php\/wp-json\/wp\/v2\/media?parent=197"}],"curies":[{"name":"wp","href":"https:\/\/api.w.org\/{rel}","templated":true}]}}