{"id":199,"date":"2015-12-08T14:50:52","date_gmt":"2015-12-08T14:50:52","guid":{"rendered":"http:\/\/aluksne.lv\/jauna\/?page_id=199"},"modified":"2026-01-30T19:27:25","modified_gmt":"2026-01-30T17:27:25","slug":"ilzene","status":"publish","type":"page","link":"https:\/\/aluksne.lv\/index.php\/novads\/ilzene\/","title":{"rendered":"Ilzene"},"content":{"rendered":"<div id=\"pl-199\"  class=\"panel-layout\" ><div id=\"pg-199-0\"  class=\"panel-grid panel-no-style\" ><div id=\"pgc-199-0-0\"  class=\"panel-grid-cell\" ><div id=\"panel-199-0-0-0\" class=\"so-panel widget widget_sow-editor panel-first-child panel-last-child\" data-index=\"0\" ><div\n\t\t\t\n\t\t\tclass=\"so-widget-sow-editor so-widget-sow-editor-base\"\n\t\t\t\n\t\t>\n<div class=\"siteorigin-widget-tinymce textwidget\">\n\t<h4>Ilzenes pagasts atrodas Al\u016bksnes novada dienvidrietumu da\u013c\u0101. T\u0101 kopplat\u012bba 62,5\u00a0km<sup>2<\/sup>. Ilzenes pagasts robe\u017eojas ar Al\u016bksnes novada Alsvi\u0137u un Zelti\u0146u pagastiem, k\u0101 ar\u012b Smiltenes novada Trapenes pagastu un Gulbenes novada Lejasciema pagastu.<\/h4>\n<h4><a href=\"https:\/\/www.google.lv\/maps\/place\/Ilzenes+pagasts,+LV-4344\/@57.3768666,26.6522025,13z\/data=!3m1!4b1!4m5!3m4!1s0x46ea471535ad02f9:0x8cdb010ace85ff29!8m2!3d57.3899187!4d26.6825219?hl=lv\" target=\"_blank\" rel=\"noopener\">Ilzenes pagasts<\/a><\/h4>\n<\/div>\n<\/div><\/div><\/div><div id=\"pgc-199-0-1\"  class=\"panel-grid-cell\" ><div id=\"panel-199-0-1-0\" class=\"so-panel widget panel-first-child panel-last-child\" data-index=\"1\" ><\/div><\/div><\/div><\/div>","protected":false},"excerpt":{"rendered":"<p>Ilzenes pagasts atrodas Al\u016bksnes novada dienvidrietumu da\u013c\u0101. T\u0101 kopplat\u012bba 62,5\u00a0km2. Ilzenes pagasts robe\u017eojas ar Al\u016bksnes novada Alsvi\u0137u un Zelti\u0146u pagastiem, k\u0101 ar\u012b Smiltenes novada Trapenes pagastu un Gulbenes novada Lejasciema pagastu. Ilzenes pagasts<\/p>\n","protected":false},"author":1,"featured_media":0,"parent":4,"menu_order":0,"comment_status":"closed","ping_status":"closed","template":"","meta":{"_crdt_document":"","_monsterinsights_skip_tracking":false,"_monsterinsights_sitenote_active":false,"_monsterinsights_sitenote_note":"","_monsterinsights_sitenote_category":0,"footnotes":"","_links_to":"","_links_to_target":""},"class_list":["post-199","page","type-page","status-publish","hentry"],"_links":{"self":[{"href":"https:\/\/aluksne.lv\/index.php\/wp-json\/wp\/v2\/pages\/199","targetHints":{"allow":["GET"]}}],"collection":[{"href":"https:\/\/aluksne.lv\/index.php\/wp-json\/wp\/v2\/pages"}],"about":[{"href":"https:\/\/aluksne.lv\/index.php\/wp-json\/wp\/v2\/types\/page"}],"author":[{"embeddable":true,"href":"https:\/\/aluksne.lv\/index.php\/wp-json\/wp\/v2\/users\/1"}],"replies":[{"embeddable":true,"href":"https:\/\/aluksne.lv\/index.php\/wp-json\/wp\/v2\/comments?post=199"}],"version-history":[{"count":1,"href":"https:\/\/aluksne.lv\/index.php\/wp-json\/wp\/v2\/pages\/199\/revisions"}],"predecessor-version":[{"id":60307,"href":"https:\/\/aluksne.lv\/index.php\/wp-json\/wp\/v2\/pages\/199\/revisions\/60307"}],"up":[{"embeddable":true,"href":"https:\/\/aluksne.lv\/index.php\/wp-json\/wp\/v2\/pages\/4"}],"wp:attachment":[{"href":"https:\/\/aluksne.lv\/index.php\/wp-json\/wp\/v2\/media?parent=199"}],"curies":[{"name":"wp","href":"https:\/\/api.w.org\/{rel}","templated":true}]}}