{"id":2010,"date":"2017-12-12T09:41:24","date_gmt":"2017-12-12T09:41:24","guid":{"rendered":"http:\/\/aluksne.lv\/jauna1\/?page_id=2010"},"modified":"2026-01-20T10:59:40","modified_gmt":"2026-01-20T08:59:40","slug":"pii-saulite","status":"publish","type":"page","link":"https:\/\/aluksne.lv\/index.php\/izglitiba\/pirmsskolas-izglitibas-iestades\/pii-saulite\/","title":{"rendered":"PII \u201eSaul\u012bte\u201d"},"content":{"rendered":"<div id=\"pl-2010\"  class=\"panel-layout\" ><div id=\"pg-2010-0\"  class=\"panel-grid panel-no-style\" ><div id=\"pgc-2010-0-0\"  class=\"panel-grid-cell panel-grid-cell-empty\" ><\/div><\/div><div id=\"pg-2010-1\"  class=\"panel-grid panel-no-style\" ><div id=\"pgc-2010-1-0\"  class=\"panel-grid-cell\" ><div id=\"panel-2010-1-0-0\" class=\"so-panel widget widget_sow-editor panel-first-child panel-last-child\" data-index=\"0\" ><div\n\t\t\t\n\t\t\tclass=\"so-widget-sow-editor so-widget-sow-editor-base\"\n\t\t\t\n\t\t>\n<div class=\"siteorigin-widget-tinymce textwidget\">\n\t<p><strong>Alsvi\u0137u pirmsskolas izgl\u012bt\u012bbas iest\u0101de \u201eSaul\u012bte\u201d<\/strong><\/p>\n<p><em>Katru r\u012btu saul\u012bte lec spo\u017ea<br \/>\nEzeros un up\u0113s rot\u0101j\u0101s<br \/>\nMugur\u0101 tai se\u0123en\u012bte ko\u0161a<br \/>\nMatos zelta b\u0101rkstis sp\u012bgojas.<br \/>\n\/rindas no iest\u0101des himnas\/<\/em><\/p>\n<p><strong>Pirmsskola izgl\u012bt\u012bbas programmas realiz\u0101cijas adreses:<\/strong><\/p>\n<ul>\n<li>\u00a0\"Saul\u012bte\", Alsvi\u0137i, Alsvi\u0137u pagasts, Al\u016bksnes novads, LV-4333<\/li>\n<li>\"Zemen\u012bte\", Strauti\u0146i, Alsvi\u0137u pagasts, Al\u016bksnes novads, LV-4333<\/li>\n<\/ul>\n<p><b>Vad\u012bt\u0101ja <\/b>Viola L\u0101ce<br \/>\n<strong>T\u0101lrunis:<\/strong> 29162206<br \/>\n<strong>e-pasts:<\/strong>\u00a0<a href=\"mailto:saulite@aluksne.lv\">saulite@aluksne.lv<\/a><br \/>\n<strong>eAdrese:<\/strong> _DEFAULT@40900006532<\/p>\n<\/div>\n<\/div><\/div><\/div><div id=\"pgc-2010-1-1\"  class=\"panel-grid-cell\" ><div id=\"panel-2010-1-1-0\" class=\"so-panel widget widget_sow-image-grid panel-first-child panel-last-child\" data-index=\"1\" ><div\n\t\t\t\n\t\t\tclass=\"so-widget-sow-image-grid so-widget-sow-image-grid-default-5ff4073610f5-2010\"\n\t\t\t\n\t\t>\t<div\n\t\tclass=\"sow-image-grid-wrapper\"\n\t\t\t\t\t>\n\t\t\t\t\t<div class=\"sow-image-grid-image\">\n\t\t\t\t\t\t\t\t\t\t\t\t<img loading=\"lazy\" decoding=\"async\" width=\"272\" height=\"182\" src=\"https:\/\/aluksne.lv\/wp-content\/uploads\/2023\/03\/Saulite-272x182.jpg\" class=\"sow-image-grid-image_html\" alt=\"Saulite&quot;\" title=\"\" srcset=\"https:\/\/aluksne.lv\/wp-content\/uploads\/2023\/03\/Saulite-272x182.jpg 272w, https:\/\/aluksne.lv\/wp-content\/uploads\/2023\/03\/Saulite-320x213.jpg 320w, https:\/\/aluksne.lv\/wp-content\/uploads\/2023\/03\/Saulite-720x480.jpg 720w\" sizes=\"auto, (max-width: 272px) 100vw, 272px\" \/>\t\t\t\t\t\t\t\t\t\t\t<\/div>\n\t\t\t\t\t<div class=\"sow-image-grid-image\">\n\t\t\t\t\t\t\t\t\t\t\t\t<img loading=\"lazy\" decoding=\"async\" width=\"272\" height=\"182\" src=\"https:\/\/aluksne.lv\/wp-content\/uploads\/2022\/11\/313912637_797111374704580_1153088498943025272_n-272x182.jpg\" class=\"sow-image-grid-image_html\" alt=\"Saulite&quot;\" title=\"\" srcset=\"https:\/\/aluksne.lv\/wp-content\/uploads\/2022\/11\/313912637_797111374704580_1153088498943025272_n-272x182.jpg 272w, https:\/\/aluksne.lv\/wp-content\/uploads\/2022\/11\/313912637_797111374704580_1153088498943025272_n-320x213.jpg 320w\" sizes=\"auto, (max-width: 272px) 100vw, 272px\" \/>\t\t\t\t\t\t\t\t\t\t\t<\/div>\n\t\t\t\t\t<div class=\"sow-image-grid-image\">\n\t\t\t\t\t\t\t\t\t\t\t\t<img loading=\"lazy\" decoding=\"async\" width=\"272\" height=\"182\" src=\"https:\/\/aluksne.lv\/wp-content\/uploads\/2025\/11\/2017_0708_143105_0421-272x182.jpg\" class=\"sow-image-grid-image_html\" alt=\"\" title=\"EXIF_HDL_ID_1\" srcset=\"https:\/\/aluksne.lv\/wp-content\/uploads\/2025\/11\/2017_0708_143105_0421-272x182.jpg 272w, https:\/\/aluksne.lv\/wp-content\/uploads\/2025\/11\/2017_0708_143105_0421-320x213.jpg 320w, https:\/\/aluksne.lv\/wp-content\/uploads\/2025\/11\/2017_0708_143105_0421-720x480.jpg 720w\" sizes=\"auto, (max-width: 272px) 100vw, 272px\" \/>\t\t\t\t\t\t\t\t\t\t\t<\/div>\n\t\t\t<\/div>\n<\/div><\/div><\/div><\/div><div id=\"pg-2010-2\"  class=\"panel-grid panel-no-style\" ><div id=\"pgc-2010-2-0\"  class=\"panel-grid-cell\" ><div id=\"panel-2010-2-0-0\" class=\"so-panel widget widget_sow-accordion panel-first-child panel-last-child\" data-index=\"2\" ><div\n\t\t\t\n\t\t\tclass=\"so-widget-sow-accordion so-widget-sow-accordion-default-7d8be5f91d55-2010\"\n\t\t\t\n\t\t><div>\n\t<div class=\"sow-accordion\">\n\t\t\t<div class=\"sow-accordion-panel\n\t\t\t\t\t\"\n\t\t\t\tdata-anchor-id=\"dokumenti\">\n\t\t\t\t\t<div class=\"sow-accordion-panel-header-container\" role=\"heading\" aria-level=\"2\">\n\t\t\t\t\t<div class=\"sow-accordion-panel-header\" tabindex=\"0\" role=\"button\" id=\"accordion-label-dokumenti\" aria-controls=\"accordion-content-dokumenti\" aria-expanded=\"false\">\n\t\t\t\t\t\t<div class=\"sow-accordion-title sow-accordion-title-icon-left\">\n\t\t\t\t\t\t\t\t\t\t\t\t\t\tDOKUMENTI\t\t\t\t\t\t\t\t\t\t\t\t\t<\/div>\n\t\t\t\t\t\t<div class=\"sow-accordion-open-close-button\">\n\t\t\t\t\t\t\t<div class=\"sow-accordion-open-button\">\n\t\t\t\t\t\t\t\t<span class=\"sow-icon-ionicons\" data-sow-icon=\"&#xf218;\"\n\t\t \n\t\taria-hidden=\"true\"><\/span>\t\t\t\t\t\t\t<\/div>\n\t\t\t\t\t\t\t<div class=\"sow-accordion-close-button\">\n\t\t\t\t\t\t\t\t<span class=\"sow-icon-ionicons\" data-sow-icon=\"&#xf209;\"\n\t\t \n\t\taria-hidden=\"true\"><\/span>\t\t\t\t\t\t\t<\/div>\n\t\t\t\t\t\t<\/div>\n\t\t\t\t\t<\/div>\n\t\t\t\t<\/div>\n\n\t\t\t<div\n\t\t\t\tclass=\"sow-accordion-panel-content\"\n\t\t\t\trole=\"region\"\n\t\t\t\taria-labelledby=\"accordion-label-dokumenti\"\n\t\t\t\tid=\"accordion-content-dokumenti\"\n\t\t\t\tstyle=\"display: none;\"\t\t\t>\n\t\t\t\t<div class=\"sow-accordion-panel-border\">\n\t\t\t\t\t<p><strong><a href=\"https:\/\/aluksne.lv\/wp-content\/uploads\/2024\/07\/Nolikums_10_Alsviku_pirmsskolas_izglitibas_Saulite_nolikums.docx\">NOLIKUMS<\/a><\/strong><\/p>\n<p><a href=\"https:\/\/aluksne.lv\/wp-content\/uploads\/2025\/11\/Pasnovertejums_Saulite.pdf\"><strong>PA\u0160NOV\u0112RT\u0112JUMA ZI\u0145OJUMS<\/strong><\/a><\/p>\n<p><a href=\"https:\/\/aluksne.lv\/wp-content\/uploads\/2026\/01\/2_bernu-rinda-uz-1.-janvaris-2026.pdf\"><strong>B\u0113rnu rindas re\u0123istrs<\/strong><\/a><\/p>\n\t\t\t\t<\/div>\n\t\t\t<\/div>\n\t\t<\/div>\n\t\t<\/div>\n<\/div>\n<\/div><\/div><\/div><div id=\"pgc-2010-2-1\"  class=\"panel-grid-cell\" ><div id=\"panel-2010-2-1-0\" class=\"so-panel widget widget_sow-accordion panel-first-child panel-last-child\" data-index=\"3\" ><div\n\t\t\t\n\t\t\tclass=\"so-widget-sow-accordion so-widget-sow-accordion-default-7d8be5f91d55-2010\"\n\t\t\t\n\t\t><div>\n\t<div class=\"sow-accordion\">\n\t\t\t<div class=\"sow-accordion-panel\n\t\t\t\t\t\"\n\t\t\t\tdata-anchor-id=\"vecakiem\">\n\t\t\t\t\t<div class=\"sow-accordion-panel-header-container\" role=\"heading\" aria-level=\"2\">\n\t\t\t\t\t<div class=\"sow-accordion-panel-header\" tabindex=\"0\" role=\"button\" id=\"accordion-label-vec%c4%81kiem\" aria-controls=\"accordion-content-vec%c4%81kiem\" aria-expanded=\"false\">\n\t\t\t\t\t\t<div class=\"sow-accordion-title sow-accordion-title-icon-left\">\n\t\t\t\t\t\t\t\t\t\t\t\t\t\tVEC\u0100KIEM\t\t\t\t\t\t\t\t\t\t\t\t\t<\/div>\n\t\t\t\t\t\t<div class=\"sow-accordion-open-close-button\">\n\t\t\t\t\t\t\t<div class=\"sow-accordion-open-button\">\n\t\t\t\t\t\t\t\t<span class=\"sow-icon-ionicons\" data-sow-icon=\"&#xf218;\"\n\t\t \n\t\taria-hidden=\"true\"><\/span>\t\t\t\t\t\t\t<\/div>\n\t\t\t\t\t\t\t<div class=\"sow-accordion-close-button\">\n\t\t\t\t\t\t\t\t<span class=\"sow-icon-ionicons\" data-sow-icon=\"&#xf209;\"\n\t\t \n\t\taria-hidden=\"true\"><\/span>\t\t\t\t\t\t\t<\/div>\n\t\t\t\t\t\t<\/div>\n\t\t\t\t\t<\/div>\n\t\t\t\t<\/div>\n\n\t\t\t<div\n\t\t\t\tclass=\"sow-accordion-panel-content\"\n\t\t\t\trole=\"region\"\n\t\t\t\taria-labelledby=\"accordion-label-vec%c4%81kiem\"\n\t\t\t\tid=\"accordion-content-vec%c4%81kiem\"\n\t\t\t\tstyle=\"display: none;\"\t\t\t>\n\t\t\t\t<div class=\"sow-accordion-panel-border\">\n\t\t\t\t\t<p><strong><a href=\"https:\/\/aluksne.lv\/wp-content\/uploads\/2023\/04\/IESNIEGUMS-REGISTRACIJAI-RINDA.docx\">IESNIEGUMS RE\u0122ISTR\u0100CIJAI RIND\u0100<\/a><\/strong><\/p>\n<p><strong><a href=\"https:\/\/aluksne.lv\/wp-content\/uploads\/2023\/04\/IESNIEGUMS-BERNA-UZNEMSANAI.docx\">IESNIEGUMS B\u0112RNA UZ\u0145EM\u0160ANAI<\/a><\/strong><\/p>\n\t\t\t\t<\/div>\n\t\t\t<\/div>\n\t\t<\/div>\n\t\t<\/div>\n<\/div>\n<\/div><\/div><\/div><div id=\"pgc-2010-2-2\"  class=\"panel-grid-cell\" ><div id=\"panel-2010-2-2-0\" class=\"so-panel widget widget_sow-accordion panel-first-child panel-last-child\" data-index=\"4\" ><div\n\t\t\t\n\t\t\tclass=\"so-widget-sow-accordion so-widget-sow-accordion-default-7d8be5f91d55-2010\"\n\t\t\t\n\t\t><div>\n\t<div class=\"sow-accordion\">\n\t\t\t<div class=\"sow-accordion-panel\n\t\t\t\t\t\"\n\t\t\t\tdata-anchor-id=\"stem-un-pilsoniska-lidzdaliba\">\n\t\t\t\t\t<div class=\"sow-accordion-panel-header-container\" role=\"heading\" aria-level=\"2\">\n\t\t\t\t\t<div class=\"sow-accordion-panel-header\" tabindex=\"0\" role=\"button\" id=\"accordion-label-stem-un-pilsonisk%c4%81-l%c4%abdzdal%c4%abba\" aria-controls=\"accordion-content-stem-un-pilsonisk%c4%81-l%c4%abdzdal%c4%abba\" aria-expanded=\"false\">\n\t\t\t\t\t\t<div class=\"sow-accordion-title sow-accordion-title-icon-left\">\n\t\t\t\t\t\t\t\t\t\t\t\t\t\tSTEM un pilsonisk\u0101 l\u012bdzdal\u012bba\t\t\t\t\t\t\t\t\t\t\t\t\t<\/div>\n\t\t\t\t\t\t<div class=\"sow-accordion-open-close-button\">\n\t\t\t\t\t\t\t<div class=\"sow-accordion-open-button\">\n\t\t\t\t\t\t\t\t<span class=\"sow-icon-ionicons\" data-sow-icon=\"&#xf218;\"\n\t\t \n\t\taria-hidden=\"true\"><\/span>\t\t\t\t\t\t\t<\/div>\n\t\t\t\t\t\t\t<div class=\"sow-accordion-close-button\">\n\t\t\t\t\t\t\t\t<span class=\"sow-icon-ionicons\" data-sow-icon=\"&#xf209;\"\n\t\t \n\t\taria-hidden=\"true\"><\/span>\t\t\t\t\t\t\t<\/div>\n\t\t\t\t\t\t<\/div>\n\t\t\t\t\t<\/div>\n\t\t\t\t<\/div>\n\n\t\t\t<div\n\t\t\t\tclass=\"sow-accordion-panel-content\"\n\t\t\t\trole=\"region\"\n\t\t\t\taria-labelledby=\"accordion-label-stem-un-pilsonisk%c4%81-l%c4%abdzdal%c4%abba\"\n\t\t\t\tid=\"accordion-content-stem-un-pilsonisk%c4%81-l%c4%abdzdal%c4%abba\"\n\t\t\t\tstyle=\"display: none;\"\t\t\t>\n\t\t\t\t<div class=\"sow-accordion-panel-border\">\n\t\t\t\t\t<p><strong><a href=\"https:\/\/aluksne.lv\/index.php\/2025\/11\/24\/atrisini-atkritumu-problemu-kopa-ar-skudrinu\/\">ATRISINI ATKRITUMU PROBL\u0112MU KOP\u0100 AR SKUDRI\u0145U<\/a><\/strong><\/p>\n<p><a href=\"https:\/\/aluksne.lv\/wp-content\/uploads\/2025\/08\/535038734_1171681348336966_2716824224781256525_n.jpg\"><img loading=\"lazy\" decoding=\"async\" class=\"wp-image-57196 aligncenter\" src=\"https:\/\/aluksne.lv\/wp-content\/uploads\/2025\/08\/535038734_1171681348336966_2716824224781256525_n-1024x436.jpg\" alt=\"\" width=\"279\" height=\"119\" srcset=\"https:\/\/aluksne.lv\/wp-content\/uploads\/2025\/08\/535038734_1171681348336966_2716824224781256525_n-1024x436.jpg 1024w, https:\/\/aluksne.lv\/wp-content\/uploads\/2025\/08\/535038734_1171681348336966_2716824224781256525_n-800x340.jpg 800w, https:\/\/aluksne.lv\/wp-content\/uploads\/2025\/08\/535038734_1171681348336966_2716824224781256525_n-768x327.jpg 768w, https:\/\/aluksne.lv\/wp-content\/uploads\/2025\/08\/535038734_1171681348336966_2716824224781256525_n-1170x498.jpg 1170w, https:\/\/aluksne.lv\/wp-content\/uploads\/2025\/08\/535038734_1171681348336966_2716824224781256525_n.jpg 1467w\" sizes=\"auto, (max-width: 279px) 100vw, 279px\" \/><\/a><\/p>\n\t\t\t\t<\/div>\n\t\t\t<\/div>\n\t\t<\/div>\n\t\t<\/div>\n<\/div>\n<\/div><\/div><\/div><\/div><div id=\"pg-2010-3\"  class=\"panel-grid panel-no-style\" ><div id=\"pgc-2010-3-0\"  class=\"panel-grid-cell\" ><div id=\"panel-2010-3-0-0\" class=\"so-panel widget widget_sow-editor panel-first-child panel-last-child\" data-index=\"5\" ><div\n\t\t\t\n\t\t\tclass=\"so-widget-sow-editor so-widget-sow-editor-base\"\n\t\t\t\n\t\t>\n<div class=\"siteorigin-widget-tinymce textwidget\">\n\t<p>Alsvi\u0137u pirmsskolas izgl\u012bt\u012bbas iest\u0101de \u201cSaul\u012bte\u201d ir Al\u016bksnes novada pa\u0161vald\u012bbas dibin\u0101ta izgl\u012bt\u012bbas iest\u0101de pirmsskolas izgl\u012bt\u012bbas programmas \u012bsteno\u0161anai. Iest\u0101d\u0113 darbojas <strong>divas\u00a0jaukta vecuma grupas<\/strong>\u00a0b\u0113rniem -\u00a0 no 1,5 l\u012bdz 3 gadiem un no 4 l\u012bdz 7 gadiem. Iest\u0101des vad\u012bt\u0101ja uz\u0146em b\u0113rnus, \u0146emot v\u0113r\u0101 rind\u0101 iest\u0101\u0161an\u0101s datumu un br\u012bvo vietu skaitu iest\u0101d\u0113.<\/p>\n<p>Pirmsskolas izgl\u012bt\u012bbas iest\u0101des pedago\u0123iskais darbs organiz\u0113ts, pamatojoties uz licenc\u0113tu pirmsskolas izgl\u012bt\u012bbas programmu. Izgl\u012bt\u012bbas programmas kods 0101 11 11.<\/p>\n<p><strong>Darba laiks: <\/strong>Izgl\u012bt\u012bbas iest\u0101de str\u0101d\u0101 5 dienas ned\u0113\u013c\u0101 no pulksten 7.00 l\u012bdz pulksten 19.00.<\/p>\n<p>Izgl\u012bt\u012bbas iest\u0101des MISIJA \u2013 B\u0113rniem draudz\u012bga, interesanta, att\u012bsto\u0161a un darboties vesel\u012bga vide, kur b\u0113rns grib saredz\u0113t, sadzird\u0113t, sajust, saprast un b\u016bs saprasts un gaid\u012bts!<\/p>\n<p>Izgl\u012bt\u012bbas iest\u0101des V\u012aZIJA\u00a0 par izgl\u012btojamo \u2013 zin\u0101tk\u0101rs, atbild\u012bgs, cie\u0146pilns, dro\u0161s, rado\u0161s b\u0113rns, kas atv\u0113rts sadarb\u012bbai un jaunradei.<\/p>\n<p>Izgl\u012bt\u012bbas iest\u0101des V\u0112RT\u012aBAS cilv\u0113kcentr\u0113t\u0101 veid\u0101:<\/p>\n<p>CIE\u0145A \u2013 attieksm\u0113, attiec\u012bb\u0101s, saskarsm\u0113 vienam pret otru.<\/p>\n<p>ATBILD\u012aBA \u2013 par saviem v\u0101rdiem un darbiem. L\u012bdzatbild\u012bba vienam par otru.<\/p>\n<p>BR\u012aV\u012aBA \u2013 apzin\u0101ties sevi, savas vajadz\u012bbas, individualit\u0101ti. Individu\u0101la pieeja katram b\u0113rnam, jo katrs b\u0113rns ir \u012bpa\u0161s.<\/p>\n<p>Profesion\u0101lu, rado\u0161u un m\u012b\u013cu pedagogu vad\u012bb\u0101 ikvienam izgl\u012btojamam tiek dotas iesp\u0113jas att\u012bst\u012bties un veidot savu person\u012bbu. Iest\u0101d\u0113 sagatavo\u0161anas b\u0113rniem ir iesp\u0113ja apg\u016bt person\u012bg\u0101s dro\u0161\u012bbas pamatus kop\u0101 ar D\u017eimbu \u201cD\u017eimbas dro\u0161\u012bbas skoli\u0146\u0101\u201d.<\/p>\n<p>Svinam Latvie\u0161u gadsk\u0101rtu iera\u017eu sv\u0113tkus, organiz\u0113jam un piedal\u0101mies sporta aktivit\u0101t\u0113s. B\u0113rni ik dienas daudz laika pavada svaig\u0101 gais\u0101, p\u0113tot dz\u012bvo dabu un apk\u0101rtni, nov\u0113rojot gadalaiku un ciklisk\u0101s nomai\u0146as. Kust\u012bbas svaig\u0101 gais\u0101 vairo dz\u012bvesprieku un interesi par pasauli!<\/p>\n<hr \/>\n<p>&nbsp;<\/p>\n<p>Alsvi\u0137u PII \u201cSaul\u012bte\u201d izgl\u012bt\u012bbas realiz\u0101cijas viet\u0101 Alsvi\u0137os izveidota p\u0101rdom\u0101ta, m\u0113r\u0137tiec\u012bga un daudzfunkcion\u0101la \u0101ra vide, kas sadal\u012bta \u010detr\u0101s tematiskaj\u0101s zon\u0101s.<\/p>\n<p><strong>D\u0101rza zona<\/strong> ar aug\u013cu d\u0101rzu, d\u0101rza novietni, paaugstin\u0101taj\u0101m dob\u0113m un div\u0101m siltumn\u012bc\u0101m veicina b\u0113rnu praktisko darbo\u0161anos un dabas izzin\u0101\u0161anu.<\/p>\n<p><strong>Sporta zona<\/strong> nodro\u0161ina iesp\u0113jas kust\u012bbu prasmju att\u012bst\u012b\u0161anai un akt\u012bvai atp\u016btai.<\/p>\n<p><strong>Rado\u0161\u0101 zona<\/strong> rosina b\u0113rnu izt\u0113li, eksperiment\u0113\u0161anu un da\u017e\u0101du materi\u0101lu izmanto\u0161anu rado\u0161\u0101s aktivit\u0101t\u0113s.<\/p>\n<p>Savuk\u0101rt <strong>Atp\u016btas zona<\/strong> pied\u0101v\u0101 mier\u012bgu, sak\u0101rtotu un dabisku vidi relaks\u0101cijai un harmoniskai atjaunotnei. Kop\u0101 \u0161\u012bs zonas veido bag\u0101t\u012bgu, att\u012bsto\u0161u un b\u0113rnu vajadz\u012bb\u0101m piel\u0101gotu \u0101ra m\u0101c\u012bbu un rota\u013cu vidi.<\/p>\n<p style=\"text-align: center;\"><a href=\"https:\/\/aluksne.lv\/wp-content\/uploads\/2025\/11\/Attels1-1.jpg\"><img loading=\"lazy\" decoding=\"async\" class=\"alignnone size-thumbnail wp-image-59058\" src=\"https:\/\/aluksne.lv\/wp-content\/uploads\/2025\/11\/Attels1-1-150x150.jpg\" alt=\"\" width=\"150\" height=\"150\" srcset=\"https:\/\/aluksne.lv\/wp-content\/uploads\/2025\/11\/Attels1-1-150x150.jpg 150w, https:\/\/aluksne.lv\/wp-content\/uploads\/2025\/11\/Attels1-1-60x60.jpg 60w, https:\/\/aluksne.lv\/wp-content\/uploads\/2025\/11\/Attels1-1-375x373.jpg 375w\" sizes=\"auto, (max-width: 150px) 100vw, 150px\" \/><\/a> <a href=\"https:\/\/aluksne.lv\/wp-content\/uploads\/2025\/11\/Attels2-1.jpg\"><img loading=\"lazy\" decoding=\"async\" class=\"alignnone size-thumbnail wp-image-59059\" src=\"https:\/\/aluksne.lv\/wp-content\/uploads\/2025\/11\/Attels2-1-150x150.jpg\" alt=\"\" width=\"150\" height=\"150\" srcset=\"https:\/\/aluksne.lv\/wp-content\/uploads\/2025\/11\/Attels2-1-150x150.jpg 150w, https:\/\/aluksne.lv\/wp-content\/uploads\/2025\/11\/Attels2-1-60x60.jpg 60w\" sizes=\"auto, (max-width: 150px) 100vw, 150px\" \/><\/a> <a href=\"https:\/\/aluksne.lv\/wp-content\/uploads\/2025\/11\/Attels3-1.jpg\"><img loading=\"lazy\" decoding=\"async\" class=\"alignnone size-thumbnail wp-image-59060\" src=\"https:\/\/aluksne.lv\/wp-content\/uploads\/2025\/11\/Attels3-1-150x150.jpg\" alt=\"\" width=\"150\" height=\"150\" srcset=\"https:\/\/aluksne.lv\/wp-content\/uploads\/2025\/11\/Attels3-1-150x150.jpg 150w, https:\/\/aluksne.lv\/wp-content\/uploads\/2025\/11\/Attels3-1-60x60.jpg 60w\" sizes=\"auto, (max-width: 150px) 100vw, 150px\" \/><\/a> <a href=\"https:\/\/aluksne.lv\/wp-content\/uploads\/2025\/11\/Attels4-1.jpg\"><img loading=\"lazy\" decoding=\"async\" class=\"alignnone size-thumbnail wp-image-59061\" src=\"https:\/\/aluksne.lv\/wp-content\/uploads\/2025\/11\/Attels4-1-150x150.jpg\" alt=\"\" width=\"150\" height=\"150\" srcset=\"https:\/\/aluksne.lv\/wp-content\/uploads\/2025\/11\/Attels4-1-150x150.jpg 150w, https:\/\/aluksne.lv\/wp-content\/uploads\/2025\/11\/Attels4-1-60x60.jpg 60w\" sizes=\"auto, (max-width: 150px) 100vw, 150px\" \/><\/a> <a href=\"https:\/\/aluksne.lv\/wp-content\/uploads\/2025\/11\/Attels5-1.jpg\"><img loading=\"lazy\" decoding=\"async\" class=\"alignnone size-thumbnail wp-image-59062\" src=\"https:\/\/aluksne.lv\/wp-content\/uploads\/2025\/11\/Attels5-1-150x150.jpg\" alt=\"\" width=\"150\" height=\"150\" srcset=\"https:\/\/aluksne.lv\/wp-content\/uploads\/2025\/11\/Attels5-1-150x150.jpg 150w, https:\/\/aluksne.lv\/wp-content\/uploads\/2025\/11\/Attels5-1-60x60.jpg 60w, https:\/\/aluksne.lv\/wp-content\/uploads\/2025\/11\/Attels5-1-375x375.jpg 375w\" sizes=\"auto, (max-width: 150px) 100vw, 150px\" \/><\/a> <a href=\"https:\/\/aluksne.lv\/wp-content\/uploads\/2025\/11\/Attels6.jpg\"><img loading=\"lazy\" decoding=\"async\" class=\"alignnone size-thumbnail wp-image-59063\" src=\"https:\/\/aluksne.lv\/wp-content\/uploads\/2025\/11\/Attels6-150x150.jpg\" alt=\"\" width=\"150\" height=\"150\" srcset=\"https:\/\/aluksne.lv\/wp-content\/uploads\/2025\/11\/Attels6-150x150.jpg 150w, https:\/\/aluksne.lv\/wp-content\/uploads\/2025\/11\/Attels6-60x60.jpg 60w, https:\/\/aluksne.lv\/wp-content\/uploads\/2025\/11\/Attels6-375x375.jpg 375w\" sizes=\"auto, (max-width: 150px) 100vw, 150px\" \/><\/a><\/p>\n<hr \/>\n<p>&nbsp;<\/p>\n<\/div>\n<\/div><\/div><\/div><\/div><\/div>","protected":false},"excerpt":{"rendered":"<p>Alsvi\u0137u pirmsskolas izgl\u012bt\u012bbas iest\u0101de \u201eSaul\u012bte\u201d Katru r\u012btu saul\u012bte lec spo\u017ea Ezeros un up\u0113s rot\u0101j\u0101s Mugur\u0101 tai se\u0123en\u012bte ko\u0161a Matos zelta b\u0101rkstis sp\u012bgojas. \/rindas no iest\u0101des himnas\/ Pirmsskola izgl\u012bt\u012bbas programmas realiz\u0101cijas adreses: \u00a0&#8220;Saul\u012bte&#8221;, Alsvi\u0137i, Alsvi\u0137u pagasts, Al\u016bksnes novads, LV-4333 &#8220;Zemen\u012bte&#8221;, Strauti\u0146i,&#8230;<br \/><a class=\"read-more-button\" href=\"https:\/\/aluksne.lv\/index.php\/izglitiba\/pirmsskolas-izglitibas-iestades\/pii-saulite\/\">Las\u012bt visu<\/a><\/p>\n","protected":false},"author":1,"featured_media":0,"parent":452,"menu_order":0,"comment_status":"closed","ping_status":"closed","template":"","meta":{"_crdt_document":"","_monsterinsights_skip_tracking":false,"_monsterinsights_sitenote_active":false,"_monsterinsights_sitenote_note":"","_monsterinsights_sitenote_category":0,"footnotes":"","_links_to":"","_links_to_target":""},"class_list":["post-2010","page","type-page","status-publish","hentry"],"_links":{"self":[{"href":"https:\/\/aluksne.lv\/index.php\/wp-json\/wp\/v2\/pages\/2010","targetHints":{"allow":["GET"]}}],"collection":[{"href":"https:\/\/aluksne.lv\/index.php\/wp-json\/wp\/v2\/pages"}],"about":[{"href":"https:\/\/aluksne.lv\/index.php\/wp-json\/wp\/v2\/types\/page"}],"author":[{"embeddable":true,"href":"https:\/\/aluksne.lv\/index.php\/wp-json\/wp\/v2\/users\/1"}],"replies":[{"embeddable":true,"href":"https:\/\/aluksne.lv\/index.php\/wp-json\/wp\/v2\/comments?post=2010"}],"version-history":[{"count":0,"href":"https:\/\/aluksne.lv\/index.php\/wp-json\/wp\/v2\/pages\/2010\/revisions"}],"up":[{"embeddable":true,"href":"https:\/\/aluksne.lv\/index.php\/wp-json\/wp\/v2\/pages\/452"}],"wp:attachment":[{"href":"https:\/\/aluksne.lv\/index.php\/wp-json\/wp\/v2\/media?parent=2010"}],"curies":[{"name":"wp","href":"https:\/\/api.w.org\/{rel}","templated":true}]}}