{"id":2018,"date":"2017-12-12T09:43:10","date_gmt":"2017-12-12T09:43:10","guid":{"rendered":"http:\/\/aluksne.lv\/jauna1\/?page_id=2018"},"modified":"2026-03-23T10:26:30","modified_gmt":"2026-03-23T08:26:30","slug":"pii-mazputnins","status":"publish","type":"page","link":"https:\/\/aluksne.lv\/index.php\/izglitiba\/pirmsskolas-izglitibas-iestades\/pii-mazputnins\/","title":{"rendered":"PII \u201eMazputni\u0146\u0161\u201d"},"content":{"rendered":"<div id=\"pl-2018\"  class=\"panel-layout\" ><div id=\"pg-2018-0\"  class=\"panel-grid panel-no-style\" ><div id=\"pgc-2018-0-0\"  class=\"panel-grid-cell\" ><div id=\"panel-2018-0-0-0\" class=\"so-panel widget widget_sow-editor panel-first-child panel-last-child\" data-index=\"0\" ><div\n\t\t\t\n\t\t\tclass=\"so-widget-sow-editor so-widget-sow-editor-base\"\n\t\t\t\n\t\t>\n<div class=\"siteorigin-widget-tinymce textwidget\">\n\t<p><a href=\"https:\/\/aluksne.lv\/wp-content\/uploads\/2024\/10\/WhatsApp-Image-2024-10-08-at-16.23.44.jpeg\"><img loading=\"lazy\" decoding=\"async\" class=\" wp-image-51950 alignright\" src=\"https:\/\/aluksne.lv\/wp-content\/uploads\/2024\/10\/WhatsApp-Image-2024-10-08-at-16.23.44-800x600.jpeg\" alt=\"PII &quot;Mazputni\u0146\u0161&quot;\" width=\"656\" height=\"492\" srcset=\"https:\/\/aluksne.lv\/wp-content\/uploads\/2024\/10\/WhatsApp-Image-2024-10-08-at-16.23.44-800x600.jpeg 800w, https:\/\/aluksne.lv\/wp-content\/uploads\/2024\/10\/WhatsApp-Image-2024-10-08-at-16.23.44-1024x768.jpeg 1024w, https:\/\/aluksne.lv\/wp-content\/uploads\/2024\/10\/WhatsApp-Image-2024-10-08-at-16.23.44-768x576.jpeg 768w, https:\/\/aluksne.lv\/wp-content\/uploads\/2024\/10\/WhatsApp-Image-2024-10-08-at-16.23.44-1536x1152.jpeg 1536w, https:\/\/aluksne.lv\/wp-content\/uploads\/2024\/10\/WhatsApp-Image-2024-10-08-at-16.23.44-1170x878.jpeg 1170w, https:\/\/aluksne.lv\/wp-content\/uploads\/2024\/10\/WhatsApp-Image-2024-10-08-at-16.23.44.jpeg 2048w\" sizes=\"auto, (max-width: 656px) 100vw, 656px\" \/><\/a>\"Mazputni\u0146\u0161\", Brenci, Malienas pagasts<br \/>\nAl\u016bksnes novads, LV-4359<\/p>\n<p><strong>Vad\u012bt\u0101ja<\/strong>\u00a0Inga \u0100bolti\u0146a<br \/>\n<strong>T\u0101lrunis:<\/strong> 28794450<br \/>\n<strong>e-pasts:<\/strong>\u00a0mazputnins@aluksne.lv<br \/>\n<strong>eAdrese:<\/strong> _DEFAULT@40900006551<\/p>\n<p><a href=\"https:\/\/aluksne.lv\/wp-content\/uploads\/2024\/07\/4_Mazputnins_nolikums.docx\">NOLIKUMS<\/a><\/p>\n<p><a href=\"https:\/\/aluksne.lv\/wp-content\/uploads\/2025\/10\/PII_Mazputnins_Pasnovertejuma-zinojums-par-2024_2025mg.docx\">PA\u0160NOV\u0112RT\u0112JUMA ZI\u0145OJUMS<\/a><\/p>\n<p><a href=\"https:\/\/aluksne.lv\/wp-content\/uploads\/2026\/03\/Bernu-rindas-registrs-1.04.26.docx\">B\u0113rnu rindas re\u0123istrs<\/a><\/p>\n<p>Malien\u0101 b\u0113rnud\u0101rzs darbojas kop\u0161 1989. gada. Laik\u0101 no 1991. gada l\u012bdz 2003. gada 21. septembrim k\u0101 Malienas pamatskolas sast\u0101vda\u013ca, bet no 2003. gada 22. septembra k\u0101 speci\u0101l\u0101 pirmsskolas izgl\u012bt\u012bbas iest\u0101de. Kop\u0161 2012. gada 25. oktobra b\u0113rnud\u0101rzu saucam \u2013 Malienas pirmsskolas izgl\u012bt\u012bbas iest\u0101de \u201eMazputni\u0146\u0161\u201d.<\/p>\n<p>\u0160odien b\u0113rnud\u0101rzs ir visp\u0101r\u0113j\u0101s pirmsskolas izgl\u012bt\u012bbas iest\u0101de, kas \u012bsteno ar\u012b speci\u0101l\u0101s programmas.<\/p>\n<p>Izgl\u012bt\u012bbas iest\u0101de str\u0101d\u0101 no pulksten 7.00\u00a0 l\u012bdz pulksten 19.00 darba dien\u0101s.<\/p>\n<p>Izgl\u012bt\u012bbas iest\u0101d\u0113 par b\u0113rniem diendien\u0101 r\u016bp\u0113jas 8 pedago\u0123iskie darbinieki: iest\u0101des vad\u012bt\u0101ja; logop\u0113ds; 6 pirmsskolas izgl\u012bt\u012bbas skolot\u0101jas, tan\u012b skait\u0101 pirmsskolas izgl\u012bt\u012bbas m\u016bzikas skolot\u0101ja, speci\u0101lais pedagogs un pirmsskolas izgl\u012bt\u012bbas sporta skolot\u0101ja; \u0101rsta pal\u012bgs (feld\u0161eris) un 6\u00a0 tehniskie darbinieki: 3 skolot\u0101ju pal\u012bgi, ve\u013cas mazg\u0101jam\u0101s ma\u0161\u012bnas operators, apkop\u0113js, pal\u012bgstr\u0101dnieks, apkures sezon\u0101 \u2013 kurin\u0101t\u0101js.<\/p>\n<p>Trij\u0101s b\u0113rnu grup\u0101s (\u201eC\u0101l\u012b\u0161i\u201d, b\u0113rni vecum\u0101 no 1,5 l\u012bdz 4 gadiem, \"Irb\u012btes\" \u2013\u00a04 un 5 gad\u012bgi b\u0113rni, \u201eP\u016bc\u012btes\u201d \u2013 6 gad\u012bgi b\u0113rni) tiek \u012bstenotas piecas pirmsskolas izgl\u012bt\u012bbas programmas:<br \/>\n\u2022 speci\u0101l\u0101s pirmsskolas izgl\u012bt\u012bbas programma izgl\u012btojamajiem ar valodas att\u012bst\u012bbas trauc\u0113jumiem;<br \/>\n\u2022 speci\u0101l\u0101s pirmsskolas izgl\u012bt\u012bbas programma izgl\u012btojamajiem ar fizisk\u0101s att\u012bst\u012bbas trauc\u0113jumiem;<br \/>\n\u2022 speci\u0101l\u0101s pirmsskolas izgl\u012bt\u012bbas programma izgl\u012btojamajiem ar somatisk\u0101m saslim\u0161an\u0101m;<br \/>\n\u2022 speci\u0101l\u0101s pirmsskolas izgl\u012bt\u012bbas programma izgl\u012btojamajiem ar jauktiem att\u012bst\u012bbas trauc\u0113jumiem;<br \/>\n\u2022 visp\u0101r\u0113j\u0101s pirmsskolas izgl\u012bt\u012bbas programma.<\/p>\n<p><strong>Izgl\u012bt\u012bbas iest\u0101des misija \u2013 <\/strong>Izgl\u012btota, rado\u0161a un atbild\u012bga kolekt\u012bva darbs b\u0113rna vispus\u012bgai un harmoniskai att\u012bst\u012bbai vi\u0146a vajadz\u012bb\u0101m piem\u0113rot\u0101, dro\u0161\u0101 un est\u0113tiski audzino\u0161\u0101 vid\u0113.<\/p>\n<p><strong>Izgl\u012bt\u012bbas iest\u0101des v\u012bzija <\/strong>\u00a0par izgl\u012btojamo \u2013 Priec\u012bgs un zin\u0101tk\u0101rs b\u0113rns, kur\u0161 patst\u0101v\u012bg\u0101 darb\u012bb\u0101 g\u016bst arvien jaunu pieredzi atbilsto\u0161i sav\u0101m vajadz\u012bb\u0101m, interes\u0113m un sp\u0113j\u0101m sadarb\u012bb\u0101 ar intelektu\u0101li atv\u0113rtiem pedagogiem.<\/p>\n<p>&nbsp;<\/p>\n<p>Iest\u0101des \u012bpa\u0161ie pied\u0101v\u0101jumi ir m\u016bsdienu dejas, te\u0101tra sp\u0113les un izteiksm\u012bgas runas nodarb\u012bbas.<\/p>\n<p>Tiek uz\u0146emti b\u0113rni no 1,5 l\u012bdz 7 gadu vecumam ar pedago\u0123iski medic\u012bnisk\u0101s komisijas atzinumu speci\u0101laj\u0101s pirmsskolas izgl\u012bt\u012bbas programm\u0101s un b\u0113rni no 1,5 \u2013 6 gadu vecumam ar vad\u012bt\u0101ja r\u012bkojumu visp\u0101r\u0113j\u0101s pirmsskolas izgl\u012bt\u012bbas programm\u0101.<\/p>\n<p>B\u0113rni\u00a0apg\u016bst izgl\u012bt\u012bbas un audzin\u0101\u0161anas programm\u0101s noteikto saturu\u00a0 pedagogu organiz\u0113t\u0101s integr\u0113t\u0101s rota\u013cnodarb\u012bb\u0101s, pas\u0101kumos un b\u0113rnu br\u012bvi izv\u0113l\u0113t\u0101, patst\u0101v\u012bg\u0101 darb\u012bb\u0101, k\u0101 ar\u012b citos dienas gaitas \u00a0br\u012b\u017eos.<\/p>\n<p>Iest\u0101d\u0113 tiek organiz\u0113ti<br \/>\n\u2022 Zin\u012bbu dienas pas\u0101kums, tematisk\u0101s ned\u0113\u013cas un p\u0113cpusdienas, rado\u0161\u0101s darbn\u012bcas, gadsk\u0101rtu iera\u017eu sv\u0113tki, sporta izpriecas, izst\u0101des, p\u0101rg\u0101jieni, ekskursijas, jautrie br\u012b\u017ei, rota\u013cu un sp\u0113\u013cu p\u0113cpusdienas, konkursi, viktor\u012bnas, n\u0101kamo pirmklasnieku izlaidums un citi pas\u0101kumi.<\/p>\n<p>Iesaist\u0101mies pas\u0101kumos \u0101rpus iest\u0101des: konkursos, izst\u0101d\u0113s, nodarb\u012bb\u0101s, projektos pagast\u0101, novad\u0101, valst\u012b.<\/p>\n<p>&nbsp;<\/p>\n<p>&nbsp;<\/p>\n<\/div>\n<\/div><\/div><\/div><\/div><\/div>","protected":false},"excerpt":{"rendered":"<p>&#8220;Mazputni\u0146\u0161&#8221;, Brenci, Malienas pagasts Al\u016bksnes novads, LV-4359 Vad\u012bt\u0101ja\u00a0Inga \u0100bolti\u0146a T\u0101lrunis: 28794450 e-pasts:\u00a0mazputnins@aluksne.lv eAdrese: _DEFAULT@40900006551 NOLIKUMS PA\u0160NOV\u0112RT\u0112JUMA ZI\u0145OJUMS B\u0113rnu rindas re\u0123istrs Malien\u0101 b\u0113rnud\u0101rzs darbojas kop\u0161 1989. gada. Laik\u0101 no 1991. gada l\u012bdz 2003. gada 21. septembrim k\u0101 Malienas pamatskolas sast\u0101vda\u013ca, bet&#8230;<br \/><a class=\"read-more-button\" href=\"https:\/\/aluksne.lv\/index.php\/izglitiba\/pirmsskolas-izglitibas-iestades\/pii-mazputnins\/\">Las\u012bt visu<\/a><\/p>\n","protected":false},"author":1,"featured_media":0,"parent":452,"menu_order":0,"comment_status":"closed","ping_status":"closed","template":"","meta":{"_crdt_document":"","_monsterinsights_skip_tracking":false,"_monsterinsights_sitenote_active":false,"_monsterinsights_sitenote_note":"","_monsterinsights_sitenote_category":0,"footnotes":"","_links_to":"","_links_to_target":""},"class_list":["post-2018","page","type-page","status-publish","hentry"],"_links":{"self":[{"href":"https:\/\/aluksne.lv\/index.php\/wp-json\/wp\/v2\/pages\/2018","targetHints":{"allow":["GET"]}}],"collection":[{"href":"https:\/\/aluksne.lv\/index.php\/wp-json\/wp\/v2\/pages"}],"about":[{"href":"https:\/\/aluksne.lv\/index.php\/wp-json\/wp\/v2\/types\/page"}],"author":[{"embeddable":true,"href":"https:\/\/aluksne.lv\/index.php\/wp-json\/wp\/v2\/users\/1"}],"replies":[{"embeddable":true,"href":"https:\/\/aluksne.lv\/index.php\/wp-json\/wp\/v2\/comments?post=2018"}],"version-history":[{"count":1,"href":"https:\/\/aluksne.lv\/index.php\/wp-json\/wp\/v2\/pages\/2018\/revisions"}],"predecessor-version":[{"id":61548,"href":"https:\/\/aluksne.lv\/index.php\/wp-json\/wp\/v2\/pages\/2018\/revisions\/61548"}],"up":[{"embeddable":true,"href":"https:\/\/aluksne.lv\/index.php\/wp-json\/wp\/v2\/pages\/452"}],"wp:attachment":[{"href":"https:\/\/aluksne.lv\/index.php\/wp-json\/wp\/v2\/media?parent=2018"}],"curies":[{"name":"wp","href":"https:\/\/api.w.org\/{rel}","templated":true}]}}