{"id":203,"date":"2015-12-08T14:51:28","date_gmt":"2015-12-08T14:51:28","guid":{"rendered":"http:\/\/aluksne.lv\/jauna\/?page_id=203"},"modified":"2026-01-30T19:31:25","modified_gmt":"2026-01-30T17:31:25","slug":"jaunanna","status":"publish","type":"page","link":"https:\/\/aluksne.lv\/index.php\/novads\/jaunanna\/","title":{"rendered":"Jaunanna"},"content":{"rendered":"<div id=\"pl-203\"  class=\"panel-layout\" ><div id=\"pg-203-0\"  class=\"panel-grid panel-no-style\" ><div id=\"pgc-203-0-0\"  class=\"panel-grid-cell\" ><div id=\"panel-203-0-0-0\" class=\"so-panel widget widget_sow-editor panel-first-child panel-last-child\" data-index=\"0\" ><div\n\t\t\t\n\t\t\tclass=\"so-widget-sow-editor so-widget-sow-editor-base\"\n\t\t\t\n\t\t>\n<div class=\"siteorigin-widget-tinymce textwidget\">\n\t<h4>Jaunannas pagasts atrodas Al\u016bksnes novada dienvidu da\u013c\u0101. T\u0101 kopplat\u012bba 93,99 km<sup>2<\/sup>. Jaunannas pagasts robe\u017eojas ar Al\u016bksnes novada Annas, Malienas un M\u0101lupes pagastiem, k\u0101 ar\u012b Balvu novada Kubulu pagastu un Gulbenes novada Litenes un St\u0101merienas pagastiem.<\/h4>\n<h4><a href=\"https:\/\/www.google.lv\/maps\/place\/Jaunannas+pagasts,+LV-4340\/@57.2872194,27.04784,12z\/data=!3m1!4b1!4m5!3m4!1s0x46ea6d1248ad3cff:0x2c78e1d6bb1938f4!8m2!3d57.2917901!4d27.1083426\" target=\"_blank\" rel=\"noopener\">Jaunannas pagasts<\/a><\/h4>\n<\/div>\n<\/div><\/div><\/div><div id=\"pgc-203-0-1\"  class=\"panel-grid-cell\" ><div id=\"panel-203-0-1-0\" class=\"so-panel widget panel-first-child panel-last-child\" data-index=\"1\" ><\/div><\/div><\/div><\/div>","protected":false},"excerpt":{"rendered":"<p>Jaunannas pagasts atrodas Al\u016bksnes novada dienvidu da\u013c\u0101. T\u0101 kopplat\u012bba 93,99 km2. Jaunannas pagasts robe\u017eojas ar Al\u016bksnes novada Annas, Malienas un M\u0101lupes pagastiem, k\u0101 ar\u012b Balvu novada Kubulu pagastu un Gulbenes novada Litenes un St\u0101merienas pagastiem. Jaunannas pagasts<\/p>\n","protected":false},"author":1,"featured_media":0,"parent":4,"menu_order":0,"comment_status":"closed","ping_status":"closed","template":"","meta":{"_crdt_document":"","_monsterinsights_skip_tracking":false,"_monsterinsights_sitenote_active":false,"_monsterinsights_sitenote_note":"","_monsterinsights_sitenote_category":0,"footnotes":"","_links_to":"","_links_to_target":""},"class_list":["post-203","page","type-page","status-publish","hentry"],"_links":{"self":[{"href":"https:\/\/aluksne.lv\/index.php\/wp-json\/wp\/v2\/pages\/203","targetHints":{"allow":["GET"]}}],"collection":[{"href":"https:\/\/aluksne.lv\/index.php\/wp-json\/wp\/v2\/pages"}],"about":[{"href":"https:\/\/aluksne.lv\/index.php\/wp-json\/wp\/v2\/types\/page"}],"author":[{"embeddable":true,"href":"https:\/\/aluksne.lv\/index.php\/wp-json\/wp\/v2\/users\/1"}],"replies":[{"embeddable":true,"href":"https:\/\/aluksne.lv\/index.php\/wp-json\/wp\/v2\/comments?post=203"}],"version-history":[{"count":1,"href":"https:\/\/aluksne.lv\/index.php\/wp-json\/wp\/v2\/pages\/203\/revisions"}],"predecessor-version":[{"id":60310,"href":"https:\/\/aluksne.lv\/index.php\/wp-json\/wp\/v2\/pages\/203\/revisions\/60310"}],"up":[{"embeddable":true,"href":"https:\/\/aluksne.lv\/index.php\/wp-json\/wp\/v2\/pages\/4"}],"wp:attachment":[{"href":"https:\/\/aluksne.lv\/index.php\/wp-json\/wp\/v2\/media?parent=203"}],"curies":[{"name":"wp","href":"https:\/\/api.w.org\/{rel}","templated":true}]}}