{"id":20341,"date":"2020-06-11T13:45:47","date_gmt":"2020-06-11T10:45:47","guid":{"rendered":"https:\/\/aluksne.lv\/?page_id=20341"},"modified":"2022-07-20T08:57:52","modified_gmt":"2022-07-20T05:57:52","slug":"medibu-tiesibu-izsolu-rezultati","status":"publish","type":"page","link":"https:\/\/aluksne.lv\/index.php\/pasvaldiba\/izsoles\/medibu-tiesibu-izsolu-rezultati\/","title":{"rendered":"MED\u012aBU TIES\u012aBU IZSO\u013bU REZULT\u0100TI"},"content":{"rendered":"<p>&nbsp;<\/p>\n<p>&nbsp;<\/p>\n<p><strong>Liepnas pagast\u0101<\/strong><\/p>\n<p>25.09.2020. Med\u012bbu ties\u012bbu nomas l\u012bgums Nr. LPP\/1.9\/20\/69 \u2013 nosl\u0113gts ar ZS Klajalk\u0161\u0146i\u00a0<\/p>\n<p>25.09.2020. Med\u012bbu ties\u012bbu nomas l\u012bgums Nr. LPP\/1.9\/20\/70 \u2013 nosl\u0113gts ar fizisku personu<\/p>\n<hr \/>\n<p><strong>M\u0101lupes pagast\u0101<\/strong><\/p>\n<p>29.03.2021.Med\u012bbu ties\u012bbu nomas l\u012bgums Nr.MLPP\/1.9\/21\/6 &#8211; mednieku biedr\u012bba &#8220;Upmalas&#8221;<\/p>\n<p>29.03.2021.Med\u012bbu ties\u012bbu nomas l\u012bgums Nr.MLPP\/1.9\/21\/7 &#8211; A.Delpera med\u012bbu iecirknis<\/p>\n<p>29.03.2021.Med\u012bbu ties\u012bbu nomas l\u012bgums Nr.MLPP\/1.9\/21\/8 &#8211; mednieku biedr\u012bba &#8220;M\u0101lupe&#8221;<\/p>\n<hr \/>\n<p><strong>Pededzes pagast\u0101<\/strong><\/p>\n<p>26.08.2020. Med\u012bbu ties\u012bbu nomas l\u012bgums Nr. PPP\/1.9\/20\/55.<\/p>\n<hr \/>\n<p><strong>Alsvi\u0137u pagast\u0101<\/strong><\/p>\n<p><a href=\"https:\/\/aluksne.lv\/wp-content\/uploads\/2021\/03\/Rezultats-_-Medibu-tiesibu-nomai-nododamas-platibas-2.docx\">Med\u012bbu ties\u012bbu nomai nododam\u0101s plat\u012bbas Al\u016bksnes novada Alsvi\u0137u pagast\u0101 (29.03.2021.)<\/a><\/p>\n<hr \/>\n<p><strong>Ilzenes pagast\u0101<\/strong><\/p>\n<p><a href=\"https:\/\/aluksne.lv\/wp-content\/uploads\/2021\/03\/medibu-platibas-1-1.docx\">Med\u012bbu ties\u012bbu nomai nododam\u0101s plat\u012bbas Al\u016bksnes novada Ilzenes pagast\u0101 (29.03.2021.)<\/a><\/p>\n<hr \/>\n","protected":false},"excerpt":{"rendered":"<p>&nbsp; &nbsp; Liepnas pagast\u0101 25.09.2020. Med\u012bbu ties\u012bbu nomas l\u012bgums Nr. LPP\/1.9\/20\/69 \u2013 nosl\u0113gts ar ZS Klajalk\u0161\u0146i\u00a0 25.09.2020. Med\u012bbu ties\u012bbu nomas l\u012bgums Nr. LPP\/1.9\/20\/70 \u2013 nosl\u0113gts ar fizisku personu M\u0101lupes pagast\u0101 29.03.2021.Med\u012bbu ties\u012bbu nomas l\u012bgums Nr.MLPP\/1.9\/21\/6 &#8211; mednieku biedr\u012bba &#8220;Upmalas&#8221; 29.03.2021.Med\u012bbu&#8230;<br \/><a class=\"read-more-button\" href=\"https:\/\/aluksne.lv\/index.php\/pasvaldiba\/izsoles\/medibu-tiesibu-izsolu-rezultati\/\">Las\u012bt visu<\/a><\/p>\n","protected":false},"author":3,"featured_media":0,"parent":385,"menu_order":0,"comment_status":"closed","ping_status":"closed","template":"","meta":{"_crdt_document":"","_monsterinsights_skip_tracking":false,"_monsterinsights_sitenote_active":false,"_monsterinsights_sitenote_note":"","_monsterinsights_sitenote_category":0,"footnotes":"","_links_to":"","_links_to_target":""},"class_list":["post-20341","page","type-page","status-publish","hentry"],"_links":{"self":[{"href":"https:\/\/aluksne.lv\/index.php\/wp-json\/wp\/v2\/pages\/20341","targetHints":{"allow":["GET"]}}],"collection":[{"href":"https:\/\/aluksne.lv\/index.php\/wp-json\/wp\/v2\/pages"}],"about":[{"href":"https:\/\/aluksne.lv\/index.php\/wp-json\/wp\/v2\/types\/page"}],"author":[{"embeddable":true,"href":"https:\/\/aluksne.lv\/index.php\/wp-json\/wp\/v2\/users\/3"}],"replies":[{"embeddable":true,"href":"https:\/\/aluksne.lv\/index.php\/wp-json\/wp\/v2\/comments?post=20341"}],"version-history":[{"count":0,"href":"https:\/\/aluksne.lv\/index.php\/wp-json\/wp\/v2\/pages\/20341\/revisions"}],"up":[{"embeddable":true,"href":"https:\/\/aluksne.lv\/index.php\/wp-json\/wp\/v2\/pages\/385"}],"wp:attachment":[{"href":"https:\/\/aluksne.lv\/index.php\/wp-json\/wp\/v2\/media?parent=20341"}],"curies":[{"name":"wp","href":"https:\/\/api.w.org\/{rel}","templated":true}]}}