{"id":205,"date":"2015-12-08T14:51:47","date_gmt":"2015-12-08T14:51:47","guid":{"rendered":"http:\/\/aluksne.lv\/jauna\/?page_id=205"},"modified":"2026-01-30T19:34:42","modified_gmt":"2026-01-30T17:34:42","slug":"jaunlaicene","status":"publish","type":"page","link":"https:\/\/aluksne.lv\/index.php\/novads\/jaunlaicene\/","title":{"rendered":"Jaunlaicene"},"content":{"rendered":"<div id=\"pl-205\"  class=\"panel-layout\" ><div id=\"pg-205-0\"  class=\"panel-grid panel-no-style\" ><div id=\"pgc-205-0-0\"  class=\"panel-grid-cell\" ><div id=\"panel-205-0-0-0\" class=\"so-panel widget widget_sow-editor panel-first-child panel-last-child\" data-index=\"0\" ><div\n\t\t\t\n\t\t\tclass=\"so-widget-sow-editor so-widget-sow-editor-base\"\n\t\t\t\n\t\t>\n<div class=\"siteorigin-widget-tinymce textwidget\">\n\t<h4>Jaunlaicenes pagasts atrodas Al\u016bksnes novada zieme\u013cu da\u013c\u0101. T\u0101 kopplat\u012bba 52,2 km<sup>2<\/sup>. Jaunlaicenes pagasts robe\u017eojas ar Al\u016bksnes novada Alsvi\u0137u, Veclaicenes un Ziemera pagastiem, k\u0101 ar\u012b Smiltenes novada Apes pagastu.<\/h4>\n<p>&nbsp;<\/p>\n<h4><a href=\"https:\/\/www.google.lv\/maps\/place\/Jaunlaicenes+pagasts,+Al%C5%ABksnes+novads,+LV-4336\/@57.536423,26.802698,12z\/data=!3m1!4b1!4m6!3m5!1s0x46ea5b6fac5cccdf:0xc9d440387924ec9!8m2!3d57.5375641!4d26.8916097!16s%2Fm%2F05q5df5?entry=ttu&amp;g_ep=EgoyMDI2MDEyOC4wIKXMDSoASAFQAw%3D%3D\">Jaunlaicenes pagasts<\/a><\/h4>\n<\/div>\n<\/div><\/div><\/div><div id=\"pgc-205-0-1\"  class=\"panel-grid-cell\" ><div id=\"panel-205-0-1-0\" class=\"so-panel widget panel-first-child panel-last-child\" data-index=\"1\" ><\/div><\/div><\/div><\/div>","protected":false},"excerpt":{"rendered":"<p>Jaunlaicenes pagasts atrodas Al\u016bksnes novada zieme\u013cu da\u013c\u0101. T\u0101 kopplat\u012bba 52,2 km2. Jaunlaicenes pagasts robe\u017eojas ar Al\u016bksnes novada Alsvi\u0137u, Veclaicenes un Ziemera pagastiem, k\u0101 ar\u012b Smiltenes novada Apes pagastu. &nbsp; Jaunlaicenes pagasts<\/p>\n","protected":false},"author":1,"featured_media":0,"parent":4,"menu_order":0,"comment_status":"closed","ping_status":"closed","template":"","meta":{"_crdt_document":"","_monsterinsights_skip_tracking":false,"_monsterinsights_sitenote_active":false,"_monsterinsights_sitenote_note":"","_monsterinsights_sitenote_category":0,"footnotes":"","_links_to":"","_links_to_target":""},"class_list":["post-205","page","type-page","status-publish","hentry"],"_links":{"self":[{"href":"https:\/\/aluksne.lv\/index.php\/wp-json\/wp\/v2\/pages\/205","targetHints":{"allow":["GET"]}}],"collection":[{"href":"https:\/\/aluksne.lv\/index.php\/wp-json\/wp\/v2\/pages"}],"about":[{"href":"https:\/\/aluksne.lv\/index.php\/wp-json\/wp\/v2\/types\/page"}],"author":[{"embeddable":true,"href":"https:\/\/aluksne.lv\/index.php\/wp-json\/wp\/v2\/users\/1"}],"replies":[{"embeddable":true,"href":"https:\/\/aluksne.lv\/index.php\/wp-json\/wp\/v2\/comments?post=205"}],"version-history":[{"count":2,"href":"https:\/\/aluksne.lv\/index.php\/wp-json\/wp\/v2\/pages\/205\/revisions"}],"predecessor-version":[{"id":60312,"href":"https:\/\/aluksne.lv\/index.php\/wp-json\/wp\/v2\/pages\/205\/revisions\/60312"}],"up":[{"embeddable":true,"href":"https:\/\/aluksne.lv\/index.php\/wp-json\/wp\/v2\/pages\/4"}],"wp:attachment":[{"href":"https:\/\/aluksne.lv\/index.php\/wp-json\/wp\/v2\/media?parent=205"}],"curies":[{"name":"wp","href":"https:\/\/api.w.org\/{rel}","templated":true}]}}