{"id":207,"date":"2015-12-08T14:52:08","date_gmt":"2015-12-08T14:52:08","guid":{"rendered":"http:\/\/aluksne.lv\/jauna\/?page_id=207"},"modified":"2026-01-30T19:35:48","modified_gmt":"2026-01-30T17:35:48","slug":"kalncempji","status":"publish","type":"page","link":"https:\/\/aluksne.lv\/index.php\/novads\/kalncempji\/","title":{"rendered":"Kalncempji"},"content":{"rendered":"<div id=\"pl-207\"  class=\"panel-layout\" ><div id=\"pg-207-0\"  class=\"panel-grid panel-no-style\" ><div id=\"pgc-207-0-0\"  class=\"panel-grid-cell\" ><div id=\"panel-207-0-0-0\" class=\"so-panel widget widget_sow-editor panel-first-child panel-last-child\" data-index=\"0\" ><div\n\t\t\t\n\t\t\tclass=\"so-widget-sow-editor so-widget-sow-editor-base\"\n\t\t\t\n\t\t>\n<div class=\"siteorigin-widget-tinymce textwidget\">\n\t<h4>Kalncempju pagasts atrodas Al\u016bksnes novada dienvidu da\u013c\u0101. T\u0101 kopplat\u012bba 43,00 km<sup>2<\/sup>. Kalncempju pagasts robe\u017eojas ar Al\u016bksnes novada Alsvi\u0137u, Annas un Zelti\u0146u pagastiem, k\u0101 ar\u012b Gulbenes novada St\u0101merienas un Be\u013cavas pagastiem.<\/h4>\n<h4><a href=\"https:\/\/www.google.lv\/maps\/place\/Kalncempju+pagasts,+LV-4342\/@57.3324754,26.8017855,12z\/data=!3m1!4b1!4m5!3m4!1s0x46ea6aa1be668ea9:0xfbd83a47fccb789f!8m2!3d57.3410598!4d26.8956055\" target=\"_blank\" rel=\"noopener\">Kalncempju pagasts<\/a><\/h4>\n<\/div>\n<\/div><\/div><\/div><div id=\"pgc-207-0-1\"  class=\"panel-grid-cell\" ><div id=\"panel-207-0-1-0\" class=\"so-panel widget panel-first-child panel-last-child\" data-index=\"1\" ><\/div><\/div><\/div><\/div>","protected":false},"excerpt":{"rendered":"<p>Kalncempju pagasts atrodas Al\u016bksnes novada dienvidu da\u013c\u0101. T\u0101 kopplat\u012bba 43,00 km2. Kalncempju pagasts robe\u017eojas ar Al\u016bksnes novada Alsvi\u0137u, Annas un Zelti\u0146u pagastiem, k\u0101 ar\u012b Gulbenes novada St\u0101merienas un Be\u013cavas pagastiem. Kalncempju pagasts<\/p>\n","protected":false},"author":1,"featured_media":0,"parent":4,"menu_order":0,"comment_status":"closed","ping_status":"closed","template":"","meta":{"_crdt_document":"","_monsterinsights_skip_tracking":false,"_monsterinsights_sitenote_active":false,"_monsterinsights_sitenote_note":"","_monsterinsights_sitenote_category":0,"footnotes":"","_links_to":"","_links_to_target":""},"class_list":["post-207","page","type-page","status-publish","hentry"],"_links":{"self":[{"href":"https:\/\/aluksne.lv\/index.php\/wp-json\/wp\/v2\/pages\/207","targetHints":{"allow":["GET"]}}],"collection":[{"href":"https:\/\/aluksne.lv\/index.php\/wp-json\/wp\/v2\/pages"}],"about":[{"href":"https:\/\/aluksne.lv\/index.php\/wp-json\/wp\/v2\/types\/page"}],"author":[{"embeddable":true,"href":"https:\/\/aluksne.lv\/index.php\/wp-json\/wp\/v2\/users\/1"}],"replies":[{"embeddable":true,"href":"https:\/\/aluksne.lv\/index.php\/wp-json\/wp\/v2\/comments?post=207"}],"version-history":[{"count":1,"href":"https:\/\/aluksne.lv\/index.php\/wp-json\/wp\/v2\/pages\/207\/revisions"}],"predecessor-version":[{"id":60313,"href":"https:\/\/aluksne.lv\/index.php\/wp-json\/wp\/v2\/pages\/207\/revisions\/60313"}],"up":[{"embeddable":true,"href":"https:\/\/aluksne.lv\/index.php\/wp-json\/wp\/v2\/pages\/4"}],"wp:attachment":[{"href":"https:\/\/aluksne.lv\/index.php\/wp-json\/wp\/v2\/media?parent=207"}],"curies":[{"name":"wp","href":"https:\/\/api.w.org\/{rel}","templated":true}]}}