{"id":20796,"date":"2020-07-07T14:59:00","date_gmt":"2020-07-07T11:59:00","guid":{"rendered":"https:\/\/aluksne.lv\/?page_id=20796"},"modified":"2020-07-29T08:38:58","modified_gmt":"2020-07-29T05:38:58","slug":"viegli-lasit","status":"publish","type":"page","link":"https:\/\/aluksne.lv\/index.php\/viegli-lasit\/","title":{"rendered":"Viegli las\u012bt"},"content":{"rendered":"<p>&nbsp;<\/p>\n<p><span style=\"font-size: 14pt;\">Al\u016bksnes dom\u0113 ir\u00a0piecpadsmit <a href=\"https:\/\/aluksne.lv\/index.php\/pasvaldiba\/par-aluksnes-novada-domes-darbu\/aluksnes-novada-domes-deputati\/\">deput\u0101ti<\/a>.<\/span><\/p>\n<p><span style=\"font-size: 14pt;\">Deput\u0101tus iev\u0113l\u0113 iedz\u012bvot\u0101ji.<\/span><\/p>\n<p><span style=\"font-size: 14pt;\">Novada domes v\u0113l\u0113\u0161anas notiek reizi \u010detros gados.<\/span><\/p>\n<p><span style=\"font-size: 14pt;\">Dome p\u0101rst\u0101v iedz\u012bvot\u0101ju intereses pa\u0161vald\u012bbas un valsts l\u012bmen\u012b.<\/span><\/p>\n<p><span style=\"font-size: 14pt;\">Novada domi vada <a href=\"https:\/\/aluksne.lv\/index.php\/pasvaldiba\/kontakti\/vadiba\/\">priek\u0161s\u0113d\u0113t\u0101js un vi\u0146a vietnieki<\/a>.<\/span><\/p>\n<p><span style=\"font-size: 14pt;\">Vi\u0146us iev\u0113l no deput\u0101tu vidus atkl\u0101t\u0101 balsojum\u0101.<\/span><\/p>\n<p><span style=\"font-size: 14pt;\">Dome l\u0113mumus pie\u0146em s\u0113d\u0113s.<\/span><\/p>\n<p><span style=\"font-size: 14pt;\">Domes s\u0113des\u00a0ir atkl\u0101tas un notiek vienu reizi m\u0113nes\u012b ceturtdien\u0101s.<\/span><\/p>\n<p><span style=\"font-size: 14pt;\">Taj\u0101s var piedal\u012bties ikviens, kur\u0161 v\u0113las.<\/span><\/p>\n<p><span style=\"font-size: 14pt;\">Lai nodro\u0161in\u0101tu domes darb\u012bbu un izskat\u012btu l\u0113mumu projektus, ir izveidotas\u00a0<a href=\"https:\/\/aluksne.lv\/index.php\/pasvaldiba\/par-aluksnes-novada-domes-darbu\/komitejas\/\">komitejas<\/a>\u00a0un\u00a0\u00a0<a href=\"https:\/\/aluksne.lv\/index.php\/pasvaldiba\/komisijas\/\">komisijas<\/a>.<\/span><\/p>\n<p><span style=\"font-size: 14pt;\">Domes pie\u0146emto l\u0113mumu izpildi nodro\u0161ina Al\u016bksnes novada\u00a0pa\u0161vald\u012bbas <a href=\"https:\/\/aluksne.lv\/index.php\/pasvaldiba\/kontakti\/administracija\/\">administr\u0101cija<\/a>.<\/span><\/p>\n<p><span style=\"font-size: 14pt;\">Inform\u0101ciju par pa\u0161vald\u012bbas darbu un sniegtajiem pakalpojumiem var ieg\u016bt <a href=\"https:\/\/aluksne.lv\/index.php\/aluksnes-novada-valsts-un-pasvaldibas-vienotais-klientu-apkalposanas-centrs-vpvkac\/\">Valsts un pa\u0161vald\u012bbu vienotaj\u0101 klientu apkalpo\u0161anas centr\u0101.<\/a><\/span><\/p>\n","protected":false},"excerpt":{"rendered":"<p>&nbsp; Al\u016bksnes dom\u0113 ir\u00a0piecpadsmit deput\u0101ti. Deput\u0101tus iev\u0113l\u0113 iedz\u012bvot\u0101ji. Novada domes v\u0113l\u0113\u0161anas notiek reizi \u010detros gados. Dome p\u0101rst\u0101v iedz\u012bvot\u0101ju intereses pa\u0161vald\u012bbas un valsts l\u012bmen\u012b. Novada domi vada priek\u0161s\u0113d\u0113t\u0101js un vi\u0146a vietnieki. Vi\u0146us iev\u0113l no deput\u0101tu vidus atkl\u0101t\u0101 balsojum\u0101. Dome l\u0113mumus pie\u0146em&#8230;<br \/><a class=\"read-more-button\" href=\"https:\/\/aluksne.lv\/index.php\/viegli-lasit\/\">Las\u012bt visu<\/a><\/p>\n","protected":false},"author":1,"featured_media":0,"parent":0,"menu_order":0,"comment_status":"closed","ping_status":"closed","template":"","meta":{"_crdt_document":"","_monsterinsights_skip_tracking":false,"_monsterinsights_sitenote_active":false,"_monsterinsights_sitenote_note":"","_monsterinsights_sitenote_category":0,"footnotes":"","_links_to":"","_links_to_target":""},"class_list":["post-20796","page","type-page","status-publish","hentry"],"_links":{"self":[{"href":"https:\/\/aluksne.lv\/index.php\/wp-json\/wp\/v2\/pages\/20796","targetHints":{"allow":["GET"]}}],"collection":[{"href":"https:\/\/aluksne.lv\/index.php\/wp-json\/wp\/v2\/pages"}],"about":[{"href":"https:\/\/aluksne.lv\/index.php\/wp-json\/wp\/v2\/types\/page"}],"author":[{"embeddable":true,"href":"https:\/\/aluksne.lv\/index.php\/wp-json\/wp\/v2\/users\/1"}],"replies":[{"embeddable":true,"href":"https:\/\/aluksne.lv\/index.php\/wp-json\/wp\/v2\/comments?post=20796"}],"version-history":[{"count":0,"href":"https:\/\/aluksne.lv\/index.php\/wp-json\/wp\/v2\/pages\/20796\/revisions"}],"wp:attachment":[{"href":"https:\/\/aluksne.lv\/index.php\/wp-json\/wp\/v2\/media?parent=20796"}],"curies":[{"name":"wp","href":"https:\/\/api.w.org\/{rel}","templated":true}]}}