{"id":2082,"date":"2017-12-12T10:10:31","date_gmt":"2017-12-12T10:10:31","guid":{"rendered":"http:\/\/aluksne.lv\/jauna1\/?page_id=2082"},"modified":"2026-02-17T10:56:43","modified_gmt":"2026-02-17T08:56:43","slug":"liepnas-vidusskola","status":"publish","type":"page","link":"https:\/\/aluksne.lv\/index.php\/izglitiba\/visparejas-izglitibas-iestades\/liepnas-vidusskola\/","title":{"rendered":"Alekseja Gr\u0101v\u012b\u0161a Liepnas pamatskola"},"content":{"rendered":"<div id=\"pl-2082\"  class=\"panel-layout\" ><div id=\"pg-2082-0\"  class=\"panel-grid panel-no-style\" ><div id=\"pgc-2082-0-0\"  class=\"panel-grid-cell\" ><div id=\"panel-2082-0-0-0\" class=\"so-panel widget widget_sow-editor panel-first-child panel-last-child\" data-index=\"0\" ><div\n\t\t\t\n\t\t\tclass=\"so-widget-sow-editor so-widget-sow-editor-base\"\n\t\t\t\n\t\t>\n<div class=\"siteorigin-widget-tinymce textwidget\">\n\t<\/div>\n<\/div><\/div><\/div><\/div><div id=\"pg-2082-1\"  class=\"panel-grid panel-no-style\" ><div id=\"pgc-2082-1-0\"  class=\"panel-grid-cell\" ><div id=\"panel-2082-1-0-0\" class=\"so-panel widget widget_media_image panel-first-child panel-last-child\" data-index=\"1\" ><img loading=\"lazy\" decoding=\"async\" width=\"571\" height=\"367\" src=\"https:\/\/aluksne.lv\/wp-content\/uploads\/2026\/02\/Attels1-e1770728428592.png\" class=\"image wp-image-60556  attachment-820x534 size-820x534\" alt=\"Alekseja Gr\u0101v\u012b\u0161a Liepnas pamatskola\" style=\"max-width: 100%; height: auto;\" \/><\/div><\/div><div id=\"pgc-2082-1-1\"  class=\"panel-grid-cell\" ><div id=\"panel-2082-1-1-0\" class=\"so-panel widget widget_media_image panel-first-child panel-last-child\" data-index=\"2\" ><img loading=\"lazy\" decoding=\"async\" width=\"800\" height=\"512\" src=\"https:\/\/aluksne.lv\/wp-content\/uploads\/2026\/02\/Attels2-e1770728491190-800x512.jpg\" class=\"image wp-image-60557  attachment-medium size-medium\" alt=\"Alekseja Gr\u0101v\u012b\u0161a Liepnas pamatskola\" style=\"max-width: 100%; height: auto;\" srcset=\"https:\/\/aluksne.lv\/wp-content\/uploads\/2026\/02\/Attels2-e1770728491190-800x512.jpg 800w, https:\/\/aluksne.lv\/wp-content\/uploads\/2026\/02\/Attels2-e1770728491190-768x491.jpg 768w, https:\/\/aluksne.lv\/wp-content\/uploads\/2026\/02\/Attels2-e1770728491190.jpg 852w\" sizes=\"auto, (max-width: 800px) 100vw, 800px\" \/><\/div><\/div><div id=\"pgc-2082-1-2\"  class=\"panel-grid-cell\" ><div id=\"panel-2082-1-2-0\" class=\"so-panel widget widget_media_image panel-first-child panel-last-child\" data-index=\"3\" ><img loading=\"lazy\" decoding=\"async\" width=\"800\" height=\"513\" src=\"https:\/\/aluksne.lv\/wp-content\/uploads\/2026\/02\/Attels3-e1770728454968-800x513.jpg\" class=\"image wp-image-60558  attachment-medium size-medium\" alt=\"Alekseja Gr\u0101v\u012b\u0161a Liepnas pamatskola\" style=\"max-width: 100%; height: auto;\" srcset=\"https:\/\/aluksne.lv\/wp-content\/uploads\/2026\/02\/Attels3-e1770728454968-800x513.jpg 800w, https:\/\/aluksne.lv\/wp-content\/uploads\/2026\/02\/Attels3-e1770728454968-1024x657.jpg 1024w, https:\/\/aluksne.lv\/wp-content\/uploads\/2026\/02\/Attels3-e1770728454968-768x493.jpg 768w, https:\/\/aluksne.lv\/wp-content\/uploads\/2026\/02\/Attels3-e1770728454968.jpg 1082w\" sizes=\"auto, (max-width: 800px) 100vw, 800px\" \/><\/div><\/div><\/div><div id=\"pg-2082-2\"  class=\"panel-grid panel-no-style\" ><div id=\"pgc-2082-2-0\"  class=\"panel-grid-cell\" ><div id=\"panel-2082-2-0-0\" class=\"so-panel widget widget_sow-accordion panel-first-child panel-last-child\" data-index=\"4\" ><div\n\t\t\t\n\t\t\tclass=\"so-widget-sow-accordion so-widget-sow-accordion-default-7d8be5f91d55-2082\"\n\t\t\t\n\t\t><div>\n\t<div class=\"sow-accordion\">\n\t\t\t<div class=\"sow-accordion-panel\n\t\t\t\t\t\"\n\t\t\t\tdata-anchor-id=\"musu-skola\">\n\t\t\t\t\t<div class=\"sow-accordion-panel-header-container\" role=\"heading\" aria-level=\"2\">\n\t\t\t\t\t<div class=\"sow-accordion-panel-header\" tabindex=\"0\" role=\"button\" id=\"accordion-label-m%c5%absu-skola\" aria-controls=\"accordion-content-m%c5%absu-skola\" aria-expanded=\"false\">\n\t\t\t\t\t\t<div class=\"sow-accordion-title sow-accordion-title-icon-left\">\n\t\t\t\t\t\t\t\t\t\t\t\t\t\tM\u016aSU SKOLA\t\t\t\t\t\t\t\t\t\t\t\t\t<\/div>\n\t\t\t\t\t\t<div class=\"sow-accordion-open-close-button\">\n\t\t\t\t\t\t\t<div class=\"sow-accordion-open-button\">\n\t\t\t\t\t\t\t\t<span class=\"sow-icon-ionicons\" data-sow-icon=\"&#xf218;\"\n\t\t \n\t\taria-hidden=\"true\"><\/span>\t\t\t\t\t\t\t<\/div>\n\t\t\t\t\t\t\t<div class=\"sow-accordion-close-button\">\n\t\t\t\t\t\t\t\t<span class=\"sow-icon-ionicons\" data-sow-icon=\"&#xf209;\"\n\t\t \n\t\taria-hidden=\"true\"><\/span>\t\t\t\t\t\t\t<\/div>\n\t\t\t\t\t\t<\/div>\n\t\t\t\t\t<\/div>\n\t\t\t\t<\/div>\n\n\t\t\t<div\n\t\t\t\tclass=\"sow-accordion-panel-content\"\n\t\t\t\trole=\"region\"\n\t\t\t\taria-labelledby=\"accordion-label-m%c5%absu-skola\"\n\t\t\t\tid=\"accordion-content-m%c5%absu-skola\"\n\t\t\t\tstyle=\"display: none;\"\t\t\t>\n\t\t\t\t<div class=\"sow-accordion-panel-border\">\n\t\t\t\t\t<p><a href=\"https:\/\/aluksne.lv\/wp-content\/uploads\/2026\/02\/Darbibas-vizija.pdf\">Darb\u012bbas v\u012bzija<\/a><\/p>\n<p><a href=\"https:\/\/aluksne.lv\/wp-content\/uploads\/2026\/02\/Liepnas-pagasta-skolu-dibinasanas-gadu-VESTURISKA-IZZINA.pdf\">Liepnas pagasta skolu dibin\u0101\u0161anas gadu V\u0112STURISK\u0100 IZZI\u0145A<\/a><\/p>\n<p><strong>Skola realiz\u0113:<\/strong><\/p>\n<p>Visp\u0101r\u0113j\u0101s pirmsskolas izgl\u012bt\u012bbas programma (kods 0101 1111)<br \/>\nVisp\u0101r\u0113j\u0101s pamatizgl\u012bt\u012bbas programma (kods 2101 111)<br \/>\nSpeci\u0101l\u0101s pamatizgl\u012bt\u012bbas programma izgl\u012btojamajiem ar gar\u012bg\u0101s att\u012bst\u012bbas trauc\u0113jumiem (kods 2101 5811)<br \/>\nSpeci\u0101l\u0101s pamatizgl\u012bt\u012bbas programma izgl\u012btojamajiem ar m\u0101c\u012b\u0161an\u0101s trauc\u0113jumiem (kods 2101 5611)<\/p>\n<p>Savas sp\u0113jas un talantus skol\u0113ni att\u012bsta un izkopj, darbojoties daudzpus\u012bg\u0101s intere\u0161u izgl\u012bt\u012bbas programm\u0101s Alekseja Gr\u0101v\u012b\u0161a Liepnas pamatskolas telp\u0101s:<br \/>\n-vizu\u0101l\u0101 m\u0101ksla<br \/>\n-ritmika<br \/>\n-sports<br \/>\n-te\u0101tra pulci\u0146\u0161<br \/>\n-LEGO pulci\u0146\u0161<br \/>\n- deju kolekt\u012bvs \u201cNeb\u0113dnieki\u201d<br \/>\nSkol\u0113nu pa\u0161p\u0101rvalde akt\u012bvi iesaist\u0101s skolas darba uzlabo\u0161an\u0101 un \u0101rpusstundu pas\u0101kumu organiz\u0113\u0161an\u0101.<\/p>\n\t\t\t\t<\/div>\n\t\t\t<\/div>\n\t\t<\/div>\n\t\t<\/div>\n<\/div>\n<\/div><\/div><\/div><div id=\"pgc-2082-2-1\"  class=\"panel-grid-cell\" ><div id=\"panel-2082-2-1-0\" class=\"so-panel widget widget_sow-accordion panel-first-child panel-last-child\" data-index=\"5\" ><div\n\t\t\t\n\t\t\tclass=\"so-widget-sow-accordion so-widget-sow-accordion-default-7d8be5f91d55-2082\"\n\t\t\t\n\t\t><div>\n\t<div class=\"sow-accordion\">\n\t\t\t<div class=\"sow-accordion-panel\n\t\t\t\t\t\"\n\t\t\t\tdata-anchor-id=\"kontaktinformacija\">\n\t\t\t\t\t<div class=\"sow-accordion-panel-header-container\" role=\"heading\" aria-level=\"2\">\n\t\t\t\t\t<div class=\"sow-accordion-panel-header\" tabindex=\"0\" role=\"button\" id=\"accordion-label-kontaktinform%c4%81cija\" aria-controls=\"accordion-content-kontaktinform%c4%81cija\" aria-expanded=\"false\">\n\t\t\t\t\t\t<div class=\"sow-accordion-title sow-accordion-title-icon-left\">\n\t\t\t\t\t\t\t\t\t\t\t\t\t\tKONTAKTINFORM\u0100CIJA\t\t\t\t\t\t\t\t\t\t\t\t\t<\/div>\n\t\t\t\t\t\t<div class=\"sow-accordion-open-close-button\">\n\t\t\t\t\t\t\t<div class=\"sow-accordion-open-button\">\n\t\t\t\t\t\t\t\t<span class=\"sow-icon-ionicons\" data-sow-icon=\"&#xf218;\"\n\t\t \n\t\taria-hidden=\"true\"><\/span>\t\t\t\t\t\t\t<\/div>\n\t\t\t\t\t\t\t<div class=\"sow-accordion-close-button\">\n\t\t\t\t\t\t\t\t<span class=\"sow-icon-ionicons\" data-sow-icon=\"&#xf209;\"\n\t\t \n\t\taria-hidden=\"true\"><\/span>\t\t\t\t\t\t\t<\/div>\n\t\t\t\t\t\t<\/div>\n\t\t\t\t\t<\/div>\n\t\t\t\t<\/div>\n\n\t\t\t<div\n\t\t\t\tclass=\"sow-accordion-panel-content\"\n\t\t\t\trole=\"region\"\n\t\t\t\taria-labelledby=\"accordion-label-kontaktinform%c4%81cija\"\n\t\t\t\tid=\"accordion-content-kontaktinform%c4%81cija\"\n\t\t\t\tstyle=\"display: none;\"\t\t\t>\n\t\t\t\t<div class=\"sow-accordion-panel-border\">\n\t\t\t\t\t<p>Liepna, Liepnas pagasts<br \/>\nAl\u016bksnes novads LV-4354<\/p>\n<p><strong>Direktore:<\/strong> Ilona Kazimirjonoka<br \/>\n<strong>T\u0101lrunis:<\/strong> 26131191<br \/>\n<strong>e-pasts:<\/strong>\u00a0<a href=\"mailto:lvs@aluksne.lv\">lvs@aluksne.lv<\/a><br \/>\n<strong>eAdrese:<\/strong> _DEFAULT@40900006509<\/p>\n\t\t\t\t<\/div>\n\t\t\t<\/div>\n\t\t<\/div>\n\t\t<\/div>\n<\/div>\n<\/div><\/div><\/div><div id=\"pgc-2082-2-2\"  class=\"panel-grid-cell\" ><div id=\"panel-2082-2-2-0\" class=\"so-panel widget widget_sow-accordion panel-first-child panel-last-child\" data-index=\"6\" ><div\n\t\t\t\n\t\t\tclass=\"so-widget-sow-accordion so-widget-sow-accordion-default-7d8be5f91d55-2082\"\n\t\t\t\n\t\t><div>\n\t<div class=\"sow-accordion\">\n\t\t\t<div class=\"sow-accordion-panel\n\t\t\t\t\t\"\n\t\t\t\tdata-anchor-id=\"dokumenti\">\n\t\t\t\t\t<div class=\"sow-accordion-panel-header-container\" role=\"heading\" aria-level=\"2\">\n\t\t\t\t\t<div class=\"sow-accordion-panel-header\" tabindex=\"0\" role=\"button\" id=\"accordion-label-dokumenti\" aria-controls=\"accordion-content-dokumenti\" aria-expanded=\"false\">\n\t\t\t\t\t\t<div class=\"sow-accordion-title sow-accordion-title-icon-left\">\n\t\t\t\t\t\t\t\t\t\t\t\t\t\tDOKUMENTI\t\t\t\t\t\t\t\t\t\t\t\t\t<\/div>\n\t\t\t\t\t\t<div class=\"sow-accordion-open-close-button\">\n\t\t\t\t\t\t\t<div class=\"sow-accordion-open-button\">\n\t\t\t\t\t\t\t\t<span class=\"sow-icon-ionicons\" data-sow-icon=\"&#xf218;\"\n\t\t \n\t\taria-hidden=\"true\"><\/span>\t\t\t\t\t\t\t<\/div>\n\t\t\t\t\t\t\t<div class=\"sow-accordion-close-button\">\n\t\t\t\t\t\t\t\t<span class=\"sow-icon-ionicons\" data-sow-icon=\"&#xf209;\"\n\t\t \n\t\taria-hidden=\"true\"><\/span>\t\t\t\t\t\t\t<\/div>\n\t\t\t\t\t\t<\/div>\n\t\t\t\t\t<\/div>\n\t\t\t\t<\/div>\n\n\t\t\t<div\n\t\t\t\tclass=\"sow-accordion-panel-content\"\n\t\t\t\trole=\"region\"\n\t\t\t\taria-labelledby=\"accordion-label-dokumenti\"\n\t\t\t\tid=\"accordion-content-dokumenti\"\n\t\t\t\tstyle=\"display: none;\"\t\t\t>\n\t\t\t\t<div class=\"sow-accordion-panel-border\">\n\t\t\t\t\t<p><a href=\"https:\/\/aluksne.lv\/wp-content\/uploads\/2025\/09\/Nolikums.pdf\">Nolikums<\/a><\/p>\n<p><a href=\"https:\/\/aluksne.lv\/wp-content\/uploads\/2025\/11\/A.Gravisa-Liepnas-pamatskola_pasnovertejuma-zinojums-par-2024_2025mg-1.docx\">Pa\u0161nov\u0113rt\u0113juma zi\u0146ojums<\/a><\/p>\n<p><a href=\"https:\/\/aluksne.lv\/wp-content\/uploads\/2026\/02\/Karjeras_izglitibas_programma.docx\">Karjeras izgl\u012bt\u012bbas programma<\/a><\/p>\n\t\t\t\t<\/div>\n\t\t\t<\/div>\n\t\t<\/div>\n\t\t<\/div>\n<\/div>\n<\/div><\/div><\/div><div id=\"pgc-2082-2-3\"  class=\"panel-grid-cell\" ><div id=\"panel-2082-2-3-0\" class=\"so-panel widget widget_sow-accordion panel-first-child panel-last-child\" data-index=\"7\" ><div\n\t\t\t\n\t\t\tclass=\"so-widget-sow-accordion so-widget-sow-accordion-default-7d8be5f91d55-2082\"\n\t\t\t\n\t\t><div>\n\t<div class=\"sow-accordion\">\n\t\t\t<div class=\"sow-accordion-panel\n\t\t\t\t\t\"\n\t\t\t\tdata-anchor-id=\"projekti\">\n\t\t\t\t\t<div class=\"sow-accordion-panel-header-container\" role=\"heading\" aria-level=\"2\">\n\t\t\t\t\t<div class=\"sow-accordion-panel-header\" tabindex=\"0\" role=\"button\" id=\"accordion-label-projekti\" aria-controls=\"accordion-content-projekti\" aria-expanded=\"false\">\n\t\t\t\t\t\t<div class=\"sow-accordion-title sow-accordion-title-icon-left\">\n\t\t\t\t\t\t\t\t\t\t\t\t\t\tPROJEKTI\t\t\t\t\t\t\t\t\t\t\t\t\t<\/div>\n\t\t\t\t\t\t<div class=\"sow-accordion-open-close-button\">\n\t\t\t\t\t\t\t<div class=\"sow-accordion-open-button\">\n\t\t\t\t\t\t\t\t<span class=\"sow-icon-ionicons\" data-sow-icon=\"&#xf218;\"\n\t\t \n\t\taria-hidden=\"true\"><\/span>\t\t\t\t\t\t\t<\/div>\n\t\t\t\t\t\t\t<div class=\"sow-accordion-close-button\">\n\t\t\t\t\t\t\t\t<span class=\"sow-icon-ionicons\" data-sow-icon=\"&#xf209;\"\n\t\t \n\t\taria-hidden=\"true\"><\/span>\t\t\t\t\t\t\t<\/div>\n\t\t\t\t\t\t<\/div>\n\t\t\t\t\t<\/div>\n\t\t\t\t<\/div>\n\n\t\t\t<div\n\t\t\t\tclass=\"sow-accordion-panel-content\"\n\t\t\t\trole=\"region\"\n\t\t\t\taria-labelledby=\"accordion-label-projekti\"\n\t\t\t\tid=\"accordion-content-projekti\"\n\t\t\t\tstyle=\"display: none;\"\t\t\t>\n\t\t\t\t<div class=\"sow-accordion-panel-border\">\n\t\t\t\t\t<p>Al\u016bksnes lauku partner\u012bbas (ALP) projekts\u00a0KOPIENU\u00a0aktiviz\u0113\u0161anai un\u00a0JAUNIE\u0160U\u00a0iniciat\u012bv\u0101m, <strong>\u201c<\/strong>N\u0101kotnes arhitekti<strong>\u2019\u2019 (<\/strong>01.09.2025.-31.05.2026.)<\/p>\n<p>ERASMUS \u012astermi\u0146a mobilit\u0101tes projekts skol\u0113niem un person\u0101lam skolu (visp\u0101r\u0113j\u0101s izgl\u012bt\u012bbas) jom\u0101\u00a0<strong>\"<\/strong>Izaicin\u0101jums k\u0101 iesp\u0113ja\u2019\u2019 (01.09.2025.- 28.02.2027.)<\/p>\n<p>ERASMUS Jaunatnes l\u012bdzdal\u012bbas projekts<strong> \u201c<\/strong>Mainot straumi\u201d (01.09.2025.- 31.05.2025.)<\/p>\n<p>Eiropas Soci\u0101l\u0101 fonda Plus projekts\u00a0\"STEM un pilsonisk\u0101s l\u012bdzdal\u012bbas norises pla\u0161\u0101kai izgl\u012bt\u012bbas pieredzei un karjeras izv\u0113lei\"\u00a0(Nr. 4.2.2.1\/1\/25\/I\/001)<\/p>\n<p>Kult\u016brizgl\u012bt\u012bbas programma \"Latvijas skolas soma\"<\/p>\n<p>Projekts \u201cSkola kopien\u0101\u201d<\/p>\n\t\t\t\t<\/div>\n\t\t\t<\/div>\n\t\t<\/div>\n\t\t<\/div>\n<\/div>\n<\/div><\/div><\/div><\/div><\/div>","protected":false},"excerpt":{"rendered":"<p>M\u016aSU SKOLA Darb\u012bbas v\u012bzija Liepnas pagasta skolu dibin\u0101\u0161anas gadu V\u0112STURISK\u0100 IZZI\u0145A Skola realiz\u0113: Visp\u0101r\u0113j\u0101s pirmsskolas izgl\u012bt\u012bbas programma (kods 0101 1111) Visp\u0101r\u0113j\u0101s pamatizgl\u012bt\u012bbas programma (kods 2101 111) Speci\u0101l\u0101s pamatizgl\u012bt\u012bbas programma izgl\u012btojamajiem ar gar\u012bg\u0101s att\u012bst\u012bbas trauc\u0113jumiem (kods 2101 5811) Speci\u0101l\u0101s pamatizgl\u012bt\u012bbas programma&#8230;<br \/><a class=\"read-more-button\" href=\"https:\/\/aluksne.lv\/index.php\/izglitiba\/visparejas-izglitibas-iestades\/liepnas-vidusskola\/\">Las\u012bt visu<\/a><\/p>\n","protected":false},"author":1,"featured_media":0,"parent":454,"menu_order":0,"comment_status":"closed","ping_status":"closed","template":"","meta":{"_crdt_document":"","_monsterinsights_skip_tracking":false,"_monsterinsights_sitenote_active":false,"_monsterinsights_sitenote_note":"","_monsterinsights_sitenote_category":0,"footnotes":"","_links_to":"","_links_to_target":""},"class_list":["post-2082","page","type-page","status-publish","hentry"],"_links":{"self":[{"href":"https:\/\/aluksne.lv\/index.php\/wp-json\/wp\/v2\/pages\/2082","targetHints":{"allow":["GET"]}}],"collection":[{"href":"https:\/\/aluksne.lv\/index.php\/wp-json\/wp\/v2\/pages"}],"about":[{"href":"https:\/\/aluksne.lv\/index.php\/wp-json\/wp\/v2\/types\/page"}],"author":[{"embeddable":true,"href":"https:\/\/aluksne.lv\/index.php\/wp-json\/wp\/v2\/users\/1"}],"replies":[{"embeddable":true,"href":"https:\/\/aluksne.lv\/index.php\/wp-json\/wp\/v2\/comments?post=2082"}],"version-history":[{"count":10,"href":"https:\/\/aluksne.lv\/index.php\/wp-json\/wp\/v2\/pages\/2082\/revisions"}],"predecessor-version":[{"id":60665,"href":"https:\/\/aluksne.lv\/index.php\/wp-json\/wp\/v2\/pages\/2082\/revisions\/60665"}],"up":[{"embeddable":true,"href":"https:\/\/aluksne.lv\/index.php\/wp-json\/wp\/v2\/pages\/454"}],"wp:attachment":[{"href":"https:\/\/aluksne.lv\/index.php\/wp-json\/wp\/v2\/media?parent=2082"}],"curies":[{"name":"wp","href":"https:\/\/api.w.org\/{rel}","templated":true}]}}