{"id":2101,"date":"2017-12-12T10:16:53","date_gmt":"2017-12-12T10:16:53","guid":{"rendered":"http:\/\/aluksne.lv\/jauna1\/?page_id=2101"},"modified":"2026-03-16T10:40:41","modified_gmt":"2026-03-16T08:40:41","slug":"ziemeru-pamatskola","status":"publish","type":"page","link":"https:\/\/aluksne.lv\/index.php\/izglitiba\/visparejas-izglitibas-iestades\/ziemeru-pamatskola\/","title":{"rendered":"Ziemeru pamatskola"},"content":{"rendered":"<div id=\"pl-2101\"  class=\"panel-layout\" ><div id=\"pg-2101-0\"  class=\"panel-grid panel-no-style\" ><div id=\"pgc-2101-0-0\"  class=\"panel-grid-cell panel-grid-cell-empty\" ><\/div><\/div><div id=\"pg-2101-1\"  class=\"panel-grid panel-no-style\" ><div id=\"pgc-2101-1-0\"  class=\"panel-grid-cell\" ><div id=\"panel-2101-1-0-0\" class=\"so-panel widget widget_sow-accordion panel-first-child panel-last-child\" data-index=\"0\" ><div\n\t\t\t\n\t\t\tclass=\"so-widget-sow-accordion so-widget-sow-accordion-default-7d8be5f91d55-2101\"\n\t\t\t\n\t\t><div>\n\t<div class=\"sow-accordion\">\n\t\t\t<div class=\"sow-accordion-panel\n\t\t\t\t\t\"\n\t\t\t\tdata-anchor-id=\"musu-skola\">\n\t\t\t\t\t<div class=\"sow-accordion-panel-header-container\" role=\"heading\" aria-level=\"2\">\n\t\t\t\t\t<div class=\"sow-accordion-panel-header\" tabindex=\"0\" role=\"button\" id=\"accordion-label-m%c5%absu-skola\" aria-controls=\"accordion-content-m%c5%absu-skola\" aria-expanded=\"false\">\n\t\t\t\t\t\t<div class=\"sow-accordion-title sow-accordion-title-icon-left\">\n\t\t\t\t\t\t\t\t\t\t\t\t\t\tM\u016aSU SKOLA\t\t\t\t\t\t\t\t\t\t\t\t\t<\/div>\n\t\t\t\t\t\t<div class=\"sow-accordion-open-close-button\">\n\t\t\t\t\t\t\t<div class=\"sow-accordion-open-button\">\n\t\t\t\t\t\t\t\t<span class=\"sow-icon-ionicons\" data-sow-icon=\"&#xf218;\"\n\t\t \n\t\taria-hidden=\"true\"><\/span>\t\t\t\t\t\t\t<\/div>\n\t\t\t\t\t\t\t<div class=\"sow-accordion-close-button\">\n\t\t\t\t\t\t\t\t<span class=\"sow-icon-ionicons\" data-sow-icon=\"&#xf209;\"\n\t\t \n\t\taria-hidden=\"true\"><\/span>\t\t\t\t\t\t\t<\/div>\n\t\t\t\t\t\t<\/div>\n\t\t\t\t\t<\/div>\n\t\t\t\t<\/div>\n\n\t\t\t<div\n\t\t\t\tclass=\"sow-accordion-panel-content\"\n\t\t\t\trole=\"region\"\n\t\t\t\taria-labelledby=\"accordion-label-m%c5%absu-skola\"\n\t\t\t\tid=\"accordion-content-m%c5%absu-skola\"\n\t\t\t\tstyle=\"display: none;\"\t\t\t>\n\t\t\t\t<div class=\"sow-accordion-panel-border\">\n\t\t\t\t\t<p><a href=\"https:\/\/aluksne.lv\/wp-content\/uploads\/2024\/12\/Darbibas-vizija.pdf\">Darb\u012bbas v\u012bzija<\/a><\/p>\n<p><a href=\"https:\/\/aluksne.lv\/wp-content\/uploads\/2024\/12\/Licencetas-izglitibas-programmas-Ziemeru-pamatskola.pdf\">Licenc\u0113t\u0101s izgl\u012bt\u012bbas programmas Ziemeru pamatskol\u0101<\/a><\/p>\n\t\t\t\t<\/div>\n\t\t\t<\/div>\n\t\t<\/div>\n\t\t<\/div>\n<\/div>\n<\/div><\/div><\/div><div id=\"pgc-2101-1-1\"  class=\"panel-grid-cell\" ><div id=\"panel-2101-1-1-0\" class=\"so-panel widget widget_sow-accordion panel-first-child panel-last-child\" data-index=\"1\" ><div\n\t\t\t\n\t\t\tclass=\"so-widget-sow-accordion so-widget-sow-accordion-default-7d8be5f91d55-2101\"\n\t\t\t\n\t\t><div>\n\t<div class=\"sow-accordion\">\n\t\t\t<div class=\"sow-accordion-panel\n\t\t\t\t\t\"\n\t\t\t\tdata-anchor-id=\"kontaktinformacija\">\n\t\t\t\t\t<div class=\"sow-accordion-panel-header-container\" role=\"heading\" aria-level=\"2\">\n\t\t\t\t\t<div class=\"sow-accordion-panel-header\" tabindex=\"0\" role=\"button\" id=\"accordion-label-kontaktinform%c4%81cija\" aria-controls=\"accordion-content-kontaktinform%c4%81cija\" aria-expanded=\"false\">\n\t\t\t\t\t\t<div class=\"sow-accordion-title sow-accordion-title-icon-left\">\n\t\t\t\t\t\t\t\t\t\t\t\t\t\tKONTAKTINFORM\u0100CIJA\t\t\t\t\t\t\t\t\t\t\t\t\t<\/div>\n\t\t\t\t\t\t<div class=\"sow-accordion-open-close-button\">\n\t\t\t\t\t\t\t<div class=\"sow-accordion-open-button\">\n\t\t\t\t\t\t\t\t<span class=\"sow-icon-ionicons\" data-sow-icon=\"&#xf218;\"\n\t\t \n\t\taria-hidden=\"true\"><\/span>\t\t\t\t\t\t\t<\/div>\n\t\t\t\t\t\t\t<div class=\"sow-accordion-close-button\">\n\t\t\t\t\t\t\t\t<span class=\"sow-icon-ionicons\" data-sow-icon=\"&#xf209;\"\n\t\t \n\t\taria-hidden=\"true\"><\/span>\t\t\t\t\t\t\t<\/div>\n\t\t\t\t\t\t<\/div>\n\t\t\t\t\t<\/div>\n\t\t\t\t<\/div>\n\n\t\t\t<div\n\t\t\t\tclass=\"sow-accordion-panel-content\"\n\t\t\t\trole=\"region\"\n\t\t\t\taria-labelledby=\"accordion-label-kontaktinform%c4%81cija\"\n\t\t\t\tid=\"accordion-content-kontaktinform%c4%81cija\"\n\t\t\t\tstyle=\"display: none;\"\t\t\t>\n\t\t\t\t<div class=\"sow-accordion-panel-border\">\n\t\t\t\t\t<p>Pamatskola, M\u0101ri\u0146kalns, Ziemera pagasts<br \/>\nAl\u016bksnes novads, LV \u2013 4332<\/p>\n<p><strong>Direktore:\u00a0<\/strong>Ilze Andronova<br \/>\n<strong>T\u0101lru\u0146i:<\/strong> 26630322<br \/>\n<strong>e-pasts:<\/strong>\u00a0skola.ziemeri@aluksne.lv<br \/>\n<strong>eAdrese:<\/strong> _DEFAULT@40900006477<\/p>\n\t\t\t\t<\/div>\n\t\t\t<\/div>\n\t\t<\/div>\n\t\t<\/div>\n<\/div>\n<\/div><\/div><\/div><div id=\"pgc-2101-1-2\"  class=\"panel-grid-cell\" ><div id=\"panel-2101-1-2-0\" class=\"so-panel widget widget_sow-accordion panel-first-child panel-last-child\" data-index=\"2\" ><div\n\t\t\t\n\t\t\tclass=\"so-widget-sow-accordion so-widget-sow-accordion-default-7d8be5f91d55-2101\"\n\t\t\t\n\t\t><div>\n\t<div class=\"sow-accordion\">\n\t\t\t<div class=\"sow-accordion-panel\n\t\t\t\t\t\"\n\t\t\t\tdata-anchor-id=\"dokumenti\">\n\t\t\t\t\t<div class=\"sow-accordion-panel-header-container\" role=\"heading\" aria-level=\"2\">\n\t\t\t\t\t<div class=\"sow-accordion-panel-header\" tabindex=\"0\" role=\"button\" id=\"accordion-label-dokumenti\" aria-controls=\"accordion-content-dokumenti\" aria-expanded=\"false\">\n\t\t\t\t\t\t<div class=\"sow-accordion-title sow-accordion-title-icon-left\">\n\t\t\t\t\t\t\t\t\t\t\t\t\t\tDOKUMENTI\t\t\t\t\t\t\t\t\t\t\t\t\t<\/div>\n\t\t\t\t\t\t<div class=\"sow-accordion-open-close-button\">\n\t\t\t\t\t\t\t<div class=\"sow-accordion-open-button\">\n\t\t\t\t\t\t\t\t<span class=\"sow-icon-ionicons\" data-sow-icon=\"&#xf218;\"\n\t\t \n\t\taria-hidden=\"true\"><\/span>\t\t\t\t\t\t\t<\/div>\n\t\t\t\t\t\t\t<div class=\"sow-accordion-close-button\">\n\t\t\t\t\t\t\t\t<span class=\"sow-icon-ionicons\" data-sow-icon=\"&#xf209;\"\n\t\t \n\t\taria-hidden=\"true\"><\/span>\t\t\t\t\t\t\t<\/div>\n\t\t\t\t\t\t<\/div>\n\t\t\t\t\t<\/div>\n\t\t\t\t<\/div>\n\n\t\t\t<div\n\t\t\t\tclass=\"sow-accordion-panel-content\"\n\t\t\t\trole=\"region\"\n\t\t\t\taria-labelledby=\"accordion-label-dokumenti\"\n\t\t\t\tid=\"accordion-content-dokumenti\"\n\t\t\t\tstyle=\"display: none;\"\t\t\t>\n\t\t\t\t<div class=\"sow-accordion-panel-border\">\n\t\t\t\t\t<p><a href=\"https:\/\/aluksne.lv\/wp-content\/uploads\/2025\/01\/Skolas-nolikums.pdf\">Nolikums<\/a><\/p>\n<p><a href=\"https:\/\/aluksne.lv\/wp-content\/uploads\/2025\/01\/Attistibas-plans.pdf\">Att\u012bst\u012bbas pl\u0101ns<\/a><\/p>\n<p><a href=\"https:\/\/aluksne.lv\/wp-content\/uploads\/2025\/10\/Ziemeru-pamatskolas-pasnovertejuma-zinojums_-2024_2025mg.docx\">Skolas pa\u0161nov\u0113rt\u0113jums<\/a><\/p>\n<p><a href=\"https:\/\/aluksne.lv\/wp-content\/uploads\/2022\/11\/Ziemeru-psk-karjeras-izglitibas-programma-1.docx\">Ziemeru pamatskolas Karjeras izgl\u012bt\u012bbas programma 1. - 9. klasei<\/a><\/p>\n<p><a href=\"https:\/\/aluksne.lv\/wp-content\/uploads\/2022\/05\/Bernu-rindas-registrs-1.docx\">B\u0113rnu rindas re\u0123istrs (Uz\u0146em\u0161anai Ziemeru pamatskolas pirmsskolas grup\u0101)<\/a><\/p>\n\t\t\t\t<\/div>\n\t\t\t<\/div>\n\t\t<\/div>\n\t\t<\/div>\n<\/div>\n<\/div><\/div><\/div><div id=\"pgc-2101-1-3\"  class=\"panel-grid-cell\" ><div id=\"panel-2101-1-3-0\" class=\"so-panel widget widget_sow-accordion panel-first-child panel-last-child\" data-index=\"3\" ><div\n\t\t\t\n\t\t\tclass=\"so-widget-sow-accordion so-widget-sow-accordion-default-7d8be5f91d55-2101\"\n\t\t\t\n\t\t><div>\n\t<div class=\"sow-accordion\">\n\t\t\t<div class=\"sow-accordion-panel\n\t\t\t\t\t\"\n\t\t\t\tdata-anchor-id=\"projekti\">\n\t\t\t\t\t<div class=\"sow-accordion-panel-header-container\" role=\"heading\" aria-level=\"2\">\n\t\t\t\t\t<div class=\"sow-accordion-panel-header\" tabindex=\"0\" role=\"button\" id=\"accordion-label-projekti\" aria-controls=\"accordion-content-projekti\" aria-expanded=\"false\">\n\t\t\t\t\t\t<div class=\"sow-accordion-title sow-accordion-title-icon-left\">\n\t\t\t\t\t\t\t\t\t\t\t\t\t\tPROJEKTI\t\t\t\t\t\t\t\t\t\t\t\t\t<\/div>\n\t\t\t\t\t\t<div class=\"sow-accordion-open-close-button\">\n\t\t\t\t\t\t\t<div class=\"sow-accordion-open-button\">\n\t\t\t\t\t\t\t\t<span class=\"sow-icon-ionicons\" data-sow-icon=\"&#xf218;\"\n\t\t \n\t\taria-hidden=\"true\"><\/span>\t\t\t\t\t\t\t<\/div>\n\t\t\t\t\t\t\t<div class=\"sow-accordion-close-button\">\n\t\t\t\t\t\t\t\t<span class=\"sow-icon-ionicons\" data-sow-icon=\"&#xf209;\"\n\t\t \n\t\taria-hidden=\"true\"><\/span>\t\t\t\t\t\t\t<\/div>\n\t\t\t\t\t\t<\/div>\n\t\t\t\t\t<\/div>\n\t\t\t\t<\/div>\n\n\t\t\t<div\n\t\t\t\tclass=\"sow-accordion-panel-content\"\n\t\t\t\trole=\"region\"\n\t\t\t\taria-labelledby=\"accordion-label-projekti\"\n\t\t\t\tid=\"accordion-content-projekti\"\n\t\t\t\tstyle=\"display: none;\"\t\t\t>\n\t\t\t\t<div class=\"sow-accordion-panel-border\">\n\t\t\t\t\t<p><a href=\"https:\/\/aluksne.lv\/wp-content\/uploads\/2021\/10\/PUMPURS_publicitatei-2.docx\">Kop\u0161 2020.gada 1.septembra Ziemeru pamatskola \u012bsteno Eiropas savien\u012bbas finans\u0113to projektu \u201cPumpurs\u201d \u00a0projekts Nr. 8.3.4.0\/16\/I\/001 \u201cAtbalsts priek\u0161laic\u012bgas m\u0101c\u012bbu p\u0101rtrauk\u0161anas risku samazin\u0101\u0161anai\u201d<\/a><\/p>\n<p><a href=\"https:\/\/aluksne.lv\/index.php\/2022\/01\/05\/projekts-labbutibas-celakarte-skolai\/\">Projekts \u201cLabb\u016bt\u012bbas ce\u013cakarte skolai\u201d<\/a><\/p>\n<p>Eiropas Soci\u0101l\u0101 fonda Plus projekts\u00a0\"STEM un pilsonisk\u0101s l\u012bdzdal\u012bbas norises pla\u0161\u0101kai izgl\u012bt\u012bbas pieredzei un karjeras izv\u0113lei\"\u00a0(Nr. 4.2.2.1\/1\/25\/I\/001)<\/p>\n<p>Kult\u016brizgl\u012bt\u012bbas programma \"Latvijas skolas soma\"<\/p>\n<p>Projekts \u201cSkola kopien\u0101\u201d<\/p>\n<p>Interreg VI-A-Igaunijas-Latvijas p\u0101rrobe\u017eu sadarb\u012bbas programmas 2021.-2027. gadam projekts Nr. EE-LV00161 \u201cAtkl\u0101jot mantojumu\u201d\/\u201dDiscovering heritage\u201d (M\u016bsdien\u012bgs un inovat\u012bvs kult\u016bras mantojuma m\u0101c\u012bbu risin\u0101jums pa\u0161vald\u012bbas skol\u0101m un b\u0113rnud\u0101rziem, \u201cMantojuma ieskauti\u201d\/ \u201cSurrounded by Heritage\u201d)\u00a0 (01.09.2024.-31.12.2026.)<\/p>\n\t\t\t\t<\/div>\n\t\t\t<\/div>\n\t\t<\/div>\n\t\t<\/div>\n<\/div>\n<\/div><\/div><\/div><\/div><div id=\"pg-2101-2\"  class=\"panel-grid panel-no-style\" ><div id=\"pgc-2101-2-0\"  class=\"panel-grid-cell panel-grid-cell-empty\" ><\/div><\/div><div id=\"pg-2101-3\"  class=\"panel-grid panel-no-style\" ><div id=\"pgc-2101-3-0\"  class=\"panel-grid-cell\" ><div id=\"panel-2101-3-0-0\" class=\"so-panel widget widget_sow-editor panel-first-child panel-last-child\" data-index=\"4\" ><div\n\t\t\t\n\t\t\tclass=\"so-widget-sow-editor so-widget-sow-editor-base\"\n\t\t\t\n\t\t>\n<div class=\"siteorigin-widget-tinymce textwidget\">\n\t<p>&nbsp;<\/p>\n<p><a href=\"https:\/\/aluksne.lv\/wp-content\/uploads\/2019\/10\/z1.jpg\"><img loading=\"lazy\" decoding=\"async\" class=\"alignnone wp-image-15533 \" src=\"https:\/\/aluksne.lv\/wp-content\/uploads\/2019\/10\/z1-300x200.jpg\" alt=\"\" width=\"422\" height=\"281\" data-id=\"15533\" srcset=\"https:\/\/aluksne.lv\/wp-content\/uploads\/2019\/10\/z1-300x200.jpg 300w, https:\/\/aluksne.lv\/wp-content\/uploads\/2019\/10\/z1-320x213.jpg 320w, https:\/\/aluksne.lv\/wp-content\/uploads\/2019\/10\/z1-272x182.jpg 272w, https:\/\/aluksne.lv\/wp-content\/uploads\/2019\/10\/z1.jpg 424w\" sizes=\"auto, (max-width: 422px) 100vw, 422px\" \/><\/a> <a href=\"https:\/\/aluksne.lv\/wp-content\/uploads\/2019\/10\/z2.jpg\"><img loading=\"lazy\" decoding=\"async\" class=\"alignnone wp-image-15534\" src=\"https:\/\/aluksne.lv\/wp-content\/uploads\/2019\/10\/z2.jpg\" alt=\"\" width=\"422\" height=\"280\" data-id=\"15534\" srcset=\"https:\/\/aluksne.lv\/wp-content\/uploads\/2019\/10\/z2.jpg 424w, https:\/\/aluksne.lv\/wp-content\/uploads\/2019\/10\/z2-300x200.jpg 300w, https:\/\/aluksne.lv\/wp-content\/uploads\/2019\/10\/z2-320x213.jpg 320w\" sizes=\"auto, (max-width: 422px) 100vw, 422px\" \/><\/a> <a href=\"https:\/\/aluksne.lv\/wp-content\/uploads\/2019\/10\/z3.jpg\"><img loading=\"lazy\" decoding=\"async\" class=\"alignnone wp-image-15535\" src=\"https:\/\/aluksne.lv\/wp-content\/uploads\/2019\/10\/z3.jpg\" alt=\"\" width=\"372\" height=\"279\" data-id=\"15535\" srcset=\"https:\/\/aluksne.lv\/wp-content\/uploads\/2019\/10\/z3.jpg 380w, https:\/\/aluksne.lv\/wp-content\/uploads\/2019\/10\/z3-300x225.jpg 300w\" sizes=\"auto, (max-width: 372px) 100vw, 372px\" \/><\/a><\/p>\n<\/div>\n<\/div><\/div><\/div><\/div><\/div>","protected":false},"excerpt":{"rendered":"<p>M\u016aSU SKOLA Darb\u012bbas v\u012bzija Licenc\u0113t\u0101s izgl\u012bt\u012bbas programmas Ziemeru pamatskol\u0101 KONTAKTINFORM\u0100CIJA Pamatskola, M\u0101ri\u0146kalns, Ziemera pagasts Al\u016bksnes novads, LV \u2013 4332 Direktore:\u00a0Ilze Andronova T\u0101lru\u0146i: 26630322 e-pasts:\u00a0skola.ziemeri@aluksne.lv eAdrese: _DEFAULT@40900006477 DOKUMENTI Nolikums Att\u012bst\u012bbas pl\u0101ns Skolas pa\u0161nov\u0113rt\u0113jums Ziemeru pamatskolas Karjeras izgl\u012bt\u012bbas programma 1. &#8211; 9&#8230;.<br \/><a class=\"read-more-button\" href=\"https:\/\/aluksne.lv\/index.php\/izglitiba\/visparejas-izglitibas-iestades\/ziemeru-pamatskola\/\">Las\u012bt visu<\/a><\/p>\n","protected":false},"author":1,"featured_media":0,"parent":454,"menu_order":0,"comment_status":"closed","ping_status":"closed","template":"","meta":{"_crdt_document":"","_monsterinsights_skip_tracking":false,"_monsterinsights_sitenote_active":false,"_monsterinsights_sitenote_note":"","_monsterinsights_sitenote_category":0,"footnotes":"","_links_to":"","_links_to_target":""},"class_list":["post-2101","page","type-page","status-publish","hentry"],"_links":{"self":[{"href":"https:\/\/aluksne.lv\/index.php\/wp-json\/wp\/v2\/pages\/2101","targetHints":{"allow":["GET"]}}],"collection":[{"href":"https:\/\/aluksne.lv\/index.php\/wp-json\/wp\/v2\/pages"}],"about":[{"href":"https:\/\/aluksne.lv\/index.php\/wp-json\/wp\/v2\/types\/page"}],"author":[{"embeddable":true,"href":"https:\/\/aluksne.lv\/index.php\/wp-json\/wp\/v2\/users\/1"}],"replies":[{"embeddable":true,"href":"https:\/\/aluksne.lv\/index.php\/wp-json\/wp\/v2\/comments?post=2101"}],"version-history":[{"count":2,"href":"https:\/\/aluksne.lv\/index.php\/wp-json\/wp\/v2\/pages\/2101\/revisions"}],"predecessor-version":[{"id":61421,"href":"https:\/\/aluksne.lv\/index.php\/wp-json\/wp\/v2\/pages\/2101\/revisions\/61421"}],"up":[{"embeddable":true,"href":"https:\/\/aluksne.lv\/index.php\/wp-json\/wp\/v2\/pages\/454"}],"wp:attachment":[{"href":"https:\/\/aluksne.lv\/index.php\/wp-json\/wp\/v2\/media?parent=2101"}],"curies":[{"name":"wp","href":"https:\/\/api.w.org\/{rel}","templated":true}]}}