{"id":211,"date":"2015-12-08T14:52:40","date_gmt":"2015-12-08T14:52:40","guid":{"rendered":"http:\/\/aluksne.lv\/jauna\/?page_id=211"},"modified":"2026-01-30T19:39:38","modified_gmt":"2026-01-30T17:39:38","slug":"maliena","status":"publish","type":"page","link":"https:\/\/aluksne.lv\/index.php\/novads\/maliena\/","title":{"rendered":"Maliena"},"content":{"rendered":"<div id=\"pl-211\"  class=\"panel-layout\" ><div id=\"pg-211-0\"  class=\"panel-grid panel-no-style\" ><div id=\"pgc-211-0-0\"  class=\"panel-grid-cell\" ><div id=\"panel-211-0-0-0\" class=\"so-panel widget widget_sow-editor panel-first-child panel-last-child\" data-index=\"0\" ><div\n\t\t\t\n\t\t\tclass=\"so-widget-sow-editor so-widget-sow-editor-base\"\n\t\t\t\n\t\t>\n<div class=\"siteorigin-widget-tinymce textwidget\">\n\t<h4>Malienas pagasts atrodas Al\u016bksnes novada centr\u0101laj\u0101 da\u013c\u0101. T\u0101 kopplat\u012bba 55,42 km<sup>2\u00a0<\/sup>. Malienas pagasts robe\u017eojas ar Al\u016bksnes novada Annas, Jaunannas, Jaunal\u016bksnes un M\u0101lupes pagastiem.<\/h4>\n<h4><a href=\"https:\/\/www.google.lv\/maps\/place\/Malienas+pagasts\/@57.3392911,27.0783472,12z\/data=!3m1!4b1!4m5!3m4!1s0x46ea6dd43ec3ac6f:0x22db8461eefd4438!8m2!3d57.3498887!4d27.1738769\" target=\"_blank\" rel=\"noopener\">Malienas pagasts<\/a><\/h4>\n<\/div>\n<\/div><\/div><\/div><div id=\"pgc-211-0-1\"  class=\"panel-grid-cell\" ><div id=\"panel-211-0-1-0\" class=\"so-panel widget panel-first-child panel-last-child\" data-index=\"1\" ><\/div><\/div><\/div><\/div>","protected":false},"excerpt":{"rendered":"<p>Malienas pagasts atrodas Al\u016bksnes novada centr\u0101laj\u0101 da\u013c\u0101. T\u0101 kopplat\u012bba 55,42 km2\u00a0. Malienas pagasts robe\u017eojas ar Al\u016bksnes novada Annas, Jaunannas, Jaunal\u016bksnes un M\u0101lupes pagastiem. Malienas pagasts<\/p>\n","protected":false},"author":1,"featured_media":0,"parent":4,"menu_order":0,"comment_status":"closed","ping_status":"closed","template":"","meta":{"_crdt_document":"","_monsterinsights_skip_tracking":false,"_monsterinsights_sitenote_active":false,"_monsterinsights_sitenote_note":"","_monsterinsights_sitenote_category":0,"footnotes":"","_links_to":"","_links_to_target":""},"class_list":["post-211","page","type-page","status-publish","hentry"],"_links":{"self":[{"href":"https:\/\/aluksne.lv\/index.php\/wp-json\/wp\/v2\/pages\/211","targetHints":{"allow":["GET"]}}],"collection":[{"href":"https:\/\/aluksne.lv\/index.php\/wp-json\/wp\/v2\/pages"}],"about":[{"href":"https:\/\/aluksne.lv\/index.php\/wp-json\/wp\/v2\/types\/page"}],"author":[{"embeddable":true,"href":"https:\/\/aluksne.lv\/index.php\/wp-json\/wp\/v2\/users\/1"}],"replies":[{"embeddable":true,"href":"https:\/\/aluksne.lv\/index.php\/wp-json\/wp\/v2\/comments?post=211"}],"version-history":[{"count":1,"href":"https:\/\/aluksne.lv\/index.php\/wp-json\/wp\/v2\/pages\/211\/revisions"}],"predecessor-version":[{"id":60315,"href":"https:\/\/aluksne.lv\/index.php\/wp-json\/wp\/v2\/pages\/211\/revisions\/60315"}],"up":[{"embeddable":true,"href":"https:\/\/aluksne.lv\/index.php\/wp-json\/wp\/v2\/pages\/4"}],"wp:attachment":[{"href":"https:\/\/aluksne.lv\/index.php\/wp-json\/wp\/v2\/media?parent=211"}],"curies":[{"name":"wp","href":"https:\/\/api.w.org\/{rel}","templated":true}]}}