{"id":21258,"date":"2020-08-10T16:23:38","date_gmt":"2020-08-10T13:23:38","guid":{"rendered":"https:\/\/aluksne.lv\/?page_id=21258"},"modified":"2025-08-07T11:11:51","modified_gmt":"2025-08-07T08:11:51","slug":"medibu-tiesibu-nomai-nododamie-zemes-gabali","status":"publish","type":"page","link":"https:\/\/aluksne.lv\/index.php\/pasvaldiba\/ipasumi\/medibu-tiesibu-nomai-nododamie-zemes-gabali\/","title":{"rendered":"Med\u012bbu ties\u012bbu nomai nododamie zemes gabali"},"content":{"rendered":"<p>&nbsp;<\/p>\n<p><a href=\"https:\/\/aluksne.lv\/wp-content\/uploads\/2022\/07\/Pieteikuma-paraugs.docx\">Pieteikuma paraugs<\/a><\/p>\n<hr \/>\n<p><a href=\"https:\/\/aluksne.lv\/index.php\/2024\/04\/23\/medibu-tiesibu-nomai-nododamas-platibas-aluksnes-novada-alsviku-pagasta-2\/\">Med\u012bbu ties\u012bbu nomai nododam\u0101s plat\u012bbas Alsvi\u0137u pagast\u0101<\/a><\/p>\n<p><a href=\"https:\/\/aluksne.lv\/index.php\/2024\/04\/22\/medibu-tiesibu-nomai-nododamas-platibas-aluksnes-novada-annas-pagasta\/\">Med\u012bbu ties\u012bbu nomai nododam\u0101s plat\u012bbas Annas pagast\u0101<\/a><\/p>\n<p><a href=\"https:\/\/aluksne.lv\/index.php\/2024\/04\/22\/medibu-tiesibu-nomai-nododamas-platibas-aluksnes-novada-ilzenes-pagasta\/\">Med\u012bbu ties\u012bbu nomai nododam\u0101s plat\u012bbas Ilzenes pagast\u0101<\/a><\/p>\n<p><a href=\"https:\/\/aluksne.lv\/index.php\/2024\/04\/19\/medibu-tiesibu-nomai-nododamie-zemes-gabali-jaunaluksnes-pagasta\/\">Med\u012bbu ties\u012bbu nomai nododamie zemes gabali Jaunal\u016bksnes pagast\u0101<\/a><\/p>\n<p><a href=\"https:\/\/aluksne.lv\/index.php\/2024\/04\/22\/medibu-tiesibu-nomai-nododamas-platibas-aluksnes-novada-jaunannas-pagasta\/\">Med\u012bbu ties\u012bbu nomai nododamie zemes gabali Jaunannas pagast\u0101<\/a><\/p>\n<p><a href=\"https:\/\/aluksne.lv\/index.php\/2024\/04\/23\/medibu-tiesibu-nomai-nododamas-platibas-aluksnes-novada-jaunlaicenes-pagasta\/\">Med\u012bbu ties\u012bbu nomai nododamie zemes gabali Jaunlaicenes pagast\u0101<\/a><\/p>\n<p><a href=\"https:\/\/aluksne.lv\/index.php\/2024\/04\/22\/medibu-tiesibu-nomai-nododamie-zemes-gabali-aluksnes-novada-kalncempju-pagasta\/\">Med\u012bbu ties\u012bbu nomai nododamie zemes gabali Kalncempju pagast\u0101<\/a><\/p>\n<div id=\"center\">\n<p><a href=\"https:\/\/aluksne.lv\/index.php\/2024\/04\/22\/medibu-tiesibu-nomai-nododamas-platibas-aluksnes-novada-liepnas-pagasta\/\">Med\u012bbu ties\u012bbu nomai nododamie zemes gabali Liepnas pagast\u0101<\/a><\/p>\n<p><a href=\"https:\/\/aluksne.lv\/index.php\/2024\/04\/22\/medibu-tiesibu-nomai-nododamas-platibas-aluksnes-novada-malienas-pagasta\/\">Med\u012bbu ties\u012bbu nomai nododamie zemes gabali Malienas pagast\u0101<\/a><\/p>\n<\/div>\n<p><a href=\"https:\/\/aluksne.lv\/index.php\/2020\/06\/16\/medibu-tiesibu-nomai-nododamie-zemes-gabali-malupes-pagasta\/\">Med\u012bbu ties\u012bbu nomai nododamie zemes gabali M\u0101lupes pagast\u0101<\/a><\/p>\n<div id=\"center\">\n<p><a href=\"https:\/\/aluksne.lv\/index.php\/2025\/08\/07\/medibu-tiesibu-nomai-nododamie-zemes-gabali-markalnes-pagasta\/\">Med\u012bbu ties\u012bbu nomai nododamie zemes gabali M\u0101rkalnes pagast\u0101<\/a><\/p>\n<p><a href=\"https:\/\/aluksne.lv\/index.php\/2024\/04\/23\/medibu-tiesibu-nomai-nododamas-platibas-aluksnes-novada-pededzes-pagasta\/\">Med\u012bbu ties\u012bbu nomai nododamie zemes gabali Pededzes pagast\u0101<\/a><\/p>\n<p><a href=\"https:\/\/aluksne.lv\/index.php\/2024\/04\/22\/medibu-tiesibu-nomai-nododamie-zemes-gabali-aluksnes-novada-veclaicenes-pagasta\/\">Med\u012bbu ties\u012bbu nomai nododamie zemes gabali Veclaicenes pagast\u0101<\/a><\/p>\n<p><a href=\"https:\/\/aluksne.lv\/index.php\/2024\/04\/22\/medibu-tiesibu-nomai-nododamie-zemes-gabali-aluksnes-novada-zeltinu-pagasta\/\">Med\u012bbu ties\u012bbu nomai nododamie zemes gabali Zelti\u0146u pagast\u0101<\/a><\/p>\n<p><a href=\"https:\/\/aluksne.lv\/index.php\/2024\/04\/22\/medibu-tiesibu-nomai-nododamie-zemes-gabali-aluksnes-novada-ziemera-pagasta\/\">Med\u012bbu ties\u012bbu nomai nododamie zemes gabali Ziemera pagast\u0101<\/a><\/p>\n<\/div>\n","protected":false},"excerpt":{"rendered":"<p>&nbsp; Pieteikuma paraugs Med\u012bbu ties\u012bbu nomai nododam\u0101s plat\u012bbas Alsvi\u0137u pagast\u0101 Med\u012bbu ties\u012bbu nomai nododam\u0101s plat\u012bbas Annas pagast\u0101 Med\u012bbu ties\u012bbu nomai nododam\u0101s plat\u012bbas Ilzenes pagast\u0101 Med\u012bbu ties\u012bbu nomai nododamie zemes gabali Jaunal\u016bksnes pagast\u0101 Med\u012bbu ties\u012bbu nomai nododamie zemes gabali Jaunannas pagast\u0101&#8230;<br \/><a class=\"read-more-button\" href=\"https:\/\/aluksne.lv\/index.php\/pasvaldiba\/ipasumi\/medibu-tiesibu-nomai-nododamie-zemes-gabali\/\">Las\u012bt visu<\/a><\/p>\n","protected":false},"author":3,"featured_media":0,"parent":354,"menu_order":0,"comment_status":"closed","ping_status":"closed","template":"","meta":{"_crdt_document":"","_monsterinsights_skip_tracking":false,"_monsterinsights_sitenote_active":false,"_monsterinsights_sitenote_note":"","_monsterinsights_sitenote_category":0,"footnotes":"","_links_to":"","_links_to_target":""},"class_list":["post-21258","page","type-page","status-publish","hentry"],"_links":{"self":[{"href":"https:\/\/aluksne.lv\/index.php\/wp-json\/wp\/v2\/pages\/21258","targetHints":{"allow":["GET"]}}],"collection":[{"href":"https:\/\/aluksne.lv\/index.php\/wp-json\/wp\/v2\/pages"}],"about":[{"href":"https:\/\/aluksne.lv\/index.php\/wp-json\/wp\/v2\/types\/page"}],"author":[{"embeddable":true,"href":"https:\/\/aluksne.lv\/index.php\/wp-json\/wp\/v2\/users\/3"}],"replies":[{"embeddable":true,"href":"https:\/\/aluksne.lv\/index.php\/wp-json\/wp\/v2\/comments?post=21258"}],"version-history":[{"count":0,"href":"https:\/\/aluksne.lv\/index.php\/wp-json\/wp\/v2\/pages\/21258\/revisions"}],"up":[{"embeddable":true,"href":"https:\/\/aluksne.lv\/index.php\/wp-json\/wp\/v2\/pages\/354"}],"wp:attachment":[{"href":"https:\/\/aluksne.lv\/index.php\/wp-json\/wp\/v2\/media?parent=21258"}],"curies":[{"name":"wp","href":"https:\/\/api.w.org\/{rel}","templated":true}]}}