{"id":213,"date":"2015-12-08T14:52:56","date_gmt":"2015-12-08T14:52:56","guid":{"rendered":"http:\/\/aluksne.lv\/jauna\/?page_id=213"},"modified":"2026-01-30T19:40:46","modified_gmt":"2026-01-30T17:40:46","slug":"malupe","status":"publish","type":"page","link":"https:\/\/aluksne.lv\/index.php\/novads\/malupe\/","title":{"rendered":"M\u0101lupe"},"content":{"rendered":"<div id=\"pl-213\"  class=\"panel-layout\" ><div id=\"pg-213-0\"  class=\"panel-grid panel-no-style\" ><div id=\"pgc-213-0-0\"  class=\"panel-grid-cell\" ><div id=\"panel-213-0-0-0\" class=\"so-panel widget widget_sow-editor panel-first-child panel-last-child\" data-index=\"0\" ><div\n\t\t\t\n\t\t\tclass=\"so-widget-sow-editor so-widget-sow-editor-base\"\n\t\t\t\n\t\t>\n<div class=\"siteorigin-widget-tinymce textwidget\">\n\t<h4>M\u0101lupes pagasts atrodas Al\u016bksnes novada dienvidu da\u013c\u0101. T\u0101 kopplat\u012bba 129,75 km<sup>2<\/sup>. M\u0101lupes pagasts robe\u017eojas ar Al\u016bksnes novada Jaunannas, Malienas, Jaunal\u016bksnes un Liepnas pagastiem, k\u0101 ar\u012b Balvu novada Kubulu un V\u012bksnas pagastiem.<\/h4>\n<h4><a href=\"https:\/\/www.google.lv\/maps\/place\/M%C4%81lupes+pagasts,+LV-4358\/@57.316779,27.2143629,12z\/data=!3m1!4b1!4m5!3m4!1s0x46ea718143e3a147:0xbbae11c762b844c3!8m2!3d57.3250126!4d27.2802879\" target=\"_blank\" rel=\"noopener\">M\u0101lupes pagasts<\/a><\/h4>\n<\/div>\n<\/div><\/div><\/div><div id=\"pgc-213-0-1\"  class=\"panel-grid-cell\" ><div id=\"panel-213-0-1-0\" class=\"so-panel widget panel-first-child panel-last-child\" data-index=\"1\" ><\/div><\/div><\/div><\/div>","protected":false},"excerpt":{"rendered":"<p>M\u0101lupes pagasts atrodas Al\u016bksnes novada dienvidu da\u013c\u0101. T\u0101 kopplat\u012bba 129,75 km2. M\u0101lupes pagasts robe\u017eojas ar Al\u016bksnes novada Jaunannas, Malienas, Jaunal\u016bksnes un Liepnas pagastiem, k\u0101 ar\u012b Balvu novada Kubulu un V\u012bksnas pagastiem. M\u0101lupes pagasts<\/p>\n","protected":false},"author":1,"featured_media":0,"parent":4,"menu_order":0,"comment_status":"closed","ping_status":"closed","template":"","meta":{"_crdt_document":"","_monsterinsights_skip_tracking":false,"_monsterinsights_sitenote_active":false,"_monsterinsights_sitenote_note":"","_monsterinsights_sitenote_category":0,"footnotes":"","_links_to":"","_links_to_target":""},"class_list":["post-213","page","type-page","status-publish","hentry"],"_links":{"self":[{"href":"https:\/\/aluksne.lv\/index.php\/wp-json\/wp\/v2\/pages\/213","targetHints":{"allow":["GET"]}}],"collection":[{"href":"https:\/\/aluksne.lv\/index.php\/wp-json\/wp\/v2\/pages"}],"about":[{"href":"https:\/\/aluksne.lv\/index.php\/wp-json\/wp\/v2\/types\/page"}],"author":[{"embeddable":true,"href":"https:\/\/aluksne.lv\/index.php\/wp-json\/wp\/v2\/users\/1"}],"replies":[{"embeddable":true,"href":"https:\/\/aluksne.lv\/index.php\/wp-json\/wp\/v2\/comments?post=213"}],"version-history":[{"count":1,"href":"https:\/\/aluksne.lv\/index.php\/wp-json\/wp\/v2\/pages\/213\/revisions"}],"predecessor-version":[{"id":60316,"href":"https:\/\/aluksne.lv\/index.php\/wp-json\/wp\/v2\/pages\/213\/revisions\/60316"}],"up":[{"embeddable":true,"href":"https:\/\/aluksne.lv\/index.php\/wp-json\/wp\/v2\/pages\/4"}],"wp:attachment":[{"href":"https:\/\/aluksne.lv\/index.php\/wp-json\/wp\/v2\/media?parent=213"}],"curies":[{"name":"wp","href":"https:\/\/api.w.org\/{rel}","templated":true}]}}