{"id":215,"date":"2015-12-08T14:53:13","date_gmt":"2015-12-08T14:53:13","guid":{"rendered":"http:\/\/aluksne.lv\/jauna\/?page_id=215"},"modified":"2026-01-30T19:42:04","modified_gmt":"2026-01-30T17:42:04","slug":"markalne","status":"publish","type":"page","link":"https:\/\/aluksne.lv\/index.php\/novads\/markalne\/","title":{"rendered":"M\u0101rkalne"},"content":{"rendered":"<div id=\"pl-215\"  class=\"panel-layout\" ><div id=\"pg-215-0\"  class=\"panel-grid panel-no-style\" ><div id=\"pgc-215-0-0\"  class=\"panel-grid-cell\" ><div id=\"panel-215-0-0-0\" class=\"so-panel widget widget_sow-editor panel-first-child panel-last-child\" data-index=\"0\" ><div\n\t\t\t\n\t\t\tclass=\"so-widget-sow-editor so-widget-sow-editor-base\"\n\t\t\t\n\t\t>\n<div class=\"siteorigin-widget-tinymce textwidget\">\n\t<h4>M\u0101rkalnes pagasts atrodas Al\u016bksnes novada zieme\u013cu da\u013c\u0101. T\u0101 kopplat\u012bba 123,38 km<sup>2<\/sup>. M\u0101rkalnes pagasts robe\u017eojas ar Al\u016bksnes novada Pededzes, Jaunal\u016bksnes un Ziemera pagastiem, k\u0101 ar\u012b Igaunijas Republiku.<\/h4>\n<h4><a href=\"https:\/\/www.google.lv\/maps\/place\/M%C4%81rkalnes+pagasts,+LV-4351\/@57.5080186,27.1404665,12z\/data=!3m1!4b1!4m5!3m4!1s0x46ea66bb9665da7f:0xe06d42aa9ef645da!8m2!3d57.5048471!4d27.1919712\" target=\"_blank\" rel=\"noopener\">M\u0101rkalnes pagasts<\/a><\/h4>\n<\/div>\n<\/div><\/div><\/div><div id=\"pgc-215-0-1\"  class=\"panel-grid-cell\" ><div id=\"panel-215-0-1-0\" class=\"so-panel widget panel-first-child panel-last-child\" data-index=\"1\" ><\/div><\/div><\/div><\/div>","protected":false},"excerpt":{"rendered":"<p>M\u0101rkalnes pagasts atrodas Al\u016bksnes novada zieme\u013cu da\u013c\u0101. T\u0101 kopplat\u012bba 123,38 km2. M\u0101rkalnes pagasts robe\u017eojas ar Al\u016bksnes novada Pededzes, Jaunal\u016bksnes un Ziemera pagastiem, k\u0101 ar\u012b Igaunijas Republiku. M\u0101rkalnes pagasts<\/p>\n","protected":false},"author":1,"featured_media":0,"parent":4,"menu_order":0,"comment_status":"closed","ping_status":"closed","template":"","meta":{"_crdt_document":"","_monsterinsights_skip_tracking":false,"_monsterinsights_sitenote_active":false,"_monsterinsights_sitenote_note":"","_monsterinsights_sitenote_category":0,"footnotes":"","_links_to":"","_links_to_target":""},"class_list":["post-215","page","type-page","status-publish","hentry"],"_links":{"self":[{"href":"https:\/\/aluksne.lv\/index.php\/wp-json\/wp\/v2\/pages\/215","targetHints":{"allow":["GET"]}}],"collection":[{"href":"https:\/\/aluksne.lv\/index.php\/wp-json\/wp\/v2\/pages"}],"about":[{"href":"https:\/\/aluksne.lv\/index.php\/wp-json\/wp\/v2\/types\/page"}],"author":[{"embeddable":true,"href":"https:\/\/aluksne.lv\/index.php\/wp-json\/wp\/v2\/users\/1"}],"replies":[{"embeddable":true,"href":"https:\/\/aluksne.lv\/index.php\/wp-json\/wp\/v2\/comments?post=215"}],"version-history":[{"count":1,"href":"https:\/\/aluksne.lv\/index.php\/wp-json\/wp\/v2\/pages\/215\/revisions"}],"predecessor-version":[{"id":60317,"href":"https:\/\/aluksne.lv\/index.php\/wp-json\/wp\/v2\/pages\/215\/revisions\/60317"}],"up":[{"embeddable":true,"href":"https:\/\/aluksne.lv\/index.php\/wp-json\/wp\/v2\/pages\/4"}],"wp:attachment":[{"href":"https:\/\/aluksne.lv\/index.php\/wp-json\/wp\/v2\/media?parent=215"}],"curies":[{"name":"wp","href":"https:\/\/api.w.org\/{rel}","templated":true}]}}