{"id":2162,"date":"2017-12-12T12:27:17","date_gmt":"2017-12-12T12:27:17","guid":{"rendered":"http:\/\/aluksne.lv\/jauna1\/?page_id=2162"},"modified":"2026-03-28T11:46:14","modified_gmt":"2026-03-28T09:46:14","slug":"aluksnes-novada-dzimtsarakstu-nodala","status":"publish","type":"page","link":"https:\/\/aluksne.lv\/index.php\/pasvaldiba\/socialas-un-citas-iestades\/aluksnes-novada-dzimtsarakstu-nodala\/","title":{"rendered":"Al\u016bksnes novada Dzimtsarakstu noda\u013ca"},"content":{"rendered":"<div id=\"pl-2162\"  class=\"panel-layout\" ><div id=\"pg-2162-0\"  class=\"panel-grid panel-no-style\" ><div id=\"pgc-2162-0-0\"  class=\"panel-grid-cell\" ><div id=\"panel-2162-0-0-0\" class=\"so-panel widget widget_sow-editor panel-first-child panel-last-child\" data-index=\"0\" ><div\n\t\t\t\n\t\t\tclass=\"so-widget-sow-editor so-widget-sow-editor-base\"\n\t\t\t\n\t\t>\n<div class=\"siteorigin-widget-tinymce textwidget\">\n\t<p><strong>Al\u016bksnes novada Dzimtsarakstu noda\u013ca<\/strong><br \/>\nD\u0101rza iela 11,<br \/>\nAl\u016bksn\u0113, LV 4301<\/p>\n<p><strong>Vad\u012bt\u0101ja:<\/strong> Nansija ZU\u010cIKA<br \/>\n<strong>Vad\u012bt\u0101jas vietnieks:<\/strong><br \/>\n<strong>T\u0101lru\u0146i:<\/strong>\u00a064322809, 26360529<\/p>\n<p><strong>e- pasts:<\/strong>\u00a0<span class=\"blue_edit\">dzimtsaraksti@aluksne.lv<\/span><\/p>\n<p><strong>eAdrese:<\/strong> _DEFAULT@40900007379<\/p>\n<table class=\"pienem\" style=\"width: 100%; height: 168px;\">\n<tbody>\n<tr style=\"height: 24px;\">\n<td style=\"height: 24px;\" colspan=\"3\"><strong>Apmekl\u0113t\u0101jus pie\u0146em:<\/strong><\/td>\n<\/tr>\n<tr style=\"height: 24px;\">\n<td style=\"height: 24px;\"><\/td>\n<td style=\"height: 24px;\">Pirmdien<\/td>\n<td style=\"height: 24px;\">10.00 \u2013 12.00, 14.00 \u2013 16.00<\/td>\n<\/tr>\n<tr style=\"height: 24px;\">\n<td style=\"height: 24px;\"><\/td>\n<td style=\"height: 24px;\">Otrdien<\/td>\n<td style=\"height: 24px;\">10.00<strong> \u2013 <\/strong>12.00, 14.00 \u2013 16.00<\/td>\n<\/tr>\n<tr style=\"height: 24px;\">\n<td style=\"height: 24px;\"><\/td>\n<td style=\"height: 24px;\">Tre\u0161dien<\/td>\n<td style=\"height: 24px;\">10.00 \u2013 12.00, 14.00 \u2013 16.00<\/td>\n<\/tr>\n<tr style=\"height: 24px;\">\n<td style=\"height: 24px;\"><\/td>\n<td style=\"height: 24px;\">Ceturtdien<\/td>\n<td style=\"height: 24px;\">10.00 \u2013 12.00, 14.00 \u2013 16.00<\/td>\n<\/tr>\n<tr style=\"height: 24px;\">\n<td style=\"height: 24px;\"><\/td>\n<td style=\"height: 24px;\">Piektdien<\/td>\n<td style=\"height: 24px;\">10.00 \u2013 12.00<\/td>\n<\/tr>\n<tr style=\"height: 24px;\">\n<td style=\"height: 24px;\"><\/td>\n<td style=\"height: 24px;\"><\/td>\n<td style=\"height: 24px;\">par laul\u012bbas re\u0123istr\u0101cijas un citu ceremoniju laiku un vietu j\u0101vienojas atsevi\u0161\u0137i<\/td>\n<\/tr>\n<\/tbody>\n<\/table>\n<p><strong><br \/>\n<a href=\"https:\/\/aluksne.lv\/wp-content\/uploads\/2024\/06\/Dzimtsarakstu_nodala_nolikums.docx\">Iest\u0101des nolikums<\/a><br \/>\n<\/strong><\/p>\n<div id=\"center\">\n<div align=\"left\">\n<p><a href=\"https:\/\/aluksne.lv\/wp-content\/uploads\/2023\/06\/Cenradis_DZN_2023.pdf\">Al\u016bksnes novada Dzimtsarakstu noda\u013cas maksas pakalpojumi<\/a><\/p>\n<\/div>\n<\/div>\n<\/div>\n<\/div><\/div><\/div><div id=\"pgc-2162-0-1\"  class=\"panel-grid-cell\" ><div id=\"panel-2162-0-1-0\" class=\"so-panel widget panel-first-child panel-last-child\" data-index=\"1\" ><\/div><\/div><\/div><\/div>","protected":false},"excerpt":{"rendered":"<p>Al\u016bksnes novada Dzimtsarakstu noda\u013ca D\u0101rza iela 11, Al\u016bksn\u0113, LV 4301 Vad\u012bt\u0101ja: Nansija ZU\u010cIKA Vad\u012bt\u0101jas vietnieks: T\u0101lru\u0146i:\u00a064322809, 26360529 e- pasts:\u00a0dzimtsaraksti@aluksne.lv eAdrese: _DEFAULT@40900007379 Apmekl\u0113t\u0101jus pie\u0146em: Pirmdien 10.00 \u2013 12.00, 14.00 \u2013 16.00 Otrdien 10.00 \u2013 12.00, 14.00 \u2013 16.00 Tre\u0161dien 10.00 \u2013&#8230;<br \/><a class=\"read-more-button\" href=\"https:\/\/aluksne.lv\/index.php\/pasvaldiba\/socialas-un-citas-iestades\/aluksnes-novada-dzimtsarakstu-nodala\/\">Las\u012bt visu<\/a><\/p>\n","protected":false},"author":1,"featured_media":0,"parent":393,"menu_order":0,"comment_status":"closed","ping_status":"closed","template":"","meta":{"_crdt_document":"","_monsterinsights_skip_tracking":false,"_monsterinsights_sitenote_active":false,"_monsterinsights_sitenote_note":"","_monsterinsights_sitenote_category":0,"footnotes":"","_links_to":"","_links_to_target":""},"class_list":["post-2162","page","type-page","status-publish","hentry"],"_links":{"self":[{"href":"https:\/\/aluksne.lv\/index.php\/wp-json\/wp\/v2\/pages\/2162","targetHints":{"allow":["GET"]}}],"collection":[{"href":"https:\/\/aluksne.lv\/index.php\/wp-json\/wp\/v2\/pages"}],"about":[{"href":"https:\/\/aluksne.lv\/index.php\/wp-json\/wp\/v2\/types\/page"}],"author":[{"embeddable":true,"href":"https:\/\/aluksne.lv\/index.php\/wp-json\/wp\/v2\/users\/1"}],"replies":[{"embeddable":true,"href":"https:\/\/aluksne.lv\/index.php\/wp-json\/wp\/v2\/comments?post=2162"}],"version-history":[{"count":1,"href":"https:\/\/aluksne.lv\/index.php\/wp-json\/wp\/v2\/pages\/2162\/revisions"}],"predecessor-version":[{"id":61675,"href":"https:\/\/aluksne.lv\/index.php\/wp-json\/wp\/v2\/pages\/2162\/revisions\/61675"}],"up":[{"embeddable":true,"href":"https:\/\/aluksne.lv\/index.php\/wp-json\/wp\/v2\/pages\/393"}],"wp:attachment":[{"href":"https:\/\/aluksne.lv\/index.php\/wp-json\/wp\/v2\/media?parent=2162"}],"curies":[{"name":"wp","href":"https:\/\/api.w.org\/{rel}","templated":true}]}}