{"id":217,"date":"2015-12-08T14:53:33","date_gmt":"2015-12-08T14:53:33","guid":{"rendered":"http:\/\/aluksne.lv\/jauna\/?page_id=217"},"modified":"2026-01-30T19:43:34","modified_gmt":"2026-01-30T17:43:34","slug":"pededze","status":"publish","type":"page","link":"https:\/\/aluksne.lv\/index.php\/novads\/pededze\/","title":{"rendered":"Pededze"},"content":{"rendered":"<div id=\"pl-217\"  class=\"panel-layout\" ><div id=\"pg-217-0\"  class=\"panel-grid panel-no-style\" ><div id=\"pgc-217-0-0\"  class=\"panel-grid-cell\" ><div id=\"panel-217-0-0-0\" class=\"so-panel widget widget_sow-editor panel-first-child panel-last-child\" data-index=\"0\" ><div\n\t\t\t\n\t\t\tclass=\"so-widget-sow-editor so-widget-sow-editor-base\"\n\t\t\t\n\t\t>\n<div class=\"siteorigin-widget-tinymce textwidget\">\n\t<h4>Pededzes pagasts atrodas \u00a0Al\u016bksnes novada zieme\u013caustrumu da\u013c\u0101. T\u0101 kopplat\u012bba 142,01 km<sup>2<\/sup>. \u00a0Pededzes pagasts robe\u017eojas ar Al\u016bksnes novada M\u0101rkalnes, Jaunal\u016bksnes un Liepnas pagastiem, k\u0101 ar\u012b Krievijas Feder\u0101ciju.<\/h4>\n<h4><a href=\"https:\/\/www.google.lv\/maps\/place\/Pededzes+pagasts,+LV-4352\/@57.4772418,27.3053255,11z\/data=!3m1!4b1!4m5!3m4!1s0x46ea7c9beca78b2f:0x88c22c78090abf7f!8m2!3d57.4935124!4d27.4499296\" target=\"_blank\" rel=\"noopener\">Pededzes pagasts<\/a><\/h4>\n<\/div>\n<\/div><\/div><\/div><div id=\"pgc-217-0-1\"  class=\"panel-grid-cell\" ><div id=\"panel-217-0-1-0\" class=\"so-panel widget panel-first-child panel-last-child\" data-index=\"1\" ><\/div><\/div><\/div><\/div>","protected":false},"excerpt":{"rendered":"<p>Pededzes pagasts atrodas \u00a0Al\u016bksnes novada zieme\u013caustrumu da\u013c\u0101. T\u0101 kopplat\u012bba 142,01 km2. \u00a0Pededzes pagasts robe\u017eojas ar Al\u016bksnes novada M\u0101rkalnes, Jaunal\u016bksnes un Liepnas pagastiem, k\u0101 ar\u012b Krievijas Feder\u0101ciju. Pededzes pagasts<\/p>\n","protected":false},"author":1,"featured_media":0,"parent":4,"menu_order":0,"comment_status":"closed","ping_status":"closed","template":"","meta":{"_crdt_document":"","_monsterinsights_skip_tracking":false,"_monsterinsights_sitenote_active":false,"_monsterinsights_sitenote_note":"","_monsterinsights_sitenote_category":0,"footnotes":"","_links_to":"","_links_to_target":""},"class_list":["post-217","page","type-page","status-publish","hentry"],"_links":{"self":[{"href":"https:\/\/aluksne.lv\/index.php\/wp-json\/wp\/v2\/pages\/217","targetHints":{"allow":["GET"]}}],"collection":[{"href":"https:\/\/aluksne.lv\/index.php\/wp-json\/wp\/v2\/pages"}],"about":[{"href":"https:\/\/aluksne.lv\/index.php\/wp-json\/wp\/v2\/types\/page"}],"author":[{"embeddable":true,"href":"https:\/\/aluksne.lv\/index.php\/wp-json\/wp\/v2\/users\/1"}],"replies":[{"embeddable":true,"href":"https:\/\/aluksne.lv\/index.php\/wp-json\/wp\/v2\/comments?post=217"}],"version-history":[{"count":1,"href":"https:\/\/aluksne.lv\/index.php\/wp-json\/wp\/v2\/pages\/217\/revisions"}],"predecessor-version":[{"id":60318,"href":"https:\/\/aluksne.lv\/index.php\/wp-json\/wp\/v2\/pages\/217\/revisions\/60318"}],"up":[{"embeddable":true,"href":"https:\/\/aluksne.lv\/index.php\/wp-json\/wp\/v2\/pages\/4"}],"wp:attachment":[{"href":"https:\/\/aluksne.lv\/index.php\/wp-json\/wp\/v2\/media?parent=217"}],"curies":[{"name":"wp","href":"https:\/\/api.w.org\/{rel}","templated":true}]}}