{"id":2172,"date":"2017-12-12T12:29:49","date_gmt":"2017-12-12T12:29:49","guid":{"rendered":"http:\/\/aluksne.lv\/jauna1\/?page_id=2172"},"modified":"2025-08-22T13:40:52","modified_gmt":"2025-08-22T10:40:52","slug":"pasvaldibas-agentura-spodra","status":"publish","type":"page","link":"https:\/\/aluksne.lv\/index.php\/pasvaldiba\/socialas-un-citas-iestades\/pasvaldibas-agentura-spodra\/","title":{"rendered":"Pa\u0161vald\u012bbas iest\u0101de \u201eSpodra\u201d"},"content":{"rendered":"<div id=\"pl-2172\"  class=\"panel-layout\" ><div id=\"pg-2172-0\"  class=\"panel-grid panel-no-style\" ><div id=\"pgc-2172-0-0\"  class=\"panel-grid-cell\" ><div id=\"panel-2172-0-0-0\" class=\"so-panel widget widget_sow-editor panel-first-child panel-last-child\" data-index=\"0\" ><div\n\t\t\t\n\t\t\tclass=\"so-widget-sow-editor so-widget-sow-editor-base\"\n\t\t\t\n\t\t>\n<div class=\"siteorigin-widget-tinymce textwidget\">\n\t<p><strong>Pa\u0161vald\u012bbas iest\u0101de \u201eSPODRA\u201d<\/strong><br \/>\nBr\u016b\u017ea iel\u0101 1,<br \/>\nAl\u016bksn\u0113, Al\u016bksnes novad\u0101, LV-4301<\/p>\n<p><strong>Direktore:<\/strong> <strong>V\u0113sma \u010cUGUNOVA<\/strong><br \/>\n<strong>T\u0101lrunis:<\/strong> 29195915<br \/>\n<strong>e-pasts:<\/strong> vesma.cugunova@aluksne.lv<br \/>\n<strong>e-pasts:<\/strong>\u00a0<span class=\"blue_edit\">spodra@aluksne.lv<br \/>\n<strong>eAdrese:<\/strong> _DEFAULT@40900006706<\/span><\/p>\n<p><strong>Al\u016bksnes Lielo un Mazo kapu p\u0101rzinis:<\/strong>\u00a026161235<\/p>\n<p><span style=\"font-size: 12pt;\">Pa\u0161vald\u012bbas iest\u0101des \"SPODRA\" NOLIKUMS (<a href=\"https:\/\/aluksne.lv\/wp-content\/uploads\/2024\/01\/250.pdf\">.pdf<\/a>\u00a0\u00a0<a href=\"https:\/\/aluksne.lv\/wp-content\/uploads\/2024\/01\/7_SPODRA_nolikums.docx\">.docx<\/a>)<\/span><\/p>\n<h3><a href=\"https:\/\/aluksne.lv\/wp-content\/uploads\/2025\/01\/Spodra_maksas_pakalpojumi.docx\">Al\u016bksnes novada pa\u0161vald\u012bbas iest\u0101des \u201cSPODRA\u201d sniegto maksas pakalpojumu cenr\u0101dis<\/a> (sp\u0113k\u0101 no 01.01.2024.)<\/h3>\n<p>&nbsp;<\/p>\n<div class=\"divTable\">\n<div class=\"divTableBody\">\n<div class=\"divTableRow\">\n<div class=\"divTableCell\"><strong><a href=\"https:\/\/aluksne.lv\/index.php\/pasvaldiba\/socialas-un-citas-iestades\/pasvaldibas-agentura-spodra\/pa-spodra-attistibas-strategijas\/\">PA \"SPODRA\" ATT\u012aST\u012aBAS STRAT\u0112\u0122IJAS<\/a><\/strong><\/div>\n<div class=\"divTableCell\"><a href=\"https:\/\/aluksne.lv\/index.php\/pasvaldiba\/socialas-un-citas-iestades\/pasvaldibas-agentura-spodra\/pa-spodra-publiskie-parskati\/\"><strong>PA \"SPODRA\" PUBLISKIE P\u0100RSKATI<\/strong><\/a><\/div>\n<\/div>\n<\/div>\n<\/div>\n<p>&nbsp;<\/p>\n<p>&nbsp;<\/p>\n<\/div>\n<\/div><\/div><\/div><div id=\"pgc-2172-0-1\"  class=\"panel-grid-cell\" ><div id=\"panel-2172-0-1-0\" class=\"so-panel widget panel-first-child panel-last-child\" data-index=\"1\" ><\/div><\/div><\/div><\/div>","protected":false},"excerpt":{"rendered":"<p>Pa\u0161vald\u012bbas iest\u0101de \u201eSPODRA\u201d Br\u016b\u017ea iel\u0101 1, Al\u016bksn\u0113, Al\u016bksnes novad\u0101, LV-4301 Direktore: V\u0113sma \u010cUGUNOVA T\u0101lrunis: 29195915 e-pasts: vesma.cugunova@aluksne.lv e-pasts:\u00a0spodra@aluksne.lv eAdrese: _DEFAULT@40900006706 Al\u016bksnes Lielo un Mazo kapu p\u0101rzinis:\u00a026161235 Pa\u0161vald\u012bbas iest\u0101des &#8220;SPODRA&#8221; NOLIKUMS (.pdf\u00a0\u00a0.docx) Al\u016bksnes novada pa\u0161vald\u012bbas iest\u0101des \u201cSPODRA\u201d sniegto maksas pakalpojumu cenr\u0101dis&#8230;<br \/><a class=\"read-more-button\" href=\"https:\/\/aluksne.lv\/index.php\/pasvaldiba\/socialas-un-citas-iestades\/pasvaldibas-agentura-spodra\/\">Las\u012bt visu<\/a><\/p>\n","protected":false},"author":1,"featured_media":0,"parent":393,"menu_order":0,"comment_status":"closed","ping_status":"closed","template":"","meta":{"_crdt_document":"","_monsterinsights_skip_tracking":false,"_monsterinsights_sitenote_active":false,"_monsterinsights_sitenote_note":"","_monsterinsights_sitenote_category":0,"footnotes":"","_links_to":"","_links_to_target":""},"class_list":["post-2172","page","type-page","status-publish","hentry"],"_links":{"self":[{"href":"https:\/\/aluksne.lv\/index.php\/wp-json\/wp\/v2\/pages\/2172","targetHints":{"allow":["GET"]}}],"collection":[{"href":"https:\/\/aluksne.lv\/index.php\/wp-json\/wp\/v2\/pages"}],"about":[{"href":"https:\/\/aluksne.lv\/index.php\/wp-json\/wp\/v2\/types\/page"}],"author":[{"embeddable":true,"href":"https:\/\/aluksne.lv\/index.php\/wp-json\/wp\/v2\/users\/1"}],"replies":[{"embeddable":true,"href":"https:\/\/aluksne.lv\/index.php\/wp-json\/wp\/v2\/comments?post=2172"}],"version-history":[{"count":0,"href":"https:\/\/aluksne.lv\/index.php\/wp-json\/wp\/v2\/pages\/2172\/revisions"}],"up":[{"embeddable":true,"href":"https:\/\/aluksne.lv\/index.php\/wp-json\/wp\/v2\/pages\/393"}],"wp:attachment":[{"href":"https:\/\/aluksne.lv\/index.php\/wp-json\/wp\/v2\/media?parent=2172"}],"curies":[{"name":"wp","href":"https:\/\/api.w.org\/{rel}","templated":true}]}}