{"id":2177,"date":"2017-12-12T12:31:36","date_gmt":"2017-12-12T12:31:36","guid":{"rendered":"http:\/\/aluksne.lv\/jauna1\/?page_id=2177"},"modified":"2024-10-30T14:51:04","modified_gmt":"2024-10-30T12:51:04","slug":"pasvaldibas-policija","status":"publish","type":"page","link":"https:\/\/aluksne.lv\/index.php\/pasvaldiba\/socialas-un-citas-iestades\/pasvaldibas-policija\/","title":{"rendered":"Pa\u0161vald\u012bbas policija"},"content":{"rendered":"<div id=\"pl-2177\"  class=\"panel-layout\" ><div id=\"pg-2177-0\"  class=\"panel-grid panel-no-style\" ><div id=\"pgc-2177-0-0\"  class=\"panel-grid-cell\" ><div id=\"panel-2177-0-0-0\" class=\"so-panel widget widget_sow-editor panel-first-child panel-last-child\" data-index=\"0\" ><div\n\t\t\t\n\t\t\tclass=\"so-widget-sow-editor so-widget-sow-editor-base\"\n\t\t\t\n\t\t>\n<div class=\"siteorigin-widget-tinymce textwidget\">\n\t<p>&nbsp;<\/p>\n<p><strong>Al\u016bksnes novada pa\u0161vald\u012bbas policija<\/strong><br \/>\nD\u0101rza iel\u0101 11, 104.\/106. kabinets<br \/>\nAl\u016bksn\u0113, LV 4301<\/p>\n<p><strong>Priek\u0161nieks:<\/strong>\u00a0Ardis TOMSONS<br \/>\n<strong>T\u0101lrunis<\/strong>: 64323156<br \/>\n<strong>e-pasts:<\/strong>\u00a0<span class=\"blue_edit\">ardis.tomsons@aluksne.lv<\/span><\/p>\n<p class=\"blue_edit\"><a href=\"https:\/\/www.aluksne.lv\/iestades\/nolikumi\/10_2024_ANP policijas nolikums.pdf\">PA\u0160VALD\u012aBAS POLICIJAS NOLIKUMS<\/a><\/p>\n<\/div>\n<\/div><\/div><\/div><div id=\"pgc-2177-0-1\"  class=\"panel-grid-cell\" ><div id=\"panel-2177-0-1-0\" class=\"so-panel widget panel-first-child panel-last-child\" data-index=\"1\" ><\/div><\/div><\/div><\/div>","protected":false},"excerpt":{"rendered":"<p>&nbsp; Al\u016bksnes novada pa\u0161vald\u012bbas policija D\u0101rza iel\u0101 11, 104.\/106. kabinets Al\u016bksn\u0113, LV 4301 Priek\u0161nieks:\u00a0Ardis TOMSONS T\u0101lrunis: 64323156 e-pasts:\u00a0ardis.tomsons@aluksne.lv PA\u0160VALD\u012aBAS POLICIJAS NOLIKUMS<\/p>\n","protected":false},"author":1,"featured_media":0,"parent":393,"menu_order":0,"comment_status":"closed","ping_status":"closed","template":"","meta":{"_crdt_document":"","_monsterinsights_skip_tracking":false,"_monsterinsights_sitenote_active":false,"_monsterinsights_sitenote_note":"","_monsterinsights_sitenote_category":0,"footnotes":"","_links_to":"","_links_to_target":""},"class_list":["post-2177","page","type-page","status-publish","hentry"],"_links":{"self":[{"href":"https:\/\/aluksne.lv\/index.php\/wp-json\/wp\/v2\/pages\/2177","targetHints":{"allow":["GET"]}}],"collection":[{"href":"https:\/\/aluksne.lv\/index.php\/wp-json\/wp\/v2\/pages"}],"about":[{"href":"https:\/\/aluksne.lv\/index.php\/wp-json\/wp\/v2\/types\/page"}],"author":[{"embeddable":true,"href":"https:\/\/aluksne.lv\/index.php\/wp-json\/wp\/v2\/users\/1"}],"replies":[{"embeddable":true,"href":"https:\/\/aluksne.lv\/index.php\/wp-json\/wp\/v2\/comments?post=2177"}],"version-history":[{"count":0,"href":"https:\/\/aluksne.lv\/index.php\/wp-json\/wp\/v2\/pages\/2177\/revisions"}],"up":[{"embeddable":true,"href":"https:\/\/aluksne.lv\/index.php\/wp-json\/wp\/v2\/pages\/393"}],"wp:attachment":[{"href":"https:\/\/aluksne.lv\/index.php\/wp-json\/wp\/v2\/media?parent=2177"}],"curies":[{"name":"wp","href":"https:\/\/api.w.org\/{rel}","templated":true}]}}