{"id":224,"date":"2015-12-08T14:54:44","date_gmt":"2015-12-08T14:54:44","guid":{"rendered":"http:\/\/aluksne.lv\/jauna\/?page_id=224"},"modified":"2026-01-30T19:50:37","modified_gmt":"2026-01-30T17:50:37","slug":"ziemeri","status":"publish","type":"page","link":"https:\/\/aluksne.lv\/index.php\/novads\/ziemeri\/","title":{"rendered":"Ziemeri"},"content":{"rendered":"<div id=\"pl-224\"  class=\"panel-layout\" ><div id=\"pg-224-0\"  class=\"panel-grid panel-no-style\" ><div id=\"pgc-224-0-0\"  class=\"panel-grid-cell\" ><div id=\"panel-224-0-0-0\" class=\"so-panel widget widget_sow-editor panel-first-child panel-last-child\" data-index=\"0\" ><div\n\t\t\t\n\t\t\tclass=\"so-widget-sow-editor so-widget-sow-editor-base\"\n\t\t\t\n\t\t>\n<div class=\"siteorigin-widget-tinymce textwidget\">\n\t<h4>Ziemera pagasts atrodas \u00a0Al\u016bksnes novada zieme\u013cu da\u013c\u0101. T\u0101 kopplat\u012bba 117,02 km<sup>2<\/sup>. \u00a0Ziemera pagasts robe\u017eojas ar Al\u016bksnes novada Al\u016bksnes pils\u0113tu un Jaunlaicenes, Veclaicenes, M\u0101rkalnes un Alsvi\u0137u pagastiem, k\u0101 ar\u012b Igaunijas Republiku.<\/h4>\n<h4><a href=\"https:\/\/www.google.lv\/maps\/place\/Ziemera+pagasts,+Al%C5%ABksnes+novads\/@57.5076141,26.8685982,11z\/data=!3m1!4b1!4m6!3m5!1s0x46ea5d70560e7aef:0x786891ace0b0e1ef!8m2!3d57.4990863!4d27.0055407!16s%2Fm%2F05q4v6x?entry=ttu&amp;g_ep=EgoyMDI2MDEyOC4wIKXMDSoASAFQAw%3D%3D\">Ziemera pagasts<\/a><\/h4>\n<\/div>\n<\/div><\/div><\/div><div id=\"pgc-224-0-1\"  class=\"panel-grid-cell\" ><div id=\"panel-224-0-1-0\" class=\"so-panel widget panel-first-child panel-last-child\" data-index=\"1\" ><\/div><\/div><\/div><\/div>","protected":false},"excerpt":{"rendered":"<p>Ziemera pagasts atrodas \u00a0Al\u016bksnes novada zieme\u013cu da\u013c\u0101. T\u0101 kopplat\u012bba 117,02 km2. \u00a0Ziemera pagasts robe\u017eojas ar Al\u016bksnes novada Al\u016bksnes pils\u0113tu un Jaunlaicenes, Veclaicenes, M\u0101rkalnes un Alsvi\u0137u pagastiem, k\u0101 ar\u012b Igaunijas Republiku. Ziemera pagasts<\/p>\n","protected":false},"author":1,"featured_media":0,"parent":4,"menu_order":0,"comment_status":"closed","ping_status":"closed","template":"","meta":{"_crdt_document":"","_monsterinsights_skip_tracking":false,"_monsterinsights_sitenote_active":false,"_monsterinsights_sitenote_note":"","_monsterinsights_sitenote_category":0,"footnotes":"","_links_to":"","_links_to_target":""},"class_list":["post-224","page","type-page","status-publish","hentry"],"_links":{"self":[{"href":"https:\/\/aluksne.lv\/index.php\/wp-json\/wp\/v2\/pages\/224","targetHints":{"allow":["GET"]}}],"collection":[{"href":"https:\/\/aluksne.lv\/index.php\/wp-json\/wp\/v2\/pages"}],"about":[{"href":"https:\/\/aluksne.lv\/index.php\/wp-json\/wp\/v2\/types\/page"}],"author":[{"embeddable":true,"href":"https:\/\/aluksne.lv\/index.php\/wp-json\/wp\/v2\/users\/1"}],"replies":[{"embeddable":true,"href":"https:\/\/aluksne.lv\/index.php\/wp-json\/wp\/v2\/comments?post=224"}],"version-history":[{"count":1,"href":"https:\/\/aluksne.lv\/index.php\/wp-json\/wp\/v2\/pages\/224\/revisions"}],"predecessor-version":[{"id":60322,"href":"https:\/\/aluksne.lv\/index.php\/wp-json\/wp\/v2\/pages\/224\/revisions\/60322"}],"up":[{"embeddable":true,"href":"https:\/\/aluksne.lv\/index.php\/wp-json\/wp\/v2\/pages\/4"}],"wp:attachment":[{"href":"https:\/\/aluksne.lv\/index.php\/wp-json\/wp\/v2\/media?parent=224"}],"curies":[{"name":"wp","href":"https:\/\/api.w.org\/{rel}","templated":true}]}}