{"id":22748,"date":"2020-11-23T11:57:38","date_gmt":"2020-11-23T09:57:38","guid":{"rendered":"https:\/\/aluksne.lv\/?page_id=22748"},"modified":"2026-01-30T21:16:44","modified_gmt":"2026-01-30T19:16:44","slug":"nekustama-ipasuma-nodoklis","status":"publish","type":"page","link":"https:\/\/aluksne.lv\/index.php\/pasvaldiba\/pakalpojumi\/nekustama-ipasuma-nodoklis\/","title":{"rendered":"NEKUSTAM\u0100 \u012aPA\u0160UMA NODOKLIS"},"content":{"rendered":"<p>&nbsp;<\/p>\n<h4><a href=\"https:\/\/www.epakalpojumi.lv\/Default.aspx\" target=\"_blank\" rel=\"noopener noreferrer\">Nekustam\u0101 \u012bpa\u0161uma nodok\u013ca apmaksa <\/a><img loading=\"lazy\" decoding=\"async\" class=\"\" src=\"https:\/\/aluksne.lv\/wp-content\/uploads\/2020\/11\/e.png\" alt=\"\" width=\"20\" height=\"19\" data-id=\"22732\" \/><\/h4>\n<h4><a href=\"https:\/\/latvija.gov.lv\/Services\/10870\" target=\"_blank\" rel=\"noopener noreferrer\">Atvieglojumu sa\u0146em\u0161ana nekustam\u0101 \u012bpa\u0161uma nodoklim<\/a><\/h4>\n<h4><a href=\"https:\/\/latvija.gov.lv\/Services\/10872\" target=\"_blank\" rel=\"noopener noreferrer\">Nekustam\u0101 \u012bpa\u0161uma nodok\u013ca samaksas termi\u0146a pagarin\u0101\u0161ana<\/a><\/h4>\n<p>&nbsp;<\/p>\n<p>&nbsp;<\/p>\n","protected":false},"excerpt":{"rendered":"<p>&nbsp; Nekustam\u0101 \u012bpa\u0161uma nodok\u013ca apmaksa Atvieglojumu sa\u0146em\u0161ana nekustam\u0101 \u012bpa\u0161uma nodoklim Nekustam\u0101 \u012bpa\u0161uma nodok\u013ca samaksas termi\u0146a pagarin\u0101\u0161ana &nbsp; &nbsp;<\/p>\n","protected":false},"author":1,"featured_media":0,"parent":383,"menu_order":0,"comment_status":"closed","ping_status":"closed","template":"","meta":{"_crdt_document":"","_monsterinsights_skip_tracking":false,"_monsterinsights_sitenote_active":false,"_monsterinsights_sitenote_note":"","_monsterinsights_sitenote_category":0,"footnotes":"","_links_to":"","_links_to_target":""},"class_list":["post-22748","page","type-page","status-publish","hentry"],"_links":{"self":[{"href":"https:\/\/aluksne.lv\/index.php\/wp-json\/wp\/v2\/pages\/22748","targetHints":{"allow":["GET"]}}],"collection":[{"href":"https:\/\/aluksne.lv\/index.php\/wp-json\/wp\/v2\/pages"}],"about":[{"href":"https:\/\/aluksne.lv\/index.php\/wp-json\/wp\/v2\/types\/page"}],"author":[{"embeddable":true,"href":"https:\/\/aluksne.lv\/index.php\/wp-json\/wp\/v2\/users\/1"}],"replies":[{"embeddable":true,"href":"https:\/\/aluksne.lv\/index.php\/wp-json\/wp\/v2\/comments?post=22748"}],"version-history":[{"count":1,"href":"https:\/\/aluksne.lv\/index.php\/wp-json\/wp\/v2\/pages\/22748\/revisions"}],"predecessor-version":[{"id":60331,"href":"https:\/\/aluksne.lv\/index.php\/wp-json\/wp\/v2\/pages\/22748\/revisions\/60331"}],"up":[{"embeddable":true,"href":"https:\/\/aluksne.lv\/index.php\/wp-json\/wp\/v2\/pages\/383"}],"wp:attachment":[{"href":"https:\/\/aluksne.lv\/index.php\/wp-json\/wp\/v2\/media?parent=22748"}],"curies":[{"name":"wp","href":"https:\/\/api.w.org\/{rel}","templated":true}]}}