{"id":22844,"date":"2020-11-25T10:09:40","date_gmt":"2020-11-25T08:09:40","guid":{"rendered":"https:\/\/aluksne.lv\/?page_id=22844"},"modified":"2026-03-12T14:49:46","modified_gmt":"2026-03-12T12:49:46","slug":"informacija-par-pasvaldibas-ipasumiem","status":"publish","type":"page","link":"https:\/\/aluksne.lv\/index.php\/pasvaldiba\/ipasumi\/informacija-par-pasvaldibas-ipasumiem\/","title":{"rendered":"Inform\u0101cija par pa\u0161vald\u012bbas \u012bpa\u0161umiem"},"content":{"rendered":"<p>&nbsp;<\/p>\n<table class=\"pienem\" style=\"border-collapse: collapse; width: 100%; height: 385px;\">\n<tbody>\n<tr style=\"height: 24px;\">\n<td style=\"width: 100%; height: 24px;\"><a href=\"https:\/\/aluksne.lv\/wp-content\/uploads\/2024\/10\/Aluksne_aktualizeta_21.10.2024.pdf\">AL\u016aKSNES PILS\u0112T\u0100 (.pdf)<\/a><\/td>\n<\/tr>\n<tr style=\"height: 24px;\">\n<td style=\"width: 100%; height: 24px;\"><a href=\"https:\/\/aluksne.lv\/kartes\/ALSVIKU_KARTE_AKTULIZETA.PDF\">ALSVI\u0136U PAGAST\u0100 (.pdf)<\/a><\/td>\n<\/tr>\n<tr style=\"height: 24px;\">\n<td style=\"width: 100%; height: 24px;\"><a href=\"https:\/\/aluksne.lv\/kartes\/ANNAS_KARTE_AKTUALIZETA.pdf\">ANNAS PAGAST\u0100 (.pdf)<\/a><\/td>\n<\/tr>\n<tr style=\"height: 24px;\">\n<td style=\"width: 100%; height: 25px;\"><a href=\"https:\/\/aluksne.lv\/wp-content\/uploads\/2026\/02\/Ilzenes_karte_aktualizeta_10022026.pdf\">ILZENES PAGAST\u0100 (.pdf)<\/a><\/td>\n<\/tr>\n<tr style=\"height: 24px;\">\n<td style=\"width: 100%; height: 24px;\"><a href=\"https:\/\/aluksne.lv\/kartes\/JAUNALUKSNES_KARTE_AKTUALIZETA.pdf\">JAUNAL\u016aKSNES PAGAST\u0100 (.pdf)<\/a><\/td>\n<\/tr>\n<tr style=\"height: 24px;\">\n<td style=\"width: 100%; height: 24px;\"><a href=\"https:\/\/aluksne.lv\/kartes\/JAUNANNAS_KARTE_AKTUALIZETA.pdf\">JAUNANNAS PAGAST\u0100 (.pdf)<\/a><\/td>\n<\/tr>\n<tr style=\"height: 24px;\">\n<td style=\"width: 100%; height: 24px;\"><a href=\"https:\/\/aluksne.lv\/kartes\/JAUNLAICENES_KARTE_AKTUALIZETA.pdf\">JAUNLAICENES PAGAST\u0100 (.pdf)<\/a><\/td>\n<\/tr>\n<tr style=\"height: 24px;\">\n<td style=\"width: 100%; height: 24px;\"><a href=\"https:\/\/aluksne.lv\/kartes\/KALNCEMPJU_KARTE_AKTUALIZETA.pdf\">KALNCEMPJU PAGAST\u0100 (.pdf)<\/a><\/td>\n<\/tr>\n<tr style=\"height: 24px;\">\n<td style=\"width: 100%; height: 24px;\"><a href=\"https:\/\/aluksne.lv\/wp-content\/uploads\/2026\/02\/Liepnas_karte_aktualizeta_10022026.pdf\">LIEPNAS PAGAST\u0100 (.pdf)<\/a><\/td>\n<\/tr>\n<tr style=\"height: 24px;\">\n<td style=\"width: 100%; height: 24px;\"><a href=\"https:\/\/aluksne.lv\/kartes\/MALIENAS_KARTE_AKTUALIZETA.pdf\">MALIENAS PAGAST\u0100 (.pdf)<\/a><\/td>\n<\/tr>\n<tr style=\"height: 24px;\">\n<td style=\"width: 100%; height: 24px;\"><a href=\"https:\/\/aluksne.lv\/kartes\/MALUPES_KARTE_AKTUALIZETA.pdf\">M\u0100LUPES PAGAST\u0100 (.pdf)<\/a><\/td>\n<\/tr>\n<tr style=\"height: 24px;\">\n<td style=\"width: 100%; height: 24px;\"><a href=\"https:\/\/aluksne.lv\/kartes\/MARKALNE_AKTUALIZETA.pdf\">M\u0100RKALNES PAGAST\u0100 (.pdf)<\/a><\/td>\n<\/tr>\n<tr style=\"height: 24px;\">\n<td style=\"width: 100%; height: 24px;\"><a href=\"https:\/\/aluksne.lv\/kartes\/PEDEDZES_AKTUALIZETA.pdf\">PEDEDZES PAGAST\u0100 (.pdf)<\/a><\/td>\n<\/tr>\n<tr style=\"height: 24px;\">\n<td style=\"width: 100%; height: 24px;\"><a href=\"https:\/\/aluksne.lv\/kartes\/VECLAICENES_KARTE_AKTUALIZETS.pdf\">VECLAICENES PAGAST\u0100 (.pdf)<\/a><\/td>\n<\/tr>\n<tr style=\"height: 24px;\">\n<td style=\"width: 100%; height: 24px;\"><a href=\"https:\/\/aluksne.lv\/kartes\/ZELTINU_KARTE_AKTUALIZETA.pdf\">ZELTI\u0145U PAGAST\u0100 (.pdf)<\/a><\/td>\n<\/tr>\n<tr style=\"height: 24px;\">\n<td style=\"width: 100%; height: 24px;\"><a href=\"https:\/\/aluksne.lv\/kartes\/ZIEMERA_KARTE_AKTUALIZETA.pdf\"><strong>ZIEMERA PAGAST\u0100 (.pdf)<\/strong><\/a><\/td>\n<\/tr>\n<\/tbody>\n<\/table>\n<p>&nbsp;<\/p>\n<p>&nbsp;<\/p>\n","protected":false},"excerpt":{"rendered":"<p>&nbsp; AL\u016aKSNES PILS\u0112T\u0100 (.pdf) ALSVI\u0136U PAGAST\u0100 (.pdf) ANNAS PAGAST\u0100 (.pdf) ILZENES PAGAST\u0100 (.pdf) JAUNAL\u016aKSNES PAGAST\u0100 (.pdf) JAUNANNAS PAGAST\u0100 (.pdf) JAUNLAICENES PAGAST\u0100 (.pdf) KALNCEMPJU PAGAST\u0100 (.pdf) LIEPNAS PAGAST\u0100 (.pdf) MALIENAS PAGAST\u0100 (.pdf) M\u0100LUPES PAGAST\u0100 (.pdf) M\u0100RKALNES PAGAST\u0100 (.pdf) PEDEDZES PAGAST\u0100 (.pdf)&#8230;<br \/><a class=\"read-more-button\" href=\"https:\/\/aluksne.lv\/index.php\/pasvaldiba\/ipasumi\/informacija-par-pasvaldibas-ipasumiem\/\">Las\u012bt visu<\/a><\/p>\n","protected":false},"author":1,"featured_media":0,"parent":354,"menu_order":0,"comment_status":"closed","ping_status":"closed","template":"","meta":{"_crdt_document":"","_monsterinsights_skip_tracking":false,"_monsterinsights_sitenote_active":false,"_monsterinsights_sitenote_note":"","_monsterinsights_sitenote_category":0,"footnotes":"","_links_to":"","_links_to_target":""},"class_list":["post-22844","page","type-page","status-publish","hentry"],"_links":{"self":[{"href":"https:\/\/aluksne.lv\/index.php\/wp-json\/wp\/v2\/pages\/22844","targetHints":{"allow":["GET"]}}],"collection":[{"href":"https:\/\/aluksne.lv\/index.php\/wp-json\/wp\/v2\/pages"}],"about":[{"href":"https:\/\/aluksne.lv\/index.php\/wp-json\/wp\/v2\/types\/page"}],"author":[{"embeddable":true,"href":"https:\/\/aluksne.lv\/index.php\/wp-json\/wp\/v2\/users\/1"}],"replies":[{"embeddable":true,"href":"https:\/\/aluksne.lv\/index.php\/wp-json\/wp\/v2\/comments?post=22844"}],"version-history":[{"count":4,"href":"https:\/\/aluksne.lv\/index.php\/wp-json\/wp\/v2\/pages\/22844\/revisions"}],"predecessor-version":[{"id":61355,"href":"https:\/\/aluksne.lv\/index.php\/wp-json\/wp\/v2\/pages\/22844\/revisions\/61355"}],"up":[{"embeddable":true,"href":"https:\/\/aluksne.lv\/index.php\/wp-json\/wp\/v2\/pages\/354"}],"wp:attachment":[{"href":"https:\/\/aluksne.lv\/index.php\/wp-json\/wp\/v2\/media?parent=22844"}],"curies":[{"name":"wp","href":"https:\/\/api.w.org\/{rel}","templated":true}]}}