{"id":23454,"date":"2021-01-03T12:49:54","date_gmt":"2021-01-03T10:49:54","guid":{"rendered":"https:\/\/aluksne.lv\/?page_id=23454"},"modified":"2026-03-18T08:07:12","modified_gmt":"2026-03-18T06:07:12","slug":"pieklustamibas-pazinojums","status":"publish","type":"page","link":"https:\/\/aluksne.lv\/index.php\/pieklustamibas-pazinojums\/","title":{"rendered":"Piek\u013c\u016bstam\u012bbas pazi\u0146ojums"},"content":{"rendered":"<p>&nbsp;<\/p>\n<p><span id=\"a11y-institution\"><br \/>\n<strong>Al\u016bksnes novada pa\u0161vald\u012bba<\/strong><\/span> saska\u0146\u0101 ar Ministru kabineta 2020. gada 14. j\u016blija noteikumiem Nr. 445 &#8220;K\u0101rt\u012bba, k\u0101d\u0101 iest\u0101des ievieto inform\u0101ciju internet\u0101&#8221; (turpm\u0101k \u2013 noteikumi Nr. 445) ap\u0146emas savu <span class=\"a11y-type\">t\u012bmek\u013cvietni<\/span> veidot piek\u013c\u016bstamu.<\/p>\n<p>\u0160is piek\u013c\u016bstam\u012bbas pazi\u0146ojums attiecas uz: <a href=\"http:\/\/www.aluksne.lv\">www.aluksne.lv<\/a><\/p>\n<p><span class=\"a11y-type\">T\u012bmek\u013cvietnei<\/span> veikts <span id=\"a11y-evaluation-type\">vienk\u0101r\u0161otais piek\u013c\u016bstam\u012bbas izv\u0113rt\u0113jums<\/span>. Izmantot\u0101 metode &#8211; <span id=\"a11y-method\">VARAM sagatavot\u0101s \u201cVadl\u012bnijas iest\u0101\u017eu t\u012bmek\u013cvietn\u0113m noteikto piek\u013c\u016bstam\u012bbas pras\u012bbu iev\u0113ro\u0161anas ietekmes izv\u0113rt\u0113\u0161anai un nesam\u0113r\u012bg\u0101 sloga pamato\u0161anai\u201d<\/span>.<\/p>\n<h3>\u0160aj\u0101 t\u012bmek\u013cvietn\u0113 Jums ir iesp\u0113jams:<\/h3>\n<ul>\n<li>P\u0101rvietoties, izmantojot tikai tastat\u016bru;<\/li>\n<li>Tuvin\u0101t saturu;<\/li>\n<li>Main\u012bt kontrastu;<\/li>\n<li>Liel\u0101kaj\u0101 da\u013c\u0101 t\u012bmek\u013cvietnes izmantot ekr\u0101nlas\u012bt\u0101jus;<\/li>\n<li>Las\u012bt saturu vieglaj\u0101 valod\u0101.<\/li>\n<\/ul>\n<p>Vair\u0101k inform\u0101cijas par piek\u013c\u016bstam\u012bbu Vides aizsardz\u012bbas un re\u0123ion\u0101l\u0101s att\u012bst\u012bbas ministrijas vadl\u012bnij\u0101s:\u00a0<a href=\"https:\/\/pieklustamiba.varam.gov.lv\/\" data-external-link=\"TRUE\">https:\/\/pieklustamiba.varam.gov.lv\/<\/a><\/p>\n<h3>Neatbilst\u012bba pras\u012bb\u0101m, kas min\u0113tas noteikumos Nr. 445<\/h3>\n<ul id=\"a11y-non-compliance-list\">\n<li class=\"a11y-non-compliance-item\">Da\u013cai no att\u0113liem tr\u016bkst alternat\u012bvie teksti, l\u012bdz ar to cilv\u0113ki, kas izmanto ekr\u0101nlas\u012bt\u0101ju nevar piek\u013c\u016bt pilnv\u0113rt\u012bgai infom\u0101cijai,\u00a0\u00a0<\/li>\n<li class=\"a11y-non-compliance-item\">Audio saturam nav pievienoti apraksti,<\/li>\n<li>Pamatkr\u0101sas var sag\u0101d\u0101t probl\u0113mas cilv\u0113kiem ar redzes trauc\u0113jumiem.<\/li>\n<\/ul>\n<p>\u0160\u012b <span class=\"a11y-type\">t\u012bmek\u013cvietne<\/span> p\u0113d\u0113jo reizi tika izv\u0113rt\u0113ta 23<span id=\"a11y-evaluation-date\">.01.2026<\/span>. Izv\u0113rt\u0113\u0161anu veica SIA TURN Digital.<\/p>\n<p><a href=\"https:\/\/aluksne.lv\/citi dokumenti\/Izvertesanas-protokols-www_aluksne_lv-2025.docx\">Izv\u0113rt\u0113jumu apliecino\u0161s dokuments<\/a><\/p>\n<h3>Piek\u013c\u016bstam\u012bbas alternat\u012bvas<\/h3>\n<p>&nbsp;<\/p>\n<h3>Atsauksm\u0113m un sazi\u0146ai<\/h3>\n<p>M\u0113s nep\u0101rtraukti cen\u0161amies uzlabot \u0161\u012bs <span class=\"a11y-type\">t\u012bmek\u013cvietnes<\/span> piek\u013c\u016bstam\u012bbu.<\/p>\n<p>Ja J\u016bs konstat\u0113jat k\u0101das probl\u0113mas vai nepiln\u012bbas, kas nav min\u0113tas \u0161aj\u0101 pazi\u0146ojum\u0101 vai v\u0113laties sa\u0146emt nepiek\u013c\u016bstamo saturu cit\u0101 form\u0101t\u0101, sazinieties ar mums:<\/p>\n<p>E-past\u0101: <span id=\"a11y-mail\"><a href=\"jurijs.drozdovs@aluksne.lv\">jurijs.drozdovs@aluksne.lv<\/a><\/span><\/p>\n<p>Zvaniet: <span id=\"a11y-phone\">+371 28669904<\/span><\/p>\n<p><span id=\"a11y-other-contacts\">Adrese: D\u0101rza iela 11, Al\u016bksne, LV-4301<\/span><\/p>\n<p>&nbsp;<\/p>\n<p>Ja neesam atbilsto\u0161i rea\u0123\u0113ju\u0161i uz J\u016bsu iesniegumu vai s\u016bdz\u012bbu par <span class=\"a11y-type\">t\u012bmek\u013cvietnes<\/span> satura piek\u013c\u016bstam\u012bbu, Jums ir iesp\u0113ja iesniegt s\u016bdz\u012bbu Latvijas Republikas Ties\u012bbsargam:<\/p>\n<p>Ties\u012bbsarga birojs: Bazn\u012bcas iela 25 R\u012bg\u0101, LV-1010<\/p>\n<p>T\u0101lrunis: <a href=\"tel:+37167686768\">+37167686768<\/a><\/p>\n<p>E-pasts: <a href=\"mailto:tiesibsargs@tiesibsargs.lv\">tiesibsargs@tiesibsargs.lv<\/a><\/p>\n<p><a href=\"https:\/\/www.tiesibsargs.lv\/lv\/pages\/kontaktinformacija\" target=\"_blank\" rel=\"noopener\">https:\/\/www.tiesibsargs.lv\/lv\/pages\/kontaktinformacija<\/a><\/p>\n<h3>Zi\u0146as par pazi\u0146ojuma sagatavo\u0161anu<\/h3>\n<p>\u0160is pazi\u0146ojums pirmo reizi tika sagatavots <span id=\"a11y-first-notify\">30.12.2020<\/span>.<\/p>\n<p>\u0160o pazi\u0146ojumu apstiprin\u0101ja <span id=\"a11y-approved-by\">Juris Balandis<\/span>, Al\u016bksnes novada pa\u0161vald\u012bbas <span id=\"a11y-approved-by-jobtitle\">IT noda\u013cas vad\u012bt\u0101js<\/span>.<\/p>\n","protected":false},"excerpt":{"rendered":"<p>&nbsp; Al\u016bksnes novada pa\u0161vald\u012bba saska\u0146\u0101 ar Ministru kabineta 2020. gada 14. j\u016blija noteikumiem Nr. 445 &#8220;K\u0101rt\u012bba, k\u0101d\u0101 iest\u0101des ievieto inform\u0101ciju internet\u0101&#8221; (turpm\u0101k \u2013 noteikumi Nr. 445) ap\u0146emas savu t\u012bmek\u013cvietni veidot piek\u013c\u016bstamu. \u0160is piek\u013c\u016bstam\u012bbas pazi\u0146ojums attiecas uz: www.aluksne.lv T\u012bmek\u013cvietnei veikts vienk\u0101r\u0161otais&#8230;<br \/><a class=\"read-more-button\" href=\"https:\/\/aluksne.lv\/index.php\/pieklustamibas-pazinojums\/\">Las\u012bt visu<\/a><\/p>\n","protected":false},"author":1,"featured_media":0,"parent":0,"menu_order":0,"comment_status":"closed","ping_status":"closed","template":"","meta":{"_crdt_document":"","_monsterinsights_skip_tracking":false,"_monsterinsights_sitenote_active":false,"_monsterinsights_sitenote_note":"","_monsterinsights_sitenote_category":0,"footnotes":"","_links_to":"","_links_to_target":""},"class_list":["post-23454","page","type-page","status-publish","hentry"],"_links":{"self":[{"href":"https:\/\/aluksne.lv\/index.php\/wp-json\/wp\/v2\/pages\/23454","targetHints":{"allow":["GET"]}}],"collection":[{"href":"https:\/\/aluksne.lv\/index.php\/wp-json\/wp\/v2\/pages"}],"about":[{"href":"https:\/\/aluksne.lv\/index.php\/wp-json\/wp\/v2\/types\/page"}],"author":[{"embeddable":true,"href":"https:\/\/aluksne.lv\/index.php\/wp-json\/wp\/v2\/users\/1"}],"replies":[{"embeddable":true,"href":"https:\/\/aluksne.lv\/index.php\/wp-json\/wp\/v2\/comments?post=23454"}],"version-history":[{"count":4,"href":"https:\/\/aluksne.lv\/index.php\/wp-json\/wp\/v2\/pages\/23454\/revisions"}],"predecessor-version":[{"id":61467,"href":"https:\/\/aluksne.lv\/index.php\/wp-json\/wp\/v2\/pages\/23454\/revisions\/61467"}],"wp:attachment":[{"href":"https:\/\/aluksne.lv\/index.php\/wp-json\/wp\/v2\/media?parent=23454"}],"curies":[{"name":"wp","href":"https:\/\/api.w.org\/{rel}","templated":true}]}}