{"id":23904,"date":"2021-01-29T13:40:57","date_gmt":"2021-01-29T11:40:57","guid":{"rendered":"https:\/\/aluksne.lv\/?page_id=23904"},"modified":"2026-04-01T20:50:06","modified_gmt":"2026-04-01T17:50:06","slug":"sosnovska-latvana-izplatibas-ierobezosanas-pasakumu-organizatoriskais-plans-2021-2025-gadam","status":"publish","type":"page","link":"https:\/\/aluksne.lv\/index.php\/pasvaldiba\/dokumenti\/sosnovska-latvana-izplatibas-ierobezosanas-pasakumu-organizatoriskais-plans-2021-2025-gadam\/","title":{"rendered":"Sosnovska latv\u0101\u0146a izplat\u012bbas ierobe\u017eo\u0161anas pas\u0101kumu organizatoriskais pl\u0101ns"},"content":{"rendered":"<h2><strong><br \/>\nSosnovska latv\u0101\u0146a izplat\u012bbas ierobe\u017eo\u0161anas pas\u0101kumu organizatoriskais pl\u0101ns 2026.- 2030. gadam\u00a0<\/strong>\u00a0<\/h2>\n<p><a href=\"https:\/\/www.vaad.gov.lv\/lv\/par-latviju-bez-latvaniem\" target=\"_blank\" rel=\"noopener\"><img loading=\"lazy\" decoding=\"async\" class=\"alignright wp-image-23951\" src=\"https:\/\/aluksne.lv\/wp-content\/uploads\/2021\/02\/baners_latvanis2-1024x597.png\" alt=\"Par Latviju bez latv\u0101\u0146iem\" width=\"371\" height=\"216\" data-id=\"23951\" srcset=\"https:\/\/aluksne.lv\/wp-content\/uploads\/2021\/02\/baners_latvanis2-1024x597.png 1024w, https:\/\/aluksne.lv\/wp-content\/uploads\/2021\/02\/baners_latvanis2-300x175.png 300w, https:\/\/aluksne.lv\/wp-content\/uploads\/2021\/02\/baners_latvanis2-768x448.png 768w, https:\/\/aluksne.lv\/wp-content\/uploads\/2021\/02\/baners_latvanis2-1170x682.png 1170w, https:\/\/aluksne.lv\/wp-content\/uploads\/2021\/02\/baners_latvanis2.png 1275w\" sizes=\"auto, (max-width: 371px) 100vw, 371px\" \/><\/a><\/p>\n<p><em>Izdots saska\u0146\u0101 ar <\/em><em>Sugu un biotopu<br \/>\n<\/em><em>aizsardz\u012bbas likuma 23.<sup>2<\/sup> panta piekt\u0101s da\u013cas 1.punktu<br \/>\n<\/em><em>\u00a0un Ministru kabineta 2008.\u202fgada 14.\u202fj\u016blija noteikumu<br \/>\n<\/em><em>Nr.\u202f559 \u201cInvaz\u012bvo augu sugas \u2013 Sosnovska latv\u0101\u0146a \u2013<br \/>\n<\/em><em>izplat\u012bbas ierobe\u017eo\u0161anas noteikumi\u201d 12.\u202fpunktu,\u00a0<\/em><\/p>\n<ol>\n<li>Sosnovska latv\u0101\u0146a izplat\u012bbas ierobe\u017eo\u0161anas pas\u0101kumu organizatoriskaj\u0101 pl\u0101n\u0101 2026.-2030.\u202fgadam (turpm\u0101k \u2013 pl\u0101ns) ietverts attiec\u012bgajam periodam sast\u0101d\u012bts darb\u012bbas pl\u0101ns Sosnovska latv\u0101\u0146a (turpm\u0101k \u2013 latv\u0101nis) izplat\u012bbas ierobe\u017eo\u0161anas pas\u0101kumu organiz\u0113\u0161anai un koordin\u0113\u0161anai, latv\u0101\u0146a izplat\u012bbas ierobe\u017eo\u0161anas pas\u0101kumu veik\u0161anas kalend\u0101rais grafiks, ierobe\u017eo\u0161anas metodes un saraksts ar latv\u0101ni invad\u0113to zemes vien\u012bbu kadastra apz\u012bm\u0113jumiem.\u00a0<\/li>\n<li>Par pl\u0101na uzs\u0101k\u0161anas gadu tiek noteikts 2026.\u202fgads.\u00a0<\/li>\n<li>Par pl\u0101na izpildes uzraudz\u012bbu pa\u0161vald\u012bbas kompetent\u0101s instit\u016bcijas: <br \/>\n3.1. Al\u016bksnes pils\u0113t\u0101 \u2013 Al\u016bksnes novada pa\u0161vald\u012bbas iest\u0101de \u201cSPODRA\u201d;\u00a0<br \/>\n3.2. Al\u016bksnes novada pagastos \u2013 Al\u016bksnes novada pagastu apvien\u012bbas p\u0101rvalde.\u00a0<\/li>\n<li>Al\u016bksnes novada pa\u0161vald\u012bba (turpm\u0101k \u2013 pa\u0161vald\u012bba) pa\u0161vald\u012bbas m\u0101jaslap\u0101 <em>aluksne.lv<\/em> un pa\u0161vald\u012bbas informat\u012bvaj\u0101 izdevum\u0101 \u201cAl\u016bksnes Novada V\u0113stis\u201d public\u0113 pl\u0101nu, inform\u0101ciju par latv\u0101\u0146u ierobe\u017eo\u0161anas pakalpojumu sniedz\u0113jiem.\u00a0<\/li>\n<li>3. punkt\u0101 nor\u0101d\u012bt\u0101s instit\u016bcijas, katru gadu l\u012bdz 1. apr\u012blim, inform\u0113 personas, ja t\u0101s nav iesniegu\u0161as Ministru kabineta 2008. gada 14. j\u016blija noteikumu Nr. 559 \u201cInvaz\u012bvo augu sugas \u2013 Sosnovska latv\u0101\u0146a \u2013 izplat\u012bbas ierobe\u017eo\u0161anas noteikumi\u201d (turpm\u0101k \u2013 Noteikumi) 3. vai 7.\u202fpunkt\u0101 min\u0113to inform\u0101ciju vai nav veiku\u0161as latv\u0101\u0146a ierobe\u017eo\u0161anas pas\u0101kumus:<br \/>\n5.1. par personu pien\u0101kumu veikt latv\u0101\u0146a izplat\u012bbas ierobe\u017eo\u0161anas pas\u0101kumus, atbilsto\u0161i pl\u0101na kalend\u0101rajam grafikam un ierobe\u017eo\u0161anas metod\u0113m (pielikum\u0101); <br \/>\n5.2. par pa\u0161vald\u012bbas pl\u0101notajiem latv\u0101\u0146a ierobe\u017eo\u0161anas pas\u0101kumiem t\u0101m piedero\u0161aj\u0101 ar latv\u0101ni invad\u0113taj\u0101 zemes vien\u012bb\u0101; <br \/>\n5.3. par personas pien\u0101kumu segt pa\u0161vald\u012bbas izdevumus, kas saist\u012bti ar latv\u0101\u0146a izplat\u012bbas ierobe\u017eo\u0161anas pas\u0101kumiem, ja pa\u0161vald\u012bba tos veiks personai piedero\u0161aj\u0101 ar latv\u0101ni invad\u0113taj\u0101 zemes vien\u012bb\u0101; <br \/>\n5.4. par ar latv\u0101\u0146a izplat\u012bbas ierobe\u017eo\u0161anas pas\u0101kumu neveik\u0161anu normat\u012bvajos aktos noteikto administrat\u012bvo atbild\u012bbu; <br \/>\n5.5. par izdevumu piedz\u012b\u0161anas k\u0101rt\u012bbu, ja noteiktaj\u0101 termi\u0146\u0101 netiks segti 5.3.\u202fapak\u0161punkt\u0101 min\u0113tie izdevumi.\u00a0\u00a0<\/li>\n<\/ol>\n<ol start=\"6\">\n<li>Pa\u0161vald\u012bba ofici\u0101laj\u0101 izdevum\u0101 \u201cLatvijas V\u0113stnesis\u201d public\u0113 l\u0113mumu par latv\u0101\u0146a izplat\u012bbas ierobe\u017eo\u0161anas pas\u0101kumu uzs\u0101k\u0161anu, nor\u0101dot konkr\u0113tas teritorijas, kur\u0101s latv\u0101\u0146u izplat\u012bba tiks ierobe\u017eota, un pas\u0101kumu veik\u0161anas laiku.<\/li>\n<li>Latv\u0101\u0146u izplat\u012bbas ierobe\u017eo\u0161anas pas\u0101kumi veicami saska\u0146\u0101 ar kalend\u0101ro grafiku un atbilsto\u0161i izv\u0113l\u0113tajai ierobe\u017eo\u0161anas metodei: <br \/>\n7.1. Meh\u0101nisk\u0101 ierobe\u017eo\u0161ana (M); <br \/>\n7.2. \u0136\u012bmisk\u0101 ierobe\u017eo\u0161ana (C); <br \/>\n7.3. Biolo\u0123isk\u0101 ierobe\u017eo\u0161ana (B); <br \/>\n7.4. Kombin\u0113t\u0101 jeb Integr\u0113t\u0101 ierobe\u017eo\u0161ana (K).\u00a0<\/li>\n<\/ol>\n<ol start=\"8\">\n<li>Par latv\u0101\u0146u izplat\u012bbas ierobe\u017eo\u0161anas pas\u0101kumu veik\u0161anu ir atbild\u012bgs ar latv\u0101ni invad\u0113t\u0101s zemes \u012bpa\u0161nieks vai tiesiskais vald\u012bt\u0101js.\u00a0<\/li>\n<li>Katru gadu no 1. maija l\u012bdz latv\u0101\u0146u ve\u0123et\u0101cijas sezonas beig\u0101m, tiek organiz\u0113ts latv\u0101\u0146u izplat\u012bbas ierobe\u017eo\u0161anas pas\u0101kumu veik\u0161anas monitorings. Ja tiek konstat\u0113ts latv\u0101\u0146a augs ar izveidoju\u0161os ziedkopu, tiek uzskat\u012bts, ka latv\u0101\u0146a ierobe\u017eo\u0161anas pas\u0101kumi nav veikti.\u00a0\u00a0<\/li>\n<li>Pa\u0161vald\u012bbas latv\u0101\u0146u izplat\u012bbas ierobe\u017eo\u0161anas ekspertu grupa l\u012bdz k\u0101rt\u0113j\u0101 gada 15.\u202fjanv\u0101rim veic monitoringa rezult\u0101t\u0101 ieg\u016bt\u0101s inform\u0101cijas anal\u012bzi (nosakot ar latv\u0101ni invad\u0113to plat\u012bbu samazin\u0101jumu vai palielin\u0101jumu, izv\u0113rt\u0113jot, vai pielietot\u0101s latv\u0101\u0146a ierobe\u017eo\u0161anas metodes biju\u0161as efekt\u012bvas, k\u0101 ar\u012b, defin\u0113jot galven\u0101s pl\u0101n\u0101 nepiecie\u0161am\u0101s izmai\u0146as), p\u0101rskata pl\u0101nu un nepiecie\u0161am\u012bbas gad\u012bjum\u0101 preciz\u0113 to.\u00a0<\/li>\n<li>Pa\u0161vald\u012bba pazi\u0146ojumu par izmai\u0146\u0101m pl\u0101n\u0101 public\u0113 pa\u0161vald\u012bbas m\u0101jaslap\u0101 <a href=\"http:\/\/www.aluksne.lv\"><em>aluksne.lv<\/em><\/a>, pa\u0161vald\u012bbas informat\u012bvaj\u0101 izdevum\u0101 \u201cAl\u016bksnes Novada V\u0113stis\u201d un ofici\u0101laj\u0101 izdevum\u0101 \u201cLatvijas V\u0113stnesis\u201d.\u00a0\u00a0\u00a0<\/li>\n<li>Latv\u0101\u0146a izplat\u012bbas ierobe\u017eo\u0161anas pas\u0101kumi veicami, iev\u0113rojot Noteikumu 3.\u202fnoda\u013c\u0101 noteikt\u0101s darba aizsardz\u012bbas pras\u012bbas.\u00a0<\/li>\n<li>Ja p\u0113c 2030. gada Al\u016bksnes novada teritorij\u0101 v\u0113l tiek konstat\u0113tas ar latv\u0101ni invad\u0113t\u0101s teritorijas, pl\u0101ns tiek pagarin\u0101ts.\u00a0<\/li>\n<\/ol>\n<p>Pa\u0161vald\u012bba, kop\u0161 dienas, kad sarakst\u0101 iek\u013cautaj\u0101 zemes vien\u012bb\u0101 vairs netiek konstat\u0113ts latv\u0101nis, veic t\u0101s apseko\u0161anu v\u0113l turpm\u0101kos 5 gadus, lai p\u0101rliecin\u0101tos, ka taj\u0101 latv\u0101nis izn\u012bcin\u0101ts piln\u012bb\u0101.\u00a0\u00a0<\/p>\n<p>\n<strong><a href=\"https:\/\/aluksne.lv\/wp-content\/uploads\/2026\/03\/Pielikums_pielikumam_lem_Nr_65_23.p.xlsx\">Sosnovska latv\u0101\u0146a izplat\u012bbas ierobe\u017eo\u0161anas pas\u0101kumu organizatorisk\u0101 pl\u0101na pielikums<\/a><\/strong> (.xlsx)<\/p>\n<p><strong><a href=\"https:\/\/aluksne.lv\/wp-content\/uploads\/2024\/03\/latvanu_veidlapa.docx\">Iesniegums re\u0123istr\u0101cijai Kult\u016braugu uzraudz\u012bbas valsts inform\u0101cijas sist\u0113mas Invaz\u012bvo augu sugu izplat\u012bbas datu b\u0101z\u0113<\/a><\/strong>(.docx)<\/p>\n<p><strong><a href=\"https:\/\/aluksne.lv\/wp-content\/uploads\/2021\/01\/buklets_latvanis-1.pdf\">B\u012bstamais uzbruc\u0113js \u2013 latv\u0101nis<\/a><\/strong> (.pdf)<\/p>\n<p><strong><a href=\"https:\/\/aluksne.lv\/wp-content\/uploads\/2021\/01\/latvani_2019.pdf\">Latv\u0101\u0146u ierobe\u017eo\u0161ana<\/a> <\/strong>(.pdf)<\/p>\n<p><strong><a href=\"https:\/\/aluksne.lv\/wp-content\/uploads\/2021\/02\/Uznemumi_pakalpojums.xlsx\">Latv\u0101\u0146u ierobe\u017eo\u0161anas pakalpojuma sniedz\u0113ji<\/a> (.xlsx)<\/strong><\/p>\n<p>&nbsp;<\/p>\n","protected":false},"excerpt":{"rendered":"<p>Sosnovska latv\u0101\u0146a izplat\u012bbas ierobe\u017eo\u0161anas pas\u0101kumu organizatoriskais pl\u0101ns 2026.- 2030. gadam\u00a0\u00a0 Izdots saska\u0146\u0101 ar Sugu un biotopu aizsardz\u012bbas likuma 23.2 panta piekt\u0101s da\u013cas 1.punktu \u00a0un Ministru kabineta 2008.\u202fgada 14.\u202fj\u016blija noteikumu Nr.\u202f559 \u201cInvaz\u012bvo augu sugas \u2013 Sosnovska latv\u0101\u0146a \u2013 izplat\u012bbas ierobe\u017eo\u0161anas noteikumi\u201d&#8230;<br \/><a class=\"read-more-button\" href=\"https:\/\/aluksne.lv\/index.php\/pasvaldiba\/dokumenti\/sosnovska-latvana-izplatibas-ierobezosanas-pasakumu-organizatoriskais-plans-2021-2025-gadam\/\">Las\u012bt visu<\/a><\/p>\n","protected":false},"author":1,"featured_media":0,"parent":352,"menu_order":0,"comment_status":"closed","ping_status":"closed","template":"","meta":{"_crdt_document":"","_monsterinsights_skip_tracking":false,"_monsterinsights_sitenote_active":false,"_monsterinsights_sitenote_note":"","_monsterinsights_sitenote_category":0,"footnotes":"","_links_to":"","_links_to_target":""},"class_list":["post-23904","page","type-page","status-publish","hentry"],"_links":{"self":[{"href":"https:\/\/aluksne.lv\/index.php\/wp-json\/wp\/v2\/pages\/23904","targetHints":{"allow":["GET"]}}],"collection":[{"href":"https:\/\/aluksne.lv\/index.php\/wp-json\/wp\/v2\/pages"}],"about":[{"href":"https:\/\/aluksne.lv\/index.php\/wp-json\/wp\/v2\/types\/page"}],"author":[{"embeddable":true,"href":"https:\/\/aluksne.lv\/index.php\/wp-json\/wp\/v2\/users\/1"}],"replies":[{"embeddable":true,"href":"https:\/\/aluksne.lv\/index.php\/wp-json\/wp\/v2\/comments?post=23904"}],"version-history":[{"count":8,"href":"https:\/\/aluksne.lv\/index.php\/wp-json\/wp\/v2\/pages\/23904\/revisions"}],"predecessor-version":[{"id":61797,"href":"https:\/\/aluksne.lv\/index.php\/wp-json\/wp\/v2\/pages\/23904\/revisions\/61797"}],"up":[{"embeddable":true,"href":"https:\/\/aluksne.lv\/index.php\/wp-json\/wp\/v2\/pages\/352"}],"wp:attachment":[{"href":"https:\/\/aluksne.lv\/index.php\/wp-json\/wp\/v2\/media?parent=23904"}],"curies":[{"name":"wp","href":"https:\/\/api.w.org\/{rel}","templated":true}]}}