{"id":241,"date":"2015-12-08T14:56:07","date_gmt":"2015-12-08T14:56:07","guid":{"rendered":"http:\/\/aluksne.lv\/jauna\/?page_id=241"},"modified":"2021-08-25T10:54:11","modified_gmt":"2021-08-25T07:54:11","slug":"aluksne-2","status":"publish","type":"page","link":"https:\/\/aluksne.lv\/index.php\/novads\/aluksne-2\/","title":{"rendered":"Al\u016bksne"},"content":{"rendered":"<div id=\"pl-241\"  class=\"panel-layout\" ><div id=\"pg-241-0\"  class=\"panel-grid panel-no-style\" ><div id=\"pgc-241-0-0\"  class=\"panel-grid-cell\" ><div id=\"panel-241-0-0-0\" class=\"so-panel widget widget_sow-editor panel-first-child panel-last-child\" data-index=\"0\" ><div\n\t\t\t\n\t\t\tclass=\"so-widget-sow-editor so-widget-sow-editor-base\"\n\t\t\t\n\t\t>\n<div class=\"siteorigin-widget-tinymce textwidget\">\n\t<p><strong><img loading=\"lazy\" decoding=\"async\" src=\"http:\/\/aluksne.lv\/wp-content\/uploads\/2017\/12\/MAJASLAPAI.png\" alt=\"\" width=\"996\" height=\"515\" data-id=\"1819\" \/>AL\u016aKSN\u0112<\/strong> - pirm\u0101s un p\u0113d\u0113j\u0101s salnas, barg\u0101k\u0101s ziemas, \u012bs\u0101k\u0101s vasaras. Kad citur jau ceri\u0146i plaukst, Al\u016bksnes pakalni ievu reibum\u0101 trako. Kad citur jau jasm\u012bni zied, Al\u016bksn\u0113 zilas putas uzsitu\u0161i ceri\u0146u vi\u013c\u0146i ap m\u0101j\u0101m. Pazaud\u0113to pavasari brauc satikt Al\u016bksnes pus\u0113, jo pirm\u0101s vizbul\u012btes te uzplaukst p\u0101ris ned\u0113\u013cas v\u0113l\u0101k k\u0101 citur, bet b\u0113rzi nodzelt\u0113 jau tad, kad atp\u016btnieki j\u016brmal\u0101 v\u0113l mekl\u0113 v\u0113sumu pa\u0113n\u0101.<\/p>\n<p><strong>AL\u016aKSNE<\/strong> ir za\u013ca pakalnu, d\u0101rzu un parku pils\u0113ta, kas atrodas Latvijas Zieme\u013caustrumos, Al\u016bksnes augstien\u0113, Al\u016bksnes ezera krast\u0101.<\/p>\n<p>V\u0113stures dokumentos <strong>AL\u016aKSNES<\/strong> v\u0101rds piemin\u0113ts jau aptuveni 1284.gad\u0101 - Pleskavas hronik\u0101s. 1920.gad\u0101, kad iedz\u012bvot\u0101ju skaits sasniedzis 2000, Al\u016bksnei tika pie\u0161\u0137irtas pils\u0113tas ties\u012bbas.<\/p>\n<p><strong>AL\u016aKSNES<\/strong> v\u0101rds saist\u012bts ar izcilo tulkot\u0101ju un pedagogu, v\u0101cu m\u0101c\u012bt\u0101ju Ernstu Gliku (1652.-1705.), kur\u0161 ne tikai iztulkoja latvie\u0161u valod\u0101 Veco un Jauno der\u012bbu, bet ar\u012b nodibin\u0101ja pirm\u0101s skolas zemnieku b\u0113rniem Vidzem\u0113.<\/p>\n<p><strong>AL\u016aKSN\u0112<\/strong> nav r\u016bpniecisk\u0101 pies\u0101r\u0146ojuma, un vide arvien ir t\u012bra un gleznaina. Pat\u012bkamas dz\u012bves rad\u012b\u0161anai tiek izmantotas eso\u0161\u0101s priek\u0161roc\u012bbas - dabas tuvums, izteikti gadalaiki, kult\u016brv\u0113stures pieminek\u013ci apvienojum\u0101 ar nepiecie\u0161amo infrastrukt\u016bru un t\u0101s moderniz\u0101ciju. Al\u016bksnes ezera tie\u0161ais tuvums pils\u0113tai pie\u0161\u0137ir savdab\u012bgu un pat\u012bkamu akcentu.<\/p>\n<p>M\u0113s lepojamies ar:<br \/>\n- v\u0101cu m\u0101c\u012bt\u0101ja un skolot\u0101ja Ernsta Glika paaud\u017eu paaudz\u0113s sarg\u0101taj\u0101m v\u0113rt\u012bb\u0101m - Glika ozoliem, Al\u016bksnes luter\u0101\u0146u bazn\u012bcu, B\u012bbeles muzeju;<br \/>\n- gleznaino, atp\u016btnieku iecien\u012bto Al\u016bksnes ezeru ar t\u0101 \u010detr\u0101m sal\u0101m;<br \/>\n- F\u012btinghofu dzimtas mantojumu - Al\u016bksnes Veco un Jauno pili, Al\u016bksnes mui\u017eas parku ar mazaj\u0101m arhitektoniskaj\u0101m form\u0101m, daudzveid\u012bgaj\u0101m koku un kr\u016bmu sug\u0101m;<br \/>\n- Temp\u013ca kalnu - senu latga\u013cu pilskalnu un senpils\u0113tas vietu, Saules tiltu;<br \/>\n- unik\u0101lo \u0161aurslie\u017eu dzelzce\u013cu un \"mazb\u0101n\u012bti\" Al\u016bksne - Gulbene.<\/p>\n<p>Al\u016bksnie\u0161i un pils\u0113tas viesi priec\u0101jas par romantiskaj\u0101m, kr\u0101sainaj\u0101m str\u016bklak\u0101m Al\u016bksnes Jaun\u0101s pils park\u0101 un kr\u0101s\u0101s izgaismoto koka tiltu uz Pilssalu, kas nakt\u012b sp\u0113l\u0113 gaismu rota\u013cas.<\/p>\n<p>Pils\u0113tas viesiem <strong>AL\u016aKSNE<\/strong> paliek atmi\u0146\u0101 ar kult\u016brv\u0113sturisk\u0101m viet\u0101m, skaistu un sakoptu dabu, viet\u0113jo \u013cau\u017eu atsauc\u012bbu un viesm\u012bl\u012bbu.<\/p>\n<p>Za\u013cu me\u017eu, lauku un p\u013cavu ielok\u0101, ezera \u016bde\u0146u atspulgos, ziedu vai sniega kupen\u0101s iegrimusi, ziem\u0101 vai vasar\u0101 ikvienu atp\u016btas m\u012b\u013cot\u0101ju sagaid\u012bs <strong>AL\u016aKSNE<\/strong>, aicinot ieklaus\u012bties dab\u0101 un senatnes skan\u0113jum\u0101.<\/p>\n<\/div>\n<\/div><\/div><\/div><div id=\"pgc-241-0-1\"  class=\"panel-grid-cell\" ><div id=\"panel-241-0-1-0\" class=\"so-panel widget panel-first-child panel-last-child\" data-index=\"1\" ><\/div><\/div><\/div><\/div>","protected":false},"excerpt":{"rendered":"<p>AL\u016aKSN\u0112 &#8211; pirm\u0101s un p\u0113d\u0113j\u0101s salnas, barg\u0101k\u0101s ziemas, \u012bs\u0101k\u0101s vasaras. Kad citur jau ceri\u0146i plaukst, Al\u016bksnes pakalni ievu reibum\u0101 trako. Kad citur jau jasm\u012bni zied, Al\u016bksn\u0113 zilas putas uzsitu\u0161i ceri\u0146u vi\u013c\u0146i ap m\u0101j\u0101m. Pazaud\u0113to pavasari brauc satikt Al\u016bksnes pus\u0113, jo&#8230;<br \/><a class=\"read-more-button\" href=\"https:\/\/aluksne.lv\/index.php\/novads\/aluksne-2\/\">Las\u012bt visu<\/a><\/p>\n","protected":false},"author":1,"featured_media":0,"parent":4,"menu_order":0,"comment_status":"closed","ping_status":"closed","template":"","meta":{"_crdt_document":"","_monsterinsights_skip_tracking":false,"_monsterinsights_sitenote_active":false,"_monsterinsights_sitenote_note":"","_monsterinsights_sitenote_category":0,"footnotes":"","_links_to":"","_links_to_target":""},"class_list":["post-241","page","type-page","status-publish","hentry"],"_links":{"self":[{"href":"https:\/\/aluksne.lv\/index.php\/wp-json\/wp\/v2\/pages\/241","targetHints":{"allow":["GET"]}}],"collection":[{"href":"https:\/\/aluksne.lv\/index.php\/wp-json\/wp\/v2\/pages"}],"about":[{"href":"https:\/\/aluksne.lv\/index.php\/wp-json\/wp\/v2\/types\/page"}],"author":[{"embeddable":true,"href":"https:\/\/aluksne.lv\/index.php\/wp-json\/wp\/v2\/users\/1"}],"replies":[{"embeddable":true,"href":"https:\/\/aluksne.lv\/index.php\/wp-json\/wp\/v2\/comments?post=241"}],"version-history":[{"count":0,"href":"https:\/\/aluksne.lv\/index.php\/wp-json\/wp\/v2\/pages\/241\/revisions"}],"up":[{"embeddable":true,"href":"https:\/\/aluksne.lv\/index.php\/wp-json\/wp\/v2\/pages\/4"}],"wp:attachment":[{"href":"https:\/\/aluksne.lv\/index.php\/wp-json\/wp\/v2\/media?parent=241"}],"curies":[{"name":"wp","href":"https:\/\/api.w.org\/{rel}","templated":true}]}}