{"id":25471,"date":"2021-04-22T14:40:39","date_gmt":"2021-04-22T11:40:39","guid":{"rendered":"https:\/\/aluksne.lv\/?page_id=25471"},"modified":"2025-05-09T09:07:58","modified_gmt":"2025-05-09T06:07:58","slug":"nozares-saistosie-noteikumi","status":"publish","type":"page","link":"https:\/\/aluksne.lv\/index.php\/pasvaldiba\/socialas-un-citas-iestades\/aluksnes-novada-socialais-dienests\/nozares-saistosie-noteikumi\/","title":{"rendered":"Nozares saisto\u0161ie noteikumi"},"content":{"rendered":"<p>&nbsp;<\/p>\n<p><strong>Al\u016bksnes novada Soci\u0101lo lietu p\u0101rvaldes nolikums (<a href=\"https:\/\/aluksne.lv\/wp-content\/uploads\/2025\/01\/7_SLP_nolikums.docx\">.docx<\/a>.; <a href=\"https:\/\/aluksne.lv\/wp-content\/uploads\/2025\/01\/Nolikums.pdf\">.pdf<\/a>)<\/strong><\/p>\n<p><strong><a href=\"https:\/\/likumi.lv\/ta\/id\/348390\">39\/2023 \u201cPar pabalstiem b\u0101renim un bez vec\u0101ku g\u0101d\u012bbas paliku\u0161am b\u0113rnam un aud\u017eu\u0123imenei Al\u016bksnes novad\u0101\u201d<\/a> <br \/>\n<\/strong>(sp\u0113k\u0101 no 19.12.2023.)<strong><\/p>\n<p><a href=\"https:\/\/likumi.lv\/ta\/id\/346012\">28\/2023 \u201cPar pa\u0161vald\u012bbas br\u012bvpr\u0101t\u012bg\u0101s iniciat\u012bvas pabalstiem Al\u016bksnes novad\u0101\u201d<\/a><br \/>\n<\/strong>(sp\u0113k\u0101 no 05.10.2023.)<\/p>\n<p><strong><a href=\"https:\/\/likumi.lv\/ta\/id\/341112\">3\/2023 \u201cPar maznodro\u0161in\u0101tas m\u0101jsaimniec\u012bbas ien\u0101kumu sliek\u0161\u0146a noteik\u0161anu Al\u016bksnes novad\u0101\u201d<\/a><\/strong><br \/>\n(sp\u0113k\u0101 no 15.04.2024.)<\/p>\n<p><strong><a href=\"https:\/\/likumi.lv\/ta\/id\/332404-par-socialajiem-pakalpojumiem-aluksnes-novada\">11\/2022 &#8220;Par soci\u0101lajiem pakalpojumiem Al\u016bksnes novad\u0101&#8221;<\/a><\/strong><br \/>\n(sp\u0113k\u0101 no 18.05.2022.)<\/p>\n<p><a href=\"https:\/\/likumi.lv\/ta\/id\/351888-par-socialas-palidzibas-pabalstiem-aluksnes-novada\"><strong>11\/2021 &#8220;Par soci\u0101l\u0101s pal\u012bdz\u012bbas pabalstiem Al\u016bksnes novad\u0101&#8221;<\/strong><\/a><br \/>\n(sp\u0113k\u0101 no 01.07.2021.)<\/p>\n<p>&nbsp;<\/p>\n","protected":false},"excerpt":{"rendered":"<p>&nbsp; Al\u016bksnes novada Soci\u0101lo lietu p\u0101rvaldes nolikums (.docx.; .pdf) 39\/2023 \u201cPar pabalstiem b\u0101renim un bez vec\u0101ku g\u0101d\u012bbas paliku\u0161am b\u0113rnam un aud\u017eu\u0123imenei Al\u016bksnes novad\u0101\u201d (sp\u0113k\u0101 no 19.12.2023.) 28\/2023 \u201cPar pa\u0161vald\u012bbas br\u012bvpr\u0101t\u012bg\u0101s iniciat\u012bvas pabalstiem Al\u016bksnes novad\u0101\u201d (sp\u0113k\u0101 no 05.10.2023.) 3\/2023 \u201cPar maznodro\u0161in\u0101tas&#8230;<br \/><a class=\"read-more-button\" href=\"https:\/\/aluksne.lv\/index.php\/pasvaldiba\/socialas-un-citas-iestades\/aluksnes-novada-socialais-dienests\/nozares-saistosie-noteikumi\/\">Las\u012bt visu<\/a><\/p>\n","protected":false},"author":1,"featured_media":0,"parent":2151,"menu_order":0,"comment_status":"closed","ping_status":"closed","template":"","meta":{"_crdt_document":"","_monsterinsights_skip_tracking":false,"_monsterinsights_sitenote_active":false,"_monsterinsights_sitenote_note":"","_monsterinsights_sitenote_category":0,"footnotes":"","_links_to":"","_links_to_target":""},"class_list":["post-25471","page","type-page","status-publish","hentry"],"_links":{"self":[{"href":"https:\/\/aluksne.lv\/index.php\/wp-json\/wp\/v2\/pages\/25471","targetHints":{"allow":["GET"]}}],"collection":[{"href":"https:\/\/aluksne.lv\/index.php\/wp-json\/wp\/v2\/pages"}],"about":[{"href":"https:\/\/aluksne.lv\/index.php\/wp-json\/wp\/v2\/types\/page"}],"author":[{"embeddable":true,"href":"https:\/\/aluksne.lv\/index.php\/wp-json\/wp\/v2\/users\/1"}],"replies":[{"embeddable":true,"href":"https:\/\/aluksne.lv\/index.php\/wp-json\/wp\/v2\/comments?post=25471"}],"version-history":[{"count":0,"href":"https:\/\/aluksne.lv\/index.php\/wp-json\/wp\/v2\/pages\/25471\/revisions"}],"up":[{"embeddable":true,"href":"https:\/\/aluksne.lv\/index.php\/wp-json\/wp\/v2\/pages\/2151"}],"wp:attachment":[{"href":"https:\/\/aluksne.lv\/index.php\/wp-json\/wp\/v2\/media?parent=25471"}],"curies":[{"name":"wp","href":"https:\/\/api.w.org\/{rel}","templated":true}]}}