{"id":26938,"date":"2021-07-27T09:53:09","date_gmt":"2021-07-27T06:53:09","guid":{"rendered":"https:\/\/aluksne.lv\/?page_id=26938"},"modified":"2021-10-29T16:37:04","modified_gmt":"2021-10-29T13:37:04","slug":"aluksnes-novada-attistibas-programmas-2021-2027-gadam-izstrade","status":"publish","type":"page","link":"https:\/\/aluksne.lv\/index.php\/sabiedriba\/sabiedribas-lidzdaliba\/aluksnes-novada-attistibas-programmas-2021-2027-gadam-izstrade\/","title":{"rendered":"Al\u016bksnes novada att\u012bst\u012bbas programmas 2021. &#8211; 2027. gadam izstr\u0101de"},"content":{"rendered":"<p>&nbsp;<\/p>\n<p>&nbsp;<\/p>\n<table class=\"hoverTable\" style=\"border-collapse: collapse; width: 100%;\">\n<tbody>\n<tr>\n<td style=\"width: 100%; text-align: center;\"><a href=\"https:\/\/aluksne.lv\/index.php\/2021\/10\/29\/sakas-aluksnes-novada-attistibas-programmas-publiska-apspriesana\/\"><strong>ATT\u012aST\u012aBAS PROGRAMMAS PUBLISK\u0100 APSPRIE\u0160ANA<\/strong><\/a><\/td>\n<\/tr>\n<tr>\n<td style=\"width: 100%; text-align: center;\"><a href=\"https:\/\/aluksne.lv\/index.php\/category\/tematiskas-darba-grupas\/\">TEMATISK\u0100S DARBA GRUPAS<\/a><\/td>\n<\/tr>\n<tr>\n<td style=\"width: 100%; text-align: center;\"><a href=\"https:\/\/aluksne.lv\/index.php\/2021\/08\/05\/pasvaldiba-aicina-iedzivotajus-piedalities-aptauja-aluksnes-novada-attistibas-programmas-izstradei\/\">IEDZ\u012aVOT\u0100JU APTAUJA<\/a><\/td>\n<\/tr>\n<\/tbody>\n<\/table>\n<p>&nbsp;<\/p>\n<p>&nbsp;<\/p>\n","protected":false},"excerpt":{"rendered":"<p>&nbsp; &nbsp; ATT\u012aST\u012aBAS PROGRAMMAS PUBLISK\u0100 APSPRIE\u0160ANA TEMATISK\u0100S DARBA GRUPAS IEDZ\u012aVOT\u0100JU APTAUJA &nbsp; &nbsp;<\/p>\n","protected":false},"author":1,"featured_media":0,"parent":429,"menu_order":0,"comment_status":"closed","ping_status":"closed","template":"","meta":{"_crdt_document":"","_monsterinsights_skip_tracking":false,"_monsterinsights_sitenote_active":false,"_monsterinsights_sitenote_note":"","_monsterinsights_sitenote_category":0,"footnotes":"","_links_to":"","_links_to_target":""},"class_list":["post-26938","page","type-page","status-publish","hentry"],"_links":{"self":[{"href":"https:\/\/aluksne.lv\/index.php\/wp-json\/wp\/v2\/pages\/26938","targetHints":{"allow":["GET"]}}],"collection":[{"href":"https:\/\/aluksne.lv\/index.php\/wp-json\/wp\/v2\/pages"}],"about":[{"href":"https:\/\/aluksne.lv\/index.php\/wp-json\/wp\/v2\/types\/page"}],"author":[{"embeddable":true,"href":"https:\/\/aluksne.lv\/index.php\/wp-json\/wp\/v2\/users\/1"}],"replies":[{"embeddable":true,"href":"https:\/\/aluksne.lv\/index.php\/wp-json\/wp\/v2\/comments?post=26938"}],"version-history":[{"count":0,"href":"https:\/\/aluksne.lv\/index.php\/wp-json\/wp\/v2\/pages\/26938\/revisions"}],"up":[{"embeddable":true,"href":"https:\/\/aluksne.lv\/index.php\/wp-json\/wp\/v2\/pages\/429"}],"wp:attachment":[{"href":"https:\/\/aluksne.lv\/index.php\/wp-json\/wp\/v2\/media?parent=26938"}],"curies":[{"name":"wp","href":"https:\/\/api.w.org\/{rel}","templated":true}]}}