{"id":27163,"date":"2021-08-04T17:01:14","date_gmt":"2021-08-04T14:01:14","guid":{"rendered":"https:\/\/aluksne.lv\/?page_id=27163"},"modified":"2026-03-23T14:42:08","modified_gmt":"2026-03-23T12:42:08","slug":"citas-veidlapas","status":"publish","type":"page","link":"https:\/\/aluksne.lv\/index.php\/pasvaldiba\/pakalpojumi\/veidlapas\/citas-veidlapas\/","title":{"rendered":"CITAS VEIDLAPAS"},"content":{"rendered":"<table class=\"pienem\" style=\"border-collapse: collapse; width: 100%;\">\n<tbody>\n<tr>\n<td style=\"width: 50%;\">\n<p><strong>V\u0112L\u0112\u0160ANU IECIRK\u0145A KOMISIJAS LOCEK\u013bA KANDID\u0100TA PIETEIKUMS<\/strong><\/p>\n<\/td>\n<td style=\"width: 50%;\"><a href=\"https:\/\/aluksne.lv\/wp-content\/uploads\/2026\/03\/Veidlapa_iecirkni.docx\">Veidlapa<\/a><\/td>\n<\/tr>\n<tr>\n<td style=\"width: 50%;\">\n<p><strong>Ierobe\u017eotas pieejam\u012bbas inform\u0101cijas piepras\u012bjums<\/strong><\/p>\n<\/td>\n<td style=\"width: 50%;\"><a href=\"https:\/\/aluksne.lv\/wp-content\/uploads\/2026\/02\/Informacijas_pieprasijums_2026.docx\">Veidlapa<\/a><\/td>\n<\/tr>\n<\/tbody>\n<\/table>\n","protected":false},"excerpt":{"rendered":"<p>V\u0112L\u0112\u0160ANU IECIRK\u0145A KOMISIJAS LOCEK\u013bA KANDID\u0100TA PIETEIKUMS Veidlapa Ierobe\u017eotas pieejam\u012bbas inform\u0101cijas piepras\u012bjums Veidlapa<\/p>\n","protected":false},"author":3,"featured_media":0,"parent":14729,"menu_order":0,"comment_status":"closed","ping_status":"closed","template":"","meta":{"_crdt_document":"","_monsterinsights_skip_tracking":false,"_monsterinsights_sitenote_active":false,"_monsterinsights_sitenote_note":"","_monsterinsights_sitenote_category":0,"footnotes":"","_links_to":"","_links_to_target":""},"class_list":["post-27163","page","type-page","status-publish","hentry"],"_links":{"self":[{"href":"https:\/\/aluksne.lv\/index.php\/wp-json\/wp\/v2\/pages\/27163","targetHints":{"allow":["GET"]}}],"collection":[{"href":"https:\/\/aluksne.lv\/index.php\/wp-json\/wp\/v2\/pages"}],"about":[{"href":"https:\/\/aluksne.lv\/index.php\/wp-json\/wp\/v2\/types\/page"}],"author":[{"embeddable":true,"href":"https:\/\/aluksne.lv\/index.php\/wp-json\/wp\/v2\/users\/3"}],"replies":[{"embeddable":true,"href":"https:\/\/aluksne.lv\/index.php\/wp-json\/wp\/v2\/comments?post=27163"}],"version-history":[{"count":4,"href":"https:\/\/aluksne.lv\/index.php\/wp-json\/wp\/v2\/pages\/27163\/revisions"}],"predecessor-version":[{"id":61563,"href":"https:\/\/aluksne.lv\/index.php\/wp-json\/wp\/v2\/pages\/27163\/revisions\/61563"}],"up":[{"embeddable":true,"href":"https:\/\/aluksne.lv\/index.php\/wp-json\/wp\/v2\/pages\/14729"}],"wp:attachment":[{"href":"https:\/\/aluksne.lv\/index.php\/wp-json\/wp\/v2\/media?parent=27163"}],"curies":[{"name":"wp","href":"https:\/\/api.w.org\/{rel}","templated":true}]}}