{"id":2786,"date":"2017-12-19T11:25:10","date_gmt":"2017-12-19T11:25:10","guid":{"rendered":"http:\/\/aluksne.lv\/?page_id=2786"},"modified":"2025-01-31T11:29:42","modified_gmt":"2025-01-31T09:29:42","slug":"atkritumu-apsaimniekosana","status":"publish","type":"page","link":"https:\/\/aluksne.lv\/index.php\/pasvaldiba\/pakalpojumi\/atkritumu-apsaimniekosana\/","title":{"rendered":"Atkritumu apsaimnieko\u0161ana"},"content":{"rendered":"<div id=\"widus1\">\n<div id=\"content\">\n<p>&nbsp;<\/p>\n<p><strong>Sadz\u012bves atkritumu apsaimnieko\u0161anu Al\u016bksnes novada teritorij\u0101 nodro\u0161ina SIA &#8220;LAUTUS VIDE&#8221;.<img loading=\"lazy\" decoding=\"async\" class=\"alignright wp-image-47592 \" src=\"https:\/\/aluksne.lv\/wp-content\/uploads\/2024\/03\/LAUTUS_VIDE-800x364.png\" alt=\"\" width=\"295\" height=\"134\" srcset=\"https:\/\/aluksne.lv\/wp-content\/uploads\/2024\/03\/LAUTUS_VIDE-800x364.png 800w, https:\/\/aluksne.lv\/wp-content\/uploads\/2024\/03\/LAUTUS_VIDE-1024x466.png 1024w, https:\/\/aluksne.lv\/wp-content\/uploads\/2024\/03\/LAUTUS_VIDE-768x349.png 768w, https:\/\/aluksne.lv\/wp-content\/uploads\/2024\/03\/LAUTUS_VIDE-1170x532.png 1170w, https:\/\/aluksne.lv\/wp-content\/uploads\/2024\/03\/LAUTUS_VIDE.png 1400w\" sizes=\"auto, (max-width: 295px) 100vw, 295px\" \/><br \/>\n<\/strong><\/p>\n<p><u>SIA \u201cLAUTUS VIDE\u201d rekviz\u012bti<\/u>:<\/p>\n<p>Re\u0123istr\u0101cijas numurs: 44103141663,<\/p>\n<p>juridisk\u0101 adrese: \u0136ekavas nov., \u0136ekavas pag., \u201cGurnicas\u201d, LV-2123<\/p>\n<p>T\u0101lrunis: 26622989, 64382838 ( Al\u016bksne)<\/p>\n<p>Nor\u0113\u0137inu inform\u0101cija:<\/p>\n<p><u>BluOr Bank AS<\/u><\/p>\n<p>LV59CBBR1129858900030<\/p>\n<p><u>Luminor Bank AS Latvijas fili\u0101le<\/u><\/p>\n<p>LV29RIKO0000083605338<\/p>\n<p><u>Swedbank AS <\/u><\/p>\n<p>LV02HABA0001408031721<\/p>\n<p><strong><br \/>\n<\/strong><br \/>\n<strong>SIA \u201cLAUTUS VIDE\u201d Al\u016bksnes fili\u0101les biroja adrese:<\/strong><br \/>\nR\u016bpniec\u012bbas iel\u0101 8F, Al\u016bksn\u0113 (blakus \u201cAuto Kada\u201d veikalam).<br \/>\nT\u0101lrunis: 64382838<br \/>\nMobilais t\u0101lrunis 26622989<br \/>\nE-pasts: <a href=\"mailto:aluksne@lautusvide.lv\">aluksne@lautusvide.lv<\/a><\/p>\n<p>Inform\u0101cija par l\u012bgumu sl\u0113g\u0161anu, SIA \u201cLAUTUS VIDE\u201d pakalpojumiem: <a href=\"https:\/\/lautusvide.lv\/\">https:\/\/lautusvide.lv\/<\/a><\/p>\n<\/div>\n<\/div>\n<table class=\"hoverTable\">\n<tbody>\n<tr>\n<td width=\"33%\"><a href=\"http:\/\/aluksne.lv\/index.php\/pasvaldiba\/pakalpojumi\/atkritumu-apsaimniekosana\/atkritumu-apsaimniekosana-aluksnes-novada\/\"><strong>Atkritumu apsaimnieko\u0161ana Al\u016bksnes novad\u0101<\/strong><\/a><\/td>\n<td width=\"33%\"><a href=\"http:\/\/aluksne.lv\/index.php\/pasvaldiba\/pakalpojumi\/atkritumu-apsaimniekosana\/atkritumu-skirosana\/\"><strong>Atkritumu \u0161\u0137iro\u0161ana<\/strong><\/a><\/td>\n<\/tr>\n<tr>\n<td width=\"33%\"><a href=\"https:\/\/aluksne.lv\/wp-content\/uploads\/2024\/03\/Par-veiktajiem-sabiedribas-informesanas-pasakumiem.pdf\"><strong>IEDZ\u012aVOT\u0100JU INFORM\u0112\u0160ANAS PAS\u0100KUMI<\/strong><\/a><\/td>\n<\/tr>\n<\/tbody>\n<\/table>\n","protected":false},"excerpt":{"rendered":"<p>&nbsp; Sadz\u012bves atkritumu apsaimnieko\u0161anu Al\u016bksnes novada teritorij\u0101 nodro\u0161ina SIA &#8220;LAUTUS VIDE&#8221;. SIA \u201cLAUTUS VIDE\u201d rekviz\u012bti: Re\u0123istr\u0101cijas numurs: 44103141663, juridisk\u0101 adrese: \u0136ekavas nov., \u0136ekavas pag., \u201cGurnicas\u201d, LV-2123 T\u0101lrunis: 26622989, 64382838 ( Al\u016bksne) Nor\u0113\u0137inu inform\u0101cija: BluOr Bank AS LV59CBBR1129858900030 Luminor Bank AS&#8230;<br \/><a class=\"read-more-button\" href=\"https:\/\/aluksne.lv\/index.php\/pasvaldiba\/pakalpojumi\/atkritumu-apsaimniekosana\/\">Las\u012bt visu<\/a><\/p>\n","protected":false},"author":1,"featured_media":0,"parent":383,"menu_order":0,"comment_status":"closed","ping_status":"closed","template":"","meta":{"_crdt_document":"","_monsterinsights_skip_tracking":false,"_monsterinsights_sitenote_active":false,"_monsterinsights_sitenote_note":"","_monsterinsights_sitenote_category":0,"footnotes":"","_links_to":"","_links_to_target":""},"class_list":["post-2786","page","type-page","status-publish","hentry"],"_links":{"self":[{"href":"https:\/\/aluksne.lv\/index.php\/wp-json\/wp\/v2\/pages\/2786","targetHints":{"allow":["GET"]}}],"collection":[{"href":"https:\/\/aluksne.lv\/index.php\/wp-json\/wp\/v2\/pages"}],"about":[{"href":"https:\/\/aluksne.lv\/index.php\/wp-json\/wp\/v2\/types\/page"}],"author":[{"embeddable":true,"href":"https:\/\/aluksne.lv\/index.php\/wp-json\/wp\/v2\/users\/1"}],"replies":[{"embeddable":true,"href":"https:\/\/aluksne.lv\/index.php\/wp-json\/wp\/v2\/comments?post=2786"}],"version-history":[{"count":0,"href":"https:\/\/aluksne.lv\/index.php\/wp-json\/wp\/v2\/pages\/2786\/revisions"}],"up":[{"embeddable":true,"href":"https:\/\/aluksne.lv\/index.php\/wp-json\/wp\/v2\/pages\/383"}],"wp:attachment":[{"href":"https:\/\/aluksne.lv\/index.php\/wp-json\/wp\/v2\/media?parent=2786"}],"curies":[{"name":"wp","href":"https:\/\/api.w.org\/{rel}","templated":true}]}}