{"id":28451,"date":"2021-10-20T14:56:45","date_gmt":"2021-10-20T11:56:45","guid":{"rendered":"https:\/\/aluksne.lv\/?page_id=28451"},"modified":"2025-04-05T20:06:16","modified_gmt":"2025-04-05T17:06:16","slug":"sazina-ar-pasvaldibu","status":"publish","type":"page","link":"https:\/\/aluksne.lv\/index.php\/pasvaldiba\/kontakti\/administracija\/sazina-ar-pasvaldibu\/","title":{"rendered":"Elektroniskie sazi\u0146as veidi"},"content":{"rendered":"<div id=\"pl-28451\"  class=\"panel-layout\" ><div id=\"pg-28451-0\"  class=\"panel-grid panel-no-style\" ><div id=\"pgc-28451-0-0\"  class=\"panel-grid-cell\" ><div id=\"panel-28451-0-0-0\" class=\"so-panel widget widget_sow-editor panel-first-child panel-last-child\" data-index=\"0\" ><div\n\t\t\t\n\t\t\tclass=\"so-widget-sow-editor so-widget-sow-editor-base\"\n\t\t\t\n\t\t>\n<div class=\"siteorigin-widget-tinymce textwidget\">\n\t<h2 style=\"text-align: center;\">Elektroniskie<strong><span class=\"virsraxts\">\u00a0sazi\u0146as veidi<\/span><\/strong><\/h2>\n<div><\/div>\n<div style=\"overflow-x: auto;\">\n<ul>\n<li><span style=\"font-size: 12pt;\"><strong>Sazi\u0146ai ar mums izmantojiet Al\u016bksnes novada pa\u0161vald\u012bbas <a href=\"https:\/\/latvija.gov.lv\/KDV\/Write\/NewMessage?address=_DEFAULT@90000018622\">E-ADRESI<\/a><a href=\"https:\/\/latvija.gov.lv\/KDV\/Write\/NewMessage?address=_DEFAULT@90000018622\" target=\"_blank\" rel=\"noopener\"><img loading=\"lazy\" decoding=\"async\" class=\"wp-image-28790 size-full aligncenter\" src=\"https:\/\/aluksne.lv\/wp-content\/uploads\/2021\/11\/VARAMeParrakstiuzeadrese250x250pt-1.jpg\" alt=\"\" width=\"251\" height=\"251\" data-id=\"28790\" srcset=\"https:\/\/aluksne.lv\/wp-content\/uploads\/2021\/11\/VARAMeParrakstiuzeadrese250x250pt-1.jpg 251w, https:\/\/aluksne.lv\/wp-content\/uploads\/2021\/11\/VARAMeParrakstiuzeadrese250x250pt-1-150x150.jpg 150w, https:\/\/aluksne.lv\/wp-content\/uploads\/2021\/11\/VARAMeParrakstiuzeadrese250x250pt-1-60x60.jpg 60w\" sizes=\"auto, (max-width: 251px) 100vw, 251px\" \/><\/a><\/strong><\/span><br \/>\n<h1 class=\"entry-headline title single-title entry-title\"><a href=\"https:\/\/aluksne.lv\/index.php\/2025\/04\/05\/oficialajai-elektroniskajai-sazinai-izvelieties-e-adresi-nevis-e-pasta-adresi\/\"><span class=\"entry-headline-text\" style=\"font-size: 14pt;\">Ofici\u0101lajai elektroniskajai sazi\u0146ai izv\u0113lieties e-adresi, nevis e-pasta adresi<\/span><\/a><\/h1>\n<\/li>\n<\/ul>\n<ul>\n<li><span style=\"font-size: 12pt;\"><strong>Iesniedziet savu priek\u0161likumu, s\u016bdz\u012bbu, jaut\u0101jumu vai l\u016bgumu pa\u0161vald\u012bbai, izmantojot pakalpojumu <a href=\"https:\/\/latvija.gov.lv\/Services\/10883\">\u201cPriek\u0161likuma, s\u016bdz\u012bbas, jaut\u0101juma vai l\u016bguma iesnieg\u0161ana\" <\/a>port\u0101l\u0101 www.latvija.gov.lv.<\/strong><\/span><\/li>\n<\/ul>\n<p><span style=\"font-size: 12pt;\">\u0160is pakalpojums pied\u0101v\u0101 iesp\u0113ju iesniegt dokumentu, kur\u0101 ietverts iest\u0101des kompetenc\u0113 eso\u0161s l\u016bgums, s\u016bdz\u012bba, priek\u0161likums vai jaut\u0101jums, atbilsto\u0161i Iesniegumu likumam.<br \/>\nTas nav citu iest\u0101des pakalpojuma pieteik\u0161anai.<\/span><\/p>\n<div><\/div>\n<ul>\n<li><span style=\"font-size: 12pt;\"><strong>S\u016btiet savus elektroniski parakst\u012btos dokumentus uz Al\u016bksnes novada pa\u0161vald\u012bbas ofici\u0101lo e-pasta adresi: dome@aluksne.lv.<\/strong><\/span><\/li>\n<\/ul>\n<div>\n<div><\/div>\n<div>Ja dokuments tiek sagatavots br\u012bv\u0101 form\u0101, tas ir j\u0101noform\u0113 atbilsto\u0161i Ministru kabineta 2005.gada 28.j\u016bnija noteikumiem Nr.473 un j\u0101paraksta ar dro\u0161u elektronisko parakstu.<\/div>\n<div><\/div>\n<div>Pa\u0161vald\u012bba vienas darbdienas laik\u0101 nos\u016bta iesniedz\u0113jam pazi\u0146ojumu par elektronisk\u0101 dokumenta sa\u0146em\u0161anu uz elektronisk\u0101 pasta adresi, no kuras dokuments sa\u0146emts.<\/div>\n<div><\/div>\n<\/div>\n<div>Aicin\u0101m gad\u012bjumos, kad nepiecie\u0161ams nos\u016bt\u012bt inform\u0101ciju, kas satur personas datus, komercnosl\u0113pumu vai citu aizsarg\u0101jamas zi\u0146as, neizmantot e-pastu!\n<\/div>\n<div><\/div>\n<\/div>\n<div><\/div>\n<div>\n<p><iframe loading=\"lazy\" title=\"Kas ir e-adrese\" width=\"734\" height=\"413\" src=\"https:\/\/www.youtube.com\/embed\/k9062D4e61A?feature=oembed\" frameborder=\"0\" allow=\"accelerometer; autoplay; clipboard-write; encrypted-media; gyroscope; picture-in-picture; web-share\" referrerpolicy=\"strict-origin-when-cross-origin\" allowfullscreen><\/iframe><\/p>\n<\/div>\n<p>&nbsp;<\/p>\n<\/div>\n<\/div><\/div><\/div><\/div><div id=\"pg-28451-1\"  class=\"panel-grid panel-no-style\" ><div id=\"pgc-28451-1-0\"  class=\"panel-grid-cell\" ><div id=\"panel-28451-1-0-0\" class=\"so-panel widget widget_sow-image panel-first-child panel-last-child\" data-index=\"1\" ><div\n\t\t\t\n\t\t\tclass=\"so-widget-sow-image so-widget-sow-image-default-8b5b6f678277-28451\"\n\t\t\t\n\t\t><h3 class=\"widget-title\">\t\t<a href=\"https:\/\/aluksne.lv\/wp-content\/uploads\/2021\/10\/kas_ir_eadrese_un_ka_to_lietot.pdf\"\n\t\t\ttarget=\"_blank\" rel=\"noopener noreferrer\" \t\t>\n\t\tKas ir e-adrese un k\u0101 to lietot<\/a><\/h3>\n<div class=\"sow-image-container\">\n\t\t\t<a href=\"https:\/\/aluksne.lv\/wp-content\/uploads\/2021\/10\/kas_ir_eadrese_un_ka_to_lietot.pdf\"\n\t\t\ttarget=\"_blank\" rel=\"noopener noreferrer\" \t\t>\n\t\t\t<img \n\tsrc=\"https:\/\/aluksne.lv\/wp-content\/uploads\/2021\/10\/kas_ir_eadrese_un_ka_to_lietot_Page_1-scaled.jpg\" width=\"1811\" height=\"2560\" srcset=\"https:\/\/aluksne.lv\/wp-content\/uploads\/2021\/10\/kas_ir_eadrese_un_ka_to_lietot_Page_1-scaled.jpg 1811w, https:\/\/aluksne.lv\/wp-content\/uploads\/2021\/10\/kas_ir_eadrese_un_ka_to_lietot_Page_1-212x300.jpg 212w, https:\/\/aluksne.lv\/wp-content\/uploads\/2021\/10\/kas_ir_eadrese_un_ka_to_lietot_Page_1-724x1024.jpg 724w, https:\/\/aluksne.lv\/wp-content\/uploads\/2021\/10\/kas_ir_eadrese_un_ka_to_lietot_Page_1-768x1086.jpg 768w, https:\/\/aluksne.lv\/wp-content\/uploads\/2021\/10\/kas_ir_eadrese_un_ka_to_lietot_Page_1-1086x1536.jpg 1086w, https:\/\/aluksne.lv\/wp-content\/uploads\/2021\/10\/kas_ir_eadrese_un_ka_to_lietot_Page_1-1448x2048.jpg 1448w, https:\/\/aluksne.lv\/wp-content\/uploads\/2021\/10\/kas_ir_eadrese_un_ka_to_lietot_Page_1-1170x1654.jpg 1170w\" sizes=\"(max-width: 1811px) 100vw, 1811px\" title=\"Kas ir e-adrese un k\u0101 to lietot\" alt=\"Kas ir e-adrese un k\u0101 to lietot\" \t\tclass=\"so-widget-image\"\/>\n\t\t\t<\/a><\/div>\n\n<\/div><\/div><\/div><div id=\"pgc-28451-1-1\"  class=\"panel-grid-cell\" ><div id=\"panel-28451-1-1-0\" class=\"so-panel widget widget_sow-image panel-first-child panel-last-child\" data-index=\"2\" ><div\n\t\t\t\n\t\t\tclass=\"so-widget-sow-image so-widget-sow-image-default-8b5b6f678277-28451\"\n\t\t\t\n\t\t><h3 class=\"widget-title\">\t\t<a href=\"https:\/\/aluksne.lv\/wp-content\/uploads\/2021\/10\/eParaksta-iespejas-2020-07-v2.pdf\"\n\t\t\ttarget=\"_blank\" rel=\"noopener noreferrer\" \t\t>\n\t\tK\u0101das iesp\u0113jas pied\u0101v\u0101 eParaksts<\/a><\/h3>\n<div class=\"sow-image-container\">\n\t\t\t<a href=\"https:\/\/aluksne.lv\/wp-content\/uploads\/2021\/10\/eParaksta-iespejas-2020-07-v2.pdf\"\n\t\t\ttarget=\"_blank\" rel=\"noopener noreferrer\" \t\t>\n\t\t\t<img \n\tsrc=\"https:\/\/aluksne.lv\/wp-content\/uploads\/2021\/10\/eParaksta-iespejas-2020-07-v2-2-scaled.jpg\" width=\"1801\" height=\"2560\" srcset=\"https:\/\/aluksne.lv\/wp-content\/uploads\/2021\/10\/eParaksta-iespejas-2020-07-v2-2-scaled.jpg 1801w, https:\/\/aluksne.lv\/wp-content\/uploads\/2021\/10\/eParaksta-iespejas-2020-07-v2-2-211x300.jpg 211w, https:\/\/aluksne.lv\/wp-content\/uploads\/2021\/10\/eParaksta-iespejas-2020-07-v2-2-720x1024.jpg 720w, https:\/\/aluksne.lv\/wp-content\/uploads\/2021\/10\/eParaksta-iespejas-2020-07-v2-2-768x1092.jpg 768w, https:\/\/aluksne.lv\/wp-content\/uploads\/2021\/10\/eParaksta-iespejas-2020-07-v2-2-1080x1536.jpg 1080w, https:\/\/aluksne.lv\/wp-content\/uploads\/2021\/10\/eParaksta-iespejas-2020-07-v2-2-1441x2048.jpg 1441w, https:\/\/aluksne.lv\/wp-content\/uploads\/2021\/10\/eParaksta-iespejas-2020-07-v2-2-1170x1663.jpg 1170w\" sizes=\"(max-width: 1801px) 100vw, 1801px\" title=\"K\u0101das iesp\u0113jas pied\u0101v\u0101 eParaksts\" alt=\"K\u0101das iesp\u0113jas pied\u0101v\u0101 eParaksts\" \t\tclass=\"so-widget-image\"\/>\n\t\t\t<\/a><\/div>\n\n<\/div><\/div><\/div><div id=\"pgc-28451-1-2\"  class=\"panel-grid-cell\" ><div id=\"panel-28451-1-2-0\" class=\"so-panel widget widget_sow-image panel-first-child panel-last-child\" data-index=\"3\" ><div\n\t\t\t\n\t\t\tclass=\"so-widget-sow-image so-widget-sow-image-default-8b5b6f678277-28451\"\n\t\t\t\n\t\t><h3 class=\"widget-title\">\t\t<a href=\"https:\/\/aluksne.lv\/wp-content\/uploads\/2021\/10\/eParaksts_Dokumentu_Formati-A4-1-scaled.jpg\"\n\t\t\ttarget=\"_blank\" rel=\"noopener noreferrer\" \t\t>\n\t\tK\u0101di ir eParaksta r\u012bki<\/a><\/h3>\n<div class=\"sow-image-container\">\n\t\t\t<a href=\"https:\/\/aluksne.lv\/wp-content\/uploads\/2021\/10\/eParaksts_Dokumentu_Formati-A4-1-scaled.jpg\"\n\t\t\ttarget=\"_blank\" rel=\"noopener noreferrer\" \t\t>\n\t\t\t<img \n\tsrc=\"https:\/\/aluksne.lv\/wp-content\/uploads\/2021\/10\/eParaksts_Dokumentu_Formati-A4-1-scaled.jpg\" width=\"1811\" height=\"2560\" srcset=\"https:\/\/aluksne.lv\/wp-content\/uploads\/2021\/10\/eParaksts_Dokumentu_Formati-A4-1-scaled.jpg 1811w, https:\/\/aluksne.lv\/wp-content\/uploads\/2021\/10\/eParaksts_Dokumentu_Formati-A4-1-212x300.jpg 212w, https:\/\/aluksne.lv\/wp-content\/uploads\/2021\/10\/eParaksts_Dokumentu_Formati-A4-1-724x1024.jpg 724w, https:\/\/aluksne.lv\/wp-content\/uploads\/2021\/10\/eParaksts_Dokumentu_Formati-A4-1-768x1086.jpg 768w, https:\/\/aluksne.lv\/wp-content\/uploads\/2021\/10\/eParaksts_Dokumentu_Formati-A4-1-1086x1536.jpg 1086w, https:\/\/aluksne.lv\/wp-content\/uploads\/2021\/10\/eParaksts_Dokumentu_Formati-A4-1-1448x2048.jpg 1448w, https:\/\/aluksne.lv\/wp-content\/uploads\/2021\/10\/eParaksts_Dokumentu_Formati-A4-1-1170x1654.jpg 1170w\" sizes=\"(max-width: 1811px) 100vw, 1811px\" title=\"K\u0101di ir eParaksta r\u012bki\" alt=\"K\u0101di ir eParaksta r\u012bki\" \t\tclass=\"so-widget-image\"\/>\n\t\t\t<\/a><\/div>\n\n<\/div><\/div><\/div><div id=\"pgc-28451-1-3\"  class=\"panel-grid-cell\" ><div id=\"panel-28451-1-3-0\" class=\"so-panel widget widget_sow-image panel-first-child panel-last-child\" data-index=\"4\" ><div\n\t\t\t\n\t\t\tclass=\"so-widget-sow-image so-widget-sow-image-default-8b5b6f678277-28451\"\n\t\t\t\n\t\t><h3 class=\"widget-title\">\t\t<a href=\"https:\/\/aluksne.lv\/wp-content\/uploads\/2021\/10\/ePm_digitala_pase.jpg\"\n\t\t\ttarget=\"_blank\" rel=\"noopener noreferrer\" \t\t>\n\t\tK\u0101 lietot eParaksts Mobile<\/a><\/h3>\n<div class=\"sow-image-container\">\n\t\t\t<a href=\"https:\/\/aluksne.lv\/wp-content\/uploads\/2021\/10\/ePm_digitala_pase.jpg\"\n\t\t\ttarget=\"_blank\" rel=\"noopener noreferrer\" \t\t>\n\t\t\t<img \n\tsrc=\"https:\/\/aluksne.lv\/wp-content\/uploads\/2021\/10\/ePm_digitala_pase.jpg\" width=\"1414\" height=\"2000\" srcset=\"https:\/\/aluksne.lv\/wp-content\/uploads\/2021\/10\/ePm_digitala_pase.jpg 1414w, https:\/\/aluksne.lv\/wp-content\/uploads\/2021\/10\/ePm_digitala_pase-212x300.jpg 212w, https:\/\/aluksne.lv\/wp-content\/uploads\/2021\/10\/ePm_digitala_pase-724x1024.jpg 724w, https:\/\/aluksne.lv\/wp-content\/uploads\/2021\/10\/ePm_digitala_pase-768x1086.jpg 768w, https:\/\/aluksne.lv\/wp-content\/uploads\/2021\/10\/ePm_digitala_pase-1086x1536.jpg 1086w, https:\/\/aluksne.lv\/wp-content\/uploads\/2021\/10\/ePm_digitala_pase-1170x1655.jpg 1170w\" sizes=\"(max-width: 1414px) 100vw, 1414px\" title=\"K\u0101 lietot eParaksts Mobile\" alt=\"K\u0101 lietot eParaksts Mobile\" \t\tclass=\"so-widget-image\"\/>\n\t\t\t<\/a><\/div>\n\n<\/div><\/div><\/div><div id=\"pgc-28451-1-4\"  class=\"panel-grid-cell\" ><div id=\"panel-28451-1-4-0\" class=\"so-panel widget widget_sow-image panel-first-child panel-last-child\" data-index=\"5\" ><div\n\t\t\t\n\t\t\tclass=\"so-widget-sow-image so-widget-sow-image-default-8b5b6f678277-28451\"\n\t\t\t\n\t\t><h3 class=\"widget-title\">\t\t<a href=\"https:\/\/aluksne.lv\/wp-content\/uploads\/2021\/10\/Ka_pieteikties_ePm_LV-scaled.jpg\"\n\t\t\ttarget=\"_blank\" rel=\"noopener noreferrer\" \t\t>\n\t\tK\u0101 sa\u0146emt eParaksts Mobile<\/a><\/h3>\n<div class=\"sow-image-container\">\n\t\t\t<a href=\"https:\/\/aluksne.lv\/wp-content\/uploads\/2021\/10\/Ka_pieteikties_ePm_LV-scaled.jpg\"\n\t\t\ttarget=\"_blank\" rel=\"noopener noreferrer\" \t\t>\n\t\t\t<img \n\tsrc=\"https:\/\/aluksne.lv\/wp-content\/uploads\/2021\/10\/Ka_pieteikties_ePm_LV-scaled.jpg\" width=\"1810\" height=\"2560\" srcset=\"https:\/\/aluksne.lv\/wp-content\/uploads\/2021\/10\/Ka_pieteikties_ePm_LV-scaled.jpg 1810w, https:\/\/aluksne.lv\/wp-content\/uploads\/2021\/10\/Ka_pieteikties_ePm_LV-212x300.jpg 212w, https:\/\/aluksne.lv\/wp-content\/uploads\/2021\/10\/Ka_pieteikties_ePm_LV-724x1024.jpg 724w, https:\/\/aluksne.lv\/wp-content\/uploads\/2021\/10\/Ka_pieteikties_ePm_LV-768x1086.jpg 768w, https:\/\/aluksne.lv\/wp-content\/uploads\/2021\/10\/Ka_pieteikties_ePm_LV-1086x1536.jpg 1086w, https:\/\/aluksne.lv\/wp-content\/uploads\/2021\/10\/Ka_pieteikties_ePm_LV-1448x2048.jpg 1448w, https:\/\/aluksne.lv\/wp-content\/uploads\/2021\/10\/Ka_pieteikties_ePm_LV-1170x1655.jpg 1170w\" sizes=\"(max-width: 1810px) 100vw, 1810px\" title=\"K\u0101 sa\u0146emt eParaksts Mobile\" alt=\"K\u0101 sa\u0146emt eParaksts Mobile\" \t\tclass=\"so-widget-image\"\/>\n\t\t\t<\/a><\/div>\n\n<\/div><\/div><\/div><div id=\"pgc-28451-1-5\"  class=\"panel-grid-cell\" ><div id=\"panel-28451-1-5-0\" class=\"so-panel widget widget_sow-image panel-first-child panel-last-child\" data-index=\"6\" ><div\n\t\t\t\n\t\t\tclass=\"so-widget-sow-image so-widget-sow-image-default-8b5b6f678277-28451\"\n\t\t\t\n\t\t><h3 class=\"widget-title\">\t\t<a href=\"https:\/\/aluksne.lv\/wp-content\/uploads\/2021\/10\/Kuru-riku-izveleties_-LV-scaled.jpg\"\n\t\t\ttarget=\"_blank\" rel=\"noopener noreferrer\" \t\t>\n\t\tKur un k\u0101 izmantot eParaksts un eParaksts Mobile<\/a><\/h3>\n<div class=\"sow-image-container\">\n\t\t\t<a href=\"https:\/\/aluksne.lv\/wp-content\/uploads\/2021\/10\/Kuru-riku-izveleties_-LV-scaled.jpg\"\n\t\t\ttarget=\"_blank\" rel=\"noopener noreferrer\" \t\t>\n\t\t\t<img \n\tsrc=\"https:\/\/aluksne.lv\/wp-content\/uploads\/2021\/10\/Kuru-riku-izveleties_-LV-scaled.jpg\" width=\"1810\" height=\"2560\" srcset=\"https:\/\/aluksne.lv\/wp-content\/uploads\/2021\/10\/Kuru-riku-izveleties_-LV-scaled.jpg 1810w, https:\/\/aluksne.lv\/wp-content\/uploads\/2021\/10\/Kuru-riku-izveleties_-LV-212x300.jpg 212w, https:\/\/aluksne.lv\/wp-content\/uploads\/2021\/10\/Kuru-riku-izveleties_-LV-724x1024.jpg 724w, https:\/\/aluksne.lv\/wp-content\/uploads\/2021\/10\/Kuru-riku-izveleties_-LV-768x1086.jpg 768w, https:\/\/aluksne.lv\/wp-content\/uploads\/2021\/10\/Kuru-riku-izveleties_-LV-1086x1536.jpg 1086w, https:\/\/aluksne.lv\/wp-content\/uploads\/2021\/10\/Kuru-riku-izveleties_-LV-1448x2048.jpg 1448w, https:\/\/aluksne.lv\/wp-content\/uploads\/2021\/10\/Kuru-riku-izveleties_-LV-1170x1655.jpg 1170w\" sizes=\"(max-width: 1810px) 100vw, 1810px\" title=\"Kur un k\u0101 izmantot eParaksts un eParaksts Mobile\" alt=\"Kur un k\u0101 izmantot eParaksts un eParaksts Mobile\" \t\tclass=\"so-widget-image\"\/>\n\t\t\t<\/a><\/div>\n\n<\/div><\/div><\/div><\/div><div id=\"pg-28451-2\"  class=\"panel-grid panel-no-style\" ><div id=\"pgc-28451-2-0\"  class=\"panel-grid-cell\" ><div id=\"panel-28451-2-0-0\" class=\"so-panel widget widget_sow-editor panel-first-child panel-last-child\" data-index=\"7\" ><div\n\t\t\t\n\t\t\tclass=\"so-widget-sow-editor so-widget-sow-editor-base\"\n\t\t\t\n\t\t>\n<div class=\"siteorigin-widget-tinymce textwidget\">\n\t<hr \/>\n<p><a href=\"https:\/\/www.eparaksts.lv\/lv\/\" target=\"_blank\" rel=\"noopener\"><img loading=\"lazy\" decoding=\"async\" class=\"alignleft wp-image-28464\" src=\"https:\/\/aluksne.lv\/wp-content\/uploads\/2021\/10\/1-1024x256.png\" alt=\"\" width=\"331\" height=\"83\" data-id=\"28464\" srcset=\"https:\/\/aluksne.lv\/wp-content\/uploads\/2021\/10\/1-1024x256.png 1024w, https:\/\/aluksne.lv\/wp-content\/uploads\/2021\/10\/1-300x75.png 300w, https:\/\/aluksne.lv\/wp-content\/uploads\/2021\/10\/1-768x192.png 768w, https:\/\/aluksne.lv\/wp-content\/uploads\/2021\/10\/1-1536x384.png 1536w, https:\/\/aluksne.lv\/wp-content\/uploads\/2021\/10\/1-1170x293.png 1170w, https:\/\/aluksne.lv\/wp-content\/uploads\/2021\/10\/1.png 1920w\" sizes=\"auto, (max-width: 331px) 100vw, 331px\" \/><\/a><\/p>\n<p><img loading=\"lazy\" decoding=\"async\" class=\"alignleft wp-image-28465\" src=\"https:\/\/aluksne.lv\/wp-content\/uploads\/2021\/10\/2.png\" alt=\"\" width=\"332\" height=\"83\" data-id=\"28465\" srcset=\"https:\/\/aluksne.lv\/wp-content\/uploads\/2021\/10\/2.png 800w, https:\/\/aluksne.lv\/wp-content\/uploads\/2021\/10\/2-300x75.png 300w, https:\/\/aluksne.lv\/wp-content\/uploads\/2021\/10\/2-768x192.png 768w\" sizes=\"auto, (max-width: 332px) 100vw, 332px\" \/><\/p>\n<p><a href=\"https:\/\/ec.europa.eu\/cefdigital\/DSS\/webapp-demo\/validation\" target=\"_blank\" rel=\"noopener\"><img loading=\"lazy\" decoding=\"async\" class=\"wp-image-28466 alignleft\" src=\"https:\/\/aluksne.lv\/wp-content\/uploads\/2021\/10\/3.png\" alt=\"\" width=\"332\" height=\"83\" data-id=\"28466\" srcset=\"https:\/\/aluksne.lv\/wp-content\/uploads\/2021\/10\/3.png 800w, https:\/\/aluksne.lv\/wp-content\/uploads\/2021\/10\/3-300x75.png 300w, https:\/\/aluksne.lv\/wp-content\/uploads\/2021\/10\/3-768x192.png 768w\" sizes=\"auto, (max-width: 332px) 100vw, 332px\" \/><\/a><\/p>\n<\/div>\n<\/div><\/div><\/div><\/div><\/div>","protected":false},"excerpt":{"rendered":"<p>Elektroniskie\u00a0sazi\u0146as veidi Sazi\u0146ai ar mums izmantojiet Al\u016bksnes novada pa\u0161vald\u012bbas E-ADRESI Ofici\u0101lajai elektroniskajai sazi\u0146ai izv\u0113lieties e-adresi, nevis e-pasta adresi Iesniedziet savu priek\u0161likumu, s\u016bdz\u012bbu, jaut\u0101jumu vai l\u016bgumu pa\u0161vald\u012bbai, izmantojot pakalpojumu \u201cPriek\u0161likuma, s\u016bdz\u012bbas, jaut\u0101juma vai l\u016bguma iesnieg\u0161ana&#8221; port\u0101l\u0101 www.latvija.gov.lv. \u0160is pakalpojums pied\u0101v\u0101 iesp\u0113ju&#8230;<br \/><a class=\"read-more-button\" href=\"https:\/\/aluksne.lv\/index.php\/pasvaldiba\/kontakti\/administracija\/sazina-ar-pasvaldibu\/\">Las\u012bt visu<\/a><\/p>\n","protected":false},"author":1,"featured_media":0,"parent":554,"menu_order":0,"comment_status":"closed","ping_status":"closed","template":"","meta":{"_crdt_document":"","_monsterinsights_skip_tracking":false,"_monsterinsights_sitenote_active":false,"_monsterinsights_sitenote_note":"","_monsterinsights_sitenote_category":0,"footnotes":"","_links_to":"","_links_to_target":""},"class_list":["post-28451","page","type-page","status-publish","hentry"],"_links":{"self":[{"href":"https:\/\/aluksne.lv\/index.php\/wp-json\/wp\/v2\/pages\/28451","targetHints":{"allow":["GET"]}}],"collection":[{"href":"https:\/\/aluksne.lv\/index.php\/wp-json\/wp\/v2\/pages"}],"about":[{"href":"https:\/\/aluksne.lv\/index.php\/wp-json\/wp\/v2\/types\/page"}],"author":[{"embeddable":true,"href":"https:\/\/aluksne.lv\/index.php\/wp-json\/wp\/v2\/users\/1"}],"replies":[{"embeddable":true,"href":"https:\/\/aluksne.lv\/index.php\/wp-json\/wp\/v2\/comments?post=28451"}],"version-history":[{"count":0,"href":"https:\/\/aluksne.lv\/index.php\/wp-json\/wp\/v2\/pages\/28451\/revisions"}],"up":[{"embeddable":true,"href":"https:\/\/aluksne.lv\/index.php\/wp-json\/wp\/v2\/pages\/554"}],"wp:attachment":[{"href":"https:\/\/aluksne.lv\/index.php\/wp-json\/wp\/v2\/media?parent=28451"}],"curies":[{"name":"wp","href":"https:\/\/api.w.org\/{rel}","templated":true}]}}