{"id":29543,"date":"2021-12-06T14:13:44","date_gmt":"2021-12-06T12:13:44","guid":{"rendered":"https:\/\/aluksne.lv\/?page_id=29543"},"modified":"2022-02-09T08:20:38","modified_gmt":"2022-02-09T06:20:38","slug":"pierakstities-jaunumiem","status":"publish","type":"page","link":"https:\/\/aluksne.lv\/index.php\/pierakstities-jaunumiem\/","title":{"rendered":"Pierakst\u012bties jaunumu sa\u0146em\u0161anai"},"content":{"rendered":"<p style=\"text-align: center;\"><p><div class=\"tnp tnp-subscription \">\n<form method=\"post\" action=\"https:\/\/aluksne.lv\/wp-admin\/admin-ajax.php?action=tnp&amp;na=s\">\n<input type=\"hidden\" name=\"nlang\" value=\"\">\n<div class=\"tnp-field tnp-field-email\"><label for=\"tnp-1\">E-pasts<\/label>\n<input class=\"tnp-email\" type=\"email\" name=\"ne\" id=\"tnp-1\" value=\"\" placeholder=\"\" required><\/div>\n<div class=\"tnp-field tnp-privacy-field\"><label><input type=\"checkbox\" name=\"ny\" required class=\"tnp-privacy\"> <a target=\"_blank\" href=\"https:\/\/aluksne.lv\/index.php\/pasvaldiba\/dokumenti\/fizisko-personu-datu-apstrade-aluksnes-novada-pasvaldiba\/\">Turpinot j\u016bs piekr\u012btat priv\u0101tuma politikai<\/a><\/label><\/div><div class=\"tnp-field tnp-field-button\" style=\"text-align: left\"><input class=\"tnp-submit\" type=\"submit\" value=\"Pierakst\u012bties\" style=\"\">\n<\/div>\n<\/form>\n<\/div>\n<\/p><\/p>\n<h3 style=\"text-align: center;\">Inform\u0113jam, ka jaunumus no www.aluksne.lv sav\u0101 e-past\u0101 sa\u0146emsiet katru piektdienu.<\/h3>\n<p>&nbsp;<\/p>\n<p>&nbsp;<\/p>\n<p>&nbsp;<\/p>\n<p>&nbsp;<\/p>\n","protected":false},"excerpt":{"rendered":"<p>Inform\u0113jam, ka jaunumus no www.aluksne.lv sav\u0101 e-past\u0101 sa\u0146emsiet katru piektdienu. &nbsp; &nbsp; &nbsp; &nbsp;<\/p>\n","protected":false},"author":1,"featured_media":0,"parent":0,"menu_order":0,"comment_status":"closed","ping_status":"closed","template":"","meta":{"_crdt_document":"","_monsterinsights_skip_tracking":false,"_monsterinsights_sitenote_active":false,"_monsterinsights_sitenote_note":"","_monsterinsights_sitenote_category":0,"footnotes":"","_links_to":"","_links_to_target":""},"class_list":["post-29543","page","type-page","status-publish","hentry"],"_links":{"self":[{"href":"https:\/\/aluksne.lv\/index.php\/wp-json\/wp\/v2\/pages\/29543","targetHints":{"allow":["GET"]}}],"collection":[{"href":"https:\/\/aluksne.lv\/index.php\/wp-json\/wp\/v2\/pages"}],"about":[{"href":"https:\/\/aluksne.lv\/index.php\/wp-json\/wp\/v2\/types\/page"}],"author":[{"embeddable":true,"href":"https:\/\/aluksne.lv\/index.php\/wp-json\/wp\/v2\/users\/1"}],"replies":[{"embeddable":true,"href":"https:\/\/aluksne.lv\/index.php\/wp-json\/wp\/v2\/comments?post=29543"}],"version-history":[{"count":0,"href":"https:\/\/aluksne.lv\/index.php\/wp-json\/wp\/v2\/pages\/29543\/revisions"}],"wp:attachment":[{"href":"https:\/\/aluksne.lv\/index.php\/wp-json\/wp\/v2\/media?parent=29543"}],"curies":[{"name":"wp","href":"https:\/\/api.w.org\/{rel}","templated":true}]}}