{"id":30418,"date":"2022-01-18T11:26:20","date_gmt":"2022-01-18T09:26:20","guid":{"rendered":"https:\/\/aluksne.lv\/?page_id=30418"},"modified":"2024-01-22T11:46:52","modified_gmt":"2024-01-22T09:46:52","slug":"gimene","status":"publish","type":"page","link":"https:\/\/aluksne.lv\/index.php\/pasvaldiba\/pakalpojumi\/gimene\/","title":{"rendered":"\u0122imene"},"content":{"rendered":"<table class=\"hoverTable\">\n<tbody>\n<tr>\n<td width=\"33%\"><a href=\"https:\/\/aluksne.lv\/index.php\/pasvaldiba\/pakalpojumi\/barintiesa\/\"><strong>B\u0100RI\u0145TIESA<\/strong><\/a><\/td>\n<td width=\"33%\"><a href=\"https:\/\/aluksne.lv\/index.php\/pasvaldiba\/pakalpojumi\/civilstavokla-aktu-registracija\/\">CIVILST\u0100VOK\u013bA AKTU RE\u0122ISTR\u0100CIJA<\/a><\/td>\n<td width=\"33%\"><a href=\"https:\/\/aluksne.lv\/index.php\/pasvaldiba\/pakalpojumi\/socialie-pakalpojumi\/\">SOCI\u0100L\u0100\u00a0 PAL\u012aDZ\u012aBA\u00a0 UN SOCI\u0100LIE PAKALPOJUMI<\/a><\/td>\n<\/tr>\n<\/tbody>\n<\/table>\n","protected":false},"excerpt":{"rendered":"<p>B\u0100RI\u0145TIESA CIVILST\u0100VOK\u013bA AKTU RE\u0122ISTR\u0100CIJA SOCI\u0100L\u0100\u00a0 PAL\u012aDZ\u012aBA\u00a0 UN SOCI\u0100LIE PAKALPOJUMI<\/p>\n","protected":false},"author":1,"featured_media":0,"parent":383,"menu_order":0,"comment_status":"closed","ping_status":"closed","template":"","meta":{"_crdt_document":"","_monsterinsights_skip_tracking":false,"_monsterinsights_sitenote_active":false,"_monsterinsights_sitenote_note":"","_monsterinsights_sitenote_category":0,"footnotes":"","_links_to":"","_links_to_target":""},"class_list":["post-30418","page","type-page","status-publish","hentry"],"_links":{"self":[{"href":"https:\/\/aluksne.lv\/index.php\/wp-json\/wp\/v2\/pages\/30418","targetHints":{"allow":["GET"]}}],"collection":[{"href":"https:\/\/aluksne.lv\/index.php\/wp-json\/wp\/v2\/pages"}],"about":[{"href":"https:\/\/aluksne.lv\/index.php\/wp-json\/wp\/v2\/types\/page"}],"author":[{"embeddable":true,"href":"https:\/\/aluksne.lv\/index.php\/wp-json\/wp\/v2\/users\/1"}],"replies":[{"embeddable":true,"href":"https:\/\/aluksne.lv\/index.php\/wp-json\/wp\/v2\/comments?post=30418"}],"version-history":[{"count":0,"href":"https:\/\/aluksne.lv\/index.php\/wp-json\/wp\/v2\/pages\/30418\/revisions"}],"up":[{"embeddable":true,"href":"https:\/\/aluksne.lv\/index.php\/wp-json\/wp\/v2\/pages\/383"}],"wp:attachment":[{"href":"https:\/\/aluksne.lv\/index.php\/wp-json\/wp\/v2\/media?parent=30418"}],"curies":[{"name":"wp","href":"https:\/\/api.w.org\/{rel}","templated":true}]}}