{"id":30600,"date":"2022-01-26T13:17:29","date_gmt":"2022-01-26T11:17:29","guid":{"rendered":"https:\/\/aluksne.lv\/?page_id=30600"},"modified":"2024-07-03T13:10:27","modified_gmt":"2024-07-03T10:10:27","slug":"skolenu-parvadajumu-marsruti","status":"publish","type":"page","link":"https:\/\/aluksne.lv\/index.php\/izglitiba\/skolenu-parvadajumu-marsruti\/","title":{"rendered":"Skol\u0113nu p\u0101rvad\u0101jumu mar\u0161ruti"},"content":{"rendered":"<div id=\"pl-30600\"  class=\"panel-layout\" ><div id=\"pg-30600-0\"  class=\"panel-grid panel-no-style\" ><div id=\"pgc-30600-0-0\"  class=\"panel-grid-cell\" ><div id=\"panel-30600-0-0-0\" class=\"so-panel widget widget_sow-editor panel-first-child\" data-index=\"0\" ><div\n\t\t\t\n\t\t\tclass=\"so-widget-sow-editor so-widget-sow-editor-base\"\n\t\t\t\n\t\t>\n<div class=\"siteorigin-widget-tinymce textwidget\">\n\t<p>&nbsp;<\/p>\n<p>\u0160aj\u0101 sada\u013c\u0101 ir pieejama inform\u0101cija par skol\u0113nu p\u0101rvad\u0101jumu mar\u0161rutiem Al\u016bksnes novad\u0101.<\/p>\n<div class=\"divTable\">\n<div class=\"divTableBody\">\n<div class=\"divTableRow\">\n<div class=\"divTableCellTris\"><strong><a href=\"https:\/\/aluksne.lv\/index.php\/izglitiba\/skolenu-parvadajumu-marsruti\/alsviku-pagasts\/\">Alsvi\u0137u pagasts<\/a><\/strong><\/div>\n<div class=\"divTableCellTris\"><strong><a href=\"https:\/\/aluksne.lv\/index.php\/izglitiba\/skolenu-parvadajumu-marsruti\/annas-pagasts\/\">Annas pagasts<\/a><\/strong><\/div>\n<div class=\"divTableCellTris\"><strong><a href=\"https:\/\/aluksne.lv\/index.php\/izglitiba\/skolenu-parvadajumu-marsruti\/ilzenes-pagasts\/\">Ilzenes pagasts<\/a><\/strong><\/div>\n<\/div>\n<div class=\"divTableRow\">\n<div class=\"divTableCellTris\"><strong><a href=\"https:\/\/aluksne.lv\/index.php\/izglitiba\/skolenu-parvadajumu-marsruti\/jaunaluksnes-pagasts\/\">Jaunal\u016bksnes pagasts<\/a><\/strong><\/div>\n<div class=\"divTableCellTris\"><strong><a href=\"https:\/\/aluksne.lv\/index.php\/izglitiba\/skolenu-parvadajumu-marsruti\/jaunannas-pagasts\/\">Jaunannas pagasts<\/a><\/strong><\/div>\n<div class=\"divTableCellTris\"><strong><a href=\"https:\/\/aluksne.lv\/index.php\/izglitiba\/skolenu-parvadajumu-marsruti\/jaunlaicenes-pagasts\/\">Jaunlaicenes pagasts<\/a><\/strong><\/div>\n<\/div>\n<div class=\"divTableRow\">\n<div class=\"divTableCellTris\"><strong><a href=\"https:\/\/aluksne.lv\/index.php\/izglitiba\/skolenu-parvadajumu-marsruti\/kalncempju-pagasts\/\">Kalncempju pagasts<\/a><\/strong><\/div>\n<div class=\"divTableCellTris\"><strong><a href=\"https:\/\/aluksne.lv\/index.php\/izglitiba\/skolenu-parvadajumu-marsruti\/liepnas-pagasts\/\">Liepnas pagasts<\/a><\/strong><\/div>\n<div class=\"divTableCellTris\"><strong><a href=\"https:\/\/aluksne.lv\/index.php\/izglitiba\/skolenu-parvadajumu-marsruti\/malienas-pagasts\/\">Malienas pagasts<\/a><\/strong><\/div>\n<\/div>\n<div class=\"divTableRow\">\n<div class=\"divTableCellTris\"><strong><a href=\"https:\/\/aluksne.lv\/index.php\/izglitiba\/skolenu-parvadajumu-marsruti\/malupes-pagasts\/\">M\u0101lupes pagasts<\/a><\/strong><\/div>\n<div class=\"divTableCellTris\"><strong><a href=\"https:\/\/aluksne.lv\/index.php\/izglitiba\/skolenu-parvadajumu-marsruti\/markalnes-pagasts\/\">M\u0101rkalnes pagasts<\/a><\/strong><\/div>\n<div class=\"divTableCellTris\"><strong><a href=\"https:\/\/aluksne.lv\/index.php\/izglitiba\/skolenu-parvadajumu-marsruti\/pededzes-pagasts\/\">Pededzes pagasts<\/a><\/strong><\/div>\n<\/div>\n<div class=\"divTableRow\">\n<div class=\"divTableCellTris\"><strong><a href=\"https:\/\/aluksne.lv\/index.php\/izglitiba\/skolenu-parvadajumu-marsruti\/veclaicenes-pagasts\/\">Veclaicenes pagasts<\/a><\/strong><\/div>\n<div class=\"divTableCellTris\"><strong><a href=\"https:\/\/aluksne.lv\/index.php\/izglitiba\/skolenu-parvadajumu-marsruti\/zeltinu-pagasts\/\">Zelti\u0146u pagasts<\/a><\/strong><\/div>\n<div class=\"divTableCellTris\"><strong><a href=\"https:\/\/aluksne.lv\/index.php\/izglitiba\/skolenu-parvadajumu-marsruti\/ziemera-pagasts\/\">Ziemera pagasts<\/a><\/strong><\/div>\n<\/div>\n<div class=\"divTableRow\">\n<div class=\"divTableCellTris\"><a href=\"https:\/\/aluksne.lv\/index.php\/izglitiba\/skolenu-parvadajumu-marsruti\/iesniegumi\/\"><b>Iesniegumi<\/b><\/a><\/div>\n<\/div>\n<\/div>\n<\/div>\n<\/div>\n<\/div><\/div><div id=\"panel-30600-0-0-1\" class=\"so-panel widget widget_execphp panel-last-child\" data-index=\"1\" >\t\t\t<div class=\"execphpwidget\"><\/div>\n\t\t<\/div><\/div><div id=\"pgc-30600-0-1\"  class=\"panel-grid-cell\" >\t\t<style type=\"text\/css\">\n\t\t\t#accordeconck1 { margin:0;padding:0; }\n#accordeconck1 .accordeonck_desc { display:block; }\n#accordeconck1 li.accordeonck { list-style: none;overflow: hidden; margin: 0;}\n#accordeconck1 ul[class^=\"content\"] { margin:0;padding:0;width:auto; }\n#accordeconck1 li.accordeonck > span { position: relative; display: block; }\n#accordeconck1 li.accordeonck.parent > span { padding-right: 20px;}\n#accordeconck1 li.parent > span span.toggler_icon { position: absolute; cursor: pointer; display: block; height: 100%; z-index: 10;right:0; background: url(https:\/\/aluksne.lv\/wp-content\/plugins\/accordeon-menu-ck\/images\/plus.png) center center no-repeat !important;width: 20px;}\n#accordeconck1 li.parent.open > span span.toggler_icon { right:0; background: url(https:\/\/aluksne.lv\/wp-content\/plugins\/accordeon-menu-ck\/images\/minus.png) center center no-repeat !important;}\n#accordeconck1 li.accordeonck.level2 > span { }\n#accordeconck1 li.level3 li.accordeonck > span { }\n#accordeconck1 a.accordeonck { display: block;text-decoration: none; }\n#accordeconck1 a.accordeonck:hover { text-decoration: none; }\n#accordeconck1 li.parent > span a { display: block;outline: none; }\n#accordeconck1 li.parent.open > span a {  }\n#accordeconck1 li.level2.parent > span span.toggler_icon { right:0;display: block;outline: none;background: url(https:\/\/aluksne.lv\/wp-content\/plugins\/accordeon-menu-ck\/images\/plus.png) center center no-repeat !important; }\n#accordeconck1 li.level2.parent.open > span span.toggler_icon { background: url(https:\/\/aluksne.lv\/wp-content\/plugins\/accordeon-menu-ck\/images\/minus.png) center center no-repeat !important; }\n#accordeconck1 li.level2 li.accordeonck.parent > span span.toggler_icon { right:0;display: block;outline: none;background: url(https:\/\/aluksne.lv\/wp-content\/plugins\/accordeon-menu-ck\/images\/plus.png) center center no-repeat !important; }\n#accordeconck1 li.level2 li.accordeonck.open.parent > span span.toggler_icon { background: url(https:\/\/aluksne.lv\/wp-content\/plugins\/accordeon-menu-ck\/images\/minus.png) center center no-repeat !important; }\n#accordeconck1  {\n\tbackground: #86C2DB;\n\tbackground-size: auto;\tbackground-image: -o-linear-gradient(center top,#86C2DB, #86C2DB 100%);\n\tbackground-image: -webkit-gradient(linear, left top, left bottom,from(#86C2DB), color-stop(100%, #86C2DB));\n\tbackground-image: -moz-linear-gradient(center top,#86C2DB, #86C2DB 100%);\n\tbackground-image: linear-gradient(to bottom,#86C2DB, #86C2DB 100%);\n\tborder-top: none;\n\tborder-bottom: none;\n\tborder-left: none;\n\tborder-right: none;\n\tpadding-top: 5px;\n\tpadding-right: 5px;\n\tpadding-bottom: 5px;\n\tpadding-left: 5px;\n\tfont-family: ;\n}\n\n#accordeconck1  a {\n\tfont-family: ;\n}\n\n#accordeconck1 li.level1 > span a {\n\tcolor: #FFFFFF;\n\tpadding-top: 5px;\n\tpadding-right: 5px;\n\tpadding-bottom: 5px;\n\tpadding-left: 5px;\n\tfont-size: 15px;\n}\n\n#accordeconck1 li.level1 > span a a {\n\tcolor: #FFFFFF;\n\tfont-size: 15px;\n}\n\n#accordeconck1 li.level1 > span .accordeonck_desc {\n\tfont-size: 10px;\n}\n\n#accordeconck1 li.level1 > span .accordeonck_desc a {\n\tfont-size: 10px;\n}\n\n#accordeconck1 li.level1:hover > span a {\n\tcolor: #000000;\n}\n\n#accordeconck1 li.level1:hover > span a a {\n\tcolor: #000000;\n}\n\n#accordeconck1 li.level1 > ul {\n\tbackground-size: auto;\tfont-family: ;\n}\n\n#accordeconck1 li.level1 > ul a {\n\tfont-family: ;\n}\n\n#accordeconck1 li.level2 > span a {\n\tcolor: #636363;\n\tpadding-top: 5px;\n\tpadding-bottom: 5px;\n\tpadding-left: 15px;\n}\n\n#accordeconck1 li.level2 > span a a {\n\tcolor: #636363;\n}\n\n#accordeconck1 li.level2:hover > span a {\n\tcolor: #000000;\n}\n\n#accordeconck1 li.level2:hover > span a a {\n\tcolor: #000000;\n}\n\n#accordeconck1 li.level2 ul[class^=\"content\"] {\n\tbackground-size: auto;\tfont-family: ;\n}\n\n#accordeconck1 li.level2 ul[class^=\"content\"] a {\n\tfont-family: ;\n}\n\n#accordeconck1 li.level2 li.accordeonck > span a {\n\tcolor: #636363;\n\tpadding-top: 2px;\n\tpadding-bottom: 2px;\n\tpadding-left: 20px;\n}\n\n#accordeconck1 li.level2 li.accordeonck > span a a {\n\tcolor: #636363;\n}\n\n#accordeconck1 li.level2 li.accordeonck:hover > span a {\n\tcolor: #000000;\n}\n\n#accordeconck1 li.level2 li.accordeonck:hover > span a a {\n\tcolor: #000000;\n}\t\t<\/style>\n\t\t<div id=\"panel-30600-0-1-0\" class=\"so-panel widget widget_accordeon-menu-ck panel-first-child panel-last-child\" data-index=\"2\" ><ul id=\"accordeconck1\" class=\"menu\"><li id=\"menu-item-2288\" class=\"menu-item menu-item-type-post_type menu-item-object-page accordeonck menu-item-2288 level1\"><span class=\"accordeonck_outer \"><a href=\"https:\/\/aluksne.lv\/index.php\/izglitiba\/izglitibas-parvalde\/\" class=\"accordeonck\">Izgl\u012bt\u012bbas p\u0101rvalde<\/a><\/span><\/li>\n<li id=\"menu-item-2289\" class=\"menu-item menu-item-type-post_type menu-item-object-page accordeonck menu-item-2289 level1\"><span class=\"accordeonck_outer \"><a href=\"https:\/\/aluksne.lv\/index.php\/izglitiba\/pirmsskolas-izglitibas-iestades\/\" class=\"accordeonck\">Pirmsskolas izgl\u012bt\u012bbas iest\u0101des<\/a><\/span><\/li>\n<li id=\"menu-item-2290\" class=\"menu-item menu-item-type-post_type menu-item-object-page accordeonck menu-item-2290 level1\"><span class=\"accordeonck_outer \"><a href=\"https:\/\/aluksne.lv\/index.php\/izglitiba\/visparejas-izglitibas-iestades\/\" class=\"accordeonck\">Visp\u0101r\u0113j\u0101s izgl\u012bt\u012bbas iest\u0101des<\/a><\/span><\/li>\n<li id=\"menu-item-2292\" class=\"menu-item menu-item-type-custom menu-item-object-custom accordeonck menu-item-2292 level1\"><span class=\"accordeonck_outer \"><a href=\"http:\/\/abjc.lv\" class=\"accordeonck\">Intere\u0161u izgl\u012bt\u012bba<\/a><\/span><\/li>\n<li id=\"menu-item-2293\" class=\"menu-item menu-item-type-post_type menu-item-object-page accordeonck menu-item-2293 level1\"><span class=\"accordeonck_outer \"><a href=\"https:\/\/aluksne.lv\/index.php\/izglitiba\/profesionalas-ievirzes-izglitiba\/\" class=\"accordeonck\">Profesion\u0101l\u0101s ievirzes izgl\u012bt\u012bba<\/a><\/span><\/li>\n<li id=\"menu-item-2302\" class=\"menu-item menu-item-type-post_type menu-item-object-page accordeonck menu-item-2302 level1\"><span class=\"accordeonck_outer \"><a href=\"https:\/\/aluksne.lv\/index.php\/izglitiba\/muzizglitiba\/\" class=\"accordeonck\">Pieaugu\u0161o izgl\u012bt\u012bba<\/a><\/span><\/li>\n<\/ul>\t\t<script type=\"text\/javascript\"> <!--\n\t\t\n\t\t\tjQuery(document).ready(function(){\n\t\t\t\tjQuery('#accordeconck1').accordeonmenuck({eventtype : 'click',transition : 'linear',showactive : '1',showactivesubmenu : '0',duree : 500});\n\t\t\t}); \t\t\/\/--> <\/script>\n\t\t<\/div><\/div><\/div><\/div>","protected":false},"excerpt":{"rendered":"<p>&nbsp; \u0160aj\u0101 sada\u013c\u0101 ir pieejama inform\u0101cija par skol\u0113nu p\u0101rvad\u0101jumu mar\u0161rutiem Al\u016bksnes novad\u0101. Alsvi\u0137u pagasts Annas pagasts Ilzenes pagasts Jaunal\u016bksnes pagasts Jaunannas pagasts Jaunlaicenes pagasts Kalncempju pagasts Liepnas pagasts Malienas pagasts M\u0101lupes pagasts M\u0101rkalnes pagasts Pededzes pagasts Veclaicenes pagasts Zelti\u0146u pagasts&#8230;<br \/><a class=\"read-more-button\" href=\"https:\/\/aluksne.lv\/index.php\/izglitiba\/skolenu-parvadajumu-marsruti\/\">Las\u012bt visu<\/a><\/p>\n","protected":false},"author":1,"featured_media":0,"parent":10,"menu_order":0,"comment_status":"closed","ping_status":"closed","template":"","meta":{"_crdt_document":"","_monsterinsights_skip_tracking":false,"_monsterinsights_sitenote_active":false,"_monsterinsights_sitenote_note":"","_monsterinsights_sitenote_category":0,"footnotes":"","_links_to":"","_links_to_target":""},"class_list":["post-30600","page","type-page","status-publish","hentry"],"_links":{"self":[{"href":"https:\/\/aluksne.lv\/index.php\/wp-json\/wp\/v2\/pages\/30600","targetHints":{"allow":["GET"]}}],"collection":[{"href":"https:\/\/aluksne.lv\/index.php\/wp-json\/wp\/v2\/pages"}],"about":[{"href":"https:\/\/aluksne.lv\/index.php\/wp-json\/wp\/v2\/types\/page"}],"author":[{"embeddable":true,"href":"https:\/\/aluksne.lv\/index.php\/wp-json\/wp\/v2\/users\/1"}],"replies":[{"embeddable":true,"href":"https:\/\/aluksne.lv\/index.php\/wp-json\/wp\/v2\/comments?post=30600"}],"version-history":[{"count":0,"href":"https:\/\/aluksne.lv\/index.php\/wp-json\/wp\/v2\/pages\/30600\/revisions"}],"up":[{"embeddable":true,"href":"https:\/\/aluksne.lv\/index.php\/wp-json\/wp\/v2\/pages\/10"}],"wp:attachment":[{"href":"https:\/\/aluksne.lv\/index.php\/wp-json\/wp\/v2\/media?parent=30600"}],"curies":[{"name":"wp","href":"https:\/\/api.w.org\/{rel}","templated":true}]}}