{"id":31027,"date":"2022-02-15T13:31:25","date_gmt":"2022-02-15T11:31:25","guid":{"rendered":"https:\/\/aluksne.lv\/?page_id=31027"},"modified":"2024-03-18T10:25:00","modified_gmt":"2024-03-18T08:25:00","slug":"novada-izglitibas-iestazu-tikls","status":"publish","type":"page","link":"https:\/\/aluksne.lv\/index.php\/izglitiba\/novada-izglitibas-iestazu-tikls\/","title":{"rendered":"NOVADA IZGL\u012aT\u012aBAS IEST\u0100\u017dU T\u012aKLS"},"content":{"rendered":"<p>&nbsp;<\/p>\n<p><a href=\"https:\/\/aluksne.lv\/index.php\/2022\/03\/11\/latvijas-republikas-tiesibsargs-nesaskata-iemeslus-apsaubit-darba-grupas-sagatavoto-zinojumu\/\">Latvijas Republikas ties\u012bbsargs nesaskata iemeslus ap\u0161aub\u012bt darba grupas sagatavoto zi\u0146ojumu<\/a><\/p>\n<p><a href=\"https:\/\/aluksne.lv\/index.php\/2022\/02\/24\/pasvaldiba-turpinas-diskusiju-ar-sabiedribu-par-izglitibas-iestazu-tiklu-aluksnes-novada\/\">Pa\u0161vald\u012bba turpin\u0101s diskusiju ar sabiedr\u012bbu par izgl\u012bt\u012bbas iest\u0101\u017eu t\u012bklu Al\u016bksnes novad\u0101<\/a><\/p>\n<p><a href=\"https:\/\/aluksne.lv\/wp-content\/uploads\/2022\/02\/zinojums.pdf\">DARBA GRUPAS ZI\u0145OJUMS \u201cPar priek\u0161likumiem kvalitat\u012bvas izgl\u012bt\u012bbas pieejam\u012bbai novad\u0101\u201d, 2022. gads<\/a><\/p>\n<p><a href=\"https:\/\/aluksne.lv\/index.php\/2022\/02\/18\/izskatisanai-domes-sede-virza-divus-izglitibas-iestazu-strukturas-lemuma-variantus\/\">Izskat\u012b\u0161anai domes s\u0113d\u0113 virza divus izgl\u012bt\u012bbas iest\u0101\u017eu strukt\u016bras l\u0113muma variantus<\/a><\/p>\n<p><a href=\"https:\/\/aluksne.lv\/index.php\/2022\/02\/10\/lemums-par-izglitibas-iestazu-tiklu-bus-datos-un-analize-balstits\/\" target=\"_blank\" rel=\"noopener\">L\u0113mums par izgl\u012bt\u012bbas iest\u0101\u017eu t\u012bklu b\u016bs datos un anal\u012bz\u0113 balst\u012bts<\/a><\/p>\n<p><a href=\"https:\/\/www.lsm.lv\/raksts\/zinas\/zinu-analize\/skolu-tikla-optimizaciju-novados-eksperti-sauc-par-logisku.a443593\/?utm_source=rss&amp;utm_campaign=rss&amp;utm_medium=links\" target=\"_blank\" rel=\"noopener\">Skolu t\u012bkla optimiz\u0101ciju novados eksperti sauc par lo\u0123isku<\/a><\/p>\n<p><a href=\"http:\/\/aluksne.lv\/wp-content\/uploads\/2018\/11\/zi%C5%86ojums.pdf\">Al\u016bksnes novada izgl\u012bt\u012bbas iest\u0101\u017eu t\u012bkla darba grupas zi\u0146ojums, 2018. gads<\/a><\/p>\n<p>&nbsp;<\/p>\n<p>&nbsp;<\/p>\n","protected":false},"excerpt":{"rendered":"<p>&nbsp; Latvijas Republikas ties\u012bbsargs nesaskata iemeslus ap\u0161aub\u012bt darba grupas sagatavoto zi\u0146ojumu Pa\u0161vald\u012bba turpin\u0101s diskusiju ar sabiedr\u012bbu par izgl\u012bt\u012bbas iest\u0101\u017eu t\u012bklu Al\u016bksnes novad\u0101 DARBA GRUPAS ZI\u0145OJUMS \u201cPar priek\u0161likumiem kvalitat\u012bvas izgl\u012bt\u012bbas pieejam\u012bbai novad\u0101\u201d, 2022. gads Izskat\u012b\u0161anai domes s\u0113d\u0113 virza divus izgl\u012bt\u012bbas iest\u0101\u017eu&#8230;<br \/><a class=\"read-more-button\" href=\"https:\/\/aluksne.lv\/index.php\/izglitiba\/novada-izglitibas-iestazu-tikls\/\">Las\u012bt visu<\/a><\/p>\n","protected":false},"author":1,"featured_media":0,"parent":10,"menu_order":0,"comment_status":"closed","ping_status":"closed","template":"","meta":{"_crdt_document":"","_monsterinsights_skip_tracking":false,"_monsterinsights_sitenote_active":false,"_monsterinsights_sitenote_note":"","_monsterinsights_sitenote_category":0,"footnotes":"","_links_to":"","_links_to_target":""},"class_list":["post-31027","page","type-page","status-publish","hentry"],"_links":{"self":[{"href":"https:\/\/aluksne.lv\/index.php\/wp-json\/wp\/v2\/pages\/31027","targetHints":{"allow":["GET"]}}],"collection":[{"href":"https:\/\/aluksne.lv\/index.php\/wp-json\/wp\/v2\/pages"}],"about":[{"href":"https:\/\/aluksne.lv\/index.php\/wp-json\/wp\/v2\/types\/page"}],"author":[{"embeddable":true,"href":"https:\/\/aluksne.lv\/index.php\/wp-json\/wp\/v2\/users\/1"}],"replies":[{"embeddable":true,"href":"https:\/\/aluksne.lv\/index.php\/wp-json\/wp\/v2\/comments?post=31027"}],"version-history":[{"count":0,"href":"https:\/\/aluksne.lv\/index.php\/wp-json\/wp\/v2\/pages\/31027\/revisions"}],"up":[{"embeddable":true,"href":"https:\/\/aluksne.lv\/index.php\/wp-json\/wp\/v2\/pages\/10"}],"wp:attachment":[{"href":"https:\/\/aluksne.lv\/index.php\/wp-json\/wp\/v2\/media?parent=31027"}],"curies":[{"name":"wp","href":"https:\/\/api.w.org\/{rel}","templated":true}]}}