{"id":31282,"date":"2022-03-02T14:30:24","date_gmt":"2022-03-02T12:30:24","guid":{"rendered":"https:\/\/aluksne.lv\/?page_id=31282"},"modified":"2023-03-17T15:00:52","modified_gmt":"2023-03-17T13:00:52","slug":"atbalsts-ukrainai","status":"publish","type":"page","link":"https:\/\/aluksne.lv\/index.php\/atbalsts-ukrainai\/","title":{"rendered":"Atbalsts Ukrainai"},"content":{"rendered":"<div id=\"pl-31282\"  class=\"panel-layout\" ><div id=\"pg-31282-0\"  class=\"panel-grid panel-no-style\" ><div id=\"pgc-31282-0-0\"  class=\"panel-grid-cell\" ><div id=\"panel-31282-0-0-0\" class=\"so-panel widget widget_sow-editor panel-first-child\" data-index=\"0\" ><div\n\t\t\t\n\t\t\tclass=\"so-widget-sow-editor so-widget-sow-editor-base\"\n\t\t\t\n\t\t>\n<div class=\"siteorigin-widget-tinymce textwidget\">\n\t<p style=\"text-align: center;\"><img loading=\"lazy\" decoding=\"async\" class=\"alignnone wp-image-31519\" src=\"https:\/\/aluksne.lv\/wp-content\/uploads\/2022\/03\/talrunis.png\" alt=\"PAL\u012aDZ\u012aBAS SNIEG\u0160ANA\" width=\"415\" height=\"348\" data-id=\"31519\" srcset=\"https:\/\/aluksne.lv\/wp-content\/uploads\/2022\/03\/talrunis.png 940w, https:\/\/aluksne.lv\/wp-content\/uploads\/2022\/03\/talrunis-300x251.png 300w, https:\/\/aluksne.lv\/wp-content\/uploads\/2022\/03\/talrunis-768x644.png 768w\" sizes=\"auto, (max-width: 415px) 100vw, 415px\" \/><img loading=\"lazy\" decoding=\"async\" class=\"alignnone wp-image-31726\" src=\"https:\/\/aluksne.lv\/wp-content\/uploads\/2022\/03\/Noformejums-bez-nosaukuma-kopija-Facebook-ieraksts.png\" alt=\"\u0414\u041e\u041f\u041e\u041c\u041e\u0413\u0410 \u0423\u041a\u0420\u0410\u0407\u041d\u0406\" width=\"415\" height=\"348\" data-id=\"31726\" srcset=\"https:\/\/aluksne.lv\/wp-content\/uploads\/2022\/03\/Noformejums-bez-nosaukuma-kopija-Facebook-ieraksts.png 940w, https:\/\/aluksne.lv\/wp-content\/uploads\/2022\/03\/Noformejums-bez-nosaukuma-kopija-Facebook-ieraksts-300x251.png 300w, https:\/\/aluksne.lv\/wp-content\/uploads\/2022\/03\/Noformejums-bez-nosaukuma-kopija-Facebook-ieraksts-768x644.png 768w\" sizes=\"auto, (max-width: 415px) 100vw, 415px\" \/><\/p>\n<div class=\"divTable\">\n<div class=\"divTableBody\">\n<div class=\"divTableRow\">\n<div><\/div>\n<div class=\"divTableCell\"><a href=\"https:\/\/aluksne.lv\/index.php\/2022\/08\/23\/palidzibas-sniegsana\/\" target=\"_blank\" rel=\"noopener\"><strong>Pal\u012bdz\u012bbas snieg\u0161ana<\/strong><\/a><\/div>\n<div class=\"divTableCell\"><a href=\"https:\/\/aluksne.lv\/index.php\/2022\/08\/23\/kur-atrast-informaciju\/\"><strong>Kur atrast inform\u0101ciju<\/strong><\/a><\/div>\n<\/div>\n<div class=\"divTableRow\">\n<div><\/div>\n<div class=\"divTableCell\"><a href=\"https:\/\/aluksne.lv\/index.php\/2022\/08\/23\/%d0%bd%d0%b0%d0%b4%d0%b0%d0%bd%d0%bd%d1%8f-%d0%b4%d0%be%d0%bf%d0%be%d0%bc%d0%be%d0%b3%d0%b8\/\" target=\"_blank\" rel=\"noopener\"><strong>\u041d\u0430\u0434\u0430\u043d\u043d\u044f \u0434\u043e\u043f\u043e\u043c\u043e\u0433\u0438<\/strong><\/a><\/div>\n<div class=\"divTableCell\"><a href=\"https:\/\/aluksne.lv\/index.php\/2022\/08\/23\/%d0%b4%d0%b5-%d0%b7%d0%bd%d0%b0%d0%b9%d1%82%d0%b8-%d1%96%d0%bd%d1%84%d0%be%d1%80%d0%bc%d0%b0%d1%86%d1%96%d1%8e\/\"><strong>\u0414\u0435 \u0437\u043d\u0430\u0439\u0442\u0438 \u0456\u043d\u0444\u043e\u0440\u043c\u0430\u0446\u0456\u044e<\/strong><\/a><\/div>\n<\/div>\n<\/div>\n<\/div>\n<\/div>\n<\/div><\/div><div id=\"panel-31282-0-0-1\" class=\"widget_text so-panel widget widget_custom_html panel-last-child\" data-index=\"1\" ><div class=\"textwidget custom-html-widget\"><\/div><\/div><\/div><\/div><\/div>","protected":false},"excerpt":{"rendered":"<p>Pal\u012bdz\u012bbas snieg\u0161ana Kur atrast inform\u0101ciju \u041d\u0430\u0434\u0430\u043d\u043d\u044f \u0434\u043e\u043f\u043e\u043c\u043e\u0433\u0438 \u0414\u0435 \u0437\u043d\u0430\u0439\u0442\u0438 \u0456\u043d\u0444\u043e\u0440\u043c\u0430\u0446\u0456\u044e<\/p>\n","protected":false},"author":1,"featured_media":0,"parent":0,"menu_order":0,"comment_status":"closed","ping_status":"closed","template":"","meta":{"_crdt_document":"","_monsterinsights_skip_tracking":false,"_monsterinsights_sitenote_active":false,"_monsterinsights_sitenote_note":"","_monsterinsights_sitenote_category":0,"footnotes":"","_links_to":"","_links_to_target":""},"class_list":["post-31282","page","type-page","status-publish","hentry"],"_links":{"self":[{"href":"https:\/\/aluksne.lv\/index.php\/wp-json\/wp\/v2\/pages\/31282","targetHints":{"allow":["GET"]}}],"collection":[{"href":"https:\/\/aluksne.lv\/index.php\/wp-json\/wp\/v2\/pages"}],"about":[{"href":"https:\/\/aluksne.lv\/index.php\/wp-json\/wp\/v2\/types\/page"}],"author":[{"embeddable":true,"href":"https:\/\/aluksne.lv\/index.php\/wp-json\/wp\/v2\/users\/1"}],"replies":[{"embeddable":true,"href":"https:\/\/aluksne.lv\/index.php\/wp-json\/wp\/v2\/comments?post=31282"}],"version-history":[{"count":0,"href":"https:\/\/aluksne.lv\/index.php\/wp-json\/wp\/v2\/pages\/31282\/revisions"}],"wp:attachment":[{"href":"https:\/\/aluksne.lv\/index.php\/wp-json\/wp\/v2\/media?parent=31282"}],"curies":[{"name":"wp","href":"https:\/\/api.w.org\/{rel}","templated":true}]}}