{"id":31487,"date":"2022-03-07T10:21:47","date_gmt":"2022-03-07T08:21:47","guid":{"rendered":"https:\/\/aluksne.lv\/?page_id=31487"},"modified":"2022-09-07T15:56:58","modified_gmt":"2022-09-07T12:56:58","slug":"sikdatnu-lietosana-timekla-vietne-2","status":"publish","type":"page","link":"https:\/\/aluksne.lv\/index.php\/pasvaldiba\/dokumenti\/fizisko-personu-datu-apstrade-aluksnes-novada-pasvaldiba\/sikdatnu-lietosana-timekla-vietne-2\/","title":{"rendered":"Priv\u0101tuma un s\u012bkdat\u0146u politika t\u012bmek\u013ca vietn\u0113"},"content":{"rendered":"<div class=\"cli_pg_page_contaner\">\n<h3>\u00a0<\/h3>\n<h3>Par s\u012bkdat\u0146u politiku<\/h3>\n<div>\u0160aj\u0101 s\u012bkdat\u0146u politik\u0101 ir paskaidrots, kas ir s\u012bkdatnes un k\u0101 m\u0113s t\u0101s lietojam. Te j\u016bs uzzin\u0101siet, k\u0101dus s\u012bkdat\u0146u veidus m\u0113s izmantojam un k\u0101 ar s\u012bkdatn\u0113m ieg\u016bt\u0101 inform\u0101cija tiek izmantota.<\/div>\n<div>\nJ\u016bs jebkur\u0101 laik\u0101 varat main\u012bt vai atsaukt savu piekri\u0161anu s\u012bkdat\u0146u lieto\u0161anai m\u016bsu vietn\u0113. <\/p>\n<p>J\u016bsu piekri\u0161ana attiecas uz \u0161\u0101diem dom\u0113niem: aluksne.lv<\/p>\n<div>\u00a0<\/div>\n<div class=\"cli_user_consent_state\"><div class=\"cli_user_consent_state\">Pa\u0161reiz\u0113jais st\u0101voklis: Piekri\u0161ana nav dota. <a class=\"cli_manage_current_consent\" style=\"cursor:pointer;text-decoration:underline;\">Main\u012bt s\u012bkdat\u0146u iestat\u012bjumus.<\/a> <\/div><\/div>\n<\/div>\n<h3>Kas ir s\u012bkdatnes?<\/h3>\n<div>S\u012bkdatnes ir mazi teksta faili, kas tiek izmantoti nelielas inform\u0101cijas glab\u0101\u0161anai. Tie tiek saglab\u0101ti j\u016bsu ier\u012bc\u0113, kad vietne tiek iel\u0101d\u0113ta j\u016bsu p\u0101rl\u016bkprogramm\u0101.<\/div>\n<h3>K\u0101 m\u0113s izmantojam s\u012bkdatnes?<\/h3>\n<div>T\u0101pat k\u0101 liel\u0101k\u0101 da\u013ca tie\u0161saistes pakalpojumu, m\u016bsu vietne izmanto pirm\u0101s un tre\u0161o pu\u0161u s\u012bkfailus vair\u0101kiem m\u0113r\u0137iem. Pirm\u0101s puses s\u012bkfaili liel\u0101koties ir nepiecie\u0161ami, lai vietne darbotos pareizi, un tie neapkopo nek\u0101dus j\u016bsu personu identific\u0113jo\u0161us datus.<br \/>\nTre\u0161o pu\u0161u s\u012bkfaili, kas tiek izmantoti m\u016bsu vietn\u0113, galvenok\u0101rt ir paredz\u0113ti, lai izprastu, k\u0101 j\u016bs mijiedarbojaties ar m\u016bsu vietni.<\/div>\n<h3>K\u0101dus s\u012bkdat\u0146u veidus m\u0113s izmantojam?<\/h3>\n<div><strong>Nepiecie\u0161am\u0101s:<\/strong> da\u017eas s\u012bkdatnes ir nepiecie\u0161amas, lai j\u016bs var\u0113tu piln\u012bb\u0101 izmantot m\u016bsu vietnes funkcionalit\u0101ti. \u0160\u012bs s\u012bkdatnes neapkopo un neuzglab\u0101 nek\u0101du personisku inform\u0101ciju.<\/p>\n<p><strong>Anal\u012btisk\u0101s:<\/strong> \u0161\u012bs s\u012bkdatnes saglab\u0101 inform\u0101ciju par statistiku. Piem\u0113ram, vietnes apmekl\u0113t\u0101ju skaitu, unik\u0101lo apmekl\u0113t\u0101ju skaitu, kuras vietnes lapas ir apmekl\u0113tas, apmekl\u0113juma avotu utt. \u0160ie dati pal\u012bdz mums saprast un analiz\u0113t, cik labi vietne darbojas un kur tai ir nepiecie\u0161ami uzlabojumi.<\/div>\n<div>\u00a0<\/div>\n<div>Statistikas s\u012bkdatnes tiek uzst\u0101d\u012btas pamatojoties uz 2017.07.04. MK noteikumu Nr. 399 <a href=\"https:\/\/likumi.lv\/ta\/id\/292258-valsts-parvaldes-pakalpojumu-uzskaites-kvalitates-kontroles-un-sniegsanas-kartiba\" target=\"_blank\" rel=\"noopener\">\u201cValsts p\u0101rvaldes pakalpojumu uzskaites, kvalit\u0101tes kontroles snieg\u0161anas k\u0101rt\u012bba\u201d<\/a> 23. punkt\u0101, k\u0101 ar\u012b <a href=\"https:\/\/likumi.lv\/ta\/id\/63545#p10\" target=\"_blank\" rel=\"noopener\">Valsts p\u0101rvaldes iek\u0101rtas likuma 10.pant\u0101<\/a> uzlikto pien\u0101kumu ieg\u016bt apmekl\u0113jam\u012bbas un lieto\u0161anas statistikas.<\/p>\n<p><strong>M\u0101rketings:<\/strong> \u0161\u012bs s\u012bkdatnes tiek izmantotas, lai personaliz\u0113tu rekl\u0101mas, kuras jums r\u0101da YouTube savos video, kas public\u0113ti m\u016bsu m\u0101jaslap\u0101. \u0160\u012bs s\u012bkdatnes ar\u012b pal\u012bdz sekot l\u012bdzi \u0161o rekl\u0101mas kampa\u0146u efektivit\u0101tei.<br \/>\n\u0160ajos s\u012bkfailos saglab\u0101to inform\u0101ciju var izmantot ar\u012b tre\u0161o pu\u0161u rekl\u0101mu nodro\u0161in\u0101t\u0101ji, lai p\u0101rl\u016bkprogramm\u0101 r\u0101d\u012btu jums rekl\u0101mas ar\u012b cit\u0101s t\u012bmek\u013ca vietn\u0113s.<\/div>\n<div>\n<strong>Funkcion\u0101l\u0101s:<\/strong> \u0161\u012bs ir s\u012bkdatnes, kas pal\u012bdz nodro\u0161in\u0101t noteiktas neb\u016btiskas m\u016bsu vietnes funkcijas. \u0160\u012bs funkcijas ietver satura, piem\u0113ram, videoklipu, iegul\u0161anu vai vietnes satura kop\u012bgo\u0161anu soci\u0101lo mediju platform\u0101s.<\/p>\n<p><strong>Viektsp\u0113jas:<\/strong> \u0161\u012bs s\u012bkdatnes pal\u012bdz mums saglab\u0101t j\u016bsu iestat\u012bjumus un p\u0101rl\u016bko\u0161anas preferences, lai jums b\u016btu efekt\u012bv\u0101ka lapas lietojam\u012bba, turpm\u0101k apmekl\u0113jot vietni.<\/div>\n<div>\u00a0<\/div>\n<div>\n<p><span style=\"font-size: 12pt;\"><p>Inform\u0101cija par m\u016bsu vietn\u0113 izmantotaj\u0101m s\u012bkdatn\u0113m:<\/p><table class=\"cookielawinfo-row-cat-table cookielawinfo-classic\"><thead><tr><th class=\"cookielawinfo-column-1\">S\u012bkdatne<\/th><th class=\"cookielawinfo-column-4\">Apraksts<\/th><\/tr><\/thead><tbody><tr class=\"cookielawinfo-row\"><td class=\"cookielawinfo-column-1\">_ga<\/td><td class=\"cookielawinfo-column-4\"><p>S\u012bkdatne _ga, ko instal\u0113 Google Analytics, apr\u0113\u0137ina apmekl\u0113t\u0101ju, sesiju un kampa\u0146u datus, k\u0101 ar\u012b seko vietnes lietojumam vietnes anal\u012btikas p\u0101rskatam. S\u012bkdatne saglab\u0101 inform\u0101ciju anon\u012bmi un pie\u0161\u0137ir nejau\u0161i \u0123ener\u0113tu numuru, lai atpaz\u012btu unik\u0101los apmekl\u0113t\u0101jus.<\/p><\/td><\/tr><tr class=\"cookielawinfo-row\"><td class=\"cookielawinfo-column-1\">_ga_*<\/td><td class=\"cookielawinfo-column-4\">Google Analytics sets this cookie to store and count page views.<\/td><\/tr><tr class=\"cookielawinfo-row\"><td class=\"cookielawinfo-column-1\">_ga_JQT8N4BEYX<\/td><td class=\"cookielawinfo-column-4\"><p>\u0160o s\u012bkfailu instal\u0113 Google Analytics.<\/p><\/td><\/tr><tr class=\"cookielawinfo-row\"><td class=\"cookielawinfo-column-1\">_gat_gtag_UA_52832311_1<\/td><td class=\"cookielawinfo-column-4\"><p>Google iestat\u012bjis, lai at\u0161\u0137irtu lietot\u0101jus.<\/p><\/td><\/tr><tr class=\"cookielawinfo-row\"><td class=\"cookielawinfo-column-1\">_gid<\/td><td class=\"cookielawinfo-column-4\"><p>Google Analytics instal\u0113tais _gid s\u012bkfails saglab\u0101 inform\u0101ciju par to, k\u0101 apmekl\u0113t\u0101ji izmanto vietni, vienlaikus izveidojot anal\u012btisko p\u0101rskatu par vietnes veiktsp\u0113ju. Da\u017ei no apkopotajiem datiem ietver apmekl\u0113t\u0101ju skaitu, to avotu un lapas, kuras vi\u0146i apmekl\u0113 anon\u012bmi.<\/p><\/td><\/tr><tr class=\"cookielawinfo-row\"><td class=\"cookielawinfo-column-1\">ARRAffinity<\/td><td class=\"cookielawinfo-column-4\"><p>ARRAffinity s\u012bkfailu iestata Azure lietotnes pakalpojums, un tas \u013cauj pakalpojumam izv\u0113l\u0113ties pareizo lietot\u0101ja izveidoto instanci, lai pieg\u0101d\u0101tu turpm\u0101kos \u0161\u012b lietot\u0101ja piepras\u012bjumus.<\/p><\/td><\/tr><tr class=\"cookielawinfo-row\"><td class=\"cookielawinfo-column-1\">ARRAffinitySameSite<\/td><td class=\"cookielawinfo-column-4\"><p>\u0160o s\u012bkfailu iestata Windows Azure m\u0101konis, un to izmanto slodzes l\u012bdzsvaro\u0161anai, lai nodro\u0161in\u0101tu, ka apmekl\u0113t\u0101ju lapu piepras\u012bjumi tiek novirz\u012bti uz to pa\u0161u serveri jebkur\u0101 p\u0101rl\u016bko\u0161anas sesij\u0101.<\/p><\/td><\/tr><tr class=\"cookielawinfo-row\"><td class=\"cookielawinfo-column-1\">CONSENT<\/td><td class=\"cookielawinfo-column-4\"><p>YouTube iestata \u0161o s\u012bkdatni, izmantojot iegultos YouTube videoklipus, un re\u0123istr\u0113 anon\u012bmus statistikas datus.<\/p><\/td><\/tr><tr class=\"cookielawinfo-row\"><td class=\"cookielawinfo-column-1\">cookielawinfo-checkbox-advertisement<\/td><td class=\"cookielawinfo-column-4\"><p>\u0160is s\u012bkfails, ko iestat\u012bjis GDPR s\u012bkfailu piekri\u0161anas spraudnis, tiek izmantots, lai re\u0123istr\u0113tu lietot\u0101ja piekri\u0161anu s\u012bkfailiem kategorij\u0101 \u201cRekl\u0101mas\u201d.<\/p><\/td><\/tr><tr class=\"cookielawinfo-row\"><td class=\"cookielawinfo-column-1\">cookielawinfo-checkbox-analytics<\/td><td class=\"cookielawinfo-column-4\"><p>\u0160is s\u012bkfails, ko iestat\u012bjis GDPR s\u012bkfailu piekri\u0161anas spraudnis, tiek izmantots, lai re\u0123istr\u0113tu lietot\u0101ja piekri\u0161anu s\u012bkfailiem kategorij\u0101 \u201cAnal\u012btisk\u0101s\u201d.<\/p><\/td><\/tr><tr class=\"cookielawinfo-row\"><td class=\"cookielawinfo-column-1\">cookielawinfo-checkbox-functional<\/td><td class=\"cookielawinfo-column-4\"><p>S\u012bkfailu iestata GDPR s\u012bkfailu piekri\u0161anas spraudnis, lai re\u0123istr\u0113tu lietot\u0101ja piekri\u0161anu s\u012bkfailiem kategorij\u0101 \"Funkcion\u0101l\u0101s\".<\/p><\/td><\/tr><tr class=\"cookielawinfo-row\"><td class=\"cookielawinfo-column-1\">cookielawinfo-checkbox-necessary<\/td><td class=\"cookielawinfo-column-4\"><p>\u0160is s\u012bkfails, ko iestat\u012bjis GDPR s\u012bkfailu piekri\u0161anas spraudnis, tiek izmantots, lai re\u0123istr\u0113tu lietot\u0101ja piekri\u0161anu s\u012bkfailiem kategorij\u0101 \u201cNepiecie\u0161am\u0101s\u201d .<\/p><\/td><\/tr><tr class=\"cookielawinfo-row\"><td class=\"cookielawinfo-column-1\">cookielawinfo-checkbox-others<\/td><td class=\"cookielawinfo-column-4\"><p>\u0160is s\u012bkfails, ko iestat\u012bjis GDPR s\u012bkfailu piekri\u0161anas spraudnis, tiek izmantots, lai saglab\u0101tu lietot\u0101ja piekri\u0161anu s\u012bkfailiem kategorij\u0101 \u201cCitas\u201d.<\/p><\/td><\/tr><tr class=\"cookielawinfo-row\"><td class=\"cookielawinfo-column-1\">cookielawinfo-checkbox-performance<\/td><td class=\"cookielawinfo-column-4\"><p>\u0160is s\u012bkfails, ko iestat\u012bjis GDPR Cookie Consent spraudnis, tiek izmantots, lai saglab\u0101tu lietot\u0101ja piekri\u0161anu s\u012bkfailiem kategorij\u0101 \u201cVeiktsp\u0113jas\u201d.<\/p><\/td><\/tr><tr class=\"cookielawinfo-row\"><td class=\"cookielawinfo-column-1\">CookieLawInfoConsent<\/td><td class=\"cookielawinfo-column-4\"><p>Ieraksta atbilsto\u0161\u0101s kategorijas noklus\u0113juma pogas st\u0101vokli un CCPA statusu. Tas darbojas tikai saska\u0146oti ar prim\u0101ro s\u012bkfailu.<\/p><\/td><\/tr><tr class=\"cookielawinfo-row\"><td class=\"cookielawinfo-column-1\">langc<\/td><td class=\"cookielawinfo-column-4\"><p>Nav apraksta<\/p><\/td><\/tr><tr class=\"cookielawinfo-row\"><td class=\"cookielawinfo-column-1\">NID<\/td><td class=\"cookielawinfo-column-4\">Google sets the cookie for advertising purposes; to limit the number of times the user sees an ad, to unwanted mute ads, and to measure the effectiveness of ads.<\/td><\/tr><tr class=\"cookielawinfo-row\"><td class=\"cookielawinfo-column-1\">timeout<\/td><td class=\"cookielawinfo-column-4\"><p>Nav apraksta<\/p><\/td><\/tr><tr class=\"cookielawinfo-row\"><td class=\"cookielawinfo-column-1\">viewed_cookie_policy<\/td><td class=\"cookielawinfo-column-4\"><p>S\u012bkfailu iestata GDPR Cookie Consent spraudnis, un to izmanto, lai saglab\u0101tu to, vai lietot\u0101js ir piekritis s\u012bkfailu izmanto\u0161anai. Tas neuzglab\u0101 nek\u0101dus personas datus.<\/p><\/td><\/tr><tr class=\"cookielawinfo-row\"><td class=\"cookielawinfo-column-1\">VISITOR_INFO1_LIVE<\/td><td class=\"cookielawinfo-column-4\"><p>S\u012bkdatne, ko YouTube iestat\u012bjis joslas platuma m\u0113r\u012b\u0161anai, kas nosaka, vai lietot\u0101js sa\u0146em jauno vai veco atska\u0146ot\u0101ja saskarni.<\/p><\/td><\/tr><tr class=\"cookielawinfo-row\"><td class=\"cookielawinfo-column-1\">VISITOR_PRIVACY_METADATA<\/td><td class=\"cookielawinfo-column-4\">YouTube sets this cookie to store the user's cookie consent state for the current domain.<\/td><\/tr><tr class=\"cookielawinfo-row\"><td class=\"cookielawinfo-column-1\">YSC<\/td><td class=\"cookielawinfo-column-4\"><p>YSC s\u012bkdatni iestata Youtube, un to izmanto, lai izsekotu iegulto videoklipu skat\u012bjumus Youtube lap\u0101s.<\/p><\/td><\/tr><tr class=\"cookielawinfo-row\"><td class=\"cookielawinfo-column-1\">yt-remote-cast-installed<\/td><td class=\"cookielawinfo-column-4\">The yt-remote-cast-installed cookie is used to store the user's video player preferences using embedded YouTube video.<\/td><\/tr><tr class=\"cookielawinfo-row\"><td class=\"cookielawinfo-column-1\">yt-remote-connected-devices<\/td><td class=\"cookielawinfo-column-4\"><p>YouTube iestata \u0161o s\u012bkfailu, lai saglab\u0101tu lietot\u0101ja video preferences, izmantojot iegulto YouTube video.<\/p><\/td><\/tr><tr class=\"cookielawinfo-row\"><td class=\"cookielawinfo-column-1\">yt-remote-device-id<\/td><td class=\"cookielawinfo-column-4\"><p>YouTube iestata \u0161o s\u012bkfailu, lai saglab\u0101tu lietot\u0101ja video preferences, izmantojot iegulto YouTube video.<\/p><\/td><\/tr><tr class=\"cookielawinfo-row\"><td class=\"cookielawinfo-column-1\">yt-remote-fast-check-period<\/td><td class=\"cookielawinfo-column-4\">The yt-remote-fast-check-period cookie is used by YouTube to store the user's video player preferences for embedded YouTube videos.<\/td><\/tr><tr class=\"cookielawinfo-row\"><td class=\"cookielawinfo-column-1\">yt-remote-session-app<\/td><td class=\"cookielawinfo-column-4\">The yt-remote-session-app cookie is used by YouTube to store user preferences and information about the interface of the embedded YouTube video player.<\/td><\/tr><tr class=\"cookielawinfo-row\"><td class=\"cookielawinfo-column-1\">yt-remote-session-name<\/td><td class=\"cookielawinfo-column-4\">The yt-remote-session-name cookie is used by YouTube to store the user's video player preferences using embedded YouTube video.<\/td><\/tr><tr class=\"cookielawinfo-row\"><td class=\"cookielawinfo-column-1\">ytidb::LAST_RESULT_ENTRY_KEY<\/td><td class=\"cookielawinfo-column-4\">The cookie ytidb::LAST_RESULT_ENTRY_KEY is used by YouTube to store the last search result entry that was clicked by the user. This information is used to improve the user experience by providing more relevant search results in the future.<\/td><\/tr><\/tbody><\/table><\/span><\/p>\n<\/div>\n<h3>K\u0101 es varu kontrol\u0113t s\u012bkdat\u0146u izmanto\u0161anu?<\/h3>\n<div>Ja v\u0113l\u0101k, p\u0101rl\u016bko\u0161anas sesijas laik\u0101, nolemjat main\u012bt s\u012bkdat\u0146u iestat\u012bjumus, lapas k\u0101jen\u0113 varat uzspiest &#8220;Main\u012bt s\u012bkdat\u0146u iestat\u012bjumus&#8221;. Tas atkal par\u0101d\u012bs piekri\u0161anas pazi\u0146ojumu, kas \u013caus jums p\u0101rvald\u012bt s\u012bkdatnes.<\/div>\n<div>\nPapildus tam da\u017e\u0101das p\u0101rl\u016bkprogrammas nodro\u0161ina da\u017e\u0101das metodes, lai blo\u0137\u0113tu un dz\u0113stu viet\u0146u izmantotos s\u012bkfailus. J\u016bs varat main\u012bt savas p\u0101rl\u016bkprogrammas iestat\u012bjumus, lai blo\u0137\u0113tu\/dz\u0113stu s\u012bkfailus. Lai uzzin\u0101tu vair\u0101k par to, k\u0101 p\u0101rvald\u012bt un dz\u0113st s\u012bkfailus, apmekl\u0113jiet vietni wikipedia.org, www.allaboutcookies.org.<\/div>\n<\/div>\n<div>\u00a0<\/div>\n<h3>Papildinform\u0101cija<\/h3>\n<div><a href=\"http:\/\/aluksne.lv\/index.php\/pasvaldiba\/dokumenti\/fizisko-personu-datu-apstrade-aluksnes-novada-pasvaldiba\/\" target=\"_blank\" rel=\"noopener\">Fizisko personu datu apstr\u0101de Al\u016bksnes novada pa\u0161vald\u012bb\u0101<\/a>.<\/div>\n","protected":false},"excerpt":{"rendered":"<p>\u00a0 Par s\u012bkdat\u0146u politiku \u0160aj\u0101 s\u012bkdat\u0146u politik\u0101 ir paskaidrots, kas ir s\u012bkdatnes un k\u0101 m\u0113s t\u0101s lietojam. Te j\u016bs uzzin\u0101siet, k\u0101dus s\u012bkdat\u0146u veidus m\u0113s izmantojam un k\u0101 ar s\u012bkdatn\u0113m ieg\u016bt\u0101 inform\u0101cija tiek izmantota. J\u016bs jebkur\u0101 laik\u0101 varat main\u012bt vai atsaukt&#8230;<br \/><a class=\"read-more-button\" href=\"https:\/\/aluksne.lv\/index.php\/pasvaldiba\/dokumenti\/fizisko-personu-datu-apstrade-aluksnes-novada-pasvaldiba\/sikdatnu-lietosana-timekla-vietne-2\/\">Las\u012bt visu<\/a><\/p>\n","protected":false},"author":1,"featured_media":0,"parent":7941,"menu_order":0,"comment_status":"closed","ping_status":"closed","template":"","meta":{"_crdt_document":"","_monsterinsights_skip_tracking":false,"_monsterinsights_sitenote_active":false,"_monsterinsights_sitenote_note":"","_monsterinsights_sitenote_category":0,"footnotes":"","_links_to":"","_links_to_target":""},"class_list":["post-31487","page","type-page","status-publish","hentry"],"_links":{"self":[{"href":"https:\/\/aluksne.lv\/index.php\/wp-json\/wp\/v2\/pages\/31487","targetHints":{"allow":["GET"]}}],"collection":[{"href":"https:\/\/aluksne.lv\/index.php\/wp-json\/wp\/v2\/pages"}],"about":[{"href":"https:\/\/aluksne.lv\/index.php\/wp-json\/wp\/v2\/types\/page"}],"author":[{"embeddable":true,"href":"https:\/\/aluksne.lv\/index.php\/wp-json\/wp\/v2\/users\/1"}],"replies":[{"embeddable":true,"href":"https:\/\/aluksne.lv\/index.php\/wp-json\/wp\/v2\/comments?post=31487"}],"version-history":[{"count":0,"href":"https:\/\/aluksne.lv\/index.php\/wp-json\/wp\/v2\/pages\/31487\/revisions"}],"up":[{"embeddable":true,"href":"https:\/\/aluksne.lv\/index.php\/wp-json\/wp\/v2\/pages\/7941"}],"wp:attachment":[{"href":"https:\/\/aluksne.lv\/index.php\/wp-json\/wp\/v2\/media?parent=31487"}],"curies":[{"name":"wp","href":"https:\/\/api.w.org\/{rel}","templated":true}]}}