{"id":31542,"date":"2022-03-09T09:21:35","date_gmt":"2022-03-09T07:21:35","guid":{"rendered":"https:\/\/aluksne.lv\/?page_id=31542"},"modified":"2025-01-20T11:33:20","modified_gmt":"2025-01-20T09:33:20","slug":"aluksnes-novada-velesanu-komisija-likumprojektu-parakstisana","status":"publish","type":"page","link":"https:\/\/aluksne.lv\/index.php\/sabiedriba\/sabiedribas-lidzdaliba\/aluksnes-novada-velesanu-komisija-likumprojektu-parakstisana\/","title":{"rendered":"Al\u016bksnes novada V\u0113l\u0113\u0161anu komisija, likumprojektu parakst\u012b\u0161ana"},"content":{"rendered":"<p>&nbsp;<\/p>\n<h3><strong>Al\u016bksnes novada V\u0113l\u0113\u0161anu komisija:<\/strong><\/h3>\n<p><a href=\"https:\/\/likumi.lv\/ta\/id\/35108-pasvaldibas-velesanu-komisiju-un-velesanu-iecirknu-komisiju-likums\" target=\"_blank\" rel=\"noopener\">Pa\u0161vald\u012bbas v\u0113l\u0113\u0161anu komisiju un v\u0113l\u0113\u0161anu iecirk\u0146u komisiju likums<\/a><\/p>\n<table style=\"width: 43.3232%; height: 244px;\" width=\"0\">\n<tbody>\n<tr style=\"height: 10px;\">\n<td style=\"height: 10px; width: 17.0981%;\" width=\"236\">\n<p><strong>Komisijas priek\u0161s\u0113d\u0113t\u0101ja<\/strong><\/p>\n<\/td>\n<td style=\"height: 10px; width: 22.8935%;\" width=\"530\">\n<p>Ilze RUBENE<\/p>\n<\/td>\n<\/tr>\n<tr style=\"height: 39px;\">\n<td style=\"height: 39px; width: 17.0981%;\" width=\"236\">\n<p><strong>Komisijas locekle<\/strong><\/p>\n<\/td>\n<td style=\"height: 39px; width: 22.8935%;\" width=\"530\">\n<p>Gundega ANDERSONE<\/p>\n<\/td>\n<\/tr>\n<tr style=\"height: 39px;\">\n<td style=\"height: 39px; width: 17.0981%;\" width=\"236\">\n<p><strong>Komisijas loceklis<\/strong><\/p>\n<\/td>\n<td style=\"height: 39px; width: 22.8935%;\" width=\"530\">\n<p>Juris BALANDIS<\/p>\n<\/td>\n<\/tr>\n<tr style=\"height: 39px;\">\n<td style=\"height: 39px; width: 17.0981%;\" width=\"236\">\n<p><strong>Komisijas locekle<\/strong><\/p>\n<\/td>\n<td style=\"height: 39px; width: 22.8935%;\" width=\"530\">\n<p>J\u016blija KR\u016aZ\u012aTE<\/p>\n<\/td>\n<\/tr>\n<tr style=\"height: 39px;\">\n<td style=\"height: 39px; width: 17.0981%;\" width=\"236\">\n<p><strong>Komisijas locekle<\/strong><\/p>\n<\/td>\n<td style=\"height: 39px; width: 22.8935%;\" width=\"530\">\n<p>Iveta VE\u013b\u0136ERE<\/p>\n<\/td>\n<\/tr>\n<tr style=\"height: 39px;\">\n<td style=\"height: 39px; width: 17.0981%;\" width=\"236\">\n<p><strong>Komisijas locekle<\/strong><\/p>\n<\/td>\n<td style=\"height: 39px; width: 22.8935%;\" width=\"530\">\n<p>Velga VIMBA<\/p>\n<\/td>\n<\/tr>\n<tr style=\"height: 39px;\">\n<td style=\"height: 39px; width: 17.0981%;\" width=\"236\">\n<p><strong>Komisijas locekle<\/strong><\/p>\n<\/td>\n<td style=\"height: 39px; width: 22.8935%;\" width=\"530\">\n<p>Ilona ZU\u010cIKA<\/p>\n<\/td>\n<\/tr>\n<\/tbody>\n<\/table>\n<p>&nbsp;<\/p>\n<p>eAdrese: _DEFAULT@90009050720<\/p>\n<p><strong><a href=\"https:\/\/www.cvk.lv\/pv\/apliecinataji\/23\" target=\"_blank\" rel=\"noopener\">Al\u016bksnes novada pa\u0161vald\u012bbas izvirz\u012bto un apm\u0101c\u012bto apliecin\u0101t\u0101ju saraksts<\/a><\/strong><\/p>\n<p><strong>\u00a0<\/strong><\/p>\n<h3><strong>Centr\u0101l\u0101 v\u0113l\u0113\u0161anu komisija:<\/strong><\/h3>\n<p><u><a href=\"https:\/\/www.cvk.lv\/lv\/tiesibu-akti\/lemumi\" target=\"_blank\" rel=\"noopener\">Centr\u0101l\u0101s v\u0113l\u0113\u0161anu komisijas l\u0113mumi<\/a><\/u><\/p>\n<p><strong>\u00a0<\/strong><\/p>\n<h3><strong>Cita aktu\u0101la inform\u0101cija<\/strong><\/h3>\n<p>&nbsp;<\/p>\n<p><span style=\"font-size: 12pt; font-family: arial, helvetica, sans-serif;\">V\u0113l\u0113t\u0101ju iniciat\u012bvas <a href=\"https:\/\/www.cvk.lv\/lv\/iniciativas\/veletaju-iniciativas\">https:\/\/www.cvk.lv\/lv\/iniciativas\/veletaju-iniciativas<\/a><\/span><\/p>\n<p><span style=\"font-size: 12pt; font-family: arial, helvetica, sans-serif;\">Re\u0123istr\u0113t\u0101s iniciat\u012bvas <a href=\"https:\/\/www.cvk.lv\/lv\/iniciativas\/veletaju-iniciativas\/registretas-iniciativas\">https:\/\/www.cvk.lv\/lv\/iniciativas\/veletaju-iniciativas\/registretas-iniciativas<\/a><\/span><\/p>\n<p><span style=\"font-size: 12pt; font-family: arial, helvetica, sans-serif;\">Vietas, kur var parakst\u012bties <a href=\"https:\/\/www.cvk.lv\/lv\/iniciativas\/veletaju-iniciativas\/kur-parakstities\">https:\/\/www.cvk.lv\/lv\/iniciativas\/veletaju-iniciativas\/kur-parakstities<\/a><\/span><\/p>\n","protected":false},"excerpt":{"rendered":"<p>&nbsp; Al\u016bksnes novada V\u0113l\u0113\u0161anu komisija: Pa\u0161vald\u012bbas v\u0113l\u0113\u0161anu komisiju un v\u0113l\u0113\u0161anu iecirk\u0146u komisiju likums Komisijas priek\u0161s\u0113d\u0113t\u0101ja Ilze RUBENE Komisijas locekle Gundega ANDERSONE Komisijas loceklis Juris BALANDIS Komisijas locekle J\u016blija KR\u016aZ\u012aTE Komisijas locekle Iveta VE\u013b\u0136ERE Komisijas locekle Velga VIMBA Komisijas locekle Ilona&#8230;<br \/><a class=\"read-more-button\" href=\"https:\/\/aluksne.lv\/index.php\/sabiedriba\/sabiedribas-lidzdaliba\/aluksnes-novada-velesanu-komisija-likumprojektu-parakstisana\/\">Las\u012bt visu<\/a><\/p>\n","protected":false},"author":1,"featured_media":0,"parent":429,"menu_order":0,"comment_status":"closed","ping_status":"closed","template":"","meta":{"_crdt_document":"","_monsterinsights_skip_tracking":false,"_monsterinsights_sitenote_active":false,"_monsterinsights_sitenote_note":"","_monsterinsights_sitenote_category":0,"footnotes":"","_links_to":"","_links_to_target":""},"class_list":["post-31542","page","type-page","status-publish","hentry"],"_links":{"self":[{"href":"https:\/\/aluksne.lv\/index.php\/wp-json\/wp\/v2\/pages\/31542","targetHints":{"allow":["GET"]}}],"collection":[{"href":"https:\/\/aluksne.lv\/index.php\/wp-json\/wp\/v2\/pages"}],"about":[{"href":"https:\/\/aluksne.lv\/index.php\/wp-json\/wp\/v2\/types\/page"}],"author":[{"embeddable":true,"href":"https:\/\/aluksne.lv\/index.php\/wp-json\/wp\/v2\/users\/1"}],"replies":[{"embeddable":true,"href":"https:\/\/aluksne.lv\/index.php\/wp-json\/wp\/v2\/comments?post=31542"}],"version-history":[{"count":0,"href":"https:\/\/aluksne.lv\/index.php\/wp-json\/wp\/v2\/pages\/31542\/revisions"}],"up":[{"embeddable":true,"href":"https:\/\/aluksne.lv\/index.php\/wp-json\/wp\/v2\/pages\/429"}],"wp:attachment":[{"href":"https:\/\/aluksne.lv\/index.php\/wp-json\/wp\/v2\/media?parent=31542"}],"curies":[{"name":"wp","href":"https:\/\/api.w.org\/{rel}","templated":true}]}}