{"id":3339,"date":"2018-01-15T08:32:53","date_gmt":"2018-01-15T08:32:53","guid":{"rendered":"http:\/\/aluksne.lv\/?page_id=3339"},"modified":"2020-01-13T15:27:47","modified_gmt":"2020-01-13T13:27:47","slug":"dizains","status":"publish","type":"page","link":"https:\/\/aluksne.lv\/index.php\/uznemejdarbiba\/informacija-par-uznemejiem\/dizains\/","title":{"rendered":"Dizains"},"content":{"rendered":"<div id=\"pl-3339\"  class=\"panel-layout\" ><div id=\"pg-3339-0\"  class=\"panel-grid panel-no-style\" ><div id=\"pgc-3339-0-0\"  class=\"panel-grid-cell\" ><div id=\"panel-3339-0-0-0\" class=\"so-panel widget widget_sow-editor panel-first-child panel-last-child\" data-index=\"0\" ><div\n\t\t\t\n\t\t\tclass=\"so-widget-sow-editor so-widget-sow-editor-base\"\n\t\t\t\n\t\t>\n<div class=\"siteorigin-widget-tinymce textwidget\">\n\t<div>\n<p>&nbsp;<\/p>\n<p><strong><a href=\"http:\/\/www.weblapa.lv\" target=\"_blank\" rel=\"noopener\"><img loading=\"lazy\" decoding=\"async\" class=\"alignright wp-image-14571\" src=\"https:\/\/aluksne.lv\/wp-content\/uploads\/2019\/09\/logo-2.png\" alt=\"\" width=\"345\" height=\"69\" data-id=\"14571\" srcset=\"https:\/\/aluksne.lv\/wp-content\/uploads\/2019\/09\/logo-2.png 500w, https:\/\/aluksne.lv\/wp-content\/uploads\/2019\/09\/logo-2-300x60.png 300w\" sizes=\"auto, (max-width: 345px) 100vw, 345px\" \/><\/a>SIA \"samTools\";<br \/>\n<\/strong>Pils iela 27, Al\u016bksne, LV-4301, 2.st\u0101vs.<br \/>\nTel. 26349547<br \/>\ne-pasts:\u00a0<a href=\"mailto:info@weblapa.lv\">info@weblapa.lv<\/a><br \/>\n<a href=\"https:\/\/www.weblapa.lv\" target=\"_blank\" rel=\"noopener\">www.weblapa.lv<\/a><br \/>\nPreces\/pakalpojumi:\u00a0 Programm\u0113\u0161anas pakalpojumi, m\u0101jas lapu un interneta veikalu izstr\u0101de, web b\u0101z\u0113tu aplik\u0101ciju un citu web b\u0101z\u0113tu risin\u0101jumu izstr\u0101de.<\/p>\n<hr \/>\n<\/div>\n<div style=\"overflow-x: auto;\">\n<p><strong><a href=\"http:\/\/stickwithus.lv\/\" target=\"_blank\" rel=\"noopener\"><img loading=\"lazy\" decoding=\"async\" class=\"size-full wp-image-3340 alignright\" src=\"http:\/\/aluksne.lv\/wp-content\/uploads\/2018\/01\/image001.png\" alt=\"\" width=\"168\" height=\"168\" data-id=\"3340\" srcset=\"https:\/\/aluksne.lv\/wp-content\/uploads\/2018\/01\/image001.png 168w, https:\/\/aluksne.lv\/wp-content\/uploads\/2018\/01\/image001-150x150.png 150w, https:\/\/aluksne.lv\/wp-content\/uploads\/2018\/01\/image001-60x60.png 60w, https:\/\/aluksne.lv\/wp-content\/uploads\/2018\/01\/image001-24x24.png 24w, https:\/\/aluksne.lv\/wp-content\/uploads\/2018\/01\/image001-36x36.png 36w, https:\/\/aluksne.lv\/wp-content\/uploads\/2018\/01\/image001-48x48.png 48w\" sizes=\"auto, (max-width: 168px) 100vw, 168px\" \/><\/a>SIA \u201cStick withs us\u201d<\/strong><br \/>\nNad\u012bna Dudare +371 2636 4226<br \/>\nE-pasts: <a href=\"mailto:info@stickwithus.lv\">info@stickwithus.lv<\/a><br \/>\n<a href=\"http:\/\/stickwithus.lv\/\">http:\/\/stickwithus.lv\/<\/a><br \/>\nPreces\/pakalpojumi:<br \/>\nRekl\u0101mas materi\u0101lu dizaina izstr\u0101de;<br \/>\nl\u012bm\u0113\u0161anas darbi (auto, skatlogi);<br \/>\npas\u0101kumu noform\u0113\u0161ana un dekor\u0113\u0161ana; velo uzl\u012bmes<\/p>\n<hr \/>\n<p><strong>Lauma Sli\u0146\u0137e<\/strong><br \/>\n<a href=\"mailto:laumaslinke@gmail.com\">laumaslinke@gmail.com<\/a><br \/>\nPreces\/pakalpojumi: Grafiskais dizains, ilustr\u0101cijas<\/p>\n<hr \/>\n<p><strong>SIA \u201cArty Art\u201d<\/strong><br \/>\nGulbenes 4b, Al\u016bksne, Al\u016bksnes n., LV-4301<br \/>\n+371 26341635<br \/>\n<a href=\"mailto:artyart@inbox.lv\">artyart@inbox.lv<\/a><br \/>\nPreces\/pakalpojumi: Dai\u013camatniec\u012bba, dizains, print\u0113\u0161ana, grav\u0113\u0161ana<\/p>\n<\/div>\n<div style=\"overflow-x: auto;\">\n<hr \/>\n<p><strong><a href=\"http:\/\/www.stickershop.lv\" target=\"_blank\" rel=\"noopener\"><img loading=\"lazy\" decoding=\"async\" class=\"alignright wp-image-3341 size-full\" src=\"https:\/\/aluksne.lv\/wp-content\/uploads\/2018\/01\/image002-1.png\" alt=\"\" width=\"201\" height=\"143\" data-id=\"3341\" srcset=\"https:\/\/aluksne.lv\/wp-content\/uploads\/2018\/01\/image002-1.png 201w, https:\/\/aluksne.lv\/wp-content\/uploads\/2018\/01\/image002-1-24x17.png 24w, https:\/\/aluksne.lv\/wp-content\/uploads\/2018\/01\/image002-1-36x26.png 36w, https:\/\/aluksne.lv\/wp-content\/uploads\/2018\/01\/image002-1-48x34.png 48w\" sizes=\"auto, (max-width: 201px) 100vw, 201px\" \/><\/a><\/strong><strong>StickerShopLV<br \/>\n<\/strong>E-pasts:\u00a0<a href=\"mailto:info@stickershop.lv\">info@stickershop.lv<\/a><br \/>\nKontaktt\u0101lrunis: +371 25660773<br \/>\nWeb:\u00a0<a href=\"http:\/\/www.stickershop.lv\/\">www.stickershop.lv<\/a><br \/>\nAdrese: Latgales iela 5A, Al\u016bksne, LV-4301,<br \/>\nPreces\/paklpojumi:\u00a0Visa veida vizu\u0101l\u0101 rekl\u0101ma un apdruka. Uzl\u012bmes, T-krekli, tekstils, afi\u0161as, viz\u012btkartes, bukleti, banneri, maketu izstr\u0101de.<\/p>\n<hr \/>\n<p><strong><a href=\"https:\/\/aluksne.lv\/wp-content\/uploads\/2020\/01\/StickerShopNET-Logo.png\"><img loading=\"lazy\" decoding=\"async\" class=\" wp-image-17030 alignright\" src=\"https:\/\/aluksne.lv\/wp-content\/uploads\/2020\/01\/StickerShopNET-Logo.png\" alt=\"\" width=\"249\" height=\"127\" data-id=\"17030\" srcset=\"https:\/\/aluksne.lv\/wp-content\/uploads\/2020\/01\/StickerShopNET-Logo.png 1172w, https:\/\/aluksne.lv\/wp-content\/uploads\/2020\/01\/StickerShopNET-Logo-300x154.png 300w, https:\/\/aluksne.lv\/wp-content\/uploads\/2020\/01\/StickerShopNET-Logo-1024x524.png 1024w, https:\/\/aluksne.lv\/wp-content\/uploads\/2020\/01\/StickerShopNET-Logo-768x393.png 768w, https:\/\/aluksne.lv\/wp-content\/uploads\/2020\/01\/StickerShopNET-Logo-1170x599.png 1170w\" sizes=\"auto, (max-width: 249px) 100vw, 249px\" \/><\/a>StickerShopNET<br \/>\n<\/strong>Web:\u00a0<a href=\"http:\/\/www.stickershop.net\" target=\"_blank\" rel=\"noopener\">www.stickershop.net<\/a><br \/>\nE-pasts:\u00a0<a href=\"mailto:info@stickershop.net\">info@stickershop.net<\/a><br \/>\nKontaktt\u0101lrunis: +371 24004400<br \/>\nPreces\/paklpojumi:\u00a0Auto, moto uzl\u012bmes, ap\u0123\u0113rbu un tekstila apdruka, lielform\u0101ta druka, personlaiz\u0113tu uzl\u012bmju un citu drukas materi\u0101lu izstr\u0101de un izgatavo\u0161ana. Online produktu veidot\u0101js ar iesp\u0113ju izveidot savu dizainu bez konsult\u0101cij\u0101m.<\/p>\n<\/div>\n<div style=\"overflow-x: auto;\">\n<hr \/>\n<p><strong><a href=\"http:\/\/irdizains.lv\/\" target=\"_blank\" rel=\"noopener\"><img loading=\"lazy\" decoding=\"async\" class=\"size-medium wp-image-3342 alignright\" src=\"http:\/\/aluksne.lv\/wp-content\/uploads\/2018\/01\/image003-3-300x120.jpg\" alt=\"\" width=\"300\" height=\"120\" data-id=\"3342\" srcset=\"https:\/\/aluksne.lv\/wp-content\/uploads\/2018\/01\/image003-3-300x120.jpg 300w, https:\/\/aluksne.lv\/wp-content\/uploads\/2018\/01\/image003-3-24x10.jpg 24w, https:\/\/aluksne.lv\/wp-content\/uploads\/2018\/01\/image003-3-36x14.jpg 36w, https:\/\/aluksne.lv\/wp-content\/uploads\/2018\/01\/image003-3-48x19.jpg 48w, https:\/\/aluksne.lv\/wp-content\/uploads\/2018\/01\/image003-3.jpg 302w\" sizes=\"auto, (max-width: 300px) 100vw, 300px\" \/><\/a>IR dizains<br \/>\n<\/strong>Ingus Rinka +371 297990037<br \/>\n<a href=\"mailto:rinkaingus@inbox.lv\">rinkaingus@inbox.lv<\/a><br \/>\n<a href=\"mailto:rinkaingus@irdizains.lv\">rinkaingus@irdizains.lv<\/a><br \/>\n<a href=\"http:\/\/irdizains.lv\/\">http:\/\/irdizains.lv\/<\/a><br \/>\nPreces\/pakalpojumi: vizualiz\u0101cija, dizainera pakalpojumi<\/p>\n<hr \/>\n<\/div>\n<\/div>\n<\/div><\/div><\/div><div id=\"pgc-3339-0-1\"  class=\"panel-grid-cell\" >\t\t<style type=\"text\/css\">\n\t\t\t#accordeconck1 { margin:0;padding:0; }\n#accordeconck1 .accordeonck_desc { display:block; }\n#accordeconck1 li.accordeonck { list-style: none;overflow: hidden; margin: 0;}\n#accordeconck1 ul[class^=\"content\"] { margin:0;padding:0;width:auto; }\n#accordeconck1 li.accordeonck > span { position: relative; display: block; }\n#accordeconck1 li.accordeonck.parent > span { padding-right: 20px;}\n#accordeconck1 li.parent > span span.toggler_icon { position: absolute; cursor: pointer; display: block; height: 100%; z-index: 10;right:0; background: url(https:\/\/aluksne.lv\/wp-content\/plugins\/accordeon-menu-ck\/images\/plus.png) center center no-repeat !important;width: 20px;}\n#accordeconck1 li.parent.open > span span.toggler_icon { right:0; background: url(https:\/\/aluksne.lv\/wp-content\/plugins\/accordeon-menu-ck\/images\/minus.png) center center no-repeat !important;}\n#accordeconck1 li.accordeonck.level2 > span { }\n#accordeconck1 li.level3 li.accordeonck > span { }\n#accordeconck1 a.accordeonck { display: block;text-decoration: none; }\n#accordeconck1 a.accordeonck:hover { text-decoration: none; }\n#accordeconck1 li.parent > span a { display: block;outline: none; }\n#accordeconck1 li.parent.open > span a {  }\n#accordeconck1 li.level2.parent > span span.toggler_icon { right:0;display: block;outline: none;background: url(https:\/\/aluksne.lv\/wp-content\/plugins\/accordeon-menu-ck\/images\/plus.png) center center no-repeat !important; }\n#accordeconck1 li.level2.parent.open > span span.toggler_icon { background: url(https:\/\/aluksne.lv\/wp-content\/plugins\/accordeon-menu-ck\/images\/minus.png) center center no-repeat !important; }\n#accordeconck1 li.level2 li.accordeonck.parent > span span.toggler_icon { right:0;display: block;outline: none;background: url(https:\/\/aluksne.lv\/wp-content\/plugins\/accordeon-menu-ck\/images\/plus.png) center center no-repeat !important; }\n#accordeconck1 li.level2 li.accordeonck.open.parent > span span.toggler_icon { background: url(https:\/\/aluksne.lv\/wp-content\/plugins\/accordeon-menu-ck\/images\/minus.png) center center no-repeat !important; }\n#accordeconck1  {\n\tbackground: #86C2DB;\n\tbackground-size: auto;\tbackground-image: -o-linear-gradient(center top,#86C2DB, #86C2DB 100%);\n\tbackground-image: -webkit-gradient(linear, left top, left bottom,from(#86C2DB), color-stop(100%, #86C2DB));\n\tbackground-image: -moz-linear-gradient(center top,#86C2DB, #86C2DB 100%);\n\tbackground-image: linear-gradient(to bottom,#86C2DB, #86C2DB 100%);\n\tborder-top: none;\n\tborder-bottom: none;\n\tborder-left: none;\n\tborder-right: none;\n\tpadding-top: 5px;\n\tpadding-right: 5px;\n\tpadding-bottom: 5px;\n\tpadding-left: 5px;\n\tfont-family: ;\n}\n\n#accordeconck1  a {\n\tfont-family: ;\n}\n\n#accordeconck1 li.level1 > span a {\n\tcolor: #FFFFFF;\n\tpadding-top: 5px;\n\tpadding-right: 5px;\n\tpadding-bottom: 5px;\n\tpadding-left: 5px;\n\tfont-size: 15px;\n}\n\n#accordeconck1 li.level1 > span a a {\n\tcolor: #FFFFFF;\n\tfont-size: 15px;\n}\n\n#accordeconck1 li.level1 > span .accordeonck_desc {\n\tfont-size: 10px;\n}\n\n#accordeconck1 li.level1 > span .accordeonck_desc a {\n\tfont-size: 10px;\n}\n\n#accordeconck1 li.level1:hover > span a {\n\tcolor: #000000;\n}\n\n#accordeconck1 li.level1:hover > span a a {\n\tcolor: #000000;\n}\n\n#accordeconck1 li.level1 > ul {\n\tbackground-size: auto;\tfont-family: ;\n}\n\n#accordeconck1 li.level1 > ul a {\n\tfont-family: ;\n}\n\n#accordeconck1 li.level2 > span a {\n\tcolor: #636363;\n\tpadding-top: 5px;\n\tpadding-bottom: 5px;\n\tpadding-left: 15px;\n}\n\n#accordeconck1 li.level2 > span a a {\n\tcolor: #636363;\n}\n\n#accordeconck1 li.level2:hover > span a {\n\tcolor: #000000;\n}\n\n#accordeconck1 li.level2:hover > span a a {\n\tcolor: #000000;\n}\n\n#accordeconck1 li.level2 ul[class^=\"content\"] {\n\tbackground-size: auto;\tfont-family: ;\n}\n\n#accordeconck1 li.level2 ul[class^=\"content\"] a {\n\tfont-family: ;\n}\n\n#accordeconck1 li.level2 li.accordeonck > span a {\n\tcolor: #636363;\n\tpadding-top: 2px;\n\tpadding-bottom: 2px;\n\tpadding-left: 20px;\n}\n\n#accordeconck1 li.level2 li.accordeonck > span a a {\n\tcolor: #636363;\n}\n\n#accordeconck1 li.level2 li.accordeonck:hover > span a {\n\tcolor: #000000;\n}\n\n#accordeconck1 li.level2 li.accordeonck:hover > span a a {\n\tcolor: #000000;\n}\t\t<\/style>\n\t\t<div id=\"panel-3339-0-1-0\" class=\"so-panel widget widget_accordeon-menu-ck panel-first-child panel-last-child\" data-index=\"1\" ><ul id=\"accordeconck1\" class=\"menu\"><li id=\"menu-item-3330\" class=\"menu-item menu-item-type-post_type menu-item-object-page accordeonck menu-item-3330 level1\"><span class=\"accordeonck_outer \"><a href=\"https:\/\/aluksne.lv\/index.php\/uznemejdarbiba\/informacija-par-uznemejiem\/apdrosinasana\/\" class=\"accordeonck\">Apdro\u0161in\u0101\u0161ana<\/a><\/span><\/li>\n<li id=\"menu-item-1789\" class=\"menu-item menu-item-type-post_type menu-item-object-page accordeonck menu-item-1789 level1\"><span class=\"accordeonck_outer \"><a href=\"https:\/\/aluksne.lv\/index.php\/uznemejdarbiba\/informacija-par-uznemejiem\/celtnieciba\/\" class=\"accordeonck\">Celtniec\u012bba, energopakalpojumi<\/a><\/span><\/li>\n<li id=\"menu-item-3346\" class=\"menu-item menu-item-type-post_type menu-item-object-page accordeonck menu-item-3346 level1\"><span class=\"accordeonck_outer \"><a href=\"https:\/\/aluksne.lv\/index.php\/uznemejdarbiba\/informacija-par-uznemejiem\/dizains\/\" class=\"accordeonck\">Dizains<\/a><\/span><\/li>\n<li id=\"menu-item-3118\" class=\"menu-item menu-item-type-post_type menu-item-object-page accordeonck menu-item-3118 level1\"><span class=\"accordeonck_outer \"><a href=\"https:\/\/aluksne.lv\/index.php\/uznemejdarbiba\/edinasanas-pakalpojumi\/\" class=\"accordeonck\">\u0112din\u0101\u0161anas pakalpojumi<\/a><\/span><\/li>\n<li id=\"menu-item-3818\" class=\"menu-item menu-item-type-post_type menu-item-object-page accordeonck menu-item-3818 level1\"><span class=\"accordeonck_outer \"><a href=\"https:\/\/aluksne.lv\/index.php\/uznemejdarbiba\/informacija-par-uznemejiem\/galdnieciba\/\" class=\"accordeonck\">Galdniec\u012bba<\/a><\/span><\/li>\n<li id=\"menu-item-1791\" class=\"menu-item menu-item-type-post_type menu-item-object-page accordeonck menu-item-1791 level1\"><span class=\"accordeonck_outer \"><a href=\"https:\/\/aluksne.lv\/index.php\/uznemejdarbiba\/informacija-par-uznemejiem\/izglitibas-pakalpojumi\/\" class=\"accordeonck\">Izgl\u012bt\u012bbas pakalpojumi<\/a><\/span><\/li>\n<li id=\"menu-item-1787\" class=\"menu-item menu-item-type-post_type menu-item-object-page accordeonck menu-item-1787 level1\"><span class=\"accordeonck_outer \"><a href=\"https:\/\/aluksne.lv\/index.php\/uznemejdarbiba\/informacija-par-uznemejiem\/kokapstrade\/\" class=\"accordeonck\">Kokapstr\u0101de<\/a><\/span><\/li>\n<li id=\"menu-item-1786\" class=\"menu-item menu-item-type-post_type menu-item-object-page accordeonck menu-item-1786 level1\"><span class=\"accordeonck_outer \"><a href=\"https:\/\/aluksne.lv\/index.php\/uznemejdarbiba\/informacija-par-uznemejiem\/lauksaimnieciba\/\" class=\"accordeonck\">Lauksaimniec\u012bba<\/a><\/span><\/li>\n<li id=\"menu-item-1794\" class=\"menu-item menu-item-type-post_type menu-item-object-page accordeonck menu-item-1794 level1\"><span class=\"accordeonck_outer \"><a href=\"https:\/\/aluksne.lv\/index.php\/uznemejdarbiba\/informacija-par-uznemejiem\/majrazotaji\/\" class=\"accordeonck\">M\u0101jra\u017eot\u0101ji<\/a><\/span><\/li>\n<li id=\"menu-item-3842\" class=\"menu-item menu-item-type-post_type menu-item-object-page accordeonck menu-item-3842 level1\"><span class=\"accordeonck_outer \"><a href=\"https:\/\/aluksne.lv\/index.php\/uznemejdarbiba\/informacija-par-uznemejiem\/3834-2\/\" class=\"accordeonck\">Met\u0101lapstr\u0101de<\/a><\/span><\/li>\n<li id=\"menu-item-3205\" class=\"menu-item menu-item-type-post_type menu-item-object-page accordeonck menu-item-3205 level1\"><span class=\"accordeonck_outer \"><a href=\"https:\/\/aluksne.lv\/index.php\/uznemejdarbiba\/informacija-par-uznemejiem\/naktsmitnes\/\" class=\"accordeonck\">Naktsm\u012btnes<\/a><\/span><\/li>\n<li id=\"menu-item-3809\" class=\"menu-item menu-item-type-post_type menu-item-object-page accordeonck menu-item-3809 level1\"><span class=\"accordeonck_outer \"><a href=\"https:\/\/aluksne.lv\/index.php\/uznemejdarbiba\/informacija-par-uznemejiem\/partika-2\/\" class=\"accordeonck\">P\u0101rtika<\/a><\/span><\/li>\n<li id=\"menu-item-1788\" class=\"menu-item menu-item-type-post_type menu-item-object-page accordeonck menu-item-1788 level1\"><span class=\"accordeonck_outer \"><a href=\"https:\/\/aluksne.lv\/index.php\/uznemejdarbiba\/informacija-par-uznemejiem\/transports-parvadajumi\/\" class=\"accordeonck\">Transports, p\u0101rvad\u0101jumi<\/a><\/span><\/li>\n<li id=\"menu-item-1793\" class=\"menu-item menu-item-type-post_type menu-item-object-page accordeonck menu-item-1793 level1\"><span class=\"accordeonck_outer \"><a href=\"https:\/\/aluksne.lv\/index.php\/uznemejdarbiba\/informacija-par-uznemejiem\/tirdznieciba\/\" class=\"accordeonck\">Tirdzniec\u012bba<\/a><\/span><\/li>\n<li id=\"menu-item-1792\" class=\"menu-item menu-item-type-post_type menu-item-object-page accordeonck menu-item-1792 level1\"><span class=\"accordeonck_outer \"><a href=\"https:\/\/aluksne.lv\/index.php\/uznemejdarbiba\/informacija-par-uznemejiem\/veseliba-un-skaistumkopsana\/\" class=\"accordeonck\">Vesel\u012bba un skaistumkop\u0161ana<\/a><\/span><\/li>\n<li id=\"menu-item-1795\" class=\"menu-item menu-item-type-post_type menu-item-object-page accordeonck menu-item-1795 level1\"><span class=\"accordeonck_outer \"><a href=\"https:\/\/aluksne.lv\/index.php\/uznemejdarbiba\/informacija-par-uznemejiem\/citi\/\" class=\"accordeonck\">Citi<\/a><\/span><\/li>\n<\/ul>\t\t<script type=\"text\/javascript\"> <!--\n\t\t\n\t\t\tjQuery(document).ready(function(){\n\t\t\t\tjQuery('#accordeconck1').accordeonmenuck({eventtype : 'click',transition : 'linear',showactive : '1',showactivesubmenu : '0',duree : 500});\n\t\t\t}); \t\t\/\/--> <\/script>\n\t\t<\/div><\/div><\/div><\/div>","protected":false},"excerpt":{"rendered":"<p>&nbsp; SIA &#8220;samTools&#8221;; Pils iela 27, Al\u016bksne, LV-4301, 2.st\u0101vs. Tel. 26349547 e-pasts:\u00a0info@weblapa.lv www.weblapa.lv Preces\/pakalpojumi:\u00a0 Programm\u0113\u0161anas pakalpojumi, m\u0101jas lapu un interneta veikalu izstr\u0101de, web b\u0101z\u0113tu aplik\u0101ciju un citu web b\u0101z\u0113tu risin\u0101jumu izstr\u0101de. SIA \u201cStick withs us\u201d Nad\u012bna Dudare +371 2636 4226&#8230;<br \/><a class=\"read-more-button\" href=\"https:\/\/aluksne.lv\/index.php\/uznemejdarbiba\/informacija-par-uznemejiem\/dizains\/\">Las\u012bt visu<\/a><\/p>\n","protected":false},"author":1,"featured_media":0,"parent":471,"menu_order":0,"comment_status":"closed","ping_status":"closed","template":"","meta":{"_crdt_document":"","_monsterinsights_skip_tracking":false,"_monsterinsights_sitenote_active":false,"_monsterinsights_sitenote_note":"","_monsterinsights_sitenote_category":0,"footnotes":"","_links_to":"","_links_to_target":""},"class_list":["post-3339","page","type-page","status-publish","hentry"],"_links":{"self":[{"href":"https:\/\/aluksne.lv\/index.php\/wp-json\/wp\/v2\/pages\/3339","targetHints":{"allow":["GET"]}}],"collection":[{"href":"https:\/\/aluksne.lv\/index.php\/wp-json\/wp\/v2\/pages"}],"about":[{"href":"https:\/\/aluksne.lv\/index.php\/wp-json\/wp\/v2\/types\/page"}],"author":[{"embeddable":true,"href":"https:\/\/aluksne.lv\/index.php\/wp-json\/wp\/v2\/users\/1"}],"replies":[{"embeddable":true,"href":"https:\/\/aluksne.lv\/index.php\/wp-json\/wp\/v2\/comments?post=3339"}],"version-history":[{"count":0,"href":"https:\/\/aluksne.lv\/index.php\/wp-json\/wp\/v2\/pages\/3339\/revisions"}],"up":[{"embeddable":true,"href":"https:\/\/aluksne.lv\/index.php\/wp-json\/wp\/v2\/pages\/471"}],"wp:attachment":[{"href":"https:\/\/aluksne.lv\/index.php\/wp-json\/wp\/v2\/media?parent=3339"}],"curies":[{"name":"wp","href":"https:\/\/api.w.org\/{rel}","templated":true}]}}